{"id":3067,"date":"2024-10-19T19:02:48","date_gmt":"2024-10-19T22:02:48","guid":{"rendered":"https:\/\/eventos.ifg.edu.br\/semlic\/?page_id=3067"},"modified":"2024-10-19T19:17:30","modified_gmt":"2024-10-19T22:17:30","slug":"semlic-2023","status":"publish","type":"page","link":"https:\/\/eventos.ifg.edu.br\/semlic\/semlic-2023\/","title":{"rendered":"Semlic 2023"},"content":{"rendered":"<h2><img fetchpriority=\"high\" decoding=\"async\" class=\"alignnone size-full wp-image-2982\" style=\"font-family: sans-serif;font-size: 16px\" src=\"http:\/\/eventos.ifg.edu.br\/semlic\/wp-content\/uploads\/sites\/49\/2023\/06\/Facebook-cover-4.1.png\" alt=\"Facebook cover - 4.1\" width=\"3240\" height=\"1233\"><\/h2>\n<p>O IFG \u2013 C\u00e2mpus Jata\u00ed realiza, entre os dias 08 e 11 de novembro de 2023, a XIX Semana de Licenciatura (Semlic) e X Semin\u00e1rio da P\u00f3s-Gradua\u00e7\u00e3o em Educa\u00e7\u00e3o para Ci\u00eancias e Matem\u00e1tica. O evento deste ano tem como tema \u201cNovo Ensino M\u00e9dio: desafios pol\u00edticos, econ\u00f4micos e sociais para a educa\u00e7\u00e3o\u201d.<\/p>\n<p>A Lei n\u00ba 13.415\/2017 alterou a Lei de Diretrizes e Bases da Educa\u00e7\u00e3o Nacional (Lei n\u00ba 9.394\/1996) a fim de mudar a estrutura do ensino m\u00e9dio, ampliando a carga hor\u00e1ria e definindo uma nova organiza\u00e7\u00e3o curricular. A oferta dos chamados itiner\u00e1rios formativos, com foco nas \u00e1reas de conhecimento e na forma\u00e7\u00e3o t\u00e9cnica e profissional s\u00e3o postos como recurso para aproximar as escolas \u00e0 realidade dos estudantes.<\/p>\n<p>A implanta\u00e7\u00e3o da lei do \u201cNovo Ensino M\u00e9dio\u201d teve in\u00edcio efetivo no ano de 2022 e desponta em 2023 como tem\u00e1tica urgente para os debates das \u00e1reas de ensino e educa\u00e7\u00e3o. Muito se tem discutido o papel desse novo modelo educativo para a amplia\u00e7\u00e3o das desigualdades sociais, econ\u00f4micas e culturais do pa\u00eds.<\/p>\n<p>A Semana de Licenciatura e o Semin\u00e1rio da P\u00f3s-Gradua\u00e7\u00e3o em Educa\u00e7\u00e3o para Ci\u00eancias e Matem\u00e1tica s\u00e3o eventos anuais do calend\u00e1rio do Instituto Federal de Educa\u00e7\u00e3o, Ci\u00eancia e Tecnologia de Goi\u00e1s (IFG) \u2013 C\u00e2mpus Jata\u00ed e, historicamente, acompanham os mais importantes debates do cen\u00e1rio educacional brasileiro.<\/p>\n<p>O evento conta com mesas redondas, palestras, comunica\u00e7\u00f5es orais, p\u00f4steres, oficinas e minicursos.<\/p>\n<h3 style=\"text-align: center\">&nbsp;<\/h3>\n","protected":false},"excerpt":{"rendered":"<p>O IFG \u2013 C\u00e2mpus Jata\u00ed realiza, entre os dias 08 e 11 de novembro de 2023, a XIX Semana de Licenciatura (Semlic) e X Semin\u00e1rio da P\u00f3s-Gradua\u00e7\u00e3o em Educa\u00e7\u00e3o para Ci\u00eancias e Matem\u00e1tica. O evento deste ano tem como tema \u201cNovo Ensino M\u00e9dio: desafios pol\u00edticos, econ\u00f4micos e sociais para a educa\u00e7\u00e3o\u201d. A Lei n\u00ba 13.415\/2017 <a class=\"more-link\" href=\"https:\/\/eventos.ifg.edu.br\/semlic\/semlic-2023\/\">&hellip; Continue lendo&hellip; &rarr;<\/a><\/p>\n","protected":false},"author":111,"featured_media":0,"parent":0,"menu_order":0,"comment_status":"closed","ping_status":"closed","template":"","meta":{"ngg_post_thumbnail":0,"footnotes":""},"class_list":["post-3067","page","type-page","status-publish","hentry"],"_links":{"self":[{"href":"https:\/\/eventos.ifg.edu.br\/semlic\/wp-json\/wp\/v2\/pages\/3067"}],"collection":[{"href":"https:\/\/eventos.ifg.edu.br\/semlic\/wp-json\/wp\/v2\/pages"}],"about":[{"href":"https:\/\/eventos.ifg.edu.br\/semlic\/wp-json\/wp\/v2\/types\/page"}],"author":[{"embeddable":true,"href":"https:\/\/eventos.ifg.edu.br\/semlic\/wp-json\/wp\/v2\/users\/111"}],"replies":[{"embeddable":true,"href":"https:\/\/eventos.ifg.edu.br\/semlic\/wp-json\/wp\/v2\/comments?post=3067"}],"version-history":[{"count":2,"href":"https:\/\/eventos.ifg.edu.br\/semlic\/wp-json\/wp\/v2\/pages\/3067\/revisions"}],"predecessor-version":[{"id":3083,"href":"https:\/\/eventos.ifg.edu.br\/semlic\/wp-json\/wp\/v2\/pages\/3067\/revisions\/3083"}],"wp:attachment":[{"href":"https:\/\/eventos.ifg.edu.br\/semlic\/wp-json\/wp\/v2\/media?parent=3067"}],"curies":[{"name":"wp","href":"https:\/\/api.w.org\/{rel}","templated":true}]}}