{"id":2824,"date":"2023-06-30T09:44:54","date_gmt":"2023-06-30T12:44:54","guid":{"rendered":"http:\/\/eventos.ifg.edu.br\/semlic\/?page_id=2824"},"modified":"2023-07-03T08:35:29","modified_gmt":"2023-07-03T11:35:29","slug":"sobre-o-evento-2023","status":"publish","type":"page","link":"https:\/\/eventos.ifg.edu.br\/semlic\/sobre-o-evento-2023\/","title":{"rendered":"Sobre o evento"},"content":{"rendered":"<p>A Semana de Licenciatura (Semlic), do Instituto Federal de Educa\u00e7\u00e3o, Ci\u00eancia e Tecnologia de Goi\u00e1s (IFG) \u2013 C\u00e2mpus Jata\u00ed, inicia sua hist\u00f3ria no ano de 2004, pouco tempo ap\u00f3s o in\u00edcio das atividades do curso de Licenciatura em F\u00edsica, que come\u00e7a em 2001.<\/p>\n<p>Com o objetivo de debater tem\u00e1ticas educacionais relevantes e atuais que impactam a educa\u00e7\u00e3o b\u00e1sica e o ensino superior, sobretudo no que tange a forma\u00e7\u00e3o de professores da \u00e1rea, a Semlic se tornou, ao longo dos anos, locus de importantes discuss\u00f5es, encontros e difus\u00e3o do conhecimento.<\/p>\n<p>Em 2012 o C\u00e2mpus Jata\u00ed do IFG inicia as atividades do curso de Mestrado Profissional em Educa\u00e7\u00e3o para Ci\u00eancias e Matem\u00e1tica e, logo depois, em 2013, realiza, concomitantemente a SEMLIC, o I Semin\u00e1rio do Programa de P\u00f3s-Gradua\u00e7\u00e3o em Educa\u00e7\u00e3o para Ci\u00eancias e Matem\u00e1tica.<\/p>\n<p>Desde ent\u00e3o os dois eventos caminham juntos, agregando pessoas, difundindo conhecimentos e promovendo importantes debates no \u00e2mbito da educa\u00e7\u00e3o e do ensino de ci\u00eancias e matem\u00e1tica em todos os n\u00edveis de ensino.<\/p>\n","protected":false},"excerpt":{"rendered":"<p>A Semana de Licenciatura (Semlic), do Instituto Federal de Educa\u00e7\u00e3o, Ci\u00eancia e Tecnologia de Goi\u00e1s (IFG) \u2013 C\u00e2mpus Jata\u00ed, inicia sua hist\u00f3ria no ano de 2004, pouco tempo ap\u00f3s o in\u00edcio das atividades do curso de Licenciatura em F\u00edsica, que come\u00e7a em 2001. Com o objetivo de debater tem\u00e1ticas educacionais relevantes e atuais que impactam <a class=\"more-link\" href=\"https:\/\/eventos.ifg.edu.br\/semlic\/sobre-o-evento-2023\/\">&hellip; Continue lendo&hellip; &rarr;<\/a><\/p>\n","protected":false},"author":112,"featured_media":0,"parent":0,"menu_order":0,"comment_status":"closed","ping_status":"closed","template":"","meta":{"ngg_post_thumbnail":0,"footnotes":""},"class_list":["post-2824","page","type-page","status-publish","hentry"],"_links":{"self":[{"href":"https:\/\/eventos.ifg.edu.br\/semlic\/wp-json\/wp\/v2\/pages\/2824"}],"collection":[{"href":"https:\/\/eventos.ifg.edu.br\/semlic\/wp-json\/wp\/v2\/pages"}],"about":[{"href":"https:\/\/eventos.ifg.edu.br\/semlic\/wp-json\/wp\/v2\/types\/page"}],"author":[{"embeddable":true,"href":"https:\/\/eventos.ifg.edu.br\/semlic\/wp-json\/wp\/v2\/users\/112"}],"replies":[{"embeddable":true,"href":"https:\/\/eventos.ifg.edu.br\/semlic\/wp-json\/wp\/v2\/comments?post=2824"}],"version-history":[{"count":5,"href":"https:\/\/eventos.ifg.edu.br\/semlic\/wp-json\/wp\/v2\/pages\/2824\/revisions"}],"predecessor-version":[{"id":2860,"href":"https:\/\/eventos.ifg.edu.br\/semlic\/wp-json\/wp\/v2\/pages\/2824\/revisions\/2860"}],"wp:attachment":[{"href":"https:\/\/eventos.ifg.edu.br\/semlic\/wp-json\/wp\/v2\/media?parent=2824"}],"curies":[{"name":"wp","href":"https:\/\/api.w.org\/{rel}","templated":true}]}}