{"id":2816,"date":"2023-06-30T09:35:09","date_gmt":"2023-06-30T12:35:09","guid":{"rendered":"http:\/\/eventos.ifg.edu.br\/semlic\/?page_id=2816"},"modified":"2023-11-10T08:54:46","modified_gmt":"2023-11-10T11:54:46","slug":"comunicacoes-orais-2023","status":"publish","type":"page","link":"https:\/\/eventos.ifg.edu.br\/semlic\/comunicacoes-orais-2023\/","title":{"rendered":"Comunica\u00e7\u00f5es Orais 2023"},"content":{"rendered":"<h3 style=\"text-align: center\">Sexta-feira (10\/11\/2023), das 14h \u00e0s 17h<\/h3>\n<h4>&nbsp;<\/h4>\n<h3><span style=\"color: #ff0000\"><strong>ORIENTA\u00c7\u00d5ES GERAIS:<\/strong><\/span><\/h3>\n<h5>Apresenta\u00e7\u00e3o do artigo completo<\/h5>\n<ol>\n<li>Os artigos completos que forem aprovados ser\u00e3o apresentados sob a forma de comunica\u00e7\u00e3o oral, via <em>Google Meet<\/em>, com <em>link <\/em>e hor\u00e1rio determinados pela comiss\u00e3o organizadora do<\/li>\n<li>A apresenta\u00e7\u00e3o do trabalho dever\u00e1 ser enviada \u00e0 comiss\u00e3o cient\u00edfica at\u00e9 o dia <strong>07\/11\/2023,&nbsp;<\/strong>ser\u00e1 uma c\u00f3pia para seguran\u00e7a no momento da apresenta\u00e7\u00e3o <em>online<\/em>.<\/li>\n<li><strong>O tempo de dura\u00e7\u00e3o de cada comunica\u00e7\u00e3o oral dever\u00e1 ser de 20 minutos, sendo 15 minutos para a apresenta\u00e7\u00e3o e 5 minutos para questionamentos<\/strong>.<\/li>\n<li>Apenas os trabalhos apresentados ser\u00e3o publicados nos anais do<\/li>\n<li>\u00c9 proibida a apresenta\u00e7\u00e3o da comunica\u00e7\u00e3o oral por terceiros (n\u00e3o autores).<\/li>\n<li>Ser\u00e1 gerado apenas um certificado de apresenta\u00e7\u00e3o para cada trabalho, contendo os nomes do autor e coautores, em vers\u00e3o digital, encaminhado por <em>e-mai<\/em>l ap\u00f3s o evento.<\/li>\n<\/ol>\n<table>\n<tbody>\n<tr>\n<td colspan=\"3\" width=\"664\">\n<p style=\"text-align: center\"><strong>Sala 1 (<\/strong><a href=\"https:\/\/meet.google.com\/esd-nmpo-axw\" target=\"_blank\"><strong>https:\/\/meet.google.com\/esd-nmpo-axw<\/strong><\/a><strong>)<\/strong><\/p>\n<p style=\"text-align: center\">Coordenador de sala: <strong>Alexandre Borges Bidinotto<\/strong><\/p>\n<\/td>\n<\/tr>\n<tr align=\"center\" bgcolor=\"#A9A9A9\">\n<td width=\"87\"><strong>C\u00f3digo<\/strong><\/td>\n<td width=\"251\"><strong>Autores<\/strong><\/td>\n<td width=\"326\"><strong>T\u00edtulo<\/strong><\/td>\n<\/tr>\n<tr>\n<td width=\"87\"><strong>&nbsp;<\/strong><\/p>\n<p>23003<\/td>\n<td width=\"251\">Kassiomaria Dias Miranda<\/p>\n<p>Joana Cristina Neves de Menezes Faria<\/p>\n<p>Josiane dos Santos Lima<\/td>\n<td width=\"326\">A LEITURA DE LIVROS INFORMATIVOS SOBRE O CERRADO: REFLEX\u00d5ES PARA O LETRAMENTO NA EDUCA\u00c7\u00c3O BIL\u00cdNGUE DE SURDOS\/AS<\/td>\n<\/tr>\n<tr>\n<td width=\"87\">23016<\/td>\n<td width=\"251\">\u00c9rica ferreira Melo<\/p>\n<p>Eduardo Borges Goulart Neto<\/td>\n<td width=\"326\">METODOLOGIAS DE ENSINO PARA EDUCANDOS (AS) SURDOS (AS): A PERSPECTIVA DA DID\u00c1TICA CULTURAL SURDA<\/td>\n<\/tr>\n<tr>\n<td width=\"87\"><strong>&nbsp;<\/strong><\/p>\n<p>23004<\/td>\n<td width=\"251\">Mariana Scorsi Neto<\/p>\n<p>Nyuara Ara\u00fajo da Silva Mesquita<\/p>\n<p>Michel Mendes<\/td>\n<td width=\"326\">AN\u00c1LISE DAS CONSTITUI\u00c7\u00d5ES DO BRASIL E EQUADOR: NOVAS PERSPECTIVAS PARA (RE)PENSAR A RELA\u00c7\u00c3O DO SER HUMANO COM A NATUREZA<\/td>\n<\/tr>\n<tr>\n<td width=\"87\">23010<\/td>\n<td width=\"251\">Mara Sandra de Almeida<\/p>\n<p>Luciene Lima de Assis Pires<\/td>\n<td width=\"326\">PRODU\u00c7\u00c3O DE RES\u00cdDUOS S\u00d3LIDOS NA SOCIEDADE CAPITALISTA: O QUE DIZEM OS AUTORES<\/td>\n<\/tr>\n<tr>\n<td width=\"87\">23015<\/td>\n<td width=\"251\">C\u00e1tia Regina Assis Almeida Leal<\/p>\n<p>Luciene Lima de Assis Pires<\/td>\n<td width=\"326\">FORMA\u00c7\u00c3O HUMANA EM ISTV\u00c1N M\u00c9SZ\u00c1ROS: POL\u00cdTICA CULTURAL NACIONAL, ALIENA\u00c7\u00c3O, DIAL\u00c9TICA, DESENVOLVIMENTO HIST\u00d3RICO E IDEOLOGIA<\/td>\n<\/tr>\n<tr>\n<td width=\"87\">23045<\/td>\n<td width=\"251\">Lorena Carlos Barbosa Gomes<\/p>\n<p>Luciano Duarte da Silva<\/td>\n<td width=\"326\">REUTILIZA\u00c7\u00c3O DA \u00c1GUA DA CHUVA NO AMBIENTE ESCOLAR: UMA PROPOSTA DE MODELAGEM MATEM\u00c1TICA<\/td>\n<\/tr>\n<tr>\n<td width=\"87\">23056<\/td>\n<td width=\"251\">Mislene Lemos de Almeida Assis<\/p>\n<p>Paulo Henrique de Souza<\/td>\n<td width=\"326\">O C\u00cdRCULO DE CULTURA NA EDUCA\u00c7\u00c3O DE JOVENS E ADULTOS: UMA PROPOSTA TEM\u00c1TICA REFLEXIVA SOBRE O CONSUMO EXCESSIVO E DEGRADA\u00c7\u00c3O AMBIENTAL<\/td>\n<\/tr>\n<\/tbody>\n<\/table>\n<hr>\n<table>\n<tbody>\n<tr>\n<td colspan=\"3\" width=\"664\">\n<p style=\"text-align: center\"><strong>Sala 2 (<\/strong><a href=\"https:\/\/meet.google.com\/vvp-zppm-tes\" target=\"_blank\"><strong>https:\/\/meet.google.com\/vvp-zppm-tes<\/strong><\/a><strong>)<\/strong><\/p>\n<p style=\"text-align: center\">Coordenadora de sala: <strong>La\u00eds Leni Oliveira Lima<\/strong><\/p>\n<\/td>\n<\/tr>\n<tr align=\"center\" bgcolor=\"#A9A9A9\">\n<td width=\"87\"><strong>C\u00f3digo<\/strong><\/td>\n<td width=\"242\"><strong>Autores<\/strong><\/td>\n<td width=\"336\"><strong>T\u00edtulo<\/strong><\/td>\n<\/tr>\n<tr>\n<td width=\"87\">23017<\/td>\n<td width=\"242\">Ana Cec\u00edlia Silva de Moraes<\/p>\n<p>La\u00eds Leni Oliveira Lima<\/td>\n<td width=\"336\">PINTANDO, BORDANDO E MELECANDO: A ARTE NO MATERNAL II: ARTE NA EDUCA\u00c7\u00c3O INFANTIL<\/td>\n<\/tr>\n<tr>\n<td width=\"87\">23024<\/td>\n<td width=\"242\">Vanessa Nogueira Matos<\/p>\n<p>La\u00eds Leni Oliveira Lima<\/td>\n<td width=\"336\">CIRCUITOS ART\u00cdSTICOS: ARTE NA EDUCA\u00c7\u00c3O INFANTIL<\/td>\n<\/tr>\n<tr>\n<td width=\"87\">23030<\/td>\n<td width=\"242\">Geovanna Assis Silva<\/p>\n<p>La\u00eds Leni Oliveira Lima<\/td>\n<td width=\"336\">PINTANDO O SETE: A ARTE COM BEB\u00caS<\/td>\n<\/tr>\n<tr>\n<td width=\"87\">23022<\/td>\n<td width=\"242\">Yara Assis Oliveira<\/p>\n<p>La\u00eds Leni Oliveira Lima<\/td>\n<td width=\"336\">AS CRIAN\u00c7AS E A CI\u00caNCIA: EXPERI\u00caNCIA DE EST\u00c1GIO COM CRIAN\u00c7AS DE DOIS A TR\u00caS ANOS<\/td>\n<\/tr>\n<tr>\n<td width=\"87\">23026<\/td>\n<td width=\"242\">&nbsp;<\/p>\n<p>Maria Neide Filha<\/td>\n<td width=\"336\">DESAFIOS ENFRENTADOS DURANTE A MATERIALIZA\u00c7\u00c3O DE UM MOMENTO FORMATIVO COM PROFESSORAS DOS ANOS INICIAIS<\/td>\n<\/tr>\n<tr>\n<td width=\"87\">&nbsp;<\/p>\n<p>23027<\/td>\n<td width=\"242\">T\u00e1cio Assis Barros La\u00eds Leni Oliveira Lima<\/p>\n<p>Helen Patr\u00edcia Alves Silva<\/td>\n<td width=\"336\">EST\u00c1GIO NA EDUCA\u00c7\u00c3O INFANTIL: CONSTRUINDO IDENTIDADES PROFISSIONAIS<\/td>\n<\/tr>\n<tr>\n<td width=\"87\">23057<\/td>\n<td width=\"242\">Maria Neide Filha Leonora Malheiro Ferreira<\/p>\n<p>Marcel Andrei de Sousa Lima<\/td>\n<td width=\"336\">POTENCIALIDADE PEDAG\u00d3GICA DA HIPERM\u00cdDIA NO ENSINO DE CI\u00caNCIAS: COMPREENDENDO OS FUNGOS<\/td>\n<\/tr>\n<\/tbody>\n<\/table>\n<hr>\n<table>\n<tbody>\n<tr>\n<td colspan=\"3\" width=\"664\">\n<p style=\"text-align: center\"><strong>Sala 3 (<\/strong><a href=\"https:\/\/meet.google.com\/wgu-qrti-qgj\" target=\"_blank\"><strong>https:\/\/meet.google.com\/wgu-qrti-qgj<\/strong><\/a><strong>)<\/strong><\/p>\n<p style=\"text-align: center\">Coordenadora de sala: <strong>Karine de Assis Oliveira Soares<\/strong><\/p>\n<\/td>\n<\/tr>\n<tr align=\"center\" bgcolor=\"#A9A9A9\">\n<td width=\"87\"><strong>C\u00f3digo<\/strong><\/td>\n<td width=\"242\"><strong>Autores<\/strong><\/td>\n<td width=\"336\"><strong>T\u00edtulo<\/strong><\/td>\n<\/tr>\n<tr>\n<td width=\"87\">23019<\/td>\n<td width=\"242\">Ana Paula Ferreira Trindade<\/p>\n<p>La\u00eds Leni Oliveira Lima<\/td>\n<td width=\"336\">A CONCEP\u00c7\u00c3O DE FORMA\u00c7\u00c3O CONTINUADA VERSUS QUALIDADE EDUCACIONAL DOS PROFESSORES DA PR\u00c9 ESCOLA ACERCA DO PNAIC<\/td>\n<\/tr>\n<tr>\n<td width=\"87\">&nbsp;<\/p>\n<p>23021<\/td>\n<td width=\"242\">Karine de Assis Oliveira Soares Simone Rosa da Silva<\/p>\n<p>Flomar Ambrosina Oliveira Chagas<\/p>\n<p>Mara R\u00fabia de Souza Rodrigues Morais<\/td>\n<td width=\"336\">AFETAMENTOS DOCENTES NO TECIDO DAS PEDAGOGIAS TRADICIONAIS: URDINDO COM AS LINHAS DA ABORDAGEM DECOLONIAL<\/td>\n<\/tr>\n<tr>\n<td width=\"87\">23023<\/td>\n<td width=\"242\">Douglas Pereira Azev\u00eado<\/p>\n<p>Wellington Lima Cedro<\/td>\n<td width=\"336\">BASES EPISTEMOL\u00d3GICAS E FILOS\u00d3FICAS DA PESQUISA EM EDUCA\u00c7\u00c3O: CONCEITOS E CAMINHOS METODOL\u00d3GICOS PARA A FORMA\u00c7\u00c3O DE PROFESSORES<\/td>\n<\/tr>\n<tr>\n<td width=\"87\">23028<\/td>\n<td width=\"242\">Dienifer de Freitas Nunes<\/p>\n<p>Camila Alberto Vicente de Oliveira<\/td>\n<td width=\"336\">MULTIDIMENSIONALIDADE DO TRABALHO DOCENTE: DESAFIOS PARA A FORMA\u00c7\u00c3O NO CURSO DE PEDAGOGIA<\/td>\n<\/tr>\n<tr>\n<td width=\"87\">23029<\/td>\n<td width=\"242\">Amelioene Franco Rezende de Souza<\/p>\n<p>La\u00eds Leni Oliveira Lima<\/td>\n<td width=\"336\">NATUREZA E ESPECIFICIDADE DA ALFABETIZA\u00c7\u00c3O: DESAFIOS PARA A FORMA\u00c7\u00c3O DOCENTE DO PROFESSOR ALFABETIZADOR<\/td>\n<\/tr>\n<tr>\n<td width=\"87\">&nbsp;<\/p>\n<p>23031<\/td>\n<td width=\"242\">Manoel Messias Rodrigues Lopes La\u00eds Leni de Oliveira Lima<\/p>\n<p>Luciene Lima de Assis Pires<\/td>\n<td width=\"336\">UM MUSEU DE GRANDES NOVIDADES: EM DEBATE A RESOLU\u00c7\u00c3O CNE\/ CP N. 2 DE 2019 E O RECUO DA TEORIA NOS CURSOS DE FORMA\u00c7\u00c3O DE PROFESSORES<\/td>\n<\/tr>\n<\/tbody>\n<\/table>\n<hr>\n<table>\n<tbody>\n<tr>\n<td colspan=\"3\" width=\"664\">\n<p style=\"text-align: center\"><strong>Sala 4 (<\/strong><a href=\"https:\/\/meet.google.com\/ogn-diir-kwt\" target=\"_blank\"><strong>https:\/\/meet.google.com\/ogn-diir-kwt<\/strong><\/a><strong>)<\/strong><\/p>\n<p style=\"text-align: center\">Coordenadora de sala: <strong>Flomar Ambrosina Oliveira Chagas<\/strong><\/p>\n<\/td>\n<\/tr>\n<tr align=\"center\" bgcolor=\"#A9A9A9\">\n<td width=\"87\"><strong>C\u00f3digo<\/strong><\/td>\n<td width=\"242\"><strong>Autores<\/strong><\/td>\n<td width=\"336\"><strong>T\u00edtulo<\/strong><\/td>\n<\/tr>\n<tr>\n<td width=\"87\">23032<\/td>\n<td width=\"242\">Ana Luiza Moraes Barbosa<\/p>\n<p>La\u00eds Leni Oliveira Lima<\/td>\n<td width=\"336\">A POL\u00cdTICA P\u00daBLICA DA EDUCA\u00c7\u00c3O E A SUA MERCANTILIZA\u00c7\u00c3O<\/td>\n<\/tr>\n<tr>\n<td width=\"87\">23034<\/td>\n<td width=\"242\">D\u00e1vila Mar\u00e7al Martins<\/p>\n<p>Ari Raimann<\/td>\n<td width=\"336\">CARACTERISTICAS DA GEST\u00c3O DA EDUCA\u00c7\u00c3O NO PROGRAMA GOI\u00c1S TEC \u2013 ENSINO M\u00c9DIO AO ALCANCE DE TODOS<\/td>\n<\/tr>\n<tr>\n<td width=\"87\">&nbsp;<\/p>\n<p>23035<\/td>\n<td width=\"242\">Camila Alberto Vicente de Oliveira<\/p>\n<p>Isadora Pedrosa Pedretti<\/p>\n<p>Maiza Aparecida de Oliveira Nicodemos<\/td>\n<td width=\"336\">CARREIRA DO DOCENTE DA REDE MUNICIPAL DE JATA\u00cd: DESAFIOS AO PLANO E CONSELHO MUNICIPAL DE EDUCA\u00c7\u00c3O<\/td>\n<\/tr>\n<tr>\n<td width=\"87\">&nbsp;<\/p>\n<p>23036<\/td>\n<td width=\"242\">Camila Alberto Vicente de Oliveira<\/p>\n<p>Fernando Silva dos Santos<\/p>\n<p>Vanessa Nogueira Matos<\/p>\n<p>Pollyana Barros Silva<\/td>\n<td width=\"336\">&nbsp;<\/p>\n<p>CARREIRA DOCENTE: DESAFIOS PARA O INGRESSO E PERMAN\u00caNCIA NA PROFISS\u00c3O<\/td>\n<\/tr>\n<tr>\n<td width=\"87\">23037<\/td>\n<td width=\"242\">Sarah Rocha de Macedo Alves<\/p>\n<p>Elizabeth Gottschalg Raimann<\/td>\n<td width=\"336\">O PLANO MUNICIPAL DE EDUCA\u00c7\u00c3O DE JATA\u00cd: ELABORA\u00c7\u00c3O E IMPLEMENTA\u00c7\u00c3O DA LEI CONSIDERANDO OS PRINC\u00cdPIOS DEMOCR\u00c1TICOS<\/td>\n<\/tr>\n<tr>\n<td width=\"87\">23038<\/td>\n<td width=\"242\">Flomar Ambrosina Oliveira Chagas<\/td>\n<td width=\"336\">POL\u00cdTICAS P\u00daBLICAS PARA A REFORMA DO ENSINO M\u00c9DIO EM GOI\u00c1S<\/td>\n<\/tr>\n<\/tbody>\n<\/table>\n<hr>\n<table>\n<tbody>\n<tr>\n<td colspan=\"3\" width=\"664\">\n<p style=\"text-align: center\"><strong>Sala 5 (<\/strong><a href=\"https:\/\/meet.google.com\/tjk-bmqe-ryc\" target=\"_blank\"><strong>https:\/\/meet.google.com\/tjk-bmqe-ryc<\/strong><\/a><strong>)<\/strong><\/p>\n<p style=\"text-align: center\">Coordenador de sala: <strong>Renato Oliveira Abreu<\/strong><\/p>\n<\/td>\n<\/tr>\n<tr align=\"center\" bgcolor=\"#A9A9A9\">\n<td width=\"87\"><strong>C\u00f3digo<\/strong><\/td>\n<td width=\"242\"><strong>Autores<\/strong><\/td>\n<td width=\"336\"><strong>T\u00edtulo<\/strong><\/td>\n<\/tr>\n<tr>\n<td width=\"87\">&nbsp;<\/p>\n<p>23012<\/td>\n<td width=\"242\">Renato Oliveira Abreu<\/p>\n<p>Wellington Guimar\u00e3es Ribeiro<\/p>\n<p>Rodrigo Claudino Diogo<\/p>\n<p>Felippe Guimar\u00e3es Maciel<\/td>\n<td width=\"336\">&nbsp;<\/p>\n<p>A PERSPECTIVA CTS EM UM MANUAL DE PROJETOS INTEGRADORES DO ENSINO M\u00c9DIO<\/td>\n<\/tr>\n<tr>\n<td width=\"87\">23039<\/td>\n<td width=\"242\">Filipe de Souza Cardoso<\/p>\n<p>Fabiana Alves de Carvalho<\/p>\n<p>Rodrigo Claudino Diogo<\/p>\n<p>Felippe Guimar\u00e3es Maciel<\/td>\n<td width=\"336\">&nbsp;<\/p>\n<p>AL\u00c9M DAS P\u00c1GINAS: UMA AN\u00c1LISE CTS EM LIVRO DID\u00c1TICO DE PROJETOS INTEGRADORES DE CI\u00caNCIAS DA NATUREZA<\/td>\n<\/tr>\n<tr>\n<td width=\"87\">&nbsp;<\/p>\n<p>23043<\/td>\n<td width=\"242\">Gustavo de Ara\u00fajo Silva<\/p>\n<p>Maria Am\u00e9lia Ferreira Borges<\/p>\n<p>Rosa Silva Pereira de Souza<\/td>\n<td width=\"336\">O ENSINO DA MATEM\u00c1TICA E O SOFTWARE GEOGEBRA: UMA SEQU\u00caNCIA DID\u00c1TICA APLICADA A FUN\u00c7\u00c3O POLINOMIAL DO 1\u00ba GRAU<\/td>\n<\/tr>\n<tr>\n<td width=\"87\">&nbsp;<\/p>\n<p>23047<\/td>\n<td width=\"242\">Paula Bernardes de Morais<\/p>\n<p>Ceila de Brito Dias<\/p>\n<p>Rafael Souza Moraes<\/p>\n<p>Juliana da Costa Ramos Caetano<\/td>\n<td width=\"336\">APLICA\u00c7\u00c3O DA TAXONOMIA DE BLOOM NO ENSINO DE QU\u00cdMICA E F\u00cdSICA: DESENVOLVENDO A COMPREENS\u00c3O DE TEMPERATURA E CALOR<\/td>\n<\/tr>\n<tr>\n<td width=\"87\">&nbsp;<\/p>\n<p>&nbsp;<\/p>\n<p>23051<\/td>\n<td width=\"242\">Rans Miler Pereira Dantas<\/p>\n<p>Vanessa Amaral Ferreira<\/p>\n<p>Gabriel Bonfim dos Santos<\/p>\n<p>Omar Jefte Santos Aguiar<\/p>\n<p>Pedro Henrique Ravanelli<\/p>\n<p>Rafael Souza Cipullo<\/p>\n<p>Joyce Laura da Silva Gon\u00e7alves<\/td>\n<td width=\"336\">&nbsp;<\/p>\n<p>&nbsp;<\/p>\n<p>DESENVOLVIMENTO DE METODOLOGIA DID\u00c1TICA E ALTERNATIVA PARA DETERMINA\u00c7\u00c3O DE ACIDEZ TOTAL DE VINHOS BASEADA NO USO DE INDICADOR NATURAL<\/td>\n<\/tr>\n<tr>\n<td width=\"87\">23059<\/td>\n<td width=\"242\">Mikaelly Kananda de Lima Gomes<\/p>\n<p>Maria Luciene Leandro de Ara\u00fajo<\/p>\n<p>Susana Gon\u00e7alves Cavalcante<\/p>\n<p>Rodrigo Claudino Diogo<\/td>\n<td width=\"336\">&nbsp;<\/p>\n<p>V\u00cdDEOS DID\u00c1TICOS: UMA PROPOSTA METODOL\u00d3GICA PARA O ENSINO DE CI\u00caNCIAS NO ENSINO FUNDAMENTAL I<\/td>\n<\/tr>\n<\/tbody>\n<\/table>\n","protected":false},"excerpt":{"rendered":"<p>Sexta-feira (10\/11\/2023), das 14h \u00e0s 17h &nbsp; ORIENTA\u00c7\u00d5ES GERAIS: Apresenta\u00e7\u00e3o do artigo completo Os artigos completos que forem aprovados ser\u00e3o apresentados sob a forma de comunica\u00e7\u00e3o oral, via Google Meet, com link e hor\u00e1rio determinados pela comiss\u00e3o organizadora do A apresenta\u00e7\u00e3o do trabalho dever\u00e1 ser enviada \u00e0 comiss\u00e3o cient\u00edfica at\u00e9 o dia 07\/11\/2023,&nbsp;ser\u00e1 uma c\u00f3pia <a class=\"more-link\" href=\"https:\/\/eventos.ifg.edu.br\/semlic\/comunicacoes-orais-2023\/\">&hellip; Continue lendo&hellip; &rarr;<\/a><\/p>\n","protected":false},"author":112,"featured_media":0,"parent":0,"menu_order":0,"comment_status":"closed","ping_status":"closed","template":"","meta":{"ngg_post_thumbnail":0,"footnotes":""},"class_list":["post-2816","page","type-page","status-publish","hentry"],"_links":{"self":[{"href":"https:\/\/eventos.ifg.edu.br\/semlic\/wp-json\/wp\/v2\/pages\/2816"}],"collection":[{"href":"https:\/\/eventos.ifg.edu.br\/semlic\/wp-json\/wp\/v2\/pages"}],"about":[{"href":"https:\/\/eventos.ifg.edu.br\/semlic\/wp-json\/wp\/v2\/types\/page"}],"author":[{"embeddable":true,"href":"https:\/\/eventos.ifg.edu.br\/semlic\/wp-json\/wp\/v2\/users\/112"}],"replies":[{"embeddable":true,"href":"https:\/\/eventos.ifg.edu.br\/semlic\/wp-json\/wp\/v2\/comments?post=2816"}],"version-history":[{"count":16,"href":"https:\/\/eventos.ifg.edu.br\/semlic\/wp-json\/wp\/v2\/pages\/2816\/revisions"}],"predecessor-version":[{"id":3060,"href":"https:\/\/eventos.ifg.edu.br\/semlic\/wp-json\/wp\/v2\/pages\/2816\/revisions\/3060"}],"wp:attachment":[{"href":"https:\/\/eventos.ifg.edu.br\/semlic\/wp-json\/wp\/v2\/media?parent=2816"}],"curies":[{"name":"wp","href":"https:\/\/api.w.org\/{rel}","templated":true}]}}