{"id":2804,"date":"2023-06-30T09:22:45","date_gmt":"2023-06-30T12:22:45","guid":{"rendered":"http:\/\/eventos.ifg.edu.br\/semlic\/?page_id=2804"},"modified":"2025-07-15T22:45:00","modified_gmt":"2025-07-16T01:45:00","slug":"2804-2","status":"publish","type":"page","link":"https:\/\/eventos.ifg.edu.br\/semlic\/","title":{"rendered":""},"content":{"rendered":"\n<p><\/p>\n\n\n\n<p class=\"has-text-align-center\"><a href=\"https:\/\/www.even3.com.br\/semlic2025-595067\/\" data-type=\"link\" data-id=\"even3.com.br\/semlic\"><strong>Clique para acessar a p\u00e1gina do even3 da Semlic 2025 para se inscrever e submeter trabalhos<\/strong><\/a><\/p>\n\n\n\n<p>O IFG \u2013 C\u00e2mpus Jata\u00ed realizar\u00e1, de 05 a 08 de novembro de 2025, a 21\u00aa Semana de Licenciatura (Semlic) e 12\u00ba Semin\u00e1rio da P\u00f3s-Gradua\u00e7\u00e3o em Educa\u00e7\u00e3o para Ci\u00eancias e Matem\u00e1tica. O evento deste ano tem como tema: \u201cEduca\u00e7\u00e3o, equidade e justi\u00e7a social \u2012 desafios contempor\u00e2neos e possibilidades para a cria\u00e7\u00e3o de outro mundo\u201d.<\/p>\n\n\n\n<p>A hist\u00f3ria da Semana de Licenciatura (Semlic), do Instituto Federal de Educa\u00e7\u00e3o, Ci\u00eancia e Tecnologia de Goi\u00e1s (IFG) \u2013 C\u00e2mpus Jata\u00ed, come\u00e7a no ano de 2004, pouco tempo ap\u00f3s o in\u00edcio das atividades do Curso de Licenciatura em F\u00edsica, que come\u00e7ou em 2001.<\/p>\n\n\n\n<p>Com o objetivo de debater tem\u00e1ticas educacionais relevantes e atuais, que impactam a educa\u00e7\u00e3o b\u00e1sica e o ensino superior, sobretudo no que tange \u00e0 forma\u00e7\u00e3o de professores\/as, a Semlic se tornou, ao longo dos anos, um espa\u00e7o de importantes discuss\u00f5es, encontros e difus\u00e3o do conhecimento. Historicamente, o evento acompanha os mais importantes debates do cen\u00e1rio educacional brasileiro.<\/p>\n\n\n\n<p>Em 2012, o C\u00e2mpus Jata\u00ed do IFG iniciou as atividades do Curso de Mestrado Profissional em Educa\u00e7\u00e3o para Ci\u00eancias e Matem\u00e1tica e, logo depois, em 2013, realizou, concomitantemente \u00e0 SEMLIC, o 1\u00ba Semin\u00e1rio do Programa de P\u00f3s-Gradua\u00e7\u00e3o em Educa\u00e7\u00e3o para Ci\u00eancias e Matem\u00e1tica.<\/p>\n\n\n\n<p>Desde ent\u00e3o, os dois eventos caminham juntos, agregando pessoas, difundindo conhecimentos e promovendo importantes debates no \u00e2mbito da Educa\u00e7\u00e3o e do Ensino de Ci\u00eancias e Matem\u00e1tica.<\/p>\n\n\n\n<p>Assim como nos anos anteriores, a edi\u00e7\u00e3o deste ano contar\u00e1 com mesas-redondas, palestras, comunica\u00e7\u00f5es orais, apresenta\u00e7\u00e3o de p\u00f4steres, oficinas e minicursos.<\/p>\n\n\n<div class=\"wp-block-image\">\n<figure class=\"aligncenter size-large is-resized\"><a href=\"https:\/\/www.even3.com.br\/semlic2025-595067\/\"><img fetchpriority=\"high\" decoding=\"async\" width=\"724\" height=\"1024\" src=\"https:\/\/eventos.ifg.edu.br\/semlic\/wp-content\/uploads\/sites\/49\/2025\/07\/Copia-de-cartaz_semlic2-724x1024.png\" alt=\"\" class=\"wp-image-3140\" style=\"width:345px;height:auto\" srcset=\"https:\/\/eventos.ifg.edu.br\/semlic\/wp-content\/uploads\/sites\/49\/2025\/07\/Copia-de-cartaz_semlic2-724x1024.png 724w, https:\/\/eventos.ifg.edu.br\/semlic\/wp-content\/uploads\/sites\/49\/2025\/07\/Copia-de-cartaz_semlic2-212x300.png 212w, https:\/\/eventos.ifg.edu.br\/semlic\/wp-content\/uploads\/sites\/49\/2025\/07\/Copia-de-cartaz_semlic2-768x1086.png 768w, https:\/\/eventos.ifg.edu.br\/semlic\/wp-content\/uploads\/sites\/49\/2025\/07\/Copia-de-cartaz_semlic2.png 794w\" sizes=\"(max-width: 724px) 100vw, 724px\" \/><\/a><\/figure><\/div>","protected":false},"excerpt":{"rendered":"<p>Clique para acessar a p\u00e1gina do even3 da Semlic 2025 para se inscrever e submeter trabalhos O IFG \u2013 C\u00e2mpus Jata\u00ed realizar\u00e1, de 05 a 08 de novembro de 2025, a 21\u00aa Semana de Licenciatura (Semlic) e 12\u00ba Semin\u00e1rio da P\u00f3s-Gradua\u00e7\u00e3o em Educa\u00e7\u00e3o para Ci\u00eancias e Matem\u00e1tica. O evento deste ano tem como tema: \u201cEduca\u00e7\u00e3o, <a class=\"more-link\" href=\"https:\/\/eventos.ifg.edu.br\/semlic\/\">&hellip; Continue lendo&hellip; &rarr;<\/a><\/p>\n","protected":false},"author":112,"featured_media":0,"parent":0,"menu_order":0,"comment_status":"closed","ping_status":"closed","template":"","meta":{"ngg_post_thumbnail":0,"footnotes":""},"class_list":["post-2804","page","type-page","status-publish","hentry"],"_links":{"self":[{"href":"https:\/\/eventos.ifg.edu.br\/semlic\/wp-json\/wp\/v2\/pages\/2804"}],"collection":[{"href":"https:\/\/eventos.ifg.edu.br\/semlic\/wp-json\/wp\/v2\/pages"}],"about":[{"href":"https:\/\/eventos.ifg.edu.br\/semlic\/wp-json\/wp\/v2\/types\/page"}],"author":[{"embeddable":true,"href":"https:\/\/eventos.ifg.edu.br\/semlic\/wp-json\/wp\/v2\/users\/112"}],"replies":[{"embeddable":true,"href":"https:\/\/eventos.ifg.edu.br\/semlic\/wp-json\/wp\/v2\/comments?post=2804"}],"version-history":[{"count":31,"href":"https:\/\/eventos.ifg.edu.br\/semlic\/wp-json\/wp\/v2\/pages\/2804\/revisions"}],"predecessor-version":[{"id":3159,"href":"https:\/\/eventos.ifg.edu.br\/semlic\/wp-json\/wp\/v2\/pages\/2804\/revisions\/3159"}],"wp:attachment":[{"href":"https:\/\/eventos.ifg.edu.br\/semlic\/wp-json\/wp\/v2\/media?parent=2804"}],"curies":[{"name":"wp","href":"https:\/\/api.w.org\/{rel}","templated":true}]}}