{"id":2584,"date":"2022-06-30T18:09:52","date_gmt":"2022-06-30T21:09:52","guid":{"rendered":"http:\/\/eventos.ifg.edu.br\/semlic\/?page_id=2584"},"modified":"2022-06-30T18:09:52","modified_gmt":"2022-06-30T21:09:52","slug":"inscricoes-2022","status":"publish","type":"page","link":"https:\/\/eventos.ifg.edu.br\/semlic\/inscricoes-2022\/","title":{"rendered":"Inscri\u00e7\u00f5es 2022"},"content":{"rendered":"<h3 style=\"text-align: center\">Inscri\u00e7\u00f5es Semlic 2022<\/h3>\n<h5 style=\"text-align: center\">Para realizar a inscri\u00e7\u00e3o, preencha o formul\u00e1rio abaixo e depois clique em enviar.<\/h5>\n<p style=\"text-align: center\">&nbsp;<a href=\"https:\/\/forms.gle\/NANFTKC5my9uLbmv9\" target=\"_blank\" rel=\"https:\/\/forms.gle\/NANFTKC5my9uLbmv9\"><img decoding=\"async\" class=\"alignnone wp-image-2585\" src=\"http:\/\/eventos.ifg.edu.br\/semlic\/wp-content\/uploads\/sites\/49\/2022\/06\/inscricoes.png\" alt=\"inscricoes\" width=\"500\" height=\"52\"><\/a><\/p>\n<h5 style=\"text-align: center\">Em caso de dificuldades para realizar a sua inscri\u00e7\u00e3o, envie e-mail para&nbsp;<a href=\"mailto:seer.semlic@gmail.com\">seer.semlic@gmail.com<\/a><\/h5>\n","protected":false},"excerpt":{"rendered":"<p>Inscri\u00e7\u00f5es Semlic 2022 Para realizar a inscri\u00e7\u00e3o, preencha o formul\u00e1rio abaixo e depois clique em enviar. &nbsp; Em caso de dificuldades para realizar a sua inscri\u00e7\u00e3o, envie e-mail para&nbsp;seer.semlic@gmail.com<\/p>\n","protected":false},"author":112,"featured_media":0,"parent":0,"menu_order":0,"comment_status":"closed","ping_status":"closed","template":"","meta":{"ngg_post_thumbnail":0,"footnotes":""},"class_list":["post-2584","page","type-page","status-publish","hentry"],"_links":{"self":[{"href":"https:\/\/eventos.ifg.edu.br\/semlic\/wp-json\/wp\/v2\/pages\/2584"}],"collection":[{"href":"https:\/\/eventos.ifg.edu.br\/semlic\/wp-json\/wp\/v2\/pages"}],"about":[{"href":"https:\/\/eventos.ifg.edu.br\/semlic\/wp-json\/wp\/v2\/types\/page"}],"author":[{"embeddable":true,"href":"https:\/\/eventos.ifg.edu.br\/semlic\/wp-json\/wp\/v2\/users\/112"}],"replies":[{"embeddable":true,"href":"https:\/\/eventos.ifg.edu.br\/semlic\/wp-json\/wp\/v2\/comments?post=2584"}],"version-history":[{"count":1,"href":"https:\/\/eventos.ifg.edu.br\/semlic\/wp-json\/wp\/v2\/pages\/2584\/revisions"}],"predecessor-version":[{"id":2586,"href":"https:\/\/eventos.ifg.edu.br\/semlic\/wp-json\/wp\/v2\/pages\/2584\/revisions\/2586"}],"wp:attachment":[{"href":"https:\/\/eventos.ifg.edu.br\/semlic\/wp-json\/wp\/v2\/media?parent=2584"}],"curies":[{"name":"wp","href":"https:\/\/api.w.org\/{rel}","templated":true}]}}