{"id":2574,"date":"2022-06-30T18:03:25","date_gmt":"2022-06-30T21:03:25","guid":{"rendered":"http:\/\/eventos.ifg.edu.br\/semlic\/?page_id=2574"},"modified":"2022-09-06T15:32:40","modified_gmt":"2022-09-06T18:32:40","slug":"semlic-2022","status":"publish","type":"page","link":"https:\/\/eventos.ifg.edu.br\/semlic\/semlic-2022\/","title":{"rendered":"Semlic 2022"},"content":{"rendered":"<p>&nbsp;<\/p>\n<p><span style=\"color: #ff0000\"><strong>Clique no link abaixo para o envio de corre\u00e7\u00f5es<\/strong><\/span><\/p>\n<p style=\"text-align: center\"><a href=\"https:\/\/forms.gle\/B1jDyCs5GJ6dKNj38\" target=\"_blank\" rel=\"https:\/\/forms.gle\/B1jDyCs5GJ6dKNj38\"><img decoding=\"async\" class=\"alignnone wp-image-2707\" src=\"http:\/\/eventos.ifg.edu.br\/semlic\/wp-content\/uploads\/sites\/49\/2022\/07\/clique_correcoes_4x.png\" alt=\"clique_correcoes_4x\" width=\"500\" height=\"52\"><\/a><\/p>\n<p><img fetchpriority=\"high\" decoding=\"async\" class=\"alignnone size-full wp-image-2692\" src=\"http:\/\/eventos.ifg.edu.br\/semlic\/wp-content\/uploads\/sites\/49\/2022\/06\/banner_prorrogacao.png\" alt=\"banner_prorrogacao\" width=\"3001\" height=\"1500\"><\/p>\n<p>A Semana de Licenciatura e o Semin\u00e1rio da P\u00f3s-Gradua\u00e7\u00e3o em Educa\u00e7\u00e3o para Ci\u00eancias e Matem\u00e1tica ocorrem anualmente no calend\u00e1rio do Instituto Federal de Educa\u00e7\u00e3o, Ci\u00eancia e Tecnologia de Goi\u00e1s (IFG) \u2013 C\u00e2mpus Jata\u00ed.&nbsp;O Instituto Federal de Goi\u00e1s (IFG) &#8211; Campus Jata\u00ed realiza entre os dias 05 e 07 de outubro de 2022, a XVIII Semana de Licenciatura e IX Semin\u00e1rio da P\u00f3s-Gradua\u00e7\u00e3o em Educa\u00e7\u00e3o para Ci\u00eancias e Matem\u00e1tica . O evento tem como tema &#8220;(Re)Pensar o Fazer Educa\u00e7\u00e3o em Tempos de Imperman\u00eancia&#8221;.<\/p>\n<p>O evento acontecer\u00e1, neste ano, em dois formatos: presencial e on-line, formando uma estrutura h\u00edbrida em sua metodologia de realiza\u00e7\u00e3o. As atividades presenciais ser\u00e3o feitas nas depend\u00eancias do IFG C\u00e2mpus Jata\u00ed, que conta com os seguintes espa\u00e7os f\u00edsicos: Audit\u00f3rio da Unidade Riachuelo, Mini Audit\u00f3rios da Unidade Flamboyant, salas de aula, laborat\u00f3rios de F\u00edsica I, II, III e IV, Laborat\u00f3rio de Matem\u00e1tica e Laborat\u00f3rios de Inform\u00e1tica da Unidade Flamboyant. As atividades on-line ser\u00e3o realizadas pelas plataformas Google Meet e canal do Youtube.&nbsp;<\/p>\n<p><a href=\"https:\/\/www.youtube.com\/channel\/UCCDjL0kfsQ0_gMYoLBDzLAA\" target=\"_blank\" rel=\"https:\/\/www.youtube.com\/channel\/UCCDjL0kfsQ0_gMYoLBDzLAA\"><img decoding=\"async\" class=\"alignnone wp-image-2674\" src=\"http:\/\/eventos.ifg.edu.br\/semlic\/wp-content\/uploads\/sites\/49\/2022\/06\/youtube_2-1.png\" alt=\"youtube_2\" width=\"250\" height=\"73\"><\/a><\/p>\n<h3 style=\"text-align: center\">&nbsp;<\/h3>\n<p>&nbsp;<\/p>\n","protected":false},"excerpt":{"rendered":"<p>&nbsp; Clique no link abaixo para o envio de corre\u00e7\u00f5es A Semana de Licenciatura e o Semin\u00e1rio da P\u00f3s-Gradua\u00e7\u00e3o em Educa\u00e7\u00e3o para Ci\u00eancias e Matem\u00e1tica ocorrem anualmente no calend\u00e1rio do Instituto Federal de Educa\u00e7\u00e3o, Ci\u00eancia e Tecnologia de Goi\u00e1s (IFG) \u2013 C\u00e2mpus Jata\u00ed.&nbsp;O Instituto Federal de Goi\u00e1s (IFG) &#8211; Campus Jata\u00ed realiza entre os dias <a class=\"more-link\" href=\"https:\/\/eventos.ifg.edu.br\/semlic\/semlic-2022\/\">&hellip; Continue lendo&hellip; &rarr;<\/a><\/p>\n","protected":false},"author":112,"featured_media":0,"parent":0,"menu_order":0,"comment_status":"closed","ping_status":"closed","template":"","meta":{"ngg_post_thumbnail":0,"footnotes":""},"class_list":["post-2574","page","type-page","status-publish","hentry"],"_links":{"self":[{"href":"https:\/\/eventos.ifg.edu.br\/semlic\/wp-json\/wp\/v2\/pages\/2574"}],"collection":[{"href":"https:\/\/eventos.ifg.edu.br\/semlic\/wp-json\/wp\/v2\/pages"}],"about":[{"href":"https:\/\/eventos.ifg.edu.br\/semlic\/wp-json\/wp\/v2\/types\/page"}],"author":[{"embeddable":true,"href":"https:\/\/eventos.ifg.edu.br\/semlic\/wp-json\/wp\/v2\/users\/112"}],"replies":[{"embeddable":true,"href":"https:\/\/eventos.ifg.edu.br\/semlic\/wp-json\/wp\/v2\/comments?post=2574"}],"version-history":[{"count":18,"href":"https:\/\/eventos.ifg.edu.br\/semlic\/wp-json\/wp\/v2\/pages\/2574\/revisions"}],"predecessor-version":[{"id":2713,"href":"https:\/\/eventos.ifg.edu.br\/semlic\/wp-json\/wp\/v2\/pages\/2574\/revisions\/2713"}],"wp:attachment":[{"href":"https:\/\/eventos.ifg.edu.br\/semlic\/wp-json\/wp\/v2\/media?parent=2574"}],"curies":[{"name":"wp","href":"https:\/\/api.w.org\/{rel}","templated":true}]}}