{"id":2550,"date":"2021-09-13T21:29:03","date_gmt":"2021-09-14T00:29:03","guid":{"rendered":"http:\/\/eventos.ifg.edu.br\/semlic\/?page_id=2550"},"modified":"2021-09-13T21:29:03","modified_gmt":"2021-09-14T00:29:03","slug":"revista-2021-publicada","status":"publish","type":"page","link":"https:\/\/eventos.ifg.edu.br\/semlic\/revista-2021-publicada\/","title":{"rendered":"Revista 2021 publicada"},"content":{"rendered":"<p><img fetchpriority=\"high\" decoding=\"async\" class=\"alignleft size-full wp-image-2551\" src=\"http:\/\/eventos.ifg.edu.br\/semlic\/wp-content\/uploads\/sites\/49\/2021\/09\/publicacao.png\" alt=\"publicacao\" width=\"1040\" height=\"268\"><br \/>\nA comiss\u00e3o cientifica da XVII disponibilizou em setembro de 2021 a edi\u00e7\u00e3o da revista com as publica\u00e7\u00f5es eletr\u00f4nicas dos Anais da XVII Semana de Licenciatura (2021).<\/p>\n<p>Voc\u00ea pode acessar a revista nesse link:&nbsp;<a href=\"http:\/\/revistas.ifg.edu.br\/semlic\/issue\/view\/40\">http:\/\/revistas.ifg.edu.br\/semlic\/issue\/view\/40<\/a><\/p>\n<p>&nbsp;<\/p>\n<p>A comiss\u00e3o organizadora agradece a participa\u00e7\u00e3o de todos os envolvidos para a realiza\u00e7\u00e3o desse evento, e aguarda a todos os autores e participantes na edi\u00e7\u00e3o de 2022.<\/p>\n","protected":false},"excerpt":{"rendered":"<p>A comiss\u00e3o cientifica da XVII disponibilizou em setembro de 2021 a edi\u00e7\u00e3o da revista com as publica\u00e7\u00f5es eletr\u00f4nicas dos Anais da XVII Semana de Licenciatura (2021). Voc\u00ea pode acessar a revista nesse link:&nbsp;http:\/\/revistas.ifg.edu.br\/semlic\/issue\/view\/40 &nbsp; A comiss\u00e3o organizadora agradece a participa\u00e7\u00e3o de todos os envolvidos para a realiza\u00e7\u00e3o desse evento, e aguarda a todos os autores <a class=\"more-link\" href=\"https:\/\/eventos.ifg.edu.br\/semlic\/revista-2021-publicada\/\">&hellip; Continue lendo&hellip; &rarr;<\/a><\/p>\n","protected":false},"author":135,"featured_media":0,"parent":0,"menu_order":0,"comment_status":"closed","ping_status":"closed","template":"","meta":{"ngg_post_thumbnail":0,"footnotes":""},"class_list":["post-2550","page","type-page","status-publish","hentry"],"_links":{"self":[{"href":"https:\/\/eventos.ifg.edu.br\/semlic\/wp-json\/wp\/v2\/pages\/2550"}],"collection":[{"href":"https:\/\/eventos.ifg.edu.br\/semlic\/wp-json\/wp\/v2\/pages"}],"about":[{"href":"https:\/\/eventos.ifg.edu.br\/semlic\/wp-json\/wp\/v2\/types\/page"}],"author":[{"embeddable":true,"href":"https:\/\/eventos.ifg.edu.br\/semlic\/wp-json\/wp\/v2\/users\/135"}],"replies":[{"embeddable":true,"href":"https:\/\/eventos.ifg.edu.br\/semlic\/wp-json\/wp\/v2\/comments?post=2550"}],"version-history":[{"count":1,"href":"https:\/\/eventos.ifg.edu.br\/semlic\/wp-json\/wp\/v2\/pages\/2550\/revisions"}],"predecessor-version":[{"id":2552,"href":"https:\/\/eventos.ifg.edu.br\/semlic\/wp-json\/wp\/v2\/pages\/2550\/revisions\/2552"}],"wp:attachment":[{"href":"https:\/\/eventos.ifg.edu.br\/semlic\/wp-json\/wp\/v2\/media?parent=2550"}],"curies":[{"name":"wp","href":"https:\/\/api.w.org\/{rel}","templated":true}]}}