{"id":2520,"date":"2021-06-14T20:53:38","date_gmt":"2021-06-14T23:53:38","guid":{"rendered":"http:\/\/eventos.ifg.edu.br\/semlic\/?page_id=2520"},"modified":"2021-06-14T21:09:18","modified_gmt":"2021-06-15T00:09:18","slug":"palestrantes","status":"publish","type":"page","link":"https:\/\/eventos.ifg.edu.br\/semlic\/palestrantes\/","title":{"rendered":"Palestrantes"},"content":{"rendered":"<h3 style=\"text-align: left\"><strong>Dia 21\/06\/2021 &#8211; Palestra de Abertura \u00e0s 14h&nbsp;<\/strong><\/h3>\n<h4 style=\"text-align: left\">&nbsp;Dr. Miguel A. Santos R\u00eago<\/h4>\n<p style=\"text-align: left\">&#8220;Aprender juntos em tempos de Crise. A ecologia da coopera\u00e7\u00e3o na Ci\u00eancia e no Ensino.&#8221;<\/p>\n<p style=\"text-align: left\"><img decoding=\"async\" class=\"alignleft size-full wp-image-2468\" src=\"http:\/\/eventos.ifg.edu.br\/semlic\/wp-content\/uploads\/sites\/49\/2019\/06\/miguel.jpg\" alt=\"miguel\" width=\"118\" height=\"119\"><\/p>\n<p style=\"text-align: left\">&nbsp;Amplos estudos na&nbsp;<em>Cambridge University<\/em>&nbsp;(Reino Unido),&nbsp;<em>University of Illinois<\/em>&nbsp;em&nbsp;<em>Urbana<\/em>&#8211;<em>Champaign<\/em>&nbsp;e&nbsp;<em>Johns Hopkins University<\/em>&nbsp;(EUA). Tamb\u00e9m foi professor visitante da&nbsp;<em>University of Southern Mississippi<\/em>, da&nbsp;<em>University of Texas at Brownsville<\/em>&nbsp;(EUA) e da&nbsp;<em>University of Palermo<\/em>&nbsp;(Argentina), entre outras.<br \/>\nAl\u00e9m de ter dirigido 20 (vinte) Projetos de Pesquisa realizados em editais competitivos, publicou 35 livros, cerca de 60 cap\u00edtulos de livros e aproximadamente 150 artigos em peri\u00f3dicos internacionais de alto impacto. E s\u00e3o 27 teses de documenta\u00e7\u00e3o que dirijo neste momento.<br \/>\nFoi Vice-Reitor do Corpo Docente da Universidade de Santiago de Compostela, e Vice-Diretor Geral de Universidades do Governo Aut\u00f4nomo da Galiza. Atualmente \u00e9 Diretor do Departamento de Pedagoxia e Did\u00e1tica da USC, e Presidente da Comiss\u00e3o Galega de Relat\u00f3rios, Avalia\u00e7\u00e3o, Certifica\u00e7\u00e3o e Acredita\u00e7\u00e3o, confere a Autoridade para a Qualidade do Sistema Universit\u00e1rio (ACSUG).<br \/>\nCoordena o Grupo de Pesquisa Esculca-USC (que \u00e9 o Grupo de Refer\u00eancia do Sistema Universit\u00e1rio) e duas Redes de Pesquisa na Espanha.<br \/>\nRecebeu o Pr\u00e9mio Nacional de Investiga\u00e7\u00e3o Educacional em Espanha e o Pr\u00e9mio de Investiga\u00e7\u00e3o Pedag\u00f3gica \u2018Mar\u00eda Barbeito\u2019 na Comunidade Aut\u00f3noma da Galiza.<br \/>\nPertence a diferentes autoridades de avalia\u00e7\u00e3o na Europa e na Am\u00e9rica, bem como v\u00e1rias sociedades e associa\u00e7\u00f5es cient\u00edficas, como a European Educational Research Association (EERA) ou a American Educational Research Association (AERA)<br \/>\nTer seis avalia\u00e7\u00f5es positivas de professores de cinco anos reconhecidas e seis (6) Per\u00edodos de pesquisa de seis anos pela Comiss\u00e3o Nacional de Avalia\u00e7\u00e3o da Atividade de Pesquisa (CNEAI), que \u00e9 o m\u00e1ximo que pode ser alcan\u00e7ado na Espanha.<\/p>\n<p style=\"text-align: left\">&nbsp;<\/p>\n<h2 style=\"text-align: left\"><strong>Dia 22\/06\/2021 &#8211; A partir das 19:30 min<\/strong><\/h2>\n<h4 style=\"text-align: left\"><strong>Profa. Dra. Adda Daniela Lima Figueiredo Echalar<\/strong><\/h4>\n<p style=\"text-align: left\">&#8220;Tecnologias no trabalho\/forma\u00e7\u00e3o docente: quest\u00f5es sobre usos e apropria\u00e7\u00f5es&#8221;<\/p>\n<p style=\"text-align: left\"><img decoding=\"async\" class=\"alignleft size-full wp-image-2460\" src=\"http:\/\/eventos.ifg.edu.br\/semlic\/wp-content\/uploads\/sites\/49\/2019\/06\/adda-1.jpg\" alt=\"adda\" width=\"119\" height=\"119\">Doutora em Educa\u00e7\u00e3o pela Pontif\u00edcia Universidade Cat\u00f3lica de Goi\u00e1s (PUC Goi\u00e1s), na linha de pesquisa de Teorias da Educa\u00e7\u00e3o e Processos Pedag\u00f3gicos. Mestre em Biologia pela Universidade Federal de Goi\u00e1s (UFG). Cursou especializa\u00e7\u00e3o em Forma\u00e7\u00e3o de Professores, com foco em Educa\u00e7\u00e3o Ambiental, na PUC Goi\u00e1s. Graduou-se em Ci\u00eancias Biol\u00f3gicas, licenciatura e bacharelado, pela Universidade Cat\u00f3lica de Goi\u00e1s (UCG). Professora do Programa de P\u00f3s-Gradua\u00e7\u00e3o Stricto Sensu em Educa\u00e7\u00e3o em Ci\u00eancias e Matem\u00e1tica (PPGECM) e do Departamento de Educa\u00e7\u00e3o em Ci\u00eancias (DEC) no Instituto de Ci\u00eancias Biol\u00f3gicas (ICB) &#8211; UFG. L\u00edder do grupo de pesquisa KADJ\u00d3T (Grupo interinstitucional de estudos e pesquisas sobre as rela\u00e7\u00f5es entre as Tecnologias e a Educa\u00e7\u00e3o), membro do F\u00f3rum de Licenciatura da UFG e do Centro de estudos e pesquisas em did\u00e1tica (CEPED). Tem experi\u00eancia na \u00e1rea de educa\u00e7\u00e3o, com \u00eanfase em educa\u00e7\u00e3o e tecnologias, teorias da educa\u00e7\u00e3o, processos pedag\u00f3gicos, forma\u00e7\u00e3o de professores e Educa\u00e7\u00e3o em Ci\u00eancias.<\/p>\n<p style=\"text-align: left\"><em>Curr\u00edculo Completo dispon\u00edvel em<\/em>:&nbsp;<a href=\"http:\/\/lattes.cnpq.br\/3758976350155947\">http:\/\/lattes.cnpq.br\/3758976350155947<\/a><\/p>\n<h4 style=\"text-align: left\"><strong>Prof. Dr. M\u00e1rcio Urel Rodrigues<\/strong><\/h4>\n<p style=\"text-align: left\">&#8220;A Pandemia e a Coisifica\u00e7\u00e3o do Oitavo Conhecimento Necess\u00e1rio a Doc\u00eancia&#8221;<\/p>\n<p style=\"text-align: left\"><img decoding=\"async\" class=\"alignleft size-full wp-image-2462\" src=\"http:\/\/eventos.ifg.edu.br\/semlic\/wp-content\/uploads\/sites\/49\/2019\/06\/marcio.jpg\" alt=\"marcio\" width=\"119\" height=\"115\">Educador matem\u00e1tico com o objetivo de contribuir com os processos formativos de professores de Matem\u00e1tica no Estado de Mato Grosso e no Brasil. Doutor em Educa\u00e7\u00e3o Matem\u00e1tica pela Universidade Estadual Paulista ? Unesp\/Rio Claro\/SP. 2016. Mestre em Educa\u00e7\u00e3o Matem\u00e1tica pela Universidade Estadual Paulista ? Unesp\/Rio Claro\/SP. 2007. Graduado no curso de Licenciatura Plena de Matem\u00e1tica pela UNEMAT &#8211; Universidade do Estado de Mato Grosso em 2004. Professor Efetivo com Dedica\u00e7\u00e3o Exclusiva vinculado a Faculdade de Ci\u00eancias Exatas e Tecnol\u00f3gicas da Universidade do Estado de Mato Grosso ? UNEMAT\/Barra do Bugres. Professor do Programa de P\u00f3s-Gradua\u00e7\u00e3o em Ensino de Ci\u00eancias e Matem\u00e1tica &#8211; UNEMAT\/Campus de Barra do Bugres\/MT;<br \/>\n<em>Curr\u00edculo Completo dispon\u00edvel em:<\/em><a href=\"http:\/\/lattes.cnpq.br\/8802973146318543\"><em>&nbsp;<\/em>http:\/\/lattes.cnpq.br\/8802973146318543<\/a><\/p>\n<p style=\"text-align: left\">&nbsp;<\/p>\n<h2 style=\"text-align: left\"><strong>Dia 22\/06\/2021 &#8211; A partir das 19:30 min<\/strong><\/h2>\n<h4 style=\"text-align: left\"><strong>Profa. Dra. Cleci Teresinha Werner da Rosa<\/strong><\/h4>\n<p style=\"text-align: left\">&#8220;A metacogni\u00e7\u00e3o como estrat\u00e9gia de aprendizagem: relatos de interven\u00e7\u00f5es did\u00e1tica em Ci\u00eancias e Matem\u00e1tica&#8221;<\/p>\n<p style=\"text-align: left\"><img loading=\"lazy\" decoding=\"async\" class=\"alignleft size-full wp-image-2465\" src=\"http:\/\/eventos.ifg.edu.br\/semlic\/wp-content\/uploads\/sites\/49\/2019\/06\/cleci.jpg\" alt=\"cleci\" width=\"119\" height=\"198\">Possui Licenciatura em Matem\u00e1tica e F\u00edsica; Especializa\u00e7\u00e3o em Educa\u00e7\u00e3o Matem\u00e1tica; Especializa\u00e7\u00e3o em Ensino de F\u00edsica; Mestrado em Educa\u00e7\u00e3o; Doutorado em Educa\u00e7\u00e3o Cient\u00edfica e Tecnol\u00f3gica pela Universidade Federal de Santa Catarina com estudos no Grupo de Investigaci\u00f3n sobre el Aprendizaje de las Ciencias na Universidad de \u00c1lcala de Henares &#8211; Espa\u00f1a; P\u00f3s-doutorado na Unversidad de Burgos &#8211; Espa\u00f1a. Professora de F\u00edsica da Educa\u00e7\u00e3o B\u00e1sica (1990 a 2002) e da Universidade de Passo Fundo desde 1993 (Titular III). Coordenadora da \u00c1rea e do Curso de F\u00edsica por diferentes mandatos, Coordenadora da UPF Editora (2013-2014), membro do Conselho Universit\u00e1rio (2011-2018) e coordenadora de \u00c1rea PIBID\/Capes\/F\u00edsica (2012-2018). Atualmente \u00e9 docente permanente e Coordenadora do Programa de Programa de P\u00f3s-Gradua\u00e7\u00e3o em Ensino de Ci\u00eancias e Matem\u00e1tica (Mestrado e Doutorado Profissional) e docente permanente e vice-coordenadora do Programa de P\u00f3s-Gradua\u00e7\u00e3o em Educa\u00e7\u00e3o (Mestrado e Doutorado Acad\u00eamico), ambos na Universidade de Passo Fundo &#8211; UPF. L\u00edder do Grupo de Pesquisa Educa\u00e7\u00e3o Cientifica e Tecnol\u00f3gica (GruPECT) e investiga as seguintes tem\u00e1ticas associadas aos processos educativos (ensino e aprendizagem): Metacogni\u00e7\u00e3o, Aprendizagem Significativa, Alfabetiza\u00e7\u00e3o Cient\u00edfica, Ensino por Investiga\u00e7\u00e3o e Ensino por Indaga\u00e7\u00e3o. Coordena conv\u00eanios internacionais e integra a Red Internacional de Investigaci\u00f3n em Ensen\u00e3nza de las Ciencias. Revisora ad hoc de peri\u00f3dicos nacionais e internacionais.<\/p>\n<p style=\"text-align: left\"><em>Curr\u00edculo Completo dispon\u00edvel em:<\/em><a href=\"http:\/\/lattes.cnpq.br\/8802973146318543\"><em>&nbsp;<\/em><\/a>&nbsp;<a href=\"http:\/\/lattes.cnpq.br\/2811799682690860\">http:\/\/lattes.cnpq.br\/2811799682690860<\/a><\/p>\n<p style=\"text-align: left\">&nbsp;<\/p>\n<h4 style=\"text-align: left\"><strong>Profa. Dra. Raquel Aparecida Marra da Madeira Freitas<\/strong><\/h4>\n<p style=\"text-align: left\">&#8220;Educa\u00e7\u00e3o e Ci\u00eancia: Para Qu\u00ea&#8221;<\/p>\n<p style=\"text-align: left\"><img loading=\"lazy\" decoding=\"async\" class=\"alignleft size-full wp-image-2466\" src=\"http:\/\/eventos.ifg.edu.br\/semlic\/wp-content\/uploads\/sites\/49\/2019\/06\/raquel.jpg\" alt=\"raquel\" width=\"119\" height=\"136\">Possui Doutorado em Educa\u00e7\u00e3o (Universidade Estadual Paulista J\u00falio de Mesquita Filho, 2002), Mestrado em Educa\u00e7\u00e3o (Universidade Federal de Goi\u00e1s, 1997), Gradua\u00e7\u00e3o e Licenciatura em Enfermagem (Universidade Federal de Goi\u00e1s, 1985). Na da Pontif\u00edcia Universidade Cat\u00f3lica de Goi\u00e1s atua como docente permanente no Programa de P\u00f3s-Gradua\u00e7\u00e3o em Educa\u00e7\u00e3o (Mestrado e Doutorado) e docente colaboradora no Mestrado em Aten\u00e7\u00e3o \u00e0 Sa\u00fade. Na Faculdade de Inhumas, atua como docente permanente no Programa de P\u00f3s-Gradua\u00e7\u00e3o em Educa\u00e7\u00e3o. Coordena a Equipe editorial da Revista Educativa (PUC Goi\u00e1s). Integra o Conselho Consultivo da Revista Obutch\u00e9nie e da Revista Brasileira da Teoria da Atividade S\u00f3cio-Hist\u00f3rico-Cultural. Atua como revisora de peri\u00f3dicos cient\u00edficos da \u00e1rea de educa\u00e7\u00e3o. \u00c9 vice-l\u00edder do Grupo de Pesquisa Teorias da Educa\u00e7\u00e3o e Processos Pedag\u00f3gicos (CNPq). Realiza estudos e pesquisas na concep\u00e7\u00e3o hist\u00f3rico-cultural e do ensino desenvolvimental. Temas de interesse: did\u00e1tica, aprendizagem, ensino e desenvolvimento humano, finalidades educativas. ORCID https:\/\/orcid.org\/0000-0003-3978-0238<\/p>\n<p style=\"text-align: left\"><em>Curr\u00edculo Completo dispon\u00edvel em:&nbsp;<\/em><a href=\"http:\/\/lattes.cnpq.br\/4340349253071492\">http:\/\/lattes.cnpq.br\/4340349253071492<\/a><\/p>\n","protected":false},"excerpt":{"rendered":"<p>Dia 21\/06\/2021 &#8211; Palestra de Abertura \u00e0s 14h&nbsp; &nbsp;Dr. Miguel A. Santos R\u00eago &#8220;Aprender juntos em tempos de Crise. A ecologia da coopera\u00e7\u00e3o na Ci\u00eancia e no Ensino.&#8221; &nbsp;Amplos estudos na&nbsp;Cambridge University&nbsp;(Reino Unido),&nbsp;University of Illinois&nbsp;em&nbsp;Urbana&#8211;Champaign&nbsp;e&nbsp;Johns Hopkins University&nbsp;(EUA). Tamb\u00e9m foi professor visitante da&nbsp;University of Southern Mississippi, da&nbsp;University of Texas at Brownsville&nbsp;(EUA) e da&nbsp;University of Palermo&nbsp;(Argentina), entre <a class=\"more-link\" href=\"https:\/\/eventos.ifg.edu.br\/semlic\/palestrantes\/\">&hellip; Continue lendo&hellip; &rarr;<\/a><\/p>\n","protected":false},"author":135,"featured_media":0,"parent":0,"menu_order":0,"comment_status":"closed","ping_status":"closed","template":"","meta":{"ngg_post_thumbnail":0,"footnotes":""},"class_list":["post-2520","page","type-page","status-publish","hentry"],"_links":{"self":[{"href":"https:\/\/eventos.ifg.edu.br\/semlic\/wp-json\/wp\/v2\/pages\/2520"}],"collection":[{"href":"https:\/\/eventos.ifg.edu.br\/semlic\/wp-json\/wp\/v2\/pages"}],"about":[{"href":"https:\/\/eventos.ifg.edu.br\/semlic\/wp-json\/wp\/v2\/types\/page"}],"author":[{"embeddable":true,"href":"https:\/\/eventos.ifg.edu.br\/semlic\/wp-json\/wp\/v2\/users\/135"}],"replies":[{"embeddable":true,"href":"https:\/\/eventos.ifg.edu.br\/semlic\/wp-json\/wp\/v2\/comments?post=2520"}],"version-history":[{"count":1,"href":"https:\/\/eventos.ifg.edu.br\/semlic\/wp-json\/wp\/v2\/pages\/2520\/revisions"}],"predecessor-version":[{"id":2521,"href":"https:\/\/eventos.ifg.edu.br\/semlic\/wp-json\/wp\/v2\/pages\/2520\/revisions\/2521"}],"wp:attachment":[{"href":"https:\/\/eventos.ifg.edu.br\/semlic\/wp-json\/wp\/v2\/media?parent=2520"}],"curies":[{"name":"wp","href":"https:\/\/api.w.org\/{rel}","templated":true}]}}