{"id":2499,"date":"2021-06-11T19:20:58","date_gmt":"2021-06-11T22:20:58","guid":{"rendered":"http:\/\/eventos.ifg.edu.br\/semlic\/?page_id=2499"},"modified":"2021-06-12T15:36:27","modified_gmt":"2021-06-12T18:36:27","slug":"modelos","status":"publish","type":"page","link":"https:\/\/eventos.ifg.edu.br\/semlic\/modelos\/","title":{"rendered":"Modelos"},"content":{"rendered":"<p><strong>Clique para fazer o Download modelo do&nbsp;<\/strong><b>P\u00f4ster&nbsp;&nbsp;<\/b><a href=\"http:\/\/eventos.ifg.edu.br\/semlic\/wp-content\/uploads\/sites\/49\/2021\/06\/modelo-poster-semlic-2021.pptx\">modelo poster semlic 2021<\/a><\/p>\n<p>Os slides do p\u00f4ster em formato .ppt ou .pptx dever\u00e3o ser enviados at\u00e9 o dia 18\/06\/2021 para a comiss\u00e3o organizadora a fim de evitar imprevistos no dia da exposi\u00e7\u00e3o do trabalho. O envio do arquivo dever\u00e1 ser realizado por meio do seguinte formul\u00e1rio:&nbsp;<a href=\"https:\/\/forms.gle\/hx1G9yNXm57CeWHu9\">https:\/\/forms.gle\/hx1G9yNXm57CeWHu9<\/a><\/p>\n<p>&nbsp;<\/p>\n","protected":false},"excerpt":{"rendered":"<p>Clique para fazer o Download modelo do&nbsp;P\u00f4ster&nbsp;&nbsp;modelo poster semlic 2021 Os slides do p\u00f4ster em formato .ppt ou .pptx dever\u00e3o ser enviados at\u00e9 o dia 18\/06\/2021 para a comiss\u00e3o organizadora a fim de evitar imprevistos no dia da exposi\u00e7\u00e3o do trabalho. O envio do arquivo dever\u00e1 ser realizado por meio do seguinte formul\u00e1rio:&nbsp;https:\/\/forms.gle\/hx1G9yNXm57CeWHu9 &nbsp;<\/p>\n","protected":false},"author":130,"featured_media":0,"parent":0,"menu_order":0,"comment_status":"closed","ping_status":"closed","template":"","meta":{"ngg_post_thumbnail":0,"footnotes":""},"class_list":["post-2499","page","type-page","status-publish","hentry"],"_links":{"self":[{"href":"https:\/\/eventos.ifg.edu.br\/semlic\/wp-json\/wp\/v2\/pages\/2499"}],"collection":[{"href":"https:\/\/eventos.ifg.edu.br\/semlic\/wp-json\/wp\/v2\/pages"}],"about":[{"href":"https:\/\/eventos.ifg.edu.br\/semlic\/wp-json\/wp\/v2\/types\/page"}],"author":[{"embeddable":true,"href":"https:\/\/eventos.ifg.edu.br\/semlic\/wp-json\/wp\/v2\/users\/130"}],"replies":[{"embeddable":true,"href":"https:\/\/eventos.ifg.edu.br\/semlic\/wp-json\/wp\/v2\/comments?post=2499"}],"version-history":[{"count":5,"href":"https:\/\/eventos.ifg.edu.br\/semlic\/wp-json\/wp\/v2\/pages\/2499\/revisions"}],"predecessor-version":[{"id":2518,"href":"https:\/\/eventos.ifg.edu.br\/semlic\/wp-json\/wp\/v2\/pages\/2499\/revisions\/2518"}],"wp:attachment":[{"href":"https:\/\/eventos.ifg.edu.br\/semlic\/wp-json\/wp\/v2\/media?parent=2499"}],"curies":[{"name":"wp","href":"https:\/\/api.w.org\/{rel}","templated":true}]}}