{"id":2480,"date":"2021-06-11T18:42:57","date_gmt":"2021-06-11T21:42:57","guid":{"rendered":"http:\/\/eventos.ifg.edu.br\/semlic\/?page_id=2480"},"modified":"2021-06-19T12:21:02","modified_gmt":"2021-06-19T15:21:02","slug":"apresentacoes","status":"publish","type":"page","link":"https:\/\/eventos.ifg.edu.br\/semlic\/apresentacoes\/","title":{"rendered":"Apresenta\u00e7\u00f5es"},"content":{"rendered":"<h4 style=\"text-align: center\"><span style=\"color: #0000ff\">Sess\u00e3o de P\u00f4steres<\/span><\/h4>\n<h4 style=\"text-align: center\"><span style=\"color: #0000ff\">21\/06\/2021 (Segunda-Feira) \u2013 19:30 \u00e0s 21:30<\/span>&nbsp;<\/h4>\n<p>&nbsp;<\/p>\n<p>Baixe aqui a&nbsp;<a href=\"http:\/\/eventos.ifg.edu.br\/semlic\/wp-content\/uploads\/sites\/49\/2021\/06\/Distribui\u00e7\u00e3o-dos-P\u00f4steres-final.pdf\">Distribui\u00e7\u00e3o dos P\u00f4steres final<\/a><\/p>\n<p>&nbsp;<\/p>\n<h4 style=\"text-align: center\"><span style=\"color: #0000ff\">Comunica\u00e7\u00f5es Orais&nbsp;<\/span><\/h4>\n<h4 style=\"text-align: center\"><span style=\"color: #0000ff\">22\/06\/2021 e 23\/06\/2021&nbsp; \u2013 14:00 \u00e0s 17:00<\/span>&nbsp;<\/h4>\n<p>&nbsp;<\/p>\n<p>Baixe aqui a&nbsp;<a href=\"http:\/\/eventos.ifg.edu.br\/semlic\/wp-content\/uploads\/sites\/49\/2021\/06\/Comunica\u00e7\u00f5es-Orais-salas.pdf\">Comunica\u00e7\u00f5es Orais &#8211; salas<\/a><\/p>\n<p><strong>Clique para fazer o Download modelo do&nbsp;<\/strong><b>P\u00f4ster&nbsp;&nbsp;<\/b><a href=\"http:\/\/eventos.ifg.edu.br\/semlic\/wp-content\/uploads\/sites\/49\/2021\/06\/modelo-poster-semlic-2021.pptx\">modelo poster semlic 2021<\/a><\/p>\n<p>Os slides do p\u00f4ster em formato .ppt ou .pptx dever\u00e3o ser enviados at\u00e9 o dia 18\/06\/2021 para a comiss\u00e3o organizadora a fim de evitar imprevistos no dia da exposi\u00e7\u00e3o do trabalho. O envio do arquivo dever\u00e1 ser realizado por meio do seguinte formul\u00e1rio:&nbsp;<a href=\"https:\/\/forms.gle\/hx1G9yNXm57CeWHu9\">https:\/\/forms.gle\/hx1G9yNXm57CeWHu9<\/a><\/p>\n","protected":false},"excerpt":{"rendered":"<p>Sess\u00e3o de P\u00f4steres 21\/06\/2021 (Segunda-Feira) \u2013 19:30 \u00e0s 21:30&nbsp; &nbsp; Baixe aqui a&nbsp;Distribui\u00e7\u00e3o dos P\u00f4steres final &nbsp; Comunica\u00e7\u00f5es Orais&nbsp; 22\/06\/2021 e 23\/06\/2021&nbsp; \u2013 14:00 \u00e0s 17:00&nbsp; &nbsp; Baixe aqui a&nbsp;Comunica\u00e7\u00f5es Orais &#8211; salas Clique para fazer o Download modelo do&nbsp;P\u00f4ster&nbsp;&nbsp;modelo poster semlic 2021 Os slides do p\u00f4ster em formato .ppt ou .pptx dever\u00e3o ser enviados <a class=\"more-link\" href=\"https:\/\/eventos.ifg.edu.br\/semlic\/apresentacoes\/\">&hellip; Continue lendo&hellip; &rarr;<\/a><\/p>\n","protected":false},"author":130,"featured_media":0,"parent":0,"menu_order":0,"comment_status":"closed","ping_status":"closed","template":"","meta":{"ngg_post_thumbnail":0,"footnotes":""},"class_list":["post-2480","page","type-page","status-publish","hentry"],"_links":{"self":[{"href":"https:\/\/eventos.ifg.edu.br\/semlic\/wp-json\/wp\/v2\/pages\/2480"}],"collection":[{"href":"https:\/\/eventos.ifg.edu.br\/semlic\/wp-json\/wp\/v2\/pages"}],"about":[{"href":"https:\/\/eventos.ifg.edu.br\/semlic\/wp-json\/wp\/v2\/types\/page"}],"author":[{"embeddable":true,"href":"https:\/\/eventos.ifg.edu.br\/semlic\/wp-json\/wp\/v2\/users\/130"}],"replies":[{"embeddable":true,"href":"https:\/\/eventos.ifg.edu.br\/semlic\/wp-json\/wp\/v2\/comments?post=2480"}],"version-history":[{"count":18,"href":"https:\/\/eventos.ifg.edu.br\/semlic\/wp-json\/wp\/v2\/pages\/2480\/revisions"}],"predecessor-version":[{"id":2540,"href":"https:\/\/eventos.ifg.edu.br\/semlic\/wp-json\/wp\/v2\/pages\/2480\/revisions\/2540"}],"wp:attachment":[{"href":"https:\/\/eventos.ifg.edu.br\/semlic\/wp-json\/wp\/v2\/media?parent=2480"}],"curies":[{"name":"wp","href":"https:\/\/api.w.org\/{rel}","templated":true}]}}