{"id":2448,"date":"2021-05-21T15:14:51","date_gmt":"2021-05-21T18:14:51","guid":{"rendered":"http:\/\/eventos.ifg.edu.br\/semlic\/?page_id=2448"},"modified":"2021-06-11T11:06:24","modified_gmt":"2021-06-11T14:06:24","slug":"correcoes2021","status":"publish","type":"page","link":"https:\/\/eventos.ifg.edu.br\/semlic\/correcoes2021\/","title":{"rendered":"Envio de corre\u00e7\u00f5es 2021"},"content":{"rendered":"<p>Clique no link abaixo para enviar sua vers\u00e3o corrigida do seu trabalho<\/p>\n<p><a href=\"https:\/\/forms.gle\/SyX8Rahmn5ifPTW96\">CLIQUE AQUI<\/a><\/p>\n","protected":false},"excerpt":{"rendered":"<p>Clique no link abaixo para enviar sua vers\u00e3o corrigida do seu trabalho CLIQUE AQUI<\/p>\n","protected":false},"author":130,"featured_media":0,"parent":0,"menu_order":0,"comment_status":"closed","ping_status":"closed","template":"","meta":{"ngg_post_thumbnail":0,"footnotes":""},"class_list":["post-2448","page","type-page","status-publish","hentry"],"_links":{"self":[{"href":"https:\/\/eventos.ifg.edu.br\/semlic\/wp-json\/wp\/v2\/pages\/2448"}],"collection":[{"href":"https:\/\/eventos.ifg.edu.br\/semlic\/wp-json\/wp\/v2\/pages"}],"about":[{"href":"https:\/\/eventos.ifg.edu.br\/semlic\/wp-json\/wp\/v2\/types\/page"}],"author":[{"embeddable":true,"href":"https:\/\/eventos.ifg.edu.br\/semlic\/wp-json\/wp\/v2\/users\/130"}],"replies":[{"embeddable":true,"href":"https:\/\/eventos.ifg.edu.br\/semlic\/wp-json\/wp\/v2\/comments?post=2448"}],"version-history":[{"count":1,"href":"https:\/\/eventos.ifg.edu.br\/semlic\/wp-json\/wp\/v2\/pages\/2448\/revisions"}],"predecessor-version":[{"id":2449,"href":"https:\/\/eventos.ifg.edu.br\/semlic\/wp-json\/wp\/v2\/pages\/2448\/revisions\/2449"}],"wp:attachment":[{"href":"https:\/\/eventos.ifg.edu.br\/semlic\/wp-json\/wp\/v2\/media?parent=2448"}],"curies":[{"name":"wp","href":"https:\/\/api.w.org\/{rel}","templated":true}]}}