{"id":2369,"date":"2021-03-03T18:44:22","date_gmt":"2021-03-03T21:44:22","guid":{"rendered":"http:\/\/eventos.ifg.edu.br\/semlic\/?page_id=2369"},"modified":"2021-03-03T18:44:22","modified_gmt":"2021-03-03T21:44:22","slug":"normas-2019","status":"publish","type":"page","link":"https:\/\/eventos.ifg.edu.br\/semlic\/normas-2019\/","title":{"rendered":"Normas 2019"},"content":{"rendered":"<h2>Normas e Orienta\u00e7\u00f5es para a Elabora\u00e7\u00e3o e Submiss\u00e3o dos Trabalhos<\/h2>\n<p style=\"text-align: left\">Vers\u00e3o em Pdf:&nbsp;<a href=\"http:\/\/eventos.ifg.edu.br\/semlic\/wp-content\/uploads\/sites\/49\/2019\/08\/Normas_Semlic2019_v2.pdf\">Normas_Semlic2019<\/a><\/p>\n<p style=\"text-align: left\">[google-drive-embed url=&#8221;https:\/\/docs.google.com\/document\/d\/1oeqH8yzsd9s4ru4eOSmLdctW87bCyop1pvkJf_5NeZ8\/preview?usp=drivesdk&#8221; title=&#8221;Normas_Semlic2019&#8243; icon=&#8221;https:\/\/drive-thirdparty.googleusercontent.com\/16\/type\/application\/vnd.google-apps.document&#8221; width=&#8221;100%&#8221; height=&#8221;1200&#8243; style=&#8221;embed&#8221;]<\/p>\n<p style=\"text-align: left\">&nbsp;<\/p>\n","protected":false},"excerpt":{"rendered":"<p>Normas e Orienta\u00e7\u00f5es para a Elabora\u00e7\u00e3o e Submiss\u00e3o dos Trabalhos Vers\u00e3o em Pdf:&nbsp;Normas_Semlic2019 [google-drive-embed url=&#8221;https:\/\/docs.google.com\/document\/d\/1oeqH8yzsd9s4ru4eOSmLdctW87bCyop1pvkJf_5NeZ8\/preview?usp=drivesdk&#8221; title=&#8221;Normas_Semlic2019&#8243; icon=&#8221;https:\/\/drive-thirdparty.googleusercontent.com\/16\/type\/application\/vnd.google-apps.document&#8221; width=&#8221;100%&#8221; height=&#8221;1200&#8243; style=&#8221;embed&#8221;] &nbsp;<\/p>\n","protected":false},"author":111,"featured_media":0,"parent":0,"menu_order":0,"comment_status":"closed","ping_status":"closed","template":"","meta":{"ngg_post_thumbnail":0,"footnotes":""},"class_list":["post-2369","page","type-page","status-publish","hentry"],"_links":{"self":[{"href":"https:\/\/eventos.ifg.edu.br\/semlic\/wp-json\/wp\/v2\/pages\/2369"}],"collection":[{"href":"https:\/\/eventos.ifg.edu.br\/semlic\/wp-json\/wp\/v2\/pages"}],"about":[{"href":"https:\/\/eventos.ifg.edu.br\/semlic\/wp-json\/wp\/v2\/types\/page"}],"author":[{"embeddable":true,"href":"https:\/\/eventos.ifg.edu.br\/semlic\/wp-json\/wp\/v2\/users\/111"}],"replies":[{"embeddable":true,"href":"https:\/\/eventos.ifg.edu.br\/semlic\/wp-json\/wp\/v2\/comments?post=2369"}],"version-history":[{"count":1,"href":"https:\/\/eventos.ifg.edu.br\/semlic\/wp-json\/wp\/v2\/pages\/2369\/revisions"}],"predecessor-version":[{"id":2370,"href":"https:\/\/eventos.ifg.edu.br\/semlic\/wp-json\/wp\/v2\/pages\/2369\/revisions\/2370"}],"wp:attachment":[{"href":"https:\/\/eventos.ifg.edu.br\/semlic\/wp-json\/wp\/v2\/media?parent=2369"}],"curies":[{"name":"wp","href":"https:\/\/api.w.org\/{rel}","templated":true}]}}