{"id":2317,"date":"2021-02-15T18:07:05","date_gmt":"2021-02-15T21:07:05","guid":{"rendered":"http:\/\/eventos.ifg.edu.br\/semlic\/?page_id=2317"},"modified":"2021-03-10T23:28:31","modified_gmt":"2021-03-11T02:28:31","slug":"inscricoes","status":"publish","type":"page","link":"https:\/\/eventos.ifg.edu.br\/semlic\/inscricoes\/","title":{"rendered":"Inscri\u00e7\u00f5es"},"content":{"rendered":"<h3 style=\"text-align: center\">Inscri\u00e7\u00f5es Semlic 2020-2021<\/h3>\n<h5 style=\"text-align: justify\">Para realizar a inscri\u00e7\u00e3o, preencha o formul\u00e1rio abaixo e depois clique em enviar.<\/h5>\n<p style=\"text-align: center\"><a href=\"https:\/\/docs.google.com\/forms\/d\/e\/1FAIpQLSco59BsnVoP7unZ_uTfxL_rXkeGRqmf4cFflWAqzvnTENQgfg\/viewform?usp=sf_link\" target=\"_blank\">&nbsp;CLIQUE AQUI PARA REALIZAR SUA INSCRI\u00c7\u00c3O<\/a><\/p>\n<h5 style=\"text-align: justify\">Em caso de dificuldades para realizar a sua inscri\u00e7\u00e3o, envie e-mail para&nbsp;<a href=\"mailto:seer.semlic@gmail.com\">seer.semlic@gmail.com<\/a><\/h5>\n","protected":false},"excerpt":{"rendered":"<p>Inscri\u00e7\u00f5es Semlic 2020-2021 Para realizar a inscri\u00e7\u00e3o, preencha o formul\u00e1rio abaixo e depois clique em enviar. &nbsp;CLIQUE AQUI PARA REALIZAR SUA INSCRI\u00c7\u00c3O Em caso de dificuldades para realizar a sua inscri\u00e7\u00e3o, envie e-mail para&nbsp;seer.semlic@gmail.com<\/p>\n","protected":false},"author":130,"featured_media":0,"parent":0,"menu_order":0,"comment_status":"closed","ping_status":"closed","template":"","meta":{"ngg_post_thumbnail":0,"footnotes":""},"class_list":["post-2317","page","type-page","status-publish","hentry"],"_links":{"self":[{"href":"https:\/\/eventos.ifg.edu.br\/semlic\/wp-json\/wp\/v2\/pages\/2317"}],"collection":[{"href":"https:\/\/eventos.ifg.edu.br\/semlic\/wp-json\/wp\/v2\/pages"}],"about":[{"href":"https:\/\/eventos.ifg.edu.br\/semlic\/wp-json\/wp\/v2\/types\/page"}],"author":[{"embeddable":true,"href":"https:\/\/eventos.ifg.edu.br\/semlic\/wp-json\/wp\/v2\/users\/130"}],"replies":[{"embeddable":true,"href":"https:\/\/eventos.ifg.edu.br\/semlic\/wp-json\/wp\/v2\/comments?post=2317"}],"version-history":[{"count":14,"href":"https:\/\/eventos.ifg.edu.br\/semlic\/wp-json\/wp\/v2\/pages\/2317\/revisions"}],"predecessor-version":[{"id":2385,"href":"https:\/\/eventos.ifg.edu.br\/semlic\/wp-json\/wp\/v2\/pages\/2317\/revisions\/2385"}],"wp:attachment":[{"href":"https:\/\/eventos.ifg.edu.br\/semlic\/wp-json\/wp\/v2\/media?parent=2317"}],"curies":[{"name":"wp","href":"https:\/\/api.w.org\/{rel}","templated":true}]}}