{"id":2308,"date":"2021-02-15T17:23:30","date_gmt":"2021-02-15T20:23:30","guid":{"rendered":"http:\/\/eventos.ifg.edu.br\/semlic\/?page_id=2308"},"modified":"2021-02-26T15:27:14","modified_gmt":"2021-02-26T18:27:14","slug":"organizacao-2020-2021","status":"publish","type":"page","link":"https:\/\/eventos.ifg.edu.br\/semlic\/organizacao-2020-2021\/","title":{"rendered":"Organiza\u00e7\u00e3o"},"content":{"rendered":"<h4>Servidores do IFG C\u00e2mpus Jata\u00ed<\/h4>\n<div><a href=\"http:\/\/lattes.cnpq.br\/8745570106823275\">Profa. Dra. Alline Braga Silva<\/a><\/div>\n<div><a href=\"http:\/\/buscatextual.cnpq.br\/buscatextual\/visualizacv.do?id=K8331868T0\">Prof. Me. Hyago Ernane Gon\u00e7alves Squiave<\/a><\/div>\n<div><a href=\"http:\/\/lattes.cnpq.br\/4695516257342263\">Prof. Me Jackson Douglas Leal Silva<\/a><\/div>\n<div><a href=\"http:\/\/lattes.cnpq.br\/1371530552774194\">Profa. Dra. K\u00eania Alves Pereira Lacerda<\/a><\/div>\n<div><a href=\"http:\/\/buscatextual.cnpq.br\/buscatextual\/visualizacv.do?id=K4291294Z0\">Profa. Dra. Luciana Bigolin Martini<\/a><\/div>\n<div><a href=\"http:\/\/lattes.cnpq.br\/7890404358045876\">Profa. Me. Marta Jo\u00e3o Francisco Silva Souza<\/a><\/div>\n<div><a href=\"http:\/\/lattes.cnpq.br\/1411692352066392\">Profa. Me. Naara Karolyne Morais Pereira<\/a><strong><br \/>\n<\/strong><\/div>\n<div><a href=\"http:\/\/buscatextual.cnpq.br\/buscatextual\/visualizacv.do?id=K4784471U6\">Prof. Dr. Paulo Henrique de Souza<\/a><\/div>\n<div><a href=\"http:\/\/buscatextual.cnpq.br\/buscatextual\/visualizacv.do?id=K4277295P3&amp;tokenCaptchar=03AGdBq25aBS-5yZuuyA9X_MC6DQmjlQaH1sy-I_rPV4KRyLYnqcBxRBzvf3hoPaMsNOn7ZiT4oJ56q4DjcY9xfK7AYU9IfAAL7zE5OZ-C2gZTzPT3GoSySZDzJYv7Xgf_wN6-itce0FPQCjzHMm_-SP324jiiPaQVWF0ajJiLPUE1rd74FpmlnGxyvRL5fD2HmSYPJ_Garfpllc6RIWVeAzPFULeGqg5JOB458gtOKW46lCIIeJWShE3XcfTRQT67mM_0NurkMpXddKYERmsdynRX9wVz89I1JMmMqhPO-V7cIIkDqYIFTFypulBDRNAfElBIYIN4QKWsSSInffE8ejEP4s8X7m4jIMiNXOMfMvlQD1U5TEnYndu1WJdTs02i-wVP06ZHlyZMSFrrkGS4Ub_TumGYF_WOAw1GEwW4MvdMmQI_lI-kKdTSv5QKa7MGimt5Uw-MHaXpjU3ocNTDUAf5T2SfJ1lwfw\">Profa. Me.&nbsp;Sarah Oliveira Barbosa&nbsp;(Presidente)<\/a><\/div>\n<div>Prof. Me.&nbsp;Tha\u00edsa de Oliveira Lima<\/div>\n<div>&nbsp;<\/div>\n<h4>Representante Discentes<\/h4>\n<p><em>Mestrado em Educa\u00e7\u00e3o para Ci\u00eancias e Matem\u00e1tica<\/em><\/p>\n<p><a href=\"http:\/\/lattes.cnpq.br\/0504591700263037\">Nilton L\u00e1saro Jesu\u00edno<\/a><\/p>\n<p><em>Licenciatura em F\u00edsica<\/em><\/p>\n<p>Gabriel de Jesus Ogregon<\/p>\n","protected":false},"excerpt":{"rendered":"<p>Servidores do IFG C\u00e2mpus Jata\u00ed Profa. Dra. Alline Braga Silva Prof. Me. Hyago Ernane Gon\u00e7alves Squiave Prof. Me Jackson Douglas Leal Silva Profa. Dra. K\u00eania Alves Pereira Lacerda Profa. Dra. Luciana Bigolin Martini Profa. Me. Marta Jo\u00e3o Francisco Silva Souza Profa. Me. Naara Karolyne Morais Pereira Prof. Dr. Paulo Henrique de Souza Profa. Me.&nbsp;Sarah Oliveira <a class=\"more-link\" href=\"https:\/\/eventos.ifg.edu.br\/semlic\/organizacao-2020-2021\/\">&hellip; Continue lendo&hellip; &rarr;<\/a><\/p>\n","protected":false},"author":130,"featured_media":0,"parent":0,"menu_order":0,"comment_status":"closed","ping_status":"closed","template":"","meta":{"ngg_post_thumbnail":0,"footnotes":""},"class_list":["post-2308","page","type-page","status-publish","hentry"],"_links":{"self":[{"href":"https:\/\/eventos.ifg.edu.br\/semlic\/wp-json\/wp\/v2\/pages\/2308"}],"collection":[{"href":"https:\/\/eventos.ifg.edu.br\/semlic\/wp-json\/wp\/v2\/pages"}],"about":[{"href":"https:\/\/eventos.ifg.edu.br\/semlic\/wp-json\/wp\/v2\/types\/page"}],"author":[{"embeddable":true,"href":"https:\/\/eventos.ifg.edu.br\/semlic\/wp-json\/wp\/v2\/users\/130"}],"replies":[{"embeddable":true,"href":"https:\/\/eventos.ifg.edu.br\/semlic\/wp-json\/wp\/v2\/comments?post=2308"}],"version-history":[{"count":7,"href":"https:\/\/eventos.ifg.edu.br\/semlic\/wp-json\/wp\/v2\/pages\/2308\/revisions"}],"predecessor-version":[{"id":2356,"href":"https:\/\/eventos.ifg.edu.br\/semlic\/wp-json\/wp\/v2\/pages\/2308\/revisions\/2356"}],"wp:attachment":[{"href":"https:\/\/eventos.ifg.edu.br\/semlic\/wp-json\/wp\/v2\/media?parent=2308"}],"curies":[{"name":"wp","href":"https:\/\/api.w.org\/{rel}","templated":true}]}}