{"id":2184,"date":"2019-09-25T19:15:38","date_gmt":"2019-09-25T22:15:38","guid":{"rendered":"http:\/\/eventos.ifg.edu.br\/semlic\/?page_id=2184"},"modified":"2019-10-03T01:53:11","modified_gmt":"2019-10-03T04:53:11","slug":"inscricoesminof2019","status":"publish","type":"page","link":"https:\/\/eventos.ifg.edu.br\/semlic\/inscricoesminof2019\/","title":{"rendered":"Inscri\u00e7\u00f5es Minicursos e Oficinas 2019"},"content":{"rendered":"<h4 style=\"text-align: center\">Aten\u00e7\u00e3o, \u00e9 necess\u00e1rio realizar uma inscri\u00e7\u00e3o para cada turno desejado!<br \/>\n<span style=\"color: #ff0000\">Minicursos e Oficinas com vagas preenchidas n\u00e3o s\u00e3o mostrados nos formul\u00e1rios.<\/span><\/h4>\n<h4 style=\"text-align: center\"><strong><span style=\"color: #ff0000\">QUARTA (02\/10) VESPERTINO<br \/>\n<\/span><\/strong><a href=\"http:\/\/eventos.ifg.edu.br\/semlic\/minof2019\/\">CONFIRA UM RESUMO DAS PROPOSTAS AQUI<\/a><br \/>\n<img fetchpriority=\"high\" decoding=\"async\" class=\"alignnone wp-image-2227 size-full\" src=\"http:\/\/eventos.ifg.edu.br\/semlic\/wp-content\/uploads\/sites\/49\/2019\/09\/minicursos-1-4.png\" width=\"802\" height=\"387\"><\/h4>\n<p>[google-drive-embed url=&#8221;https:\/\/docs.google.com\/forms\/d\/18NAbCV6rK8DZslSZCCk3YWE7qmULQ2jN0JrHXYk95sU\/viewform?embedded=true&amp;usp=drivesdk&#8221; title=&#8221;Inscri\u00e7\u00e3o Minicursos e Oficinas 2019 &#8211; Quarta (02\/10): 14h &#8211; 17h15&#8243; icon=&#8221;https:\/\/drive-thirdparty.googleusercontent.com\/16\/type\/application\/vnd.google-apps.form&#8221; width=&#8221;100%&#8221; height=&#8221;200&#8243; style=&#8221;embed&#8221;]<\/p>\n<h4 style=\"text-align: center\"><strong><span style=\"color: #ff0000\">QUARTA (02\/10)&nbsp;NOTURNO<br \/>\n<\/span><\/strong><a href=\"http:\/\/eventos.ifg.edu.br\/semlic\/minof2019\/\">CONFIRA UM RESUMO DAS PROPOSTAS AQUI<\/a><img decoding=\"async\" class=\"alignnone wp-image-2230 size-full\" src=\"http:\/\/eventos.ifg.edu.br\/semlic\/wp-content\/uploads\/sites\/49\/2019\/09\/minicursos-2-3.png\" width=\"803\" height=\"439\"><\/h4>\n<p>[google-drive-embed url=&#8221;https:\/\/docs.google.com\/forms\/d\/1f7b4XgvF47X7obFP1uOLV40P-SJ358xwd1yq-Cfgwp_aA\/viewform?embedded=true&amp;usp=drivesdk&#8221; title=&#8221;Inscri\u00e7\u00e3o Minicursos e Oficinas 2019 &#8211; Quarta (02\/10): 19h &#8211; 22h15&#8243; icon=&#8221;https:\/\/drive-thirdparty.googleusercontent.com\/16\/type\/application\/vnd.google-apps.form&#8221; width=&#8221;100%&#8221; height=&#8221;200&#8243; style=&#8221;embed&#8221;]<\/p>\n<h4 style=\"text-align: center\"><strong><span style=\"color: #ff0000\">QUINTA (03\/10) VESPERTINO<br \/>\n<\/span><\/strong><a href=\"http:\/\/eventos.ifg.edu.br\/semlic\/minof2019\/\">CONFIRA UM RESUMO DAS PROPOSTAS AQUI<\/a><\/h4>\n<h4 style=\"text-align: center\"><img decoding=\"async\" class=\"alignnone wp-image-2232 size-full\" src=\"http:\/\/eventos.ifg.edu.br\/semlic\/wp-content\/uploads\/sites\/49\/2019\/09\/minicursos-3-2.png\" width=\"799\" height=\"453\"><\/h4>\n<p>[google-drive-embed url=&#8221;https:\/\/docs.google.com\/forms\/d\/1Tucq3R4AlLOnh78BeTvLZyRIWvKGYAekq_VOryXHfVQ\/viewform?embedded=true&amp;usp=drivesdk&#8221; title=&#8221;Inscri\u00e7\u00e3o Minicursos e Oficinas 2019 &#8211; Quinta (03\/10): 14h &#8211; 17h15&#8243; icon=&#8221;https:\/\/drive-thirdparty.googleusercontent.com\/16\/type\/application\/vnd.google-apps.form&#8221; width=&#8221;100%&#8221; height=&#8221;1200&#8243; style=&#8221;embed&#8221;]<\/p>\n","protected":false},"excerpt":{"rendered":"<p>Aten\u00e7\u00e3o, \u00e9 necess\u00e1rio realizar uma inscri\u00e7\u00e3o para cada turno desejado! Minicursos e Oficinas com vagas preenchidas n\u00e3o s\u00e3o mostrados nos formul\u00e1rios. QUARTA (02\/10) VESPERTINO CONFIRA UM RESUMO DAS PROPOSTAS AQUI [google-drive-embed url=&#8221;https:\/\/docs.google.com\/forms\/d\/18NAbCV6rK8DZslSZCCk3YWE7qmULQ2jN0JrHXYk95sU\/viewform?embedded=true&amp;usp=drivesdk&#8221; title=&#8221;Inscri\u00e7\u00e3o Minicursos e Oficinas 2019 &#8211; Quarta (02\/10): 14h &#8211; 17h15&#8243; icon=&#8221;https:\/\/drive-thirdparty.googleusercontent.com\/16\/type\/application\/vnd.google-apps.form&#8221; width=&#8221;100%&#8221; height=&#8221;200&#8243; style=&#8221;embed&#8221;] QUARTA (02\/10)&nbsp;NOTURNO CONFIRA UM RESUMO DAS PROPOSTAS AQUI <a class=\"more-link\" href=\"https:\/\/eventos.ifg.edu.br\/semlic\/inscricoesminof2019\/\">&hellip; Continue lendo&hellip; &rarr;<\/a><\/p>\n","protected":false},"author":111,"featured_media":0,"parent":0,"menu_order":0,"comment_status":"closed","ping_status":"closed","template":"","meta":{"ngg_post_thumbnail":0,"footnotes":""},"class_list":["post-2184","page","type-page","status-publish","hentry"],"_links":{"self":[{"href":"https:\/\/eventos.ifg.edu.br\/semlic\/wp-json\/wp\/v2\/pages\/2184"}],"collection":[{"href":"https:\/\/eventos.ifg.edu.br\/semlic\/wp-json\/wp\/v2\/pages"}],"about":[{"href":"https:\/\/eventos.ifg.edu.br\/semlic\/wp-json\/wp\/v2\/types\/page"}],"author":[{"embeddable":true,"href":"https:\/\/eventos.ifg.edu.br\/semlic\/wp-json\/wp\/v2\/users\/111"}],"replies":[{"embeddable":true,"href":"https:\/\/eventos.ifg.edu.br\/semlic\/wp-json\/wp\/v2\/comments?post=2184"}],"version-history":[{"count":14,"href":"https:\/\/eventos.ifg.edu.br\/semlic\/wp-json\/wp\/v2\/pages\/2184\/revisions"}],"predecessor-version":[{"id":2261,"href":"https:\/\/eventos.ifg.edu.br\/semlic\/wp-json\/wp\/v2\/pages\/2184\/revisions\/2261"}],"wp:attachment":[{"href":"https:\/\/eventos.ifg.edu.br\/semlic\/wp-json\/wp\/v2\/media?parent=2184"}],"curies":[{"name":"wp","href":"https:\/\/api.w.org\/{rel}","templated":true}]}}