{"id":218,"date":"2015-08-23T02:23:29","date_gmt":"2015-08-23T05:23:29","guid":{"rendered":"http:\/\/www.simposiomestradoifg.net.br\/semlic\/?page_id=218"},"modified":"2015-08-23T02:23:29","modified_gmt":"2015-08-23T05:23:29","slug":"prog2017","status":"publish","type":"page","link":"https:\/\/eventos.ifg.edu.br\/semlic\/prog2017\/","title":{"rendered":"Programa\u00e7\u00e3o 2017"},"content":{"rendered":"<h3 style=\"text-align: center\"><strong><em>XIV Semana de Licenciatura<\/em><\/strong><\/h3>\n<h4 style=\"text-align: center\"><strong><em>V Semin\u00e1rio de P\u00f3s-Gradua\u00e7\u00e3o em Educa\u00e7\u00e3o para Ci\u00eancias e Matem\u00e1tica<\/em><\/strong><\/h4>\n<h2 style=\"text-align: center\"><strong><em>Programa\u00e7\u00e3o Oficial do Evento<\/em><\/strong><\/h2>\n<table style=\"width: 716px\">\n<tbody>\n<tr>\n<td style=\"text-align: center;width: 780px\" colspan=\"4\"><strong>SEGUNDA-FEIRA \u2013 25 DE SETEMBRO DE 2017<\/strong><\/td>\n<\/tr>\n<tr>\n<td style=\"text-align: center;width: 146px\"><strong>Local<\/strong><\/td>\n<td style=\"text-align: center;width: 92px\"><strong>Turno<\/strong><\/td>\n<td style=\"text-align: center;width: 207px\"><strong>Hor\u00e1rio<\/strong><\/td>\n<td style=\"text-align: center;width: 335px\"><strong>Atividade<\/strong><\/td>\n<\/tr>\n<tr>\n<td style=\"text-align: center;width: 146px\" rowspan=\"3\">Unidade Riachuelo<\/td>\n<td style=\"text-align: center;width: 92px\">Vespertino<\/td>\n<td style=\"text-align: center;width: 207px\">A partir das 17 h<\/td>\n<td style=\"width: 335px;text-align: center\">Recep\u00e7\u00e3o e Entrega de Materiais<\/td>\n<\/tr>\n<tr>\n<td style=\"text-align: center;width: 92px\" rowspan=\"2\">Noturno<\/td>\n<td style=\"text-align: center;width: 207px\">19 h \u00e0s 20 h<\/td>\n<td style=\"width: 335px;text-align: center\"><span style=\"text-decoration: underline\">Momento Cultural<\/span><\/p>\n<p><em>Apresenta\u00e7\u00e3o de Professores e Alunos da Escola de M\u00fasica Madre Pilar<\/em>;<\/p>\n<p><span style=\"text-decoration: underline\">Abertura Oficial do Evento<\/span><\/td>\n<\/tr>\n<tr>\n<td style=\"text-align: center;width: 207px\">20 h \u00e0s 22 h 30 min.<\/td>\n<td style=\"width: 335px\">\n<p style=\"text-align: center\"><span style=\"text-decoration: underline\">Palestra de Abertura<\/span><\/p>\n<p style=\"text-align: center\">Prof. Dr. Luiz Fernandes Dourado<\/p>\n<p style=\"text-align: center\"><em>Universidade Federal de Goi\u00e1s \/ C\u00e2mpus Goi\u00e2nia<\/em><\/p>\n<\/td>\n<\/tr>\n<\/tbody>\n<\/table>\n<table style=\"width: 722px\">\n<tbody>\n<tr>\n<td style=\"width: 780px;text-align: center\" colspan=\"4\"><strong>TER\u00c7A-FEIRA \u2013 26 DE SETEMBRO DE 2017<\/strong><\/td>\n<\/tr>\n<tr>\n<td style=\"width: 137px;text-align: center\"><strong>Local<\/strong><\/td>\n<td style=\"width: 99px;text-align: center\"><strong>Turno<\/strong><\/td>\n<td style=\"width: 209px;text-align: center\"><strong>Hor\u00e1rio<\/strong><\/td>\n<td style=\"width: 335px;text-align: center\"><strong>Atividade<\/strong><\/td>\n<\/tr>\n<tr>\n<td style=\"width: 137px;text-align: center\" rowspan=\"4\">Unidade Flamboyant<\/td>\n<td style=\"width: 99px;text-align: center\" rowspan=\"3\">Vespertino<\/td>\n<td style=\"width: 209px;text-align: center\">13 h 30 min. \u00e0s 15 h 45 min.<\/td>\n<td style=\"width: 335px;text-align: center\">Minicursos e Oficinas<\/td>\n<\/tr>\n<tr>\n<td style=\"width: 209px;text-align: center\">15 h 45 min. \u00e0s 16h<\/td>\n<td style=\"width: 335px;text-align: center\">Intervalo<\/td>\n<\/tr>\n<tr>\n<td style=\"width: 209px;text-align: center\">16 h \u00e0s 17 h 30 min.<\/td>\n<td style=\"width: 335px;text-align: center\">Minicursos e Oficinas<\/td>\n<\/tr>\n<tr>\n<td style=\"width: 99px;text-align: center\">Noturno<\/td>\n<td style=\"width: 209px;text-align: center\">19 h \u00e0s 22 h 30 min.<\/td>\n<td style=\"width: 335px;text-align: center\">Minicursos e Oficinas<\/td>\n<\/tr>\n<\/tbody>\n<\/table>\n<table style=\"width: 720px\">\n<tbody>\n<tr style=\"height: 51px\">\n<td style=\"width: 778px;height: 51px\" colspan=\"4\">\n<p style=\"text-align: center\"><strong>QUARTA-FEIRA \u2013 27 DE SETEMBRO DE 2017<\/strong><\/p>\n<\/td>\n<\/tr>\n<tr style=\"height: 52px\">\n<td style=\"width: 145px;text-align: center;height: 52px\"><strong>Local<\/strong><\/td>\n<td style=\"width: 108px;text-align: center;height: 52px\"><strong>Turno<\/strong><\/td>\n<td style=\"width: 206px;text-align: center;height: 52px\"><strong>Hor\u00e1rio<\/strong><\/td>\n<td style=\"width: 319px;height: 52px\">\n<p style=\"text-align: center\"><strong>Atividade<\/strong><\/p>\n<\/td>\n<\/tr>\n<tr style=\"height: 28px\">\n<td style=\"width: 145px;text-align: center;height: 84px\" rowspan=\"4\">Unidade Flamboyant<\/td>\n<td style=\"width: 108px;text-align: center;height: 84px\" rowspan=\"3\">Vespertino<\/td>\n<td style=\"width: 206px;text-align: center;height: 28px\">13 h 30 min. \u00e0s 15 h 45 min.<\/td>\n<td style=\"width: 319px;height: 28px;text-align: center\">Minicursos e Oficinas<\/td>\n<\/tr>\n<tr style=\"height: 28px\">\n<td style=\"width: 206px;text-align: center;height: 28px\">15 h 45 min. \u00e0s 16 h<\/td>\n<td style=\"width: 319px;height: 28px;text-align: center\">Intervalo<\/td>\n<\/tr>\n<tr style=\"height: 28px\">\n<td style=\"width: 206px;text-align: center;height: 28px\">16 h \u00e0s 17 h 30 min.<\/td>\n<td style=\"width: 319px;height: 28px;text-align: center\">Minicursos e Oficinas<\/td>\n<\/tr>\n<tr style=\"height: 28px\">\n<td style=\"width: 108px;text-align: center;height: 28px\">Noturno<\/td>\n<td style=\"width: 206px;text-align: center;height: 28px\">19 h \u00e0s 22 h 30 min.<\/td>\n<td style=\"width: 319px;height: 28px;text-align: center\">Minicursos e Oficinas<\/td>\n<\/tr>\n<\/tbody>\n<\/table>\n<table style=\"width: 725px\">\n<tbody>\n<tr>\n<td style=\"width: 1009px;text-align: center\" colspan=\"4\"><strong>QUINTA-FEIRA \u2013 28 DE SETEMBRO DE 2017 (Unidade Riachuelo e Unidade Flamboyant)<\/strong><\/td>\n<\/tr>\n<tr>\n<td style=\"width: 198px;text-align: center\"><strong>Local<\/strong><\/td>\n<td style=\"width: 138px;text-align: center\"><strong>Turno<\/strong><\/td>\n<td style=\"width: 258px;text-align: center\"><strong>Hor\u00e1rio<\/strong><\/td>\n<td style=\"width: 415px;text-align: center\"><strong>Atividade<\/strong><\/td>\n<\/tr>\n<tr>\n<td style=\"width: 198px;text-align: center\" rowspan=\"3\">Unidade Flamboyant<\/td>\n<td style=\"width: 138px;text-align: center\" rowspan=\"3\">Vespertino<\/td>\n<td style=\"width: 258px;text-align: center\">13 h 30 min. \u00e0s 15 h 45 min.<\/td>\n<td style=\"width: 415px;text-align: center\">Minicursos e Oficinas<\/td>\n<\/tr>\n<tr>\n<td style=\"width: 258px;text-align: center\">15 h 45 min. \u00e0s 16 h<\/td>\n<td style=\"width: 415px;text-align: center\">Intervalo<\/td>\n<\/tr>\n<tr>\n<td style=\"width: 258px;text-align: center\">16 h \u00e0s 17 h 30 min.<\/td>\n<td style=\"width: 415px;text-align: center\">Minicursos e Oficinas<\/td>\n<\/tr>\n<tr>\n<td style=\"width: 198px;text-align: center\">Unidade Riachuelo<\/td>\n<td style=\"width: 138px;text-align: center\">Noturno<\/td>\n<td style=\"width: 258px;text-align: center\">19 h 30 min. \u00e0s 22 h 30 min.<\/td>\n<td style=\"width: 415px\">\n<p style=\"text-align: center\"><span style=\"text-decoration: underline\">Mesa Redonda: <\/span><strong>Reforma do Ensino M\u00e9dio<\/strong><\/p>\n<p style=\"text-align: center\">Prof. Me. Ramon Marcelino Ribeiro Junior<\/p>\n<p style=\"text-align: center\"><em>IFG &#8211; C\u00e2mpus Goi\u00e2nia<\/em><\/p>\n<p style=\"text-align: center\">Profa. Dra. Claudia Denis Alves da Paz<\/p>\n<p style=\"text-align: center\"><em>Assessora T\u00e9cnica COEM\/SEB\/MEC<\/em><\/p>\n<p style=\"text-align: center\"><em>Mediadora:<\/em> Profa. Dra. Luciene de Assis Pires<\/p>\n<p style=\"text-align: center\"><em>IFG &#8211; C\u00e2mpus Jata\u00ed<\/em><\/p>\n<\/td>\n<\/tr>\n<\/tbody>\n<\/table>\n<table style=\"width: 724px\">\n<tbody>\n<tr>\n<td style=\"width: 1010px;text-align: center\" colspan=\"4\"><strong>SEXTA-FEIRA \u2013 29 DE SETEMBRO DE 2017<\/strong><\/td>\n<\/tr>\n<tr>\n<td style=\"width: 198px;text-align: center\"><strong>Local<\/strong><\/td>\n<td style=\"width: 156px;text-align: center\"><strong>Turno<\/strong><\/td>\n<td style=\"width: 256px;text-align: center\"><strong>Hor\u00e1rio<\/strong><\/td>\n<td style=\"width: 400px;text-align: center\"><strong>Atividade<\/strong><\/td>\n<\/tr>\n<tr>\n<td style=\"width: 198px;text-align: center\" rowspan=\"6\">Unidade Flamboyant<\/td>\n<td style=\"width: 156px;text-align: center\" rowspan=\"3\">Matutino<\/td>\n<td style=\"width: 256px;text-align: center\">08 h \u00e0s 10 h<\/td>\n<td style=\"width: 400px;text-align: center\">Minicursos e Oficinas<\/td>\n<\/tr>\n<tr>\n<td style=\"width: 256px;text-align: center\">10 h \u00a0\u00e0s 10 h 15 min.<\/td>\n<td style=\"width: 400px;text-align: center\">Intervalo<\/td>\n<\/tr>\n<tr>\n<td style=\"width: 256px;text-align: center\">10 h 15 min. \u00e0s 12 h<\/td>\n<td style=\"width: 400px;text-align: center\">Minicursos e Oficinas<\/td>\n<\/tr>\n<tr>\n<td style=\"width: 156px;text-align: center\" rowspan=\"3\">Vespertino<\/td>\n<td style=\"width: 256px;text-align: center\">13 h 30 min. \u00e0s 15 h 30 min.<\/td>\n<td style=\"width: 400px;text-align: center\">Comunica\u00e7\u00f5es Orais<\/td>\n<\/tr>\n<tr>\n<td style=\"width: 256px;text-align: center\">15 h 30 min. \u00e0s 16 h 30 min.<\/td>\n<td style=\"width: 400px;text-align: center\">P\u00f4steres<\/td>\n<\/tr>\n<tr>\n<td style=\"width: 256px;text-align: center\">16 h 30 min. \u00e0s 18 h<\/td>\n<td style=\"width: 400px;text-align: center\">Comunica\u00e7\u00f5es Orais<\/td>\n<\/tr>\n<tr>\n<td style=\"width: 198px;text-align: center\">Unidade Riachuelo<\/td>\n<td style=\"width: 156px;text-align: center\">Noturno<\/td>\n<td style=\"width: 256px;text-align: center\">19 h 30 min. \u00e0s 22 h 30 min.<\/td>\n<td style=\"width: 400px\">\n<p style=\"text-align: center\"><span style=\"text-decoration: underline\">Mesa Redonda:<\/span> <strong>Base Nacional Comum Curricular<\/strong><\/p>\n<p style=\"text-align: center\">Profa. Dra. Eliana Melo Machado Moraes<\/p>\n<p style=\"text-align: center\"><em>UFG &#8211; Regional Jata\u00ed<\/em><\/p>\n<p style=\"text-align: center\">Profa. Dra. Sandra Zita Silva Tin\u00e9<\/p>\n<p style=\"text-align: center\"><em>Assessora T\u00e9cnica SEB\/MEC<\/em><\/p>\n<p style=\"text-align: center\"><em>Mediadora:<\/em> Profa. Dra. Vanderleida Rosa de Freitas e Queiroz<\/p>\n<p style=\"text-align: center\"><em>Instituto Federal de Goi\u00e1s<\/em><\/p>\n<\/td>\n<\/tr>\n<\/tbody>\n<\/table>\n<table style=\"width: 716px\">\n<tbody>\n<tr>\n<td style=\"width: 777px;text-align: center\" colspan=\"4\"><strong>S\u00c1BADO \u2013 30 DE SETEMBRO DE 2017<\/strong><\/td>\n<\/tr>\n<tr>\n<td style=\"width: 148px;text-align: center\"><strong>Local<\/strong><\/td>\n<td style=\"width: 131px;text-align: center\"><strong>Turno<\/strong><\/td>\n<td style=\"width: 194px;text-align: center\"><strong>Hor\u00e1rio<\/strong><\/td>\n<td style=\"width: 304px;text-align: center\"><strong>Atividade<\/strong><\/td>\n<\/tr>\n<tr>\n<td style=\"width: 148px;text-align: center\" rowspan=\"3\">Unidade Riachuelo<\/td>\n<td style=\"width: 131px;text-align: center\" rowspan=\"3\">Matutino<\/td>\n<td style=\"width: 194px;text-align: center\">08 h \u00e0s 10 h<\/td>\n<td style=\"width: 304px;text-align: center\">Encontro de Egressos<\/td>\n<\/tr>\n<tr>\n<td style=\"width: 194px;text-align: center\">10 h \u00e0s 11 h<\/td>\n<td style=\"width: 304px;text-align: center\">Apresenta\u00e7\u00e3o Produtos do Mestrado<\/td>\n<\/tr>\n<tr>\n<td style=\"width: 194px;text-align: center\">11 h \u00e0s 12 h<\/td>\n<td style=\"width: 304px;text-align: center\">Atividade Cultural e Encerramento<\/td>\n<\/tr>\n<\/tbody>\n<\/table>\n","protected":false},"excerpt":{"rendered":"<p>XIV Semana de Licenciatura V Semin\u00e1rio de P\u00f3s-Gradua\u00e7\u00e3o em Educa\u00e7\u00e3o para Ci\u00eancias e Matem\u00e1tica Programa\u00e7\u00e3o Oficial do Evento SEGUNDA-FEIRA \u2013 25 DE SETEMBRO DE 2017 Local Turno Hor\u00e1rio Atividade Unidade Riachuelo Vespertino A partir das 17 h Recep\u00e7\u00e3o e Entrega de Materiais Noturno 19 h \u00e0s 20 h Momento Cultural Apresenta\u00e7\u00e3o de Professores e Alunos <a class=\"more-link\" href=\"https:\/\/eventos.ifg.edu.br\/semlic\/prog2017\/\">&hellip; Continue lendo&hellip; &rarr;<\/a><\/p>\n","protected":false},"author":111,"featured_media":0,"parent":0,"menu_order":0,"comment_status":"closed","ping_status":"closed","template":"","meta":{"ngg_post_thumbnail":0,"footnotes":""},"class_list":["post-218","page","type-page","status-publish","hentry"],"_links":{"self":[{"href":"https:\/\/eventos.ifg.edu.br\/semlic\/wp-json\/wp\/v2\/pages\/218"}],"collection":[{"href":"https:\/\/eventos.ifg.edu.br\/semlic\/wp-json\/wp\/v2\/pages"}],"about":[{"href":"https:\/\/eventos.ifg.edu.br\/semlic\/wp-json\/wp\/v2\/types\/page"}],"author":[{"embeddable":true,"href":"https:\/\/eventos.ifg.edu.br\/semlic\/wp-json\/wp\/v2\/users\/111"}],"replies":[{"embeddable":true,"href":"https:\/\/eventos.ifg.edu.br\/semlic\/wp-json\/wp\/v2\/comments?post=218"}],"version-history":[{"count":0,"href":"https:\/\/eventos.ifg.edu.br\/semlic\/wp-json\/wp\/v2\/pages\/218\/revisions"}],"wp:attachment":[{"href":"https:\/\/eventos.ifg.edu.br\/semlic\/wp-json\/wp\/v2\/media?parent=218"}],"curies":[{"name":"wp","href":"https:\/\/api.w.org\/{rel}","templated":true}]}}