{"id":2132,"date":"2019-09-06T06:44:02","date_gmt":"2019-09-06T09:44:02","guid":{"rendered":"http:\/\/eventos.ifg.edu.br\/semlic\/?page_id=2132"},"modified":"2019-10-03T01:23:30","modified_gmt":"2019-10-03T04:23:30","slug":"trabalhos2019","status":"publish","type":"page","link":"https:\/\/eventos.ifg.edu.br\/semlic\/trabalhos2019\/","title":{"rendered":"Comunica\u00e7\u00f5es Orais e P\u00f4steres 2019"},"content":{"rendered":"<h4 style=\"text-align: center\">Comunica\u00e7\u00f5es Orais &#8211; Sexta 04\/10 7:30 \u00e0s 11:15 e 14:00 \u00e0s 17:15<br \/>\nIFG &#8211; Unidade Flamboyant<br \/>\n<a href=\"http:\/\/eventos.ifg.edu.br\/semlic\/wp-content\/uploads\/sites\/49\/2019\/09\/Programa\u00e7\u00e3o-Comunica\u00e7\u00f5es-Orais-Semlic-2019.pdf\">Programa\u00e7\u00e3o &#8211; Comunica\u00e7\u00f5es Orais &#8211; Semlic 2019 (PDF)<br \/>\n<\/a><a href=\"http:\/\/eventos.ifg.edu.br\/semlic\/wp-content\/uploads\/sites\/49\/2019\/09\/P\u00f4steres-Semlic-2019.pdf\">Programa\u00e7\u00e3o P\u00f4steres &#8211; Semlic 2019 (PDF)<\/a><\/h4>\n<p style=\"text-align: center\">[google-drive-embed url=&#8221;https:\/\/drive.google.com\/file\/d\/1a0QB6IZXU3SJhhYv0Scj0Qz30wL04rky\/preview?usp=drivesdk&#8221; title=&#8221;Programa\u00e7\u00e3o &#8211; Comunica\u00e7\u00f5es Orais &#8211; Semlic 2019 Site.docx&#8221; icon=&#8221;https:\/\/drive-thirdparty.googleusercontent.com\/16\/type\/application\/vnd.openxmlformats-officedocument.wordprocessingml.document&#8221; width=&#8221;100%&#8221; height=&#8221;800&#8243; style=&#8221;embed&#8221;]<\/p>\n<h4 style=\"text-align: center\">Sess\u00e3o de P\u00f4steres 04\/10 19:00 \u00e0s 20:00<br \/>\nCentro De Cultura e Eventos Dom Benedito Domingos C\u00f3scia<br \/>\n<a href=\"http:\/\/eventos.ifg.edu.br\/semlic\/wp-content\/uploads\/sites\/49\/2019\/09\/P\u00f4steres-Semlic-2019.pdf\">Programa\u00e7\u00e3o P\u00f4steres &#8211; Semlic 2019 (PDF)<br \/>\n<\/a><a href=\"http:\/\/eventos.ifg.edu.br\/semlic\/wp-content\/uploads\/sites\/49\/2019\/09\/Programa\u00e7\u00e3o-Comunica\u00e7\u00f5es-Orais-Semlic-2019.pdf\">Programa\u00e7\u00e3o &#8211; Comunica\u00e7\u00f5es Orais &#8211; Semlic 2019 (PDF)<\/a><\/h4>\n<p style=\"text-align: center\">[google-drive-embed url=&#8221;https:\/\/drive.google.com\/file\/d\/1ijHR7oaECtU4WYvsMXmOpPOpebYyaVBs\/preview?usp=drivesdk&#8221; title=&#8221;Programa\u00e7\u00e3o &#8211; P\u00f4steres &#8211; Semlic 2019 site.docx&#8221; icon=&#8221;https:\/\/drive-thirdparty.googleusercontent.com\/16\/type\/application\/vnd.openxmlformats-officedocument.wordprocessingml.document&#8221; width=&#8221;100%&#8221; height=&#8221;800&#8243; style=&#8221;embed&#8221;]<\/p>\n<p>&nbsp;<\/p>\n","protected":false},"excerpt":{"rendered":"<p>Comunica\u00e7\u00f5es Orais &#8211; Sexta 04\/10 7:30 \u00e0s 11:15 e 14:00 \u00e0s 17:15 IFG &#8211; Unidade Flamboyant Programa\u00e7\u00e3o &#8211; Comunica\u00e7\u00f5es Orais &#8211; Semlic 2019 (PDF) Programa\u00e7\u00e3o P\u00f4steres &#8211; Semlic 2019 (PDF) [google-drive-embed url=&#8221;https:\/\/drive.google.com\/file\/d\/1a0QB6IZXU3SJhhYv0Scj0Qz30wL04rky\/preview?usp=drivesdk&#8221; title=&#8221;Programa\u00e7\u00e3o &#8211; Comunica\u00e7\u00f5es Orais &#8211; Semlic 2019 Site.docx&#8221; icon=&#8221;https:\/\/drive-thirdparty.googleusercontent.com\/16\/type\/application\/vnd.openxmlformats-officedocument.wordprocessingml.document&#8221; width=&#8221;100%&#8221; height=&#8221;800&#8243; style=&#8221;embed&#8221;] Sess\u00e3o de P\u00f4steres 04\/10 19:00 \u00e0s 20:00 Centro De Cultura e <a class=\"more-link\" href=\"https:\/\/eventos.ifg.edu.br\/semlic\/trabalhos2019\/\">&hellip; Continue lendo&hellip; &rarr;<\/a><\/p>\n","protected":false},"author":111,"featured_media":0,"parent":0,"menu_order":0,"comment_status":"closed","ping_status":"closed","template":"","meta":{"ngg_post_thumbnail":0,"footnotes":""},"class_list":["post-2132","page","type-page","status-publish","hentry"],"_links":{"self":[{"href":"https:\/\/eventos.ifg.edu.br\/semlic\/wp-json\/wp\/v2\/pages\/2132"}],"collection":[{"href":"https:\/\/eventos.ifg.edu.br\/semlic\/wp-json\/wp\/v2\/pages"}],"about":[{"href":"https:\/\/eventos.ifg.edu.br\/semlic\/wp-json\/wp\/v2\/types\/page"}],"author":[{"embeddable":true,"href":"https:\/\/eventos.ifg.edu.br\/semlic\/wp-json\/wp\/v2\/users\/111"}],"replies":[{"embeddable":true,"href":"https:\/\/eventos.ifg.edu.br\/semlic\/wp-json\/wp\/v2\/comments?post=2132"}],"version-history":[{"count":10,"href":"https:\/\/eventos.ifg.edu.br\/semlic\/wp-json\/wp\/v2\/pages\/2132\/revisions"}],"predecessor-version":[{"id":2257,"href":"https:\/\/eventos.ifg.edu.br\/semlic\/wp-json\/wp\/v2\/pages\/2132\/revisions\/2257"}],"wp:attachment":[{"href":"https:\/\/eventos.ifg.edu.br\/semlic\/wp-json\/wp\/v2\/media?parent=2132"}],"curies":[{"name":"wp","href":"https:\/\/api.w.org\/{rel}","templated":true}]}}