{"id":2123,"date":"2019-09-06T05:35:37","date_gmt":"2019-09-06T08:35:37","guid":{"rendered":"http:\/\/eventos.ifg.edu.br\/semlic\/?page_id=2123"},"modified":"2019-09-30T22:38:08","modified_gmt":"2019-10-01T01:38:08","slug":"minof2019","status":"publish","type":"page","link":"https:\/\/eventos.ifg.edu.br\/semlic\/minof2019\/","title":{"rendered":"Minicursos e Oficinas 2019"},"content":{"rendered":"<h4 style=\"text-align: center\"><span style=\"color: #ff0000\"><strong><a style=\"color: #ff0000\" href=\"http:\/\/eventos.ifg.edu.br\/semlic\/inscricoesminof2019\/\">Inscri\u00e7\u00f5es Abertas &#8211; Clique aqui para se inscrever<\/a><\/strong><\/span><\/h4>\n<p style=\"text-align: center\"><a href=\"http:\/\/eventos.ifg.edu.br\/semlic\/inscricoes\/\">Para se inscrever no evento &#8211; Clique Aqui<\/a><\/p>\n<p style=\"text-align: center\"><img fetchpriority=\"high\" decoding=\"async\" class=\"alignnone wp-image-2234 size-full\" src=\"http:\/\/eventos.ifg.edu.br\/semlic\/wp-content\/uploads\/sites\/49\/2019\/09\/minicursos-1-5.png\" width=\"802\" height=\"387\"><\/p>\n<p style=\"text-align: center\"><strong><span style=\"color: #0000ff\">EDUCA\u00c7\u00c3O AMBIENTAL NO CAMPO \u2013 ENTENDENDO OS SERVI\u00c7OS ECOSSIST\u00caMICOS<\/span><\/strong><\/p>\n<p style=\"text-align: center\"><strong>Christiano Peres Coelho<\/strong><\/p>\n<p style=\"text-align: justify\"><strong>Objetivo(s) do Minicurso\/Oficina: <\/strong>O objetivo do mini-curso \u00e9 trazer de forma clara e objetiva esclarecimentos sobre os principais servi\u00e7os ecossist\u00eamicos nos ambientes naturais, destacando a import\u00e2ncia desses servi\u00e7os para o equil\u00edbrio ambiental e a participa\u00e7\u00e3o dele em nossas vidas, destacando a import\u00e2ncia desse conhecimento para uma Educa\u00e7\u00e3o Ambiental duradoura.<\/p>\n<p style=\"text-align: justify\"><strong>P\u00fablico-alvo do Minicurso\/Oficina: <\/strong>O p\u00fablico alvo s\u00e3o alunos da educa\u00e7\u00e3o B\u00e1sica (fundamental e m\u00e9dio), ensino superior e comunidade de forma geral;<br \/>\n<span style=\"color: #ff0000\">Toda a atividade ser\u00e1 desenvolvida na Mata do A\u00e7ude em Jata\u00ed, GO &#8211; Os participantes dever\u00e3o se organizar para irem ao local por meios pr\u00f3prios. A sa\u00edda ocorrer\u00e1 a partir da Unidade Flamboyant&nbsp; (2,3km do local)<\/span><\/p>\n<p style=\"text-align: justify\"><strong>Vagas: <\/strong>20<\/p>\n<p style=\"text-align: center\"><span style=\"color: #ff0000\"><strong>MULHERES NA CI\u00caNCIA: AS RELA\u00c7\u00d5ES DE G\u00caNERO NO CAMPO DAS CI\u00caNCIAS EXATAS (CANCELADO)<\/strong><\/span><\/p>\n<p style=\"text-align: center\"><strong>Viviane Morcelle, Gabrielle Freitas, Elizabeth Cristiane dos Santos<\/strong><\/p>\n<p style=\"text-align: justify\"><strong>Objetivo(s) do Minicurso\/Oficina: <\/strong>Permitir que mulheres possam ter acesso a quest\u00f5es de g\u00eanero que ainda persistem na academia, onde historicamente foram invisibilizadas. Desta forma, buscamos incentivar estas mulheres a buscar meios de valoriza\u00e7\u00e3o profissional e formas de ascen\u00e7\u00e3o profissional no campo das ci\u00eancias exatas. Al\u00e9m de permitir que possam debater quest\u00f5es pelas quais passaram e que possam compartilhar, bem como incentivar o desenvolvimento de iniciativas que visem a equidade de g\u00eanero no campo das Ci\u00eancias Exatas.<\/p>\n<p style=\"text-align: justify\"><strong>P\u00fablico-alvo do Minicurso\/Oficina: <\/strong>Todos s\u00e3o benvindos a participarem do debate, mas por uma quest\u00e3o de exposi\u00e7\u00e3o e lugar de fala, preferimos que s\u00f3 mulheres participem do mini-curso.<\/p>\n<p style=\"text-align: justify\"><strong>Vagas: <span style=\"color: #ff0000\">CANCELADO<\/span><\/strong><\/p>\n<p style=\"text-align: center\"><strong><span style=\"color: #0000ff\">O FETICHISMO DA INF\u00c2NCIA E O TRABALHO DOCENTE: LIMITES E POSSIBILIDADES DE UM ENSINO INTENCIONAL E PLANEJADO NA EDUCA\u00c7\u00c3O INFANTIL<\/span><\/strong><\/p>\n<p style=\"text-align: center\"><strong>Ana Paula Ferreira Trindade,La\u00eds Leni Oliveira Lima, Camila Carolina Alves Assis<\/strong><\/p>\n<p style=\"text-align: justify\"><strong>Objetivo(s) do Minicurso\/Oficina: <\/strong>Analisar o papel do professor mediante um trabalho pedag\u00f3gico intencional e planejado para crian\u00e7as de 0 a 5 anos.<br \/>\nCompreender a educa\u00e7\u00e3o infantil como um lugar de cultura elaborada para a forma\u00e7\u00e3o humanizadora da crian\u00e7a.<br \/>\nRefletir sobre o trabalho docente e a desvaloriza\u00e7\u00e3o da educa\u00e7\u00e3o escolar na educa\u00e7\u00e3o infantil.&#8221;<\/p>\n<p style=\"text-align: justify\"><strong>P\u00fablico-alvo do Minicurso\/Oficina: <\/strong>Trabalhadores docentes de Educa\u00e7\u00e3o Infantil e Ensino Fundamental, pesquisadores e interessados no tema.<\/p>\n<p style=\"text-align: justify\"><strong>Vagas: <\/strong>15<\/p>\n<p style=\"text-align: center\"><span style=\"color: #ff0000\"><strong>MATEludicando NA BNCC: A MATEM\u00c1TICA DO ENSINO FUNDAMENTAL (CANCELADO)<\/strong><\/span><\/p>\n<p style=\"text-align: center\"><strong>Claudionor Renato da Silva<\/strong><\/p>\n<p style=\"text-align: justify\"><strong>Objetivo(s) do Minicurso\/Oficina: <\/strong>Apresentar o MATEludicando, uma abordagem de caracter\u00edstica inovacional em educa\u00e7\u00e3o matem\u00e1tica.<br \/>\nArticular as bases da abordagem do MATEludicando \u00e0 BNCC Ensino Fundamental de Matem\u00e1tica.<br \/>\nOrganizar poss\u00edveis linhas de investiga\u00e7\u00e3o e \u201ctestagens\u201d de aplica\u00e7\u00e3o do MATEludicando, na linguagem atual da Base, voltada para o Ensino Fundamental, e portanto, lan\u00e7ando apoios investigativos de testagens\/aplica\u00e7\u00e3o \u00e0 forma\u00e7\u00e3o inicial de professores em Pedagogia e Matem\u00e1tica.&#8221;<\/p>\n<p style=\"text-align: justify\"><strong>P\u00fablico-alvo do Minicurso\/Oficina: <\/strong>Formandos em Pedagogia e Matem\u00e1tica (Licenciatura). Professores da Rede P\u00fablica Municipal de Jata\u00ed e regi\u00e3o.<\/p>\n<p style=\"text-align: justify\"><strong>Vagas: <span style=\"color: #ff0000\">CANCELADO<\/span><\/strong><\/p>\n<p style=\"text-align: center\"><strong><span style=\"color: #0000ff\">OPERA\u00c7\u00d5ES B\u00c1SICAS E JOGOS MATEM\u00c1TICOS<\/span><\/strong><\/p>\n<p style=\"text-align: center\"><strong>Hyanka Cezario de Paula, Emiliana Batista de Oliveira, Adriana Aparecida Molina Gomes<\/strong><\/p>\n<p style=\"text-align: justify\"><strong>Objetivo(s) do Minicurso\/Oficina: <\/strong>Trabalhar as opera\u00e7\u00f5es b\u00e1sica (adi\u00e7\u00e3o, subtra\u00e7\u00e3o, multiplica\u00e7\u00e3o e divis\u00e3o) por meio de jogos;<br \/>\nConhecer alguns jogos para \u201ctreinamento\u201d das opera\u00e7\u00f5es b\u00e1sicas;<br \/>\nDesenvolver habilidades com express\u00f5es num\u00e9ricas mental e escrita;<br \/>\nDesenvolver racioc\u00ednio l\u00f3gico matem\u00e1tico;<br \/>\nTrabalhar e desenvolver a coopera\u00e7\u00e3o entre os alunos.<\/p>\n<p style=\"text-align: justify\"><strong>P\u00fablico-alvo do Minicurso\/Oficina: <\/strong>alunos das licenciaturas em pedagogia e matem\u00e1tica; p\u00f3s-graduandos em educa\u00e7\u00e3o, educa\u00e7\u00e3o matem\u00e1tica e matem\u00e1tica; e, professores que ensinam matem\u00e1tica.<\/p>\n<p style=\"text-align: justify\"><strong>Vagas: <\/strong>20<\/p>\n<p style=\"text-align: center\"><strong><span style=\"color: #0000ff\">METODOLOGIAS ART\u00cdSTICAS PARA O ENSINO DE F\u00cdSICA<\/span><\/strong><\/p>\n<p style=\"text-align: center\"><strong>Rosikelly Macedo Gon\u00e7alves Cabral, Juliana Moraes Franz\u00e3o, Juliana Medeiros Dantas<\/strong><\/p>\n<p style=\"text-align: justify\"><strong>Objetivo(s) do Minicurso\/Oficina: <\/strong>Motivar a interdisciplinaridade.<br \/>\nDebater sobre as possibilidades de ado\u00e7\u00e3o da teoria da atividade como referencial te\u00f3rico e metodol\u00f3gico para o ensino de F\u00edsica.<br \/>\nPromover o aprendizado atrav\u00e9s da utiliza\u00e7\u00e3o de diferentes linguagens, fontes e recursos.<br \/>\nPerceber que a F\u00edsica est\u00e1 presente tamb\u00e9m na Arte e Literatura.<\/p>\n<p style=\"text-align: justify\"><strong>P\u00fablico-alvo do Minicurso\/Oficina: <\/strong>Interessados em pesquisas na \u00e1rea educacional. Alunos e professores da Licenciatura em F\u00edsica e P\u00f3s-Gradua\u00e7\u00e3o.<\/p>\n<p style=\"text-align: justify\"><strong>Vagas: <\/strong>25<\/p>\n<p style=\"text-align: center\"><strong><span style=\"color: #0000ff\">O FUTURE-SE E OS ATAQUES \u00c0 EDUCA\u00c7\u00c3O<\/span><\/strong><\/p>\n<p style=\"text-align: center\"><strong>Evaldo Gon\u00e7alves Silva e Elenilson de Vargas Fortes<\/strong><\/p>\n<p style=\"text-align: justify\"><strong>Objetivo(s) do Minicurso\/Oficina:&nbsp;<\/strong>Apresentar os princ\u00edpios do future-se e o modelo de capitaliza\u00e7\u00e3o e precariza\u00e7\u00e3o dos ensino t\u00e9cnico e superior p\u00fablicos<\/p>\n<p style=\"text-align: justify\"><strong>P\u00fablico-alvo do Minicurso\/Oficina:&nbsp;<\/strong>Estudantes de profissionais de Educa\u00e7\u00e3o.<\/p>\n<p style=\"text-align: justify\"><strong>Vagas:&nbsp;<\/strong>40<\/p>\n<p><img decoding=\"async\" class=\"alignnone wp-image-2235 size-full\" src=\"http:\/\/eventos.ifg.edu.br\/semlic\/wp-content\/uploads\/sites\/49\/2019\/09\/minicursos-2-4.png\" width=\"803\" height=\"439\"><\/p>\n<p style=\"text-align: center\"><strong><span style=\"color: #0000ff\">INTERDISCIPLINARIDADE E COMPOSTAGEM<\/span><\/strong><\/p>\n<p style=\"text-align: center\"><strong>Kenia Alves Pereira Lacerda, Alline Braga Silva, Carlos C\u00e9zar da Silva, Celso de Carvalho Braga, La\u00edsse Silva Lemos, Marluce Silva Souza, Patr\u00edcia Tinoco Santos<\/strong><\/p>\n<p style=\"text-align: justify\"><strong>Objetivo(s) do Minicurso\/Oficina: <\/strong>Valorar a atitude interdisciplinar e o olhar interdisciplinar na pr\u00e1tica pedag\u00f3gica;<br \/>\nRefletir sobre o consumo consciente;<br \/>\nConfeccionar um modelo de composteira alternativo;<br \/>\nConhecer o m\u00e9todo de compostagem org\u00e2nica, seus benef\u00edcios e utiliza\u00e7\u00e3o no cotidiano.&#8221;<\/p>\n<p style=\"text-align: justify\"><strong>P\u00fablico-alvo do Minicurso\/Oficina: <\/strong>Acad\u00eamicos, servidores da institui\u00e7\u00e3o proponente do evento e comunidade em geral.<\/p>\n<p style=\"text-align: justify\"><strong>Vagas: <\/strong>25<\/p>\n<p style=\"text-align: center\"><span style=\"color: #ff0000\"><strong>COTIDIANOS EM DAN\u00c7A: PO\u00c9TICAS URBANAS EM CENA (CANCELADO)<\/strong><\/span><\/p>\n<p style=\"text-align: center\"><strong>Roberto Rodrigues, Fl\u00e1vio Henrique Guimar\u00e3es, Gislene Daiana Matos de Souza Montalv\u00e3o, Karoline Marques de Oliveira, Lucas Diego Nava Medrado, Natalia Cardoso Nascimento<\/strong><\/p>\n<p style=\"text-align: justify\"><strong>Objetivo(s) do Minicurso\/Oficina: <\/strong>Vivenciar uma proposta de pesquisa em dan\u00e7a a partir do cotidiano e dos contextos urbanos;<br \/>\nExperimentar coletivamente atividades e din\u00e2micas de pesquisa e cria\u00e7\u00e3o em dan\u00e7a;<br \/>\nCompartilhar dan\u00e7as e fragmentos de cria\u00e7\u00e3o coletivos;&#8221;<\/p>\n<p style=\"text-align: justify\"><strong>P\u00fablico-alvo do Minicurso\/Oficina: <\/strong>2.Pessoas interessada em dan\u00e7as e po\u00e9ticas de movimento (Faixa et\u00e1ria: acima de 15 anos).<\/p>\n<p style=\"text-align: justify\"><strong>Vagas: <span style=\"color: #ff0000\">CANCELADO<\/span><\/strong><\/p>\n<p style=\"text-align: center\"><strong><span style=\"color: #0000ff\">A DUPLA DETERMINA\u00c7\u00c3O DO TRABALHO DOCENTE EM PAUTA: HUMANIZA\u00c7\u00c3O X ALIENA\u00c7\u00c3O<\/span><\/strong><\/p>\n<p style=\"text-align: center\"><strong>Camila Carolina Alves Assis, La\u00eds Leni Oliveira Lima, Ana Paula Ferreira Trindade<\/strong><\/p>\n<p style=\"text-align: justify\"><strong>Objetivo(s) do Minicurso\/Oficina: <\/strong>Refletir sobre o trabalho docente na sociedade do capital;<br \/>\nConceituar aliena\u00e7\u00e3o e discutir sobre trabalho alienado;<br \/>\nPonderar sobre a import\u00e2ncia do trabalho docente para a forma\u00e7\u00e3o humana.&#8221;<\/p>\n<p style=\"text-align: justify\"><strong>P\u00fablico-alvo do Minicurso\/Oficina: <\/strong>Trabalhadores docentes, pesquisadores ou interessados no tema.<\/p>\n<p style=\"text-align: justify\"><strong>Vagas: <\/strong>15<\/p>\n<p style=\"text-align: center\"><strong><span style=\"color: #0000ff\">R\u00c1DIO DO S\u00c9CULO XXI: PODCAST PARA EDUCA\u00c7\u00c3O E DIVULGA\u00c7\u00c3O CIENT\u00cdFICA<\/span><\/strong><\/p>\n<p style=\"text-align: center\"><strong>James Dean Leal Rocha, Ana Paula de Souza, Rafael Clemonez De Abreu, Marco Ant\u00f4nio de Abreu Freitas <\/strong><\/p>\n<p style=\"text-align: justify\"><strong>Objetivo(s) do Minicurso\/Oficina: <\/strong>Utilizar t\u00e9cnicas de produ\u00e7\u00e3o de programas de \u00e1udio para divulga\u00e7\u00e3o cient\u00edfica e ferramentas educacionais.<\/p>\n<p style=\"text-align: justify\"><strong>P\u00fablico-alvo do Minicurso\/Oficina: <\/strong>Estudantes de gradua\u00e7\u00e3o, pesquisadores, estudantes de p\u00f3s gradua\u00e7\u00e3o, professores do ensino b\u00e1sico ou superior e demais educadores.<\/p>\n<p style=\"text-align: justify\"><strong>Vagas: <\/strong>20<\/p>\n<p style=\"text-align: center\"><strong><span style=\"color: #0000ff\">TEATRO E MATEM\u00c1TICA NO MESMO PALCO<\/span><\/strong><\/p>\n<p style=\"text-align: center\"><strong>Aires Francisco de Oliveira<\/strong><\/p>\n<p style=\"text-align: justify\"><strong>Objetivo(s) do Minicurso\/Oficina: <\/strong>Oferecer aos participantes a viv\u00eancia pr\u00e1tica de jogos teatrais de diversas vertentes metodol\u00f3gicas, bem como a an\u00e1lise cr\u00edtica sobre as atividades experimentadas; oferecer ao aluno a oportunidade criar cenas atrav\u00e9s da improvisa\u00e7\u00e3o, jogos teatrais e din\u00e2micas de grupo, em que os sujeitos envolvidos sejam parte criativa da constru\u00e7\u00e3o de conhecimentos de matem\u00e1tica relacionados ao dia a dia.<\/p>\n<p style=\"text-align: justify\"><strong>P\u00fablico-alvo do Minicurso\/Oficina: <\/strong>professores e estudantes<\/p>\n<p style=\"text-align: justify\"><strong>Vagas: <\/strong>20<\/p>\n<p style=\"text-align: center\"><strong><span style=\"color: #0000ff\">EXPLORANDO AS RELA\u00c7\u00d5ES ENTRE FOTOMETRIA E LUMINOSIDADE<\/span><\/strong><\/p>\n<p style=\"text-align: center\"><strong>Rosikelly Macedo Gon\u00e7alves Cabral, Juliana Moraes Franz\u00e3o, Juliana Medeiros Dantas<\/strong><\/p>\n<p style=\"text-align: justify\"><strong>Objetivo(s) do Minicurso\/Oficina: <\/strong>Debater sobre as possibilidades em adotar\/relacionar os aspectos te\u00f3ricos e com a pr\u00e1tica da fotografia, alinhando o referencial te\u00f3rico e metodol\u00f3gico para o ensino de F\u00edsica com pr\u00e1ticas docentes de ensino.<br \/>\nPromover o aprendizado atrav\u00e9s da utiliza\u00e7\u00e3o de diferentes linguagens, fontes e recursos, como a an\u00e1lise de fotografia e fotograma.<br \/>\nPerceber que a F\u00edsica est\u00e1 presente tanto na hist\u00f3ria e quanto no cotidiano.&#8221;<\/p>\n<p style=\"text-align: justify\"><strong>P\u00fablico-alvo do Minicurso\/Oficina: <\/strong>Interessados em pesquisas na \u00e1rea educacional. Alunos e professores da Licenciatura em F\u00edsica, Ci\u00eancias e \u00c1reas afins e P\u00f3s-Gradua\u00e7\u00e3o.<\/p>\n<p style=\"text-align: justify\"><strong>Vagas: <\/strong>25<\/p>\n<p style=\"text-align: center\"><strong><span style=\"color: #0000ff\">O FUTURE-SE E OS ATAQUES \u00c0 EDUCA\u00c7\u00c3O<\/span><\/strong><\/p>\n<p style=\"text-align: center\"><strong>Evaldo Gon\u00e7alves Silva e Elenilson de Vargas Fortes<\/strong><\/p>\n<p style=\"text-align: justify\"><strong>Objetivo(s) do Minicurso\/Oficina: <\/strong>Apresentar os princ\u00edpios do future-se e o modelo de capitaliza\u00e7\u00e3o e precariza\u00e7\u00e3o dos ensino t\u00e9cnico e superior p\u00fablicos<\/p>\n<p style=\"text-align: justify\"><strong>P\u00fablico-alvo do Minicurso\/Oficina: <\/strong>Estudantes de profissionais de Educa\u00e7\u00e3o.<\/p>\n<p style=\"text-align: justify\"><strong>Vagas: <\/strong>40<\/p>\n<p><img decoding=\"async\" class=\"alignnone wp-image-2236 size-full\" src=\"http:\/\/eventos.ifg.edu.br\/semlic\/wp-content\/uploads\/sites\/49\/2019\/09\/minicursos-3-3.png\" width=\"799\" height=\"453\"><\/p>\n<p style=\"text-align: center\"><strong><span style=\"color: #0000ff\">OFICINA DE AN\u00c1LISE TEXTUAL DISCURSIVA DE DADOS EM INVESTIGA\u00c7\u00d5ES EM ENSINO DE CI\u00caNCIAS E EDUCA\u00c7\u00c3O MATEM\u00c1TICA<\/span><\/strong><\/p>\n<p style=\"text-align: center\"><strong>Felippe Guimar\u00e3es Maciel, Rodrigo Claudino Diogo <\/strong><\/p>\n<p style=\"text-align: justify\"><strong>Objetivo(s) do Minicurso\/Oficina: <\/strong>Localizar e exemplificar as an\u00e1lises textuais utilizadas em pesquisas na \u00e1rea de Ensino de Ci\u00eancias e Educa\u00e7\u00e3o Matem\u00e1tica;<br \/>\nApresentar os elementos b\u00e1sicos da ATD: unitariza\u00e7\u00e3o, codifica\u00e7\u00e3o, agrupamento, categoriza\u00e7\u00e3o e metatexto;<br \/>\nRealizar pr\u00e1ticas orientadas para demonstrar as possibilidades da ATD em pesquisas qualitativas.<\/p>\n<p style=\"text-align: justify\"><strong>P\u00fablico-alvo do Minicurso\/Oficina: <\/strong>Licenciandos, professores e pesquisadores<\/p>\n<p style=\"text-align: justify\"><strong>Vagas: <\/strong>20<\/p>\n<p style=\"text-align: center\"><strong><span style=\"color: #0000ff\">TECNOLOGIAS M\u00d3VEIS E METODOLOGIAS ATIVAS<\/span><\/strong><\/p>\n<p style=\"text-align: center\"><strong>Rosemara Perpetua Lopes, M\u00e1rcia Le\u00e3o da Silva Pacheco <\/strong><\/p>\n<p style=\"text-align: justify\"><strong>Objetivo(s) do Minicurso\/Oficina: <\/strong>Introduzir aos estudos sobre educa\u00e7\u00e3o e tecnologias, priorizando as digitais e m\u00f3veis, perpassando m\u00eddias, e seu potencial pedag\u00f3gico na sociedade contempor\u00e2nea.<br \/>\nPropiciar a apropria\u00e7\u00e3o de conceitos b\u00e1sicos sobre tecnologias, m\u00eddias e educa\u00e7\u00e3o.<br \/>\nPossibilitar a identifica\u00e7\u00e3o de metodologias ativas que incluem tecnologias digitais em seu design.<br \/>\nProblematizar a realidade da escola p\u00fablica goiana para integra\u00e7\u00e3o de tecnologias \u00e0 pr\u00e1tica &#8216;pedag\u00f3gica, a partir de resultados de pesquisa cient\u00edfica sobre a infraestrutura e a forma\u00e7\u00e3o de professores para uso de tecnologias digitais e m\u00f3veis na regi\u00e3o de Jata\u00ed, Goi\u00e1s.&#8221;<\/p>\n<p style=\"text-align: justify\"><strong>P\u00fablico-alvo do Minicurso\/Oficina: <\/strong>Professores, em geral, e estudantes de cursos de licenciatura; demais participantes do evento.<\/p>\n<p style=\"text-align: justify\"><strong>Vagas: <\/strong>30<\/p>\n<p style=\"text-align: center\"><strong><span style=\"color: #0000ff\">VIGOTSKI, LEONTIEV E ELKONIN: O PAPEL DO PROFESSOR NA EDUCA\u00c7\u00c3O INFANTIL<\/span><\/strong><\/p>\n<p style=\"text-align: center\"><strong>La\u00eds Leni Oliveira Lima, Taira Carvalho de Assis <\/strong><\/p>\n<p style=\"text-align: justify\"><strong>Objetivo(s) do Minicurso\/Oficina: <\/strong>Investigar a rela\u00e7\u00e3o entre desenvolvimento e ensino;<br \/>\nDebater sobre o papel do professor e do ensino na perspectiva de Vigotski, Leontiev e Elkonin;<br \/>\nCompreender que a produ\u00e7\u00e3o te\u00f3rica da psicologia Hist\u00f3rico-Cultural sustenta a defesa do ensino como elemento fundante do papel do professor<\/p>\n<p style=\"text-align: justify\"><strong>P\u00fablico-alvo do Minicurso\/Oficina: <\/strong>Discentes de Pedagogia e demais cursos de Licenciatura, pesquisadores da educa\u00e7\u00e3o e pessoas interessadas pelo tema<\/p>\n<p style=\"text-align: justify\"><strong>Vagas: <\/strong>15<\/p>\n<p style=\"text-align: center\"><strong><span style=\"color: #0000ff\">FORMA\u00c7\u00c3O CONTINUADA DE PROFESSORES QUE ENSINAM MATEM\u00c1TICA NUMA PERSPECTIVA INCLUSIVA: TABUADA GEOM\u00c9TRICA PARA LIDAR COM AS ESPECIFICIDADES DA DISCALCULIA<\/span><\/strong><\/p>\n<p style=\"text-align: center\"><strong>Ewerson Tavares da Silva, Ana Paula de Souza, Gabriela Silva Lemes, Jordana de Oliveira do Amaral, Luciana Alves da Silva Costa<\/strong><\/p>\n<p style=\"text-align: justify\"><strong>Objetivo(s) do Minicurso\/Oficina: <\/strong>Discutir sobre a import\u00e2ncia de pr\u00e1ticas Inclusivas para o Ensino de Matem\u00e1tica;<br \/>\nVerificar os conhecimentos que estes professores possuem sobre transtornos de aprendizados;<br \/>\nDialogar sobre a discalculia enquanto um transtorno de aprendizado;<br \/>\nApresentar propostas de atividades que exploram a tabuada geom\u00e9trica enquanto instrumento para Ensino de Matem\u00e1tica numa perspectiva Inclusiva.&#8221;<\/p>\n<p style=\"text-align: justify\"><strong>P\u00fablico-alvo do Minicurso\/Oficina: <\/strong>A oficina aqui proposta tem como horizonte propor reflex\u00f5es e apresentar propostas de atividades que possam subsidiar a pr\u00e1tica de Professores que ensinam matem\u00e1tica na Educa\u00e7\u00e3o B\u00e1sica (Professores de matem\u00e1tica e pedagogos), al\u00e9m de subsidiar a pr\u00e1tica de professores de apoio. Dessa forma, profissionais com essa forma\u00e7\u00e3o s\u00e3o o nosso p\u00fablico alvo.<\/p>\n<p style=\"text-align: justify\"><strong>Vagas: <\/strong>30<\/p>\n<p style=\"text-align: center\"><strong><span style=\"color: #0000ff\">A ROB\u00d3TICA LEGO MINDSTORMS EV3 NA PROPOSTA STEM<\/span><\/strong><\/p>\n<p style=\"text-align: center\"><strong>Vagner Lucio Paulino<\/strong><\/p>\n<p style=\"text-align: justify\"><strong>Objetivo(s) do Minicurso\/Oficina: <\/strong>Refletir sobre o movimento STEM (Ci\u00eancia, Tecnologia, Engenharia e Matem\u00e1tica) e a possibilidade do uso de rob\u00f3tica para abordar conceitos de f\u00edsica e matem\u00e1tica segundo essa proposta.<\/p>\n<p style=\"text-align: justify\"><strong>P\u00fablico-alvo do Minicurso\/Oficina: <\/strong>Professores de F\u00edsica e Matem\u00e1tica da Educa\u00e7\u00e3o B\u00e1sica e alunos de gradua\u00e7\u00e3o de F\u00edsica e Matem\u00e1tica.<\/p>\n<p style=\"text-align: justify\"><strong>Vagas: <\/strong>16<\/p>\n<p style=\"text-align: center\"><strong><span style=\"color: #0000ff\">FANZINE: RECURSO PEDAG\u00d3GICO PARA INCENTIVAR A PRODU\u00c7\u00c3O TEXTUAL EM CI\u00caNCIAS E MATEM\u00c1TICA<\/span><\/strong><\/p>\n<p style=\"text-align: center\"><strong>Shirley Alves de Souza Fernandes, Flomar Ambrosina Oliveira Chagas, Alexandre Fermaniam Neto, Lu\u00eds Pereira de Amorim, Nelma Goulart Santos, <\/strong><\/p>\n<p style=\"text-align: justify\"><strong>Objetivo(s) do Minicurso\/Oficina: <\/strong>Instrumentar professores, futuros professores e demais interessados para confec\u00e7\u00e3o de fanzines \u2013 recursos pedag\u00f3gicos e suportes de diferentes g\u00eaneros textuais;<br \/>\nDivulgar o fanzine como recurso pedag\u00f3gico para incentivo de produ\u00e7\u00e3o textual na \u00e1rea de Ci\u00eancias e Matem\u00e1tica;<br \/>\nFomentar a divulga\u00e7\u00e3o de assuntos do cotidiano e express\u00e3o de ideias, na produ\u00e7\u00e3o de fanzines como forma de manifesta\u00e7\u00e3o e resist\u00eancia;<br \/>\nDespertar o escritor que existe em cada pessoa, por meio da produ\u00e7\u00e3o, publica\u00e7\u00e3o e divulga\u00e7\u00e3o, livre e artesanal do fanzine.<\/p>\n<p style=\"text-align: justify\"><strong>P\u00fablico-alvo do Minicurso\/Oficina: <\/strong>Professores da educa\u00e7\u00e3o b\u00e1sica, acad\u00eamicos dos cursos de licenciatura e demais profissionais da \u00e1rea de comunica\u00e7\u00e3o que se interessarem por Fanzines (publica\u00e7\u00f5es independentes).<\/p>\n<p style=\"text-align: justify\"><strong>Vagas: <\/strong>30<\/p>\n","protected":false},"excerpt":{"rendered":"<p>Inscri\u00e7\u00f5es Abertas &#8211; Clique aqui para se inscrever Para se inscrever no evento &#8211; Clique Aqui EDUCA\u00c7\u00c3O AMBIENTAL NO CAMPO \u2013 ENTENDENDO OS SERVI\u00c7OS ECOSSIST\u00caMICOS Christiano Peres Coelho Objetivo(s) do Minicurso\/Oficina: O objetivo do mini-curso \u00e9 trazer de forma clara e objetiva esclarecimentos sobre os principais servi\u00e7os ecossist\u00eamicos nos ambientes naturais, destacando a import\u00e2ncia desses <a class=\"more-link\" href=\"https:\/\/eventos.ifg.edu.br\/semlic\/minof2019\/\">&hellip; Continue lendo&hellip; &rarr;<\/a><\/p>\n","protected":false},"author":111,"featured_media":0,"parent":0,"menu_order":0,"comment_status":"closed","ping_status":"closed","template":"","meta":{"ngg_post_thumbnail":0,"footnotes":""},"class_list":["post-2123","page","type-page","status-publish","hentry"],"_links":{"self":[{"href":"https:\/\/eventos.ifg.edu.br\/semlic\/wp-json\/wp\/v2\/pages\/2123"}],"collection":[{"href":"https:\/\/eventos.ifg.edu.br\/semlic\/wp-json\/wp\/v2\/pages"}],"about":[{"href":"https:\/\/eventos.ifg.edu.br\/semlic\/wp-json\/wp\/v2\/types\/page"}],"author":[{"embeddable":true,"href":"https:\/\/eventos.ifg.edu.br\/semlic\/wp-json\/wp\/v2\/users\/111"}],"replies":[{"embeddable":true,"href":"https:\/\/eventos.ifg.edu.br\/semlic\/wp-json\/wp\/v2\/comments?post=2123"}],"version-history":[{"count":11,"href":"https:\/\/eventos.ifg.edu.br\/semlic\/wp-json\/wp\/v2\/pages\/2123\/revisions"}],"predecessor-version":[{"id":2237,"href":"https:\/\/eventos.ifg.edu.br\/semlic\/wp-json\/wp\/v2\/pages\/2123\/revisions\/2237"}],"wp:attachment":[{"href":"https:\/\/eventos.ifg.edu.br\/semlic\/wp-json\/wp\/v2\/media?parent=2123"}],"curies":[{"name":"wp","href":"https:\/\/api.w.org\/{rel}","templated":true}]}}