{"id":21,"date":"2014-09-09T18:19:52","date_gmt":"2014-09-09T18:19:52","guid":{"rendered":"http:\/\/localhost\/wordpress\/?page_id=21"},"modified":"2021-06-21T08:27:29","modified_gmt":"2021-06-21T11:27:29","slug":"pagina-inicial","status":"publish","type":"page","link":"https:\/\/eventos.ifg.edu.br\/semlic\/pagina-inicial\/","title":{"rendered":"Semlic 2020-2021"},"content":{"rendered":"<p><a href=\"https:\/\/www.youtube.com\/watch?v=jVRGMmjzKOA\"><img fetchpriority=\"high\" decoding=\"async\" class=\"alignleft size-full wp-image-2543\" src=\"http:\/\/eventos.ifg.edu.br\/semlic\/wp-content\/uploads\/sites\/49\/2014\/09\/2106-Clique-aqui-para-assistir.png\" alt=\"Clique aqui para assistir\" width=\"1920\" height=\"1080\"><\/a><br \/>\n<a href=\"http:\/\/eventos.ifg.edu.br\/semlic\/inscricoes\/\"><br \/>\n<img decoding=\"async\" class=\"alignleft size-full wp-image-2529\" src=\"http:\/\/eventos.ifg.edu.br\/semlic\/wp-content\/uploads\/sites\/49\/2014\/09\/inscricao5.png\" width=\"600\" height=\"300\"><\/a><\/p>\n<p style=\"margin: 0cm 0cm 15.0pt 0cm\"><span style=\"font-family: 'Arial',sans-serif;color: #404040\">A Semana de Licenciatura e o Semin\u00e1rio da P\u00f3s-Gradua\u00e7\u00e3o em Educa\u00e7\u00e3o para Ci\u00eancias e Matem\u00e1tica ocorrem anualmente no calend\u00e1rio do Instituto Federal de Educa\u00e7\u00e3o, Ci\u00eancia e Tecnologia de Goi\u00e1s (IFG) \u2013 C\u00e2mpus Jata\u00ed. Excepcionalmente no ano letivo de 2020, diante das incertezas causadas pela Pandemia, a comiss\u00e3o organizadora decidiu por adiar o evento para o ano de 2021.<\/span><\/p>\n<p style=\"margin: 0cm 0cm 15.0pt 0cm\"><span style=\"font-family: 'Arial',sans-serif;color: #404040\"> O Instituto Federal de Goi\u00e1s (IFG) &#8211; Campus Jata\u00ed realiza entre os dias 21 e 23 de junho de 2021, a XVII Semana de Licenciatura e VIII Semin\u00e1rio da P\u00f3s-Gradua\u00e7\u00e3o em Educa\u00e7\u00e3o para Ci\u00eancias e Matem\u00e1tica . O evento tem como tema &#8220;A import\u00e2ncia da Educa\u00e7\u00e3o e da Ci\u00eancia em Tempos de Crise&#8221;.<\/span><\/p>\n<p style=\"margin: 0cm 0cm 15.0pt 0cm\"><span style=\"font-family: 'Arial',sans-serif;color: #404040\"> O evento ser\u00e1 realizado online pelas plataformas Google Meet e Youtube, sendo o p\u00fablico alvo&nbsp;composto pelos servidores e discentes da Educa\u00e7\u00e3o B\u00e1sica, da gradua\u00e7\u00e3o e da p\u00f3s-gradua\u00e7\u00e3o do pr\u00f3prio IFG, bem como os de institui\u00e7\u00f5es de ensino do munic\u00edpio e regi\u00e3o.<\/span><\/p>\n<p><img decoding=\"async\" class=\"alignleft size-full wp-image-2528\" src=\"http:\/\/eventos.ifg.edu.br\/semlic\/wp-content\/uploads\/sites\/49\/2014\/09\/inscricao3.png\" alt=\"inscricao3\" width=\"6912\" height=\"3456\"><\/p>\n","protected":false},"excerpt":{"rendered":"<p>A Semana de Licenciatura e o Semin\u00e1rio da P\u00f3s-Gradua\u00e7\u00e3o em Educa\u00e7\u00e3o para Ci\u00eancias e Matem\u00e1tica ocorrem anualmente no calend\u00e1rio do Instituto Federal de Educa\u00e7\u00e3o, Ci\u00eancia e Tecnologia de Goi\u00e1s (IFG) \u2013 C\u00e2mpus Jata\u00ed. Excepcionalmente no ano letivo de 2020, diante das incertezas causadas pela Pandemia, a comiss\u00e3o organizadora decidiu por adiar o evento para o <a class=\"more-link\" href=\"https:\/\/eventos.ifg.edu.br\/semlic\/pagina-inicial\/\">&hellip; Continue lendo&hellip; &rarr;<\/a><\/p>\n","protected":false},"author":111,"featured_media":2291,"parent":0,"menu_order":0,"comment_status":"closed","ping_status":"open","template":"","meta":{"ngg_post_thumbnail":0,"footnotes":""},"class_list":["post-21","page","type-page","status-publish","has-post-thumbnail","hentry"],"_links":{"self":[{"href":"https:\/\/eventos.ifg.edu.br\/semlic\/wp-json\/wp\/v2\/pages\/21"}],"collection":[{"href":"https:\/\/eventos.ifg.edu.br\/semlic\/wp-json\/wp\/v2\/pages"}],"about":[{"href":"https:\/\/eventos.ifg.edu.br\/semlic\/wp-json\/wp\/v2\/types\/page"}],"author":[{"embeddable":true,"href":"https:\/\/eventos.ifg.edu.br\/semlic\/wp-json\/wp\/v2\/users\/111"}],"replies":[{"embeddable":true,"href":"https:\/\/eventos.ifg.edu.br\/semlic\/wp-json\/wp\/v2\/comments?post=21"}],"version-history":[{"count":34,"href":"https:\/\/eventos.ifg.edu.br\/semlic\/wp-json\/wp\/v2\/pages\/21\/revisions"}],"predecessor-version":[{"id":2545,"href":"https:\/\/eventos.ifg.edu.br\/semlic\/wp-json\/wp\/v2\/pages\/21\/revisions\/2545"}],"wp:featuredmedia":[{"embeddable":true,"href":"https:\/\/eventos.ifg.edu.br\/semlic\/wp-json\/wp\/v2\/media\/2291"}],"wp:attachment":[{"href":"https:\/\/eventos.ifg.edu.br\/semlic\/wp-json\/wp\/v2\/media?parent=21"}],"curies":[{"name":"wp","href":"https:\/\/api.w.org\/{rel}","templated":true}]}}