{"id":1893,"date":"2014-09-09T18:14:46","date_gmt":"2014-09-09T18:14:46","guid":{"rendered":"http:\/\/localhost\/wordpress\/?page_id=6"},"modified":"2014-09-09T18:14:46","modified_gmt":"2014-09-09T18:14:46","slug":"submissoes2015","status":"publish","type":"page","link":"https:\/\/eventos.ifg.edu.br\/semlic\/submissoes2015\/","title":{"rendered":"Submiss\u00f5es 2015"},"content":{"rendered":"<h3 style=\"text-align: center\"><strong>Envio de Trabalhos e Propostas de Minicursos\u00a02015 &#8211; <span style=\"color: #ff0000\">SUBMISS\u00d5ES ENCERRADAS<\/span><\/strong><\/h3>\n<h4 style=\"text-align: center\"><strong>Datas Importantes<\/strong><\/h4>\n<p style=\"text-align: left\"><strong><span style=\"color: #000000\">Envio dos trabalhos:\u00a0<\/span><span style=\"color: #000000\"><span style=\"color: #ff0000\">31\/08 a 20\/09<\/span><\/span><\/strong><br \/>\n<strong> <span style=\"color: #000000\"> Avalia\u00e7\u00e3o dos trabalhos: <span style=\"color: #ff0000\">14\/09 a 30\/09<\/span><\/span><\/strong><br \/>\n<strong> <span style=\"color: #000000\"> Publica\u00e7\u00e3o do resultado preliminar: at\u00e9 <span style=\"color: #ff0000\">01\/10<\/span><\/span><\/strong><br \/>\n<strong> <span style=\"color: #000000\"> Envio de trabalhos com corre\u00e7\u00e3o final: <span style=\"color: #ff0000\">at\u00e9 04\/10<\/span><\/span><\/strong><br \/>\n<strong> <span style=\"color: #000000\"> Publica\u00e7\u00e3o do resultado final:<span style=\"color: #ff0000\">\u00a0at\u00e9 09\/10<\/span><\/span><\/strong><\/p>\n<h4 style=\"text-align: center\">Instru\u00e7\u00f5es para envio de trabalhos:<\/h4>\n<p style=\"text-align: justify\"><span style=\"color: #ff0000\"><strong>\u00a0<span style=\"color: #000000\">1) <span style=\"color: #ff0000\">LEIA<\/span> as Normas para envio de trabalhos e minicursos <span style=\"color: #ff0000\">ANTES<\/span> de come\u00e7ar<\/span><\/strong><\/span><br \/>\n<span style=\"color: #0000ff\"> <a href=\"http:\/\/eventos.ifg.edu.br\/semlic\/wp-content\/uploads\/sites\/49\/2015\/09\/Normas_Semlic2015v2.pdf\" target=\"_blank\" rel=\"noopener\">Todas as normas est\u00e3o dispon\u00edveis aqui (clique para baixar)<\/a>\u00a0(Atualizado em 02\/09\/15)<\/span><\/p>\n<p style=\"text-align: justify\"><span style=\"color: #000000\"><strong>2) Modelos de Documentos<\/strong><\/span><br \/>\nPara come\u00e7ar seu trabalho pegue um dos modelos que foi disponibilizado pela comiss\u00e3o organizadora (clique para baixar).<\/p>\n<ul>\n<li><span style=\"color: #ff6600\"><a style=\"color: #ff6600\" href=\"http:\/\/eventos.ifg.edu.br\/semlic\/wp-content\/uploads\/sites\/49\/2015\/09\/Modelo_ComunicacaoSemlic2015.doc\" target=\"_blank\" rel=\"noopener\">Comunica\u00e7\u00e3o Cient\u00edfica<\/a>\u00a0<\/span>(.doc) <span style=\"color: #0000ff\">(ARTIGO COMPLETO)<\/span><\/li>\n<li><a href=\"http:\/\/eventos.ifg.edu.br\/semlic\/wp-content\/uploads\/sites\/49\/2015\/09\/Modelo_MinicursoSemlic2015.doc\" target=\"_blank\" rel=\"noopener\"><span style=\"color: #000000\"><span style=\"color: #ff6600\">Minicurso<\/span>\u00a0<\/span><\/a>(.doc) <span style=\"color: #0000ff\">(RESUMO EXPANDIDO)<\/span><\/li>\n<li><span style=\"color: #ff6600\"><a style=\"color: #ff6600\" href=\"http:\/\/eventos.ifg.edu.br\/semlic\/wp-content\/uploads\/sites\/49\/2015\/09\/Modelo_PosterSemlic2015.doc\">Poster<\/a> <\/span>(submiss\u00e3o\/publica\u00e7\u00e3o .doc)\u00a0<span style=\"color: #0000ff\">(RESUMO EXPANDIDO)<\/span><\/li>\n<li><span style=\"color: #ff9900\"><a style=\"color: #ff9900\" href=\"http:\/\/eventos.ifg.edu.br\/semlic\/wp-content\/uploads\/sites\/49\/2015\/09\/Modelo_Poster_Semlic2015.ppt\">Poster<\/a> <\/span>(apresenta\u00e7\u00e3o .ppt) (<span style=\"color: #0000ff\">FORMATO PARA IMPRESS\u00c3O)<\/span><\/li>\n<\/ul>\n<p><strong>3)\u00a0<\/strong><strong>Instru\u00e7\u00f5es para envio dos arquivos dos trabalhos (Plataforma SEER)<\/strong><br \/>\n<span style=\"color: #0000ff\"><a href=\"http:\/\/www.simposiomestradoifg.net.br\/semlic\/wp-content\/uploads\/2015\/08\/InstrucoesSubmissao_Semlic2015.pdf\" target=\"_blank\" rel=\"noopener\">Baixe as instru\u00e7\u00f5es aqui<\/a><\/span><\/p>\n<p><strong>4) Link para enviar (<span style=\"color: #ff0000\">submiss\u00f5es encerradas<\/span>)\u00a0<\/strong><\/p>\n","protected":false},"excerpt":{"rendered":"<p>Envio de Trabalhos e Propostas de Minicursos\u00a02015 &#8211; SUBMISS\u00d5ES ENCERRADAS Datas Importantes Envio dos trabalhos:\u00a031\/08 a 20\/09 Avalia\u00e7\u00e3o dos trabalhos: 14\/09 a 30\/09 Publica\u00e7\u00e3o do resultado preliminar: at\u00e9 01\/10 Envio de trabalhos com corre\u00e7\u00e3o final: at\u00e9 04\/10 Publica\u00e7\u00e3o do resultado final:\u00a0at\u00e9 09\/10 Instru\u00e7\u00f5es para envio de trabalhos: \u00a01) LEIA as Normas para envio de trabalhos <a class=\"more-link\" href=\"https:\/\/eventos.ifg.edu.br\/semlic\/submissoes2015\/\">&hellip; Continue lendo&hellip; &rarr;<\/a><\/p>\n","protected":false},"author":111,"featured_media":0,"parent":0,"menu_order":0,"comment_status":"open","ping_status":"open","template":"","meta":{"ngg_post_thumbnail":0,"footnotes":""},"class_list":["post-1893","page","type-page","status-publish","hentry"],"_links":{"self":[{"href":"https:\/\/eventos.ifg.edu.br\/semlic\/wp-json\/wp\/v2\/pages\/1893"}],"collection":[{"href":"https:\/\/eventos.ifg.edu.br\/semlic\/wp-json\/wp\/v2\/pages"}],"about":[{"href":"https:\/\/eventos.ifg.edu.br\/semlic\/wp-json\/wp\/v2\/types\/page"}],"author":[{"embeddable":true,"href":"https:\/\/eventos.ifg.edu.br\/semlic\/wp-json\/wp\/v2\/users\/111"}],"replies":[{"embeddable":true,"href":"https:\/\/eventos.ifg.edu.br\/semlic\/wp-json\/wp\/v2\/comments?post=1893"}],"version-history":[{"count":0,"href":"https:\/\/eventos.ifg.edu.br\/semlic\/wp-json\/wp\/v2\/pages\/1893\/revisions"}],"wp:attachment":[{"href":"https:\/\/eventos.ifg.edu.br\/semlic\/wp-json\/wp\/v2\/media?parent=1893"}],"curies":[{"name":"wp","href":"https:\/\/api.w.org\/{rel}","templated":true}]}}