{"id":1876,"date":"2019-06-24T13:41:48","date_gmt":"2019-06-24T16:41:48","guid":{"rendered":"http:\/\/www.semlic.com.br\/semlic\/?page_id=1876"},"modified":"2019-06-24T13:41:48","modified_gmt":"2019-06-24T16:41:48","slug":"normas2018","status":"publish","type":"page","link":"https:\/\/eventos.ifg.edu.br\/semlic\/normas2018\/","title":{"rendered":"Normas 2018"},"content":{"rendered":"\n<h2>Normas e Orienta\u00e7\u00f5es para a Elabora\u00e7\u00e3o e Submiss\u00e3o dos Trabalhos<\/h2>\n<p><\/p>\n","protected":false},"excerpt":{"rendered":"","protected":false},"author":111,"featured_media":0,"parent":0,"menu_order":0,"comment_status":"closed","ping_status":"closed","template":"","meta":{"ngg_post_thumbnail":0,"footnotes":""},"class_list":["post-1876","page","type-page","status-publish","hentry"],"_links":{"self":[{"href":"https:\/\/eventos.ifg.edu.br\/semlic\/wp-json\/wp\/v2\/pages\/1876"}],"collection":[{"href":"https:\/\/eventos.ifg.edu.br\/semlic\/wp-json\/wp\/v2\/pages"}],"about":[{"href":"https:\/\/eventos.ifg.edu.br\/semlic\/wp-json\/wp\/v2\/types\/page"}],"author":[{"embeddable":true,"href":"https:\/\/eventos.ifg.edu.br\/semlic\/wp-json\/wp\/v2\/users\/111"}],"replies":[{"embeddable":true,"href":"https:\/\/eventos.ifg.edu.br\/semlic\/wp-json\/wp\/v2\/comments?post=1876"}],"version-history":[{"count":0,"href":"https:\/\/eventos.ifg.edu.br\/semlic\/wp-json\/wp\/v2\/pages\/1876\/revisions"}],"wp:attachment":[{"href":"https:\/\/eventos.ifg.edu.br\/semlic\/wp-json\/wp\/v2\/media?parent=1876"}],"curies":[{"name":"wp","href":"https:\/\/api.w.org\/{rel}","templated":true}]}}