{"id":1857,"date":"2019-06-18T13:52:46","date_gmt":"2019-06-18T16:52:46","guid":{"rendered":"http:\/\/www.semlic.com.br\/semlic\/?page_id=1857"},"modified":"2019-10-03T01:27:38","modified_gmt":"2019-10-03T04:27:38","slug":"programacao20191","status":"publish","type":"page","link":"https:\/\/eventos.ifg.edu.br\/semlic\/programacao20191\/","title":{"rendered":"Programa\u00e7\u00e3o2019"},"content":{"rendered":"<h4 style=\"text-align: center\"><strong>XVI Semana de Licenciatura\r\n<\/strong><strong>VII Semin\u00e1rio da P\u00f3s-Gradua\u00e7\u00e3o em Educa\u00e7\u00e3o para Ci\u00eancias e Matem\u00e1tica<\/strong><\/h4>\r\n<h4 style=\"text-align: center\">Programa\u00e7\u00e3o Oficial do Evento<\/h4>\r\n<img fetchpriority=\"high\" decoding=\"async\" class=\"wp-image-2239 size-full aligncenter\" src=\"http:\/\/eventos.ifg.edu.br\/semlic\/wp-content\/uploads\/sites\/49\/2019\/06\/Anota\u00e7\u00e3o-2019-09-09-101433-1.png\" width=\"700\" height=\"346\">\r\n<h4 style=\"text-align: center\"><strong>Ter\u00e7a 01\/10\/19 \u201319:00 \u00e0s 19:30<\/strong>\r\n<strong>Centro de Cultura e Eventos Dom Benedito Domingos C\u00f3scia<\/strong>\r\n<span style=\"color: #3366ff\"><strong>Momento Cultural \u2013 Grupo Corp\u2019Afronte<\/strong><\/span><\/h4>\r\n<strong>&nbsp;<\/strong><strong>Prof. Me. Jackson Douglas Leal Silva, Stefani Raimann Ribeiro, Gabriella Santos Carvalho, Maria Eduarda Gomes, Amanda Lethicia Soares Leal, \u00camilly De Freitas, Yasmin Soares, Maria Eduarda Santos Nascimento, Karine Fernandes Oliveira.<\/strong>\r\n\r\nO grupo, Corp&#8217;Afronte, apresentar\u00e1 o espet\u00e1culo po\u00e9tico &#8220;Censura calada&#8221;.&nbsp; Com m\u00fasicas, dan\u00e7as e teatro o grupo busca refletir sobre o empoderamento feminino, assim como, a autonomia sobre o corpo. Corpo, este, que \u00e9 censurado, objetificado e calado pelo patriarcado. Esse poder hegem\u00f4nico contribui com os elevados \u00edndices de feminic\u00eddio no Brasil. No Brasil, a cada 11 minutos acontece um caso de estrupo e cerca de 70% das v\u00edtimas s\u00e3o crian\u00e7as e adolescentes. A cada 7.2 segundos uma mulher \u00e9 v\u00edtima de viol\u00eancia f\u00edsica. Assim, por meio do espet\u00e1culo po\u00e9tico &#8220;Censura calada&#8221; o grupo traz aos palcos a possibilidade da den\u00fancia e a reflex\u00e3o: Somos donas do nosso corpo!\r\n<h4 style=\"text-align: center\">Ter\u00e7a 01\/10\/19 \u201319:30 as 22:15\r\nPalestra de Abertura e Aula Inaugural do PPGE UFG\/Jata\u00ed\r\nCentro De Cultura e Eventos Dom Benedito Domingos C\u00f3scia\r\n<a href=\"http:\/\/lattes.cnpq.br\/7640102236711284\">Prof. Dr. Jadir de Morais Pessoa<\/a><\/h4>\r\n<p style=\"text-align: justify\">Licenciado em Filosofia pela Pontif\u00edcia Universidade Cat\u00f3lica de Campinas-PUCCAMP (1980), bacharel em Teologia pela Pontif\u00edcia Universidade Cat\u00f3lica de Campinas-PUCCAMP (1984), mestre em Antropologia Social pela Universidade Estadual de Campinas-UNICAMP (1990) e doutor em Ci\u00eancias Sociais pela Universidade Estadual de Campinas-UNICAMP (1997). \u00c9 professor titular na Faculdade de Educa\u00e7\u00e3o da Universidade Federal de Goi\u00e1s-UFG. Membro do comit\u00ea de avalia\u00e7\u00e3o da \u00c1rea de Educa\u00e7\u00e3o na CAPES nos tri\u00eanios 2007-2009 e 2010-2012. \u00c9 membro da Comiss\u00e3o Goiana de Folclore e S\u00f3cio Titular do Instituto Hist\u00f3rico e Geogr\u00e1fico de Goi\u00e1s. \u00c1reas de atua\u00e7\u00e3o (pesquisa e\/ou orienta\u00e7\u00e3o): Antropologia, Sociologia da Educa\u00e7\u00e3o, Religiosidade popular, Educa\u00e7\u00e3o e ruralidades, Cultura camponesa, Movimentos sociais e educa\u00e7\u00e3o, Assentamentos rurais, Educa\u00e7\u00e3o popular.&nbsp;<\/p>\r\n\r\n<h4 style=\"text-align: center\">Quarta 02\/10\/2019 14:00 \u00e0s 17:15 &#8211; Minicursos e Oficinas\r\nIFG \u2013 Unidade Flamboyant<\/h4>\r\n<p style=\"text-align: center\"><a href=\"http:\/\/eventos.ifg.edu.br\/semlic\/minof2019\/\">Detalhamento dos Minicursos e Oficinas, clique aqui<\/a><\/p>\r\n<p style=\"text-align: center\"><img decoding=\"async\" class=\"alignnone wp-image-2240 size-full\" src=\"http:\/\/eventos.ifg.edu.br\/semlic\/wp-content\/uploads\/sites\/49\/2019\/06\/minicursos-1.png\" width=\"802\" height=\"387\"><\/p>\r\n<p style=\"text-align: center\"><a href=\"http:\/\/eventos.ifg.edu.br\/semlic\/minof2019\/\">Detalhamento dos Minicursos e Oficinas, clique aqui\r\n<\/a><\/p>\r\n\r\n<h4 style=\"text-align: center\">Quarta 19:00 \u00e0s 22:15&nbsp;&nbsp;&#8211; Minicursos e Oficinas\r\nIFG \u2013 Unidade Flamboyant<\/h4>\r\n<img decoding=\"async\" class=\"alignnone wp-image-2241 size-full\" src=\"http:\/\/eventos.ifg.edu.br\/semlic\/wp-content\/uploads\/sites\/49\/2019\/06\/minicursos-2.png\" width=\"803\" height=\"439\">\r\n<p style=\"text-align: center\"><a href=\"http:\/\/eventos.ifg.edu.br\/semlic\/minof2019\/\">Detalhamento dos Minicursos e Oficinas, clique aqui<\/a><\/p>\r\n\r\n<h4 style=\"text-align: center\">Quinta 03\/10\/2019 14:00 \u00e0s 17:15 &#8211; Minicursos e Oficinas\r\nIFG \u2013 Unidade Flamboyant<\/h4>\r\n<p style=\"text-align: center\"><img loading=\"lazy\" decoding=\"async\" class=\"alignnone wp-image-2242 size-full\" src=\"http:\/\/eventos.ifg.edu.br\/semlic\/wp-content\/uploads\/sites\/49\/2019\/06\/minicursos-3.png\" width=\"799\" height=\"453\"><\/p>\r\n<p style=\"text-align: center\"><a href=\"http:\/\/eventos.ifg.edu.br\/semlic\/minof2019\/\">Detalhamento dos Minicursos e Oficinas, clique aqui<\/a><\/p>\r\n\r\n<h4 style=\"text-align: center\">Quinta &#8211; 03\/10\/19 &#8211; 19:00 as 22:15\r\nPalestra \u201cFor\u00e7a \u00e9 igual a Massa vezes Imagina\u00e7\u00e3o\u201d\r\nCentro De Cultura e Eventos Dom Benedito Domingos C\u00f3scia\r\n<a href=\"http:\/\/lattes.cnpq.br\/3074450198823435\">Profa. Dra. Elika Takimoto<\/a><\/h4>\r\n<p style=\"text-align: justify\">Sinopse: Nesta palestra, procuro mostrar a import\u00e2ncia da leitura na nossa mente contando N hist\u00f3rias diferentes e todas interconectadas. Paradigmas sobre Educa\u00e7\u00e3o ser\u00e3o quebrados assim como a fal\u00e1cia da diferen\u00e7a entre Ci\u00eancias Exatas e Ci\u00eancias Humanas. O objetivo \u00e9 fazer com que, ao final de minha exposi\u00e7\u00e3o, todos tenham sa\u00eddo da zona de conforto (esse local que se morre em vida) e que os jovens saiam \u00e1vidos para lerem um livro. Qualquer livro.\r\nPerfil do p\u00fablico-alvo: Alunos e professores do Ensino M\u00e9dio, licenciandos e educadores de uma forma geral, principalmente. Por\u00e9m, qualquer cidad\u00e3o pode assistir a palestra e se emocionar independente da \u00e1rea em que atue.<\/p>\r\n\r\n<h4 style=\"text-align: center\">Sexta &#8211; 04\/10\/19 \u2013 07:30 as 11:15 e 14:00 as 17:15\r\nComunica\u00e7\u00f5es Orais\r\nIFG \u2013 C\u00e2mpus Jata\u00ed \u2013 Unidade Flamboyant<\/h4>\r\n<p style=\"text-align: center\">[google-drive-embed url=&#8221;https:\/\/drive.google.com\/file\/d\/1a0QB6IZXU3SJhhYv0Scj0Qz30wL04rky\/preview?usp=drivesdk&#8221; title=&#8221;Programa\u00e7\u00e3o &#8211; Comunica\u00e7\u00f5es Orais &#8211; Semlic 2019 Site.docx&#8221; icon=&#8221;https:\/\/drive-thirdparty.googleusercontent.com\/16\/type\/application\/vnd.openxmlformats-officedocument.wordprocessingml.document&#8221; width=&#8221;100%&#8221; height=&#8221;800&#8243; style=&#8221;embed&#8221;]<\/p>\r\n\r\n<h4 style=\"text-align: center\">Sexta &#8211; 04\/10\/19 \u2013 19:00 as 20:00\r\nApresenta\u00e7\u00e3o de P\u00f4steres\r\nCentro de Cultura e Eventos Dom Benedito Domingos C\u00f3scia<\/h4>\r\n<p style=\"text-align: center\">[google-drive-embed url=&#8221;https:\/\/drive.google.com\/file\/d\/1ijHR7oaECtU4WYvsMXmOpPOpebYyaVBs\/preview?usp=drivesdk&#8221; title=&#8221;Programa\u00e7\u00e3o &#8211; P\u00f4steres &#8211; Semlic 2019 site.docx&#8221; icon=&#8221;https:\/\/drive-thirdparty.googleusercontent.com\/16\/type\/application\/vnd.openxmlformats-officedocument.wordprocessingml.document&#8221; width=&#8221;100%&#8221; height=&#8221;800&#8243; style=&#8221;embed&#8221;]<\/p>\r\n<p style=\"text-align: center\">&nbsp;<\/p>\r\n\r\n<h4 style=\"text-align: center\">Sexta 04\/10\/19 \u2013 20:00 as 22:15 &#8211; Mesa Redonda\r\nCentro De Cultura e Eventos Dom Benedito Domingos C\u00f3scia\r\n<a href=\"http:\/\/lattes.cnpq.br\/8433607360245647\">Profa Dra. Anna Maria Canavarro Benite<\/a><\/h4>\r\n<p style=\"text-align: justify\">Doutora e Mestre em Ci\u00eancias e Licenciada em Qu\u00edmica (UFRJ\/ 2005). Professora Associada e Coordenadora do PIBID QU\u00cdMICA da Universidade Federal de Goi\u00e1s. Coordenadora do Laborat\u00f3rio de Pesquisas em Educa\u00e7\u00e3o Qu\u00edmica e Inclus\u00e3o- LPEQI da UFG (2006) onde instituiu em 2009 o Coletivo CIATA &#8211; Grupo de Estudos sobre a Descoloniza\u00e7\u00e3o do Curr\u00edculo de Ci\u00eancias, cujas a\u00e7\u00f5es desenvolvidas renderam em 2013 &#8211; Diploma de Reconhecimento por a\u00e7\u00e3o cotidiana na luta pela defesa, promo\u00e7\u00e3o e prote\u00e7\u00e3o dos direitos humanos em Goi\u00e1s; em 2014 &#8211; Honra ao M\u00e9rito pela Assessoria Especial para Direitos Humanos e Cidadania; 2016- Pr\u00eamio Mulher Combativa pela C\u00e2mara Municipal de Goi\u00e1s. Representante do Conselho Estadual de Promo\u00e7\u00e3o da Igualdade Racial do Estado de Goi\u00e1s. Ativista do Grupo de Mulheres Negras Dandara no Cerrado. Membro do Conselho Nacional de Promo\u00e7\u00e3o da Igualdade Racial &#8211; CNPIR. (2016\/2018), Coordenadora da Rede Goiana Interdisciplinar de Pesquisas em Educa\u00e7\u00e3o Inclusiva- RPEI. Membro da Associa\u00e7\u00e3o Brasileira de Pesquisa em Ensino de Ci\u00eancias e Presidente da Associa\u00e7\u00e3o Brasileira de Pesquisadores\/as Negros\/as Gest\u00e3o 2016-2018. Secret\u00e1ria Executiva da Associa\u00e7\u00e3o Brasileira de Pesquisadores Negros\/as Gest\u00e3o 2108-2020. Assessora da Funda\u00e7\u00e3o de Amparo a Pesquisa do Estado de Goi\u00e1s. Atua na \u00e1rea de Ensino de Qu\u00edmica com foco nos seguintes temas: cultura e hist\u00f3ria africana no ensino de ci\u00eancias, ensino de ci\u00eancias de matriz africana e da di\u00e1spora, cibercultura na educa\u00e7\u00e3o inclusiva e pol\u00edticas de a\u00e7\u00f5es afirmativas<\/p>\r\n<p style=\"text-align: justify\">Curr\u00edculo:&nbsp;<a href=\"http:\/\/lattes.cnpq.br\/8433607360245647\">http:\/\/lattes.cnpq.br\/8433607360245647<\/a><\/p>\r\n\r\n<h4 style=\"text-align: center\"><a href=\"http:\/\/lattes.cnpq.br\/3074450198823435\">Profa Dra. Elika Takimoto<\/a><\/h4>\r\n<p style=\"text-align: justify\">Elika Takimoto \u00e9 vencedora do Pr\u00eamio Saraiva Literatura, categoria: cr\u00f4nicas. Doutora em Filosofia pela UERJ. Mestre em Hist\u00f3ria das Ci\u00eancias e das T\u00e9cnicas e Epistemologia pela UFRJ. Graduada em F\u00edsica pela UFRJ, Professora e Coordenadora de F\u00edsica do CEFET\/RJ. Integrante do grupo de pesquisa Estudos Sociais e Conceituais de Ci\u00eancia, Sociedade e Tecnologia. Possui gradua\u00e7\u00e3o em Licenciatura de F\u00edsica pela Universidade Federal do Rio de Janeiro (1996) e mestrado em Hist\u00f3ria das Ci\u00eancias e das T\u00e9cnicas e Epistemologia tamb\u00e9m pela UFRJ (2007).<\/p>\r\n<p style=\"text-align: justify\">Autora de mais de dez livros, dentre eles: Hist\u00f3ria da f\u00edsica na sala de aula, Minha vida \u00e9 um blog aberto, Como enlouquecer seu professor de f\u00edsica, Filhosofia, Beleza suburbana, Tenso, logo escrito e Isaac no mundo das part\u00edculas<\/p>\r\nCurr\u00edculo:&nbsp;<a href=\"http:\/\/lattes.cnpq.br\/3074450198823435\">http:\/\/lattes.cnpq.br\/3074450198823435<\/a>\r\n\r\nSite pessoal:&nbsp;<a href=\"https:\/\/elikatakimoto.com\/\">https:\/\/elikatakimoto.com\/<\/a>\r\n\r\nApoio:\r\n\r\n<img loading=\"lazy\" decoding=\"async\" class=\"alignnone size-full wp-image-2244\" src=\"http:\/\/eventos.ifg.edu.br\/semlic\/wp-content\/uploads\/sites\/49\/2019\/06\/apoio.png\" alt=\"apoio\" width=\"1012\" height=\"405\">\r\n\r\n\r\n\r\n","protected":false},"excerpt":{"rendered":"<p>XVI Semana de Licenciatura VII Semin\u00e1rio da P\u00f3s-Gradua\u00e7\u00e3o em Educa\u00e7\u00e3o para Ci\u00eancias e Matem\u00e1tica Programa\u00e7\u00e3o Oficial do Evento Ter\u00e7a 01\/10\/19 \u201319:00 \u00e0s 19:30 Centro de Cultura e Eventos Dom Benedito Domingos C\u00f3scia Momento Cultural \u2013 Grupo Corp\u2019Afronte &nbsp;Prof. Me. Jackson Douglas Leal Silva, Stefani Raimann Ribeiro, Gabriella Santos Carvalho, Maria Eduarda Gomes, Amanda Lethicia Soares <a class=\"more-link\" href=\"https:\/\/eventos.ifg.edu.br\/semlic\/programacao20191\/\">&hellip; Continue lendo&hellip; &rarr;<\/a><\/p>\n","protected":false},"author":111,"featured_media":0,"parent":0,"menu_order":0,"comment_status":"closed","ping_status":"closed","template":"","meta":{"ngg_post_thumbnail":0,"footnotes":""},"class_list":["post-1857","page","type-page","status-publish","hentry"],"_links":{"self":[{"href":"https:\/\/eventos.ifg.edu.br\/semlic\/wp-json\/wp\/v2\/pages\/1857"}],"collection":[{"href":"https:\/\/eventos.ifg.edu.br\/semlic\/wp-json\/wp\/v2\/pages"}],"about":[{"href":"https:\/\/eventos.ifg.edu.br\/semlic\/wp-json\/wp\/v2\/types\/page"}],"author":[{"embeddable":true,"href":"https:\/\/eventos.ifg.edu.br\/semlic\/wp-json\/wp\/v2\/users\/111"}],"replies":[{"embeddable":true,"href":"https:\/\/eventos.ifg.edu.br\/semlic\/wp-json\/wp\/v2\/comments?post=1857"}],"version-history":[{"count":21,"href":"https:\/\/eventos.ifg.edu.br\/semlic\/wp-json\/wp\/v2\/pages\/1857\/revisions"}],"predecessor-version":[{"id":2258,"href":"https:\/\/eventos.ifg.edu.br\/semlic\/wp-json\/wp\/v2\/pages\/1857\/revisions\/2258"}],"wp:attachment":[{"href":"https:\/\/eventos.ifg.edu.br\/semlic\/wp-json\/wp\/v2\/media?parent=1857"}],"curies":[{"name":"wp","href":"https:\/\/api.w.org\/{rel}","templated":true}]}}