{"id":1653,"date":"2019-03-30T11:35:46","date_gmt":"2019-03-30T14:35:46","guid":{"rendered":"http:\/\/www.semlic.com.br\/semlic\/?page_id=1653"},"modified":"2019-10-03T01:48:36","modified_gmt":"2019-10-03T04:48:36","slug":"organizacao-2019","status":"publish","type":"page","link":"https:\/\/eventos.ifg.edu.br\/semlic\/organizacao-2019\/","title":{"rendered":"Organiza\u00e7\u00e3o 2019"},"content":{"rendered":"<h2>Comiss\u00e3o Organizadora 2019<\/h2>\n<h4>Servidores do IFG C\u00e2mpus Jata\u00ed<\/h4>\n<div><a href=\"http:\/\/lattes.cnpq.br\/8745570106823275\">Profa. Dra. Alline Braga Silva<\/a><\/div>\n<div><a href=\"http:\/\/lattes.cnpq.br\/3736643256602469\">Prof. Dr. Dominike Pacine de Andrade Deus<\/a><\/div>\n<div><a href=\"http:\/\/lattes.cnpq.br\/1371530552774194\">Profa. Dra. K\u00eania Alves Pereira Lacerda<\/a><\/div>\n<div><a href=\"http:\/\/lattes.cnpq.br\/7890404358045876\">Profa. Me. Marta Jo\u00e3o Francisco Silva Souza<\/a><\/div>\n<div><a href=\"http:\/\/lattes.cnpq.br\/1411692352066392\">Profa. Me. Naara Karolyne Morais Pereira<\/a> <strong><br \/>\n<\/strong><\/div>\n<div><a href=\"http:\/\/lattes.cnpq.br\/3800749647069676\">Prof. Me. Rodrigo Ferreira Marinho (Presidente)<\/a><\/div>\n<div><a href=\"http:\/\/lattes.cnpq.br\/3365730024974548\">Prof. Me. Wellington Vieira Ferreira<\/a><\/div>\n<h4>Comiss\u00e3o Cient\u00edfica<\/h4>\n<div><a href=\"http:\/\/lattes.cnpq.br\/8745570106823275\">Profa. Dra. Alline Braga Silva<\/a><\/div>\n<div><a href=\"http:\/\/lattes.cnpq.br\/7890404358045876\">Profa. Me. Marta Jo\u00e3o Francisco Silva Souza<\/a><\/div>\n<div>\n<div><a href=\"http:\/\/lattes.cnpq.br\/1411692352066392\">Profa. Me. Naara Karolyne Morais Pereira<\/a><\/div>\n<\/div>\n<h4>Membro Egresso<\/h4>\n<p><a href=\"http:\/\/lattes.cnpq.br\/6760086060561962\">Prof. Ma. Caroline Prado Brignoni<\/a><\/p>\n<h4>Representante Discentes<\/h4>\n<p><em>Mestrado em Educa\u00e7\u00e3o para Ci\u00eancias e Matem\u00e1tica<\/em><\/p>\n<p><a href=\"http:\/\/lattes.cnpq.br\/8264409898322195\">Fabr\u00edcio Vieira Campos<\/a><\/p>\n<p><em>Licenciatura em F\u00edsica<\/em><\/p>\n<p>Gabriel de Jesus Ogregon &#8211; Curr\u00edculo Lattes:<\/p>\n<h4>Nota:<\/h4>\n<div>Os trabalhos submetidos \u00e0 SEMANA DE LICENCIATURA e ao SEMIN\u00c1RIO DA P\u00d3S-GRADUA\u00c7\u00c3O s\u00e3o enviados pela Comiss\u00e3o Cient\u00edfica para avalia\u00e7\u00e3o, a dois especialistas diferentes. Em caso de diverg\u00eancia de avalia\u00e7\u00e3o o trabalho \u00e9 enviado para um terceiro parecerista para desempate.<\/div>\n<div>&nbsp;<\/div>\n<h4>Rela\u00e7\u00e3o de Pareceristas 2019<\/h4>\n<p>[google-drive-embed url=&#8221;https:\/\/docs.google.com\/spreadsheets\/d\/fgwp_CaXalZ5x7DCwlfjgjtLRZ7Zt0FQkQNa3OOpTv-E48\/preview?usp=drivesdk&#8221; title=&#8221;Pareceristas 2019 Site&#8221; icon=&#8221;https:\/\/drive-thirdparty.googleusercontent.com\/16\/type\/application\/vnd.google-apps.spreadsheet&#8221; width=&#8221;100%&#8221; height=&#8221;1600&#8243; style=&#8221;embed&#8221;]<\/p>\n","protected":false},"excerpt":{"rendered":"<p>Comiss\u00e3o Organizadora 2019 Servidores do IFG C\u00e2mpus Jata\u00ed Profa. Dra. Alline Braga Silva Prof. Dr. Dominike Pacine de Andrade Deus Profa. Dra. K\u00eania Alves Pereira Lacerda Profa. Me. Marta Jo\u00e3o Francisco Silva Souza Profa. Me. Naara Karolyne Morais Pereira Prof. Me. Rodrigo Ferreira Marinho (Presidente) Prof. Me. Wellington Vieira Ferreira Comiss\u00e3o Cient\u00edfica Profa. Dra. Alline <a class=\"more-link\" href=\"https:\/\/eventos.ifg.edu.br\/semlic\/organizacao-2019\/\">&hellip; Continue lendo&hellip; &rarr;<\/a><\/p>\n","protected":false},"author":111,"featured_media":0,"parent":0,"menu_order":0,"comment_status":"closed","ping_status":"closed","template":"","meta":{"ngg_post_thumbnail":0,"footnotes":""},"class_list":["post-1653","page","type-page","status-publish","hentry"],"_links":{"self":[{"href":"https:\/\/eventos.ifg.edu.br\/semlic\/wp-json\/wp\/v2\/pages\/1653"}],"collection":[{"href":"https:\/\/eventos.ifg.edu.br\/semlic\/wp-json\/wp\/v2\/pages"}],"about":[{"href":"https:\/\/eventos.ifg.edu.br\/semlic\/wp-json\/wp\/v2\/types\/page"}],"author":[{"embeddable":true,"href":"https:\/\/eventos.ifg.edu.br\/semlic\/wp-json\/wp\/v2\/users\/111"}],"replies":[{"embeddable":true,"href":"https:\/\/eventos.ifg.edu.br\/semlic\/wp-json\/wp\/v2\/comments?post=1653"}],"version-history":[{"count":2,"href":"https:\/\/eventos.ifg.edu.br\/semlic\/wp-json\/wp\/v2\/pages\/1653\/revisions"}],"predecessor-version":[{"id":2260,"href":"https:\/\/eventos.ifg.edu.br\/semlic\/wp-json\/wp\/v2\/pages\/1653\/revisions\/2260"}],"wp:attachment":[{"href":"https:\/\/eventos.ifg.edu.br\/semlic\/wp-json\/wp\/v2\/media?parent=1653"}],"curies":[{"name":"wp","href":"https:\/\/api.w.org\/{rel}","templated":true}]}}