{"id":1518,"date":"2018-09-15T09:43:33","date_gmt":"2018-09-15T12:43:33","guid":{"rendered":"http:\/\/www.semlic.com.br\/semlic\/?page_id=1518"},"modified":"2018-09-15T09:43:33","modified_gmt":"2018-09-15T12:43:33","slug":"crachas2018","status":"publish","type":"page","link":"https:\/\/eventos.ifg.edu.br\/semlic\/crachas2018\/","title":{"rendered":"Crach\u00e1s 2018"},"content":{"rendered":"<p>Digite o <strong>CPF (Apenas os n\u00fameros)<\/strong> cadastrado no evento abaixo para localizar o seu crach\u00e1 de participa\u00e7\u00e3o da Semlic 2018<\/p>\n<form id=\"getdoc\" class=\"form-inline\" action=\"\" method=\"GET\">&lt;!&#8211;<\/p>\n<h4>Insira o cpf abaixo para adquirir o certificado.<\/h4>\n<p>&#8211;&gt;<\/p>\n<div class=\"form-group\">&lt;!&#8211;<label class=\"sr-only\" for=\"cpf\">Cpf<\/label>&#8211;&gt;\n<\/div>\n<p><button class=\"btn btn-default\" type=\"submit\">Buscar<\/button><br \/>\n<span class=\"message\" style=\"font-size: 10px;color: red\">Aguarde&#8230;<\/span><br \/>\n<a class=\"result\" style=\"text-decoration: none;font-size: 12px\" href=\"#\" target=\"_blank\" rel=\"noopener\">Clique aqui para abrir o crach\u00e1.<\/a><\/p>\n<\/form>\n<p>var url=&#8221;https:\/\/script.google.com\/macros\/s\/AKfycbyyV7AJ5TLbzR3jsmUATpD6b7E1e6Fc5LdcwJj_\/exec&#8221;;$(&#8220;#getdoc&#8221;).off(&#8220;submit&#8221;).on(&#8220;submit&#8221;,function(o){o.preventDefault();var e=$(this),n=e.find(&#8220;#cpf&#8221;).val();console.log(&#8220;ENVIAR DADOS&#8221;),e.find(&#8220;.message&#8221;).html(&#8220;aguarde&#8230;&#8221;).show(),e.find(&#8220;.result&#8221;).hide(),$.ajax({url:url,method:&#8221;GET&#8221;,dataType:&#8221;json&#8221;,data:{cpf:n}}).done(function(o){console.log(o),-1!=o.indexOf(&#8220;https:\/\/drive.google.com&#8221;)?(console.log(&#8220;URL ENCONTRADA&#8221;),e.find(&#8220;.message&#8221;).hide(),e.find(&#8220;.result&#8221;).show().attr(&#8220;href&#8221;,o)):(console.log(&#8220;ERRO NO SERVICO&#8221;),e.find(&#8220;.message&#8221;).html(o))}).fail(function(o){console.log(&#8220;FAIL FAIL FAIL&#8221;,o)}).always(function(o){console.log(&#8220;DADOS ENVIADOS &#8220;)})});<\/p>\n<p>Caso n\u00e3o consiga localizar seu crach\u00e1, envie e-mail para seer.semlic@gmail.com com o assunto Crach\u00e1 Semlic 2018 e seu nome completo.<\/p>\n","protected":false},"excerpt":{"rendered":"<p>Digite o CPF (Apenas os n\u00fameros) cadastrado no evento abaixo para localizar o seu crach\u00e1 de participa\u00e7\u00e3o da Semlic 2018 &lt;!&#8211; Insira o cpf abaixo para adquirir o certificado. &#8211;&gt; &lt;!&#8211;Cpf&#8211;&gt; Buscar Aguarde&#8230; Clique aqui para abrir o crach\u00e1. var url=&#8221;https:\/\/script.google.com\/macros\/s\/AKfycbyyV7AJ5TLbzR3jsmUATpD6b7E1e6Fc5LdcwJj_\/exec&#8221;;$(&#8220;#getdoc&#8221;).off(&#8220;submit&#8221;).on(&#8220;submit&#8221;,function(o){o.preventDefault();var e=$(this),n=e.find(&#8220;#cpf&#8221;).val();console.log(&#8220;ENVIAR DADOS&#8221;),e.find(&#8220;.message&#8221;).html(&#8220;aguarde&#8230;&#8221;).show(),e.find(&#8220;.result&#8221;).hide(),$.ajax({url:url,method:&#8221;GET&#8221;,dataType:&#8221;json&#8221;,data:{cpf:n}}).done(function(o){console.log(o),-1!=o.indexOf(&#8220;https:\/\/drive.google.com&#8221;)?(console.log(&#8220;URL ENCONTRADA&#8221;),e.find(&#8220;.message&#8221;).hide(),e.find(&#8220;.result&#8221;).show().attr(&#8220;href&#8221;,o)):(console.log(&#8220;ERRO NO SERVICO&#8221;),e.find(&#8220;.message&#8221;).html(o))}).fail(function(o){console.log(&#8220;FAIL FAIL FAIL&#8221;,o)}).always(function(o){console.log(&#8220;DADOS ENVIADOS &#8220;)})}); Caso n\u00e3o consiga localizar seu <a class=\"more-link\" href=\"https:\/\/eventos.ifg.edu.br\/semlic\/crachas2018\/\">&hellip; Continue lendo&hellip; &rarr;<\/a><\/p>\n","protected":false},"author":111,"featured_media":0,"parent":0,"menu_order":0,"comment_status":"closed","ping_status":"closed","template":"","meta":{"ngg_post_thumbnail":0,"footnotes":""},"class_list":["post-1518","page","type-page","status-publish","hentry"],"_links":{"self":[{"href":"https:\/\/eventos.ifg.edu.br\/semlic\/wp-json\/wp\/v2\/pages\/1518"}],"collection":[{"href":"https:\/\/eventos.ifg.edu.br\/semlic\/wp-json\/wp\/v2\/pages"}],"about":[{"href":"https:\/\/eventos.ifg.edu.br\/semlic\/wp-json\/wp\/v2\/types\/page"}],"author":[{"embeddable":true,"href":"https:\/\/eventos.ifg.edu.br\/semlic\/wp-json\/wp\/v2\/users\/111"}],"replies":[{"embeddable":true,"href":"https:\/\/eventos.ifg.edu.br\/semlic\/wp-json\/wp\/v2\/comments?post=1518"}],"version-history":[{"count":0,"href":"https:\/\/eventos.ifg.edu.br\/semlic\/wp-json\/wp\/v2\/pages\/1518\/revisions"}],"wp:attachment":[{"href":"https:\/\/eventos.ifg.edu.br\/semlic\/wp-json\/wp\/v2\/media?parent=1518"}],"curies":[{"name":"wp","href":"https:\/\/api.w.org\/{rel}","templated":true}]}}