{"id":1313,"date":"2018-06-14T20:11:17","date_gmt":"2018-06-14T23:11:17","guid":{"rendered":"http:\/\/www.semlic.com.br\/semlic\/?page_id=1313"},"modified":"2019-07-16T13:32:15","modified_gmt":"2019-07-16T16:32:15","slug":"hoteis","status":"publish","type":"page","link":"https:\/\/eventos.ifg.edu.br\/semlic\/hoteis\/","title":{"rendered":"Hoteis"},"content":{"rendered":"<p style=\"text-align: justify\"><span style=\"font-weight: 400\">Jata\u00ed \u00e9 uma cidade de aproximadamente 100.000 habitantes e localizada no sudoeste do estado de Goi\u00e1s, no cora\u00e7\u00e3o do Brasil. Tem como atividades principais a agricultura e pecu\u00e1ria. Al\u00e9m de um com\u00e9rcio forte possui voca\u00e7\u00e3o tur\u00edstica com \u00e1guas termais e o Lago Bomsucesso, alem de possui um grande n\u00famero de hot\u00e9is.<\/span><\/p>\n<p style=\"text-align: justify\"><span style=\"font-weight: 400\">A cidade \u00e9 cortada por tr\u00eas rodovias federais (BR-060, BR-364, BR-158), o que a coloca na rota da malha rodovi\u00e1ria, a\u00e9rea e ferrovi\u00e1ria brasileira e a dota com uma infra-estrutura invej\u00e1vel para a maior parte das cidades brasileiras. Possui um aeroporto com classifica\u00e7\u00e3o internacional, inclusive com equipamentos para pousos noturnos. Os jataienses s\u00e3o acolhedores e esperam sua visita nessa cidade tamb\u00e9m conhecida como \u201ccidade abelha\u201d.<\/span><\/p>\n<p>A comiss\u00e3o Organizadora realizou o levantamento da estrutura de alguns dos hot\u00e9is da cidade:<\/p>\n<p>[google-drive-embed url=&#8221;https:\/\/docs.google.com\/document\/d\/1D2KDvIK4yLAnnHnItpqYSerzsYAB24mjwNR-vQJLza0\/preview?usp=drivesdk&#8221; title=&#8221;HoteisJatai_site_Semlic&#8221; icon=&#8221;https:\/\/drive-thirdparty.googleusercontent.com\/16\/type\/application\/vnd.google-apps.document&#8221; width=&#8221;100%&#8221; height=&#8221;1600&#8243; style=&#8221;embed&#8221;]<\/p>\n","protected":false},"excerpt":{"rendered":"<p>Jata\u00ed \u00e9 uma cidade de aproximadamente 100.000 habitantes e localizada no sudoeste do estado de Goi\u00e1s, no cora\u00e7\u00e3o do Brasil. Tem como atividades principais a agricultura e pecu\u00e1ria. Al\u00e9m de um com\u00e9rcio forte possui voca\u00e7\u00e3o tur\u00edstica com \u00e1guas termais e o Lago Bomsucesso, alem de possui um grande n\u00famero de hot\u00e9is. A cidade \u00e9 cortada <a class=\"more-link\" href=\"https:\/\/eventos.ifg.edu.br\/semlic\/hoteis\/\">&hellip; Continue lendo&hellip; &rarr;<\/a><\/p>\n","protected":false},"author":111,"featured_media":0,"parent":0,"menu_order":0,"comment_status":"closed","ping_status":"closed","template":"","meta":{"ngg_post_thumbnail":0,"footnotes":""},"class_list":["post-1313","page","type-page","status-publish","hentry"],"_links":{"self":[{"href":"https:\/\/eventos.ifg.edu.br\/semlic\/wp-json\/wp\/v2\/pages\/1313"}],"collection":[{"href":"https:\/\/eventos.ifg.edu.br\/semlic\/wp-json\/wp\/v2\/pages"}],"about":[{"href":"https:\/\/eventos.ifg.edu.br\/semlic\/wp-json\/wp\/v2\/types\/page"}],"author":[{"embeddable":true,"href":"https:\/\/eventos.ifg.edu.br\/semlic\/wp-json\/wp\/v2\/users\/111"}],"replies":[{"embeddable":true,"href":"https:\/\/eventos.ifg.edu.br\/semlic\/wp-json\/wp\/v2\/comments?post=1313"}],"version-history":[{"count":4,"href":"https:\/\/eventos.ifg.edu.br\/semlic\/wp-json\/wp\/v2\/pages\/1313\/revisions"}],"predecessor-version":[{"id":2065,"href":"https:\/\/eventos.ifg.edu.br\/semlic\/wp-json\/wp\/v2\/pages\/1313\/revisions\/2065"}],"wp:attachment":[{"href":"https:\/\/eventos.ifg.edu.br\/semlic\/wp-json\/wp\/v2\/media?parent=1313"}],"curies":[{"name":"wp","href":"https:\/\/api.w.org\/{rel}","templated":true}]}}