{"id":1244,"date":"2018-06-08T16:14:31","date_gmt":"2018-06-08T19:14:31","guid":{"rendered":"http:\/\/www.semlic.com.br\/semlic\/?page_id=1244"},"modified":"2018-06-08T16:14:31","modified_gmt":"2018-06-08T19:14:31","slug":"inscmin2015","status":"publish","type":"page","link":"https:\/\/eventos.ifg.edu.br\/semlic\/inscmin2015\/","title":{"rendered":"Inscritos Minicursos 2015"},"content":{"rendered":"<h5 style=\"text-align: center\">Lista de\u00a0Inscritos nos Minicursos &#8211; Atualizada em 13\/10\/15<\/h5>\n<table style=\"border-color: #000000\" border=\"1\" width=\"528\">\n<tbody>\n<tr>\n<td style=\"border-color: #000000;width: 250px\" width=\"250\">Nome<\/td>\n<td style=\"border-color: #000000;width: 250px\" width=\"90\">Quarta Feira<\/td>\n<td style=\"border-color: #000000;width: 250px\" width=\"90\">Quinta Feira<\/td>\n<td style=\"border-color: #000000;width: 250px\" width=\"98\">Sexta Feira<\/td>\n<\/tr>\n<tr>\n<td style=\"border-color: #000000;width: 250px\" width=\"250\">Alessandra ribeiro santos<\/td>\n<td style=\"border-color: #000000;width: 250px\" width=\"90\">MINICURSO 3<\/td>\n<td style=\"border-color: #000000;width: 250px\" width=\"90\">MINICURSO 5<\/td>\n<td style=\"border-color: #000000;width: 250px\" width=\"98\">MINICURSO 10<\/td>\n<\/tr>\n<tr>\n<td style=\"border-color: #000000;width: 250px\" width=\"250\">Amanda Leal Alman\u00e7a de Carvalho<\/td>\n<td style=\"border-color: #000000;width: 250px\" width=\"90\"><\/td>\n<td style=\"border-color: #000000;width: 250px\" width=\"90\">MINICURSO 5<\/td>\n<td style=\"border-color: #000000;width: 250px\" width=\"98\"><\/td>\n<\/tr>\n<tr>\n<td style=\"border-color: #000000;width: 250px\" width=\"250\">Ana Cl\u00e1udia Ferreira Lima<\/td>\n<td style=\"border-color: #000000;width: 250px\" width=\"90\">MINICURSO 2<\/td>\n<td style=\"border-color: #000000;width: 250px\" width=\"90\">MINICURSO 4<\/td>\n<td style=\"border-color: #000000;width: 250px\"><\/td>\n<\/tr>\n<tr>\n<td style=\"border-color: #000000;width: 250px\" width=\"250\">Ana Cl\u00e1udia Ferreira Lima<\/td>\n<td style=\"border-color: #000000;width: 250px\" width=\"90\">MINICURSO 2<\/td>\n<td style=\"border-color: #000000;width: 250px\" width=\"90\">MINICURSO 4<\/td>\n<td style=\"border-color: #000000;width: 250px\" width=\"98\">MINICURSO 8<\/td>\n<\/tr>\n<tr>\n<td style=\"border-color: #000000;width: 250px\" width=\"250\">Ana Luiza Fernandes da Costa<\/td>\n<td style=\"border-color: #000000;width: 250px\" width=\"90\"><\/td>\n<td style=\"border-color: #000000;width: 250px\" width=\"90\"><\/td>\n<td style=\"border-color: #000000;width: 250px\" width=\"98\">MINICURSO 9<\/td>\n<\/tr>\n<tr>\n<td style=\"border-color: #000000;width: 250px\" width=\"250\">Averaldo soares da costa<\/td>\n<td style=\"border-color: #000000;width: 250px\" width=\"90\">MINICURSO 1<\/td>\n<td style=\"border-color: #000000;width: 250px\" width=\"90\">MINICURSO 4<\/td>\n<td style=\"border-color: #000000;width: 250px\" width=\"98\">MINICURSO 9<\/td>\n<\/tr>\n<tr>\n<td style=\"border-color: #000000;width: 250px\" width=\"250\">Camila Martins de Freitas<\/td>\n<td style=\"border-color: #000000;width: 250px\" width=\"90\"><\/td>\n<td style=\"border-color: #000000;width: 250px\" width=\"90\">MINICURSO 4<\/td>\n<td style=\"border-color: #000000;width: 250px\" width=\"98\">MINICURSO 8<\/td>\n<\/tr>\n<tr>\n<td style=\"border-color: #000000;width: 250px\" width=\"250\">Camilla Ferreira Oliveira<\/td>\n<td style=\"border-color: #000000;width: 250px\" width=\"90\">MINICURSO 1<\/td>\n<td style=\"border-color: #000000;width: 250px\" width=\"90\">MINICURSO 4<\/td>\n<td style=\"border-color: #000000;width: 250px\" width=\"98\">MINICURSO 8<\/td>\n<\/tr>\n<tr>\n<td style=\"border-color: #000000;width: 250px\" width=\"250\">Caroline Prado Brignoni<\/td>\n<td style=\"border-color: #000000;width: 250px\" width=\"90\"><\/td>\n<td style=\"border-color: #000000;width: 250px\" width=\"90\">MINICURSO 5<\/td>\n<td style=\"border-color: #000000;width: 250px\" width=\"98\">MINICURSO 10<\/td>\n<\/tr>\n<tr>\n<td style=\"border-color: #000000;width: 250px\" width=\"250\">Cl\u00e1udia Silva Rosa<\/td>\n<td style=\"border-color: #000000;width: 250px\" width=\"90\">MINICURSO 1<\/td>\n<td style=\"border-color: #000000;width: 250px\" width=\"90\">MINICURSO 5<\/td>\n<td style=\"border-color: #000000;width: 250px\" width=\"98\">MINICURSO 7<\/td>\n<\/tr>\n<tr>\n<td style=\"border-color: #000000;width: 250px\" width=\"250\">Daniel Divino Ribeiro Rocha<\/td>\n<td style=\"border-color: #000000;width: 250px\" width=\"90\">MINICURSO 3<\/td>\n<td style=\"border-color: #000000;width: 250px\" width=\"90\"><\/td>\n<td style=\"border-color: #000000;width: 250px\" width=\"98\">MINICURSO 8<\/td>\n<\/tr>\n<tr>\n<td style=\"border-color: #000000;width: 250px\" width=\"250\">Daniel Junior de Oliveira<\/td>\n<td style=\"border-color: #000000;width: 250px\" width=\"90\"><\/td>\n<td style=\"border-color: #000000;width: 250px\" width=\"90\">MINICURSO 4<\/td>\n<td style=\"border-color: #000000;width: 250px\" width=\"98\"><\/td>\n<\/tr>\n<tr>\n<td style=\"border-color: #000000;width: 250px\" width=\"250\">Deborah Silva Marques Filippini<\/td>\n<td style=\"border-color: #000000;width: 250px\" width=\"90\">MINICURSO 2<\/td>\n<td style=\"border-color: #000000;width: 250px\" width=\"90\">MINICURSO 5<\/td>\n<td style=\"border-color: #000000;width: 250px\" width=\"98\">MINICURSO 10<\/td>\n<\/tr>\n<tr>\n<td style=\"border-color: #000000;width: 250px\" width=\"250\">Denisia Freitas Neves<\/td>\n<td style=\"border-color: #000000;width: 250px\" width=\"90\">MINICURSO 2<\/td>\n<td style=\"border-color: #000000;width: 250px\" width=\"90\">MINICURSO 5<\/td>\n<td style=\"border-color: #000000;width: 250px\" width=\"98\"><\/td>\n<\/tr>\n<tr>\n<td style=\"border-color: #000000;width: 250px\" width=\"250\">Dilene Gomes de Miranda<\/td>\n<td style=\"border-color: #000000;width: 250px\" width=\"90\">MINICURSO 2<\/td>\n<td style=\"border-color: #000000;width: 250px\" width=\"90\">MINICURSO 6<\/td>\n<td style=\"border-color: #000000;width: 250px\" width=\"98\">MINICURSO 8<\/td>\n<\/tr>\n<tr>\n<td style=\"border-color: #000000;width: 250px\" width=\"250\">Eleida Andrade Garcia Macedo<\/td>\n<td style=\"border-color: #000000;width: 250px\" width=\"90\">MINICURSO 2<\/td>\n<td style=\"border-color: #000000;width: 250px\" width=\"90\">MINICURSO 4<\/td>\n<td style=\"border-color: #000000;width: 250px\" width=\"98\">MINICURSO 10<\/td>\n<\/tr>\n<tr>\n<td style=\"border-color: #000000;width: 250px\" width=\"250\">Elias Rafael de Sousa<\/td>\n<td style=\"border-color: #000000;width: 250px\" width=\"90\">MINICURSO 1<\/td>\n<td style=\"border-color: #000000;width: 250px\" width=\"90\"><\/td>\n<td style=\"border-color: #000000;width: 250px\" width=\"98\"><\/td>\n<\/tr>\n<tr>\n<td style=\"border-color: #000000;width: 250px\" width=\"250\">Elin\u00e9ia Pereira Vailant<\/td>\n<td style=\"border-color: #000000;width: 250px\" width=\"90\">MINICURSO 1<\/td>\n<td style=\"border-color: #000000;width: 250px\" width=\"90\">MINICURSO 5<\/td>\n<td style=\"border-color: #000000;width: 250px\" width=\"98\">MINICURSO 8<\/td>\n<\/tr>\n<tr>\n<td style=\"border-color: #000000;width: 250px\" width=\"250\">Elismar Gon\u00e7alves da Silva<\/td>\n<td style=\"border-color: #000000;width: 250px\" width=\"90\"><\/td>\n<td style=\"border-color: #000000;width: 250px\" width=\"90\">MINICURSO 5<\/td>\n<td style=\"border-color: #000000;width: 250px\" width=\"98\">MINICURSO 10<\/td>\n<\/tr>\n<tr>\n<td style=\"border-color: #000000;width: 250px\" width=\"250\">Evaldo Gon\u00e7alves Silva<\/td>\n<td style=\"border-color: #000000;width: 250px\" width=\"90\">MINICURSO 2<\/td>\n<td style=\"border-color: #000000;width: 250px\" width=\"90\"><\/td>\n<td style=\"border-color: #000000;width: 250px\" width=\"98\">MINICURSO 10<\/td>\n<\/tr>\n<tr>\n<td style=\"border-color: #000000;width: 250px\" width=\"250\">Fabiana Kalil Borges<\/td>\n<td style=\"border-color: #000000;width: 250px\" width=\"90\"><\/td>\n<td style=\"border-color: #000000;width: 250px\" width=\"90\">MINICURSO 4<\/td>\n<td style=\"border-color: #000000;width: 250px\" width=\"98\"><\/td>\n<\/tr>\n<tr>\n<td style=\"border-color: #000000;width: 250px\" width=\"250\">Fabiana Leal Nascimento<\/td>\n<td style=\"border-color: #000000;width: 250px\" width=\"90\">MINICURSO 2<\/td>\n<td style=\"border-color: #000000;width: 250px\" width=\"90\">MINICURSO 6<\/td>\n<td style=\"border-color: #000000;width: 250px\" width=\"98\">MINICURSO 10<\/td>\n<\/tr>\n<tr>\n<td style=\"border-color: #000000;width: 250px\" width=\"250\">Francyelly Rodrigues Silva<\/td>\n<td style=\"border-color: #000000;width: 250px\" width=\"90\">MINICURSO 1<\/td>\n<td style=\"border-color: #000000;width: 250px\" width=\"90\">MINICURSO 5<\/td>\n<td style=\"border-color: #000000;width: 250px\" width=\"98\">MINICURSO 8<\/td>\n<\/tr>\n<tr>\n<td style=\"border-color: #000000;width: 250px\" width=\"250\">H\u00e9lia Luzia de Freitas<\/td>\n<td style=\"border-color: #000000;width: 250px\" width=\"90\"><\/td>\n<td style=\"border-color: #000000;width: 250px\" width=\"90\">MINICURSO 4<\/td>\n<td style=\"border-color: #000000;width: 250px\" width=\"98\">MINICURSO 10<\/td>\n<\/tr>\n<tr>\n<td style=\"border-color: #000000;width: 250px\" width=\"250\">Idelma Santos do Carmo<\/td>\n<td style=\"border-color: #000000;width: 250px\" width=\"90\"><\/td>\n<td style=\"border-color: #000000;width: 250px\" width=\"90\"><\/td>\n<td style=\"border-color: #000000;width: 250px\" width=\"98\">MINICURSO 8<\/td>\n<\/tr>\n<tr>\n<td style=\"border-color: #000000;width: 250px\" width=\"250\">italia vallerini barbosa<\/td>\n<td style=\"border-color: #000000;width: 250px\" width=\"90\"><\/td>\n<td style=\"border-color: #000000;width: 250px\" width=\"90\"><\/td>\n<td style=\"border-color: #000000;width: 250px\" width=\"98\">MINICURSO 8<\/td>\n<\/tr>\n<tr>\n<td style=\"border-color: #000000;width: 250px\" width=\"250\">Jaqueline Ribeiro Alves Ferreira<\/td>\n<td style=\"border-color: #000000;width: 250px\" width=\"90\"><\/td>\n<td style=\"border-color: #000000;width: 250px\" width=\"90\"><\/td>\n<td style=\"border-color: #000000;width: 250px\" width=\"98\">MINICURSO 9<\/td>\n<\/tr>\n<tr>\n<td style=\"border-color: #000000;width: 250px\" width=\"250\">Jaquelyne Ferreira de Morais Felix<\/td>\n<td style=\"border-color: #000000;width: 250px\" width=\"90\">MINICURSO 3<\/td>\n<td style=\"border-color: #000000;width: 250px\" width=\"90\">MINICURSO 5<\/td>\n<td style=\"border-color: #000000;width: 250px\" width=\"98\">MINICURSO 10<\/td>\n<\/tr>\n<tr>\n<td style=\"border-color: #000000;width: 250px\" width=\"250\">Josiane Lopes Medeiros<\/td>\n<td style=\"border-color: #000000;width: 250px\" width=\"90\">MINICURSO 2<\/td>\n<td style=\"border-color: #000000;width: 250px\" width=\"90\"><\/td>\n<td style=\"border-color: #000000;width: 250px\" width=\"98\">MINICURSO 9<\/td>\n<\/tr>\n<tr>\n<td style=\"border-color: #000000;width: 250px\" width=\"250\">Joviniano Jos\u00e9 Rodrigues Junior.<\/td>\n<td style=\"border-color: #000000;width: 250px\" width=\"90\">MINICURSO 1<\/td>\n<td style=\"border-color: #000000;width: 250px\" width=\"90\">MINICURSO 6<\/td>\n<td style=\"border-color: #000000;width: 250px\" width=\"98\">MINICURSO 8<\/td>\n<\/tr>\n<tr>\n<td style=\"border-color: #000000;width: 250px\" width=\"250\">kamila moraes silva<\/td>\n<td style=\"border-color: #000000;width: 250px\" width=\"90\">MINICURSO 2<\/td>\n<td style=\"border-color: #000000;width: 250px\" width=\"90\">MINICURSO 6<\/td>\n<td style=\"border-color: #000000;width: 250px\" width=\"98\">MINICURSO 8<\/td>\n<\/tr>\n<tr>\n<td style=\"border-color: #000000;width: 250px\" width=\"250\">Kamilla Fonseca Lemes<\/td>\n<td style=\"border-color: #000000;width: 250px\" width=\"90\"><\/td>\n<td style=\"border-color: #000000;width: 250px\" width=\"90\"><\/td>\n<td style=\"border-color: #000000;width: 250px\" width=\"98\">MINICURSO 9<\/td>\n<\/tr>\n<tr>\n<td style=\"border-color: #000000;width: 250px\" width=\"250\">KELEN HELENA DE OLIVEIRA<\/td>\n<td style=\"border-color: #000000;width: 250px\" width=\"90\"><\/td>\n<td style=\"border-color: #000000;width: 250px\" width=\"90\">MINICURSO 6<\/td>\n<td style=\"border-color: #000000;width: 250px\" width=\"98\">MINICURSO 7<\/td>\n<\/tr>\n<tr>\n<td style=\"border-color: #000000;width: 250px\" width=\"250\">Leon de Assis Silva<\/td>\n<td style=\"border-color: #000000;width: 250px\" width=\"90\">MINICURSO 3<\/td>\n<td style=\"border-color: #000000;width: 250px\" width=\"90\">MINICURSO 5<\/td>\n<td style=\"border-color: #000000;width: 250px\" width=\"98\">MINICURSO 10<\/td>\n<\/tr>\n<tr>\n<td style=\"border-color: #000000;width: 250px\" width=\"250\">Lucas Matheus Evangelista Rufino<\/td>\n<td style=\"border-color: #000000;width: 250px\" width=\"90\">MINICURSO 2<\/td>\n<td style=\"border-color: #000000;width: 250px\" width=\"90\"><\/td>\n<td style=\"border-color: #000000;width: 250px\" width=\"98\"><\/td>\n<\/tr>\n<tr>\n<td style=\"border-color: #000000;width: 250px\" width=\"250\">Luciene Lima de Assis Pires<\/td>\n<td style=\"border-color: #000000;width: 250px\" width=\"90\">MINICURSO 2<\/td>\n<td style=\"border-color: #000000;width: 250px\" width=\"90\">MINICURSO 5<\/td>\n<td style=\"border-color: #000000;width: 250px\" width=\"98\"><\/td>\n<\/tr>\n<tr>\n<td style=\"border-color: #000000;width: 250px\" width=\"250\">M\u00e1rcia Santos Anjo Reis<\/td>\n<td style=\"border-color: #000000;width: 250px\" width=\"90\"><\/td>\n<td style=\"border-color: #000000;width: 250px\" width=\"90\">MINICURSO 4<\/td>\n<td style=\"border-color: #000000;width: 250px\" width=\"98\">MINICURSO 10<\/td>\n<\/tr>\n<tr>\n<td style=\"border-color: #000000;width: 250px\" width=\"250\">Maria Sueli da Silva Gon\u00e7alves<\/td>\n<td style=\"border-color: #000000;width: 250px\" width=\"90\"><\/td>\n<td style=\"border-color: #000000;width: 250px\" width=\"90\">MINICURSO 4<\/td>\n<td style=\"border-color: #000000;width: 250px\" width=\"98\">MINICURSO 8<\/td>\n<\/tr>\n<tr>\n<td style=\"border-color: #000000;width: 250px\" width=\"250\">Mariza Almeida Rosa Pereira<\/td>\n<td style=\"border-color: #000000;width: 250px\" width=\"90\"><\/td>\n<td style=\"border-color: #000000;width: 250px\" width=\"90\">MINICURSO 5<\/td>\n<td style=\"border-color: #000000;width: 250px\" width=\"98\"><\/td>\n<\/tr>\n<tr>\n<td style=\"border-color: #000000;width: 250px\" width=\"250\">Marlene Rodrigues Morais<\/td>\n<td style=\"border-color: #000000;width: 250px\" width=\"90\">MINICURSO 2<\/td>\n<td style=\"border-color: #000000;width: 250px\" width=\"90\">MINICURSO 4<\/td>\n<td style=\"border-color: #000000;width: 250px\" width=\"98\">MINICURSO 7<\/td>\n<\/tr>\n<tr>\n<td style=\"border-color: #000000;width: 250px\" width=\"250\">michele matos de souza<\/td>\n<td style=\"border-color: #000000;width: 250px\" width=\"90\">MINICURSO 1<\/td>\n<td style=\"border-color: #000000;width: 250px\" width=\"90\"><\/td>\n<td style=\"border-color: #000000;width: 250px\" width=\"98\">MINICURSO 8<\/td>\n<\/tr>\n<tr>\n<td style=\"border-color: #000000;width: 250px\" width=\"250\">Mikaelly Kananda de Lima Gomes<\/td>\n<td style=\"border-color: #000000;width: 250px\" width=\"90\">MINICURSO 1<\/td>\n<td style=\"border-color: #000000;width: 250px\" width=\"90\">MINICURSO 6<\/td>\n<td style=\"border-color: #000000;width: 250px\" width=\"98\">MINICURSO 8<\/td>\n<\/tr>\n<tr>\n<td style=\"border-color: #000000;width: 250px\" width=\"250\">Milton Batista Ferreira Junior<\/td>\n<td style=\"border-color: #000000;width: 250px\" width=\"90\"><\/td>\n<td style=\"border-color: #000000;width: 250px\" width=\"90\">MINICURSO 5<\/td>\n<td style=\"border-color: #000000;width: 250px\" width=\"98\">MINICURSO 8<\/td>\n<\/tr>\n<tr>\n<td style=\"border-color: #000000;width: 250px\" width=\"250\">Nat\u00e1lia Cristina Souza Pereira<\/td>\n<td style=\"border-color: #000000;width: 250px\" width=\"90\"><\/td>\n<td style=\"border-color: #000000;width: 250px\" width=\"90\"><\/td>\n<td style=\"border-color: #000000;width: 250px\" width=\"98\">MINICURSO 10<\/td>\n<\/tr>\n<tr>\n<td style=\"border-color: #000000;width: 250px\" width=\"250\">Neida Mac\u00eado Ferreira<\/td>\n<td style=\"border-color: #000000;width: 250px\" width=\"90\">MINICURSO 1<\/td>\n<td style=\"border-color: #000000;width: 250px\" width=\"90\">MINICURSO 4<\/td>\n<td style=\"border-color: #000000;width: 250px\" width=\"98\">MINICURSO 8<\/td>\n<\/tr>\n<tr>\n<td style=\"border-color: #000000;width: 250px\" width=\"250\">Neuhran Queila Marques Franco Lima<\/td>\n<td style=\"border-color: #000000;width: 250px\" width=\"90\">MINICURSO 3<\/td>\n<td style=\"border-color: #000000;width: 250px\" width=\"90\"><\/td>\n<td style=\"border-color: #000000;width: 250px\" width=\"98\"><\/td>\n<\/tr>\n<tr>\n<td style=\"border-color: #000000;width: 250px\" width=\"250\">NICOLAS SIQUEIRA DA SILVA<\/td>\n<td style=\"border-color: #000000;width: 250px\" width=\"90\">MINICURSO 1<\/td>\n<td style=\"border-color: #000000;width: 250px\" width=\"90\">MINICURSO 4<\/td>\n<td style=\"border-color: #000000;width: 250px\" width=\"98\">MINICURSO 9<\/td>\n<\/tr>\n<tr>\n<td style=\"border-color: #000000;width: 250px\" width=\"250\">Patr\u00edcia Gomes de Souza Freitas<\/td>\n<td style=\"border-color: #000000;width: 250px\" width=\"90\">MINICURSO 3<\/td>\n<td style=\"border-color: #000000;width: 250px\" width=\"90\"><\/td>\n<td style=\"border-color: #000000;width: 250px\" width=\"98\"><\/td>\n<\/tr>\n<tr>\n<td style=\"border-color: #000000;width: 250px\" width=\"250\">Poliana de Oliveira Souza<\/td>\n<td style=\"border-color: #000000;width: 250px\" width=\"90\">MINICURSO 2<\/td>\n<td style=\"border-color: #000000;width: 250px\" width=\"90\">MINICURSO 5<\/td>\n<td style=\"border-color: #000000;width: 250px\" width=\"98\"><\/td>\n<\/tr>\n<tr>\n<td style=\"border-color: #000000;width: 250px\" width=\"250\">Raquel Arantes Nunes<\/td>\n<td style=\"border-color: #000000;width: 250px\" width=\"90\">MINICURSO 1<\/td>\n<td style=\"border-color: #000000;width: 250px\" width=\"90\">MINICURSO 6<\/td>\n<td style=\"border-color: #000000;width: 250px\" width=\"98\">MINICURSO 10<\/td>\n<\/tr>\n<tr>\n<td style=\"border-color: #000000;width: 250px\" width=\"250\">Rita Rodrigues de Souza<\/td>\n<td style=\"border-color: #000000;width: 250px\" width=\"90\"><\/td>\n<td style=\"border-color: #000000;width: 250px\" width=\"90\">MINICURSO 5<\/td>\n<td style=\"border-color: #000000;width: 250px\" width=\"98\">MINICURSO 10<\/td>\n<\/tr>\n<tr>\n<td style=\"border-color: #000000;width: 250px\" width=\"250\">Rosiele de Freitas Silva<\/td>\n<td style=\"border-color: #000000;width: 250px\" width=\"90\"><\/td>\n<td style=\"border-color: #000000;width: 250px\" width=\"90\">MINICURSO 4<\/td>\n<td style=\"border-color: #000000;width: 250px\" width=\"98\">MINICURSO 9<\/td>\n<\/tr>\n<tr>\n<td style=\"border-color: #000000;width: 250px\" width=\"250\">S\u00e9rgio Henrique de Almeida<\/td>\n<td style=\"border-color: #000000;width: 250px\" width=\"90\">MINICURSO 2<\/td>\n<td style=\"border-color: #000000;width: 250px\" width=\"90\">MINICURSO 5<\/td>\n<td style=\"border-color: #000000;width: 250px\" width=\"98\">MINICURSO 10<\/td>\n<\/tr>\n<tr>\n<td style=\"border-color: #000000;width: 250px\" width=\"250\">Silene Gomes de Miranda<\/td>\n<td style=\"border-color: #000000;width: 250px\" width=\"90\">MINICURSO 2<\/td>\n<td style=\"border-color: #000000;width: 250px\" width=\"90\">MINICURSO 6<\/td>\n<td style=\"border-color: #000000;width: 250px\" width=\"98\">MINICURSO 7<\/td>\n<\/tr>\n<tr>\n<td style=\"border-color: #000000;width: 250px\" width=\"250\">Suelma Pereira Almeida<\/td>\n<td style=\"border-color: #000000;width: 250px\" width=\"90\"><\/td>\n<td style=\"border-color: #000000;width: 250px\" width=\"90\"><\/td>\n<td style=\"border-color: #000000;width: 250px\" width=\"98\">MINICURSO 9<\/td>\n<\/tr>\n<tr>\n<td style=\"border-color: #000000;width: 250px\" width=\"250\">Suenir Carneiro de Lima Assis<\/td>\n<td style=\"border-color: #000000;width: 250px\" width=\"90\"><\/td>\n<td style=\"border-color: #000000;width: 250px\" width=\"90\">MINICURSO 4<\/td>\n<td style=\"border-color: #000000;width: 250px\" width=\"98\">MINICURSO 10<\/td>\n<\/tr>\n<tr>\n<td style=\"border-color: #000000;width: 250px\" width=\"250\">Suzanna Neves Ferreira<\/td>\n<td style=\"border-color: #000000;width: 250px\" width=\"90\">MINICURSO 3<\/td>\n<td style=\"border-color: #000000;width: 250px\" width=\"90\">MINICURSO 5<\/td>\n<td style=\"border-color: #000000;width: 250px\" width=\"98\">MINICURSO 10<\/td>\n<\/tr>\n<tr>\n<td style=\"border-color: #000000;width: 250px\" width=\"250\">Taisa Gomes de Moraes<\/td>\n<td style=\"border-color: #000000;width: 250px\" width=\"90\"><\/td>\n<td style=\"border-color: #000000;width: 250px\" width=\"90\"><\/td>\n<td style=\"border-color: #000000;width: 250px\" width=\"98\">MINICURSO 9<\/td>\n<\/tr>\n<tr>\n<td style=\"border-color: #000000;width: 250px\" width=\"250\">Thabio de Almeida Silva<\/td>\n<td style=\"border-color: #000000;width: 250px\" width=\"90\">MINICURSO 3<\/td>\n<td style=\"border-color: #000000;width: 250px\" width=\"90\">MINICURSO 5<\/td>\n<td style=\"border-color: #000000;width: 250px\" width=\"98\">MINICURSO 9<\/td>\n<\/tr>\n<tr>\n<td style=\"border-color: #000000;width: 250px\" width=\"250\">Thaynara Rafaela Hudson<\/td>\n<td style=\"border-color: #000000;width: 250px\" width=\"90\">MINICURSO 1<\/td>\n<td style=\"border-color: #000000;width: 250px\" width=\"90\">MINICURSO 4<\/td>\n<td style=\"border-color: #000000;width: 250px\" width=\"98\">MINICURSO 8<\/td>\n<\/tr>\n<tr>\n<td style=\"border-color: #000000;width: 250px\" width=\"250\">Thayza Ferreira Cabral Matos<\/td>\n<td style=\"border-color: #000000;width: 250px\" width=\"90\">MINICURSO 1<\/td>\n<td style=\"border-color: #000000;width: 250px\" width=\"90\"><\/td>\n<td style=\"border-color: #000000;width: 250px\" width=\"98\"><\/td>\n<\/tr>\n<tr>\n<td style=\"border-color: #000000;width: 250px\" width=\"250\">Thiago Batista Assis<\/td>\n<td style=\"border-color: #000000;width: 250px\" width=\"90\">MINICURSO 2<\/td>\n<td style=\"border-color: #000000;width: 250px\" width=\"90\"><\/td>\n<td style=\"border-color: #000000;width: 250px\" width=\"98\">MINICURSO 10<\/td>\n<\/tr>\n<tr>\n<td style=\"border-color: #000000;width: 250px\" width=\"250\">Valquenia Ferreira de Moraes<\/td>\n<td style=\"border-color: #000000;width: 250px\" width=\"90\">MINICURSO 1<\/td>\n<td style=\"border-color: #000000;width: 250px\" width=\"90\">MINICURSO 6<\/td>\n<td style=\"border-color: #000000;width: 250px\" width=\"98\">MINICURSO 8<\/td>\n<\/tr>\n<tr>\n<td style=\"border-color: #000000;width: 250px\" width=\"250\">Vin\u00edcio da Silva Teixeira<\/td>\n<td style=\"border-color: #000000;width: 250px\" width=\"90\">MINICURSO 2<\/td>\n<td style=\"border-color: #000000;width: 250px\" width=\"90\">MINICURSO 4<\/td>\n<td style=\"border-color: #000000;width: 250px\" width=\"98\">MINICURSO 10<\/td>\n<\/tr>\n<tr>\n<td style=\"border-color: #000000;width: 250px\" width=\"250\">Weiva Teodora de souza nogueira<\/td>\n<td style=\"border-color: #000000;width: 250px\" width=\"90\">MINICURSO 2<\/td>\n<td style=\"border-color: #000000;width: 250px\" width=\"90\">MINICURSO 5<\/td>\n<td style=\"border-color: #000000;width: 250px\" width=\"98\">MINICURSO 10<\/td>\n<\/tr>\n<\/tbody>\n<\/table>\n","protected":false},"excerpt":{"rendered":"<p>Lista de\u00a0Inscritos nos Minicursos &#8211; Atualizada em 13\/10\/15 Nome Quarta Feira Quinta Feira Sexta Feira Alessandra ribeiro santos MINICURSO 3 MINICURSO 5 MINICURSO 10 Amanda Leal Alman\u00e7a de Carvalho MINICURSO 5 Ana Cl\u00e1udia Ferreira Lima MINICURSO 2 MINICURSO 4 Ana Cl\u00e1udia Ferreira Lima MINICURSO 2 MINICURSO 4 MINICURSO 8 Ana Luiza Fernandes da Costa MINICURSO <a class=\"more-link\" href=\"https:\/\/eventos.ifg.edu.br\/semlic\/inscmin2015\/\">&hellip; Continue lendo&hellip; &rarr;<\/a><\/p>\n","protected":false},"author":111,"featured_media":0,"parent":0,"menu_order":0,"comment_status":"closed","ping_status":"closed","template":"","meta":{"ngg_post_thumbnail":0,"footnotes":""},"class_list":["post-1244","page","type-page","status-publish","hentry"],"_links":{"self":[{"href":"https:\/\/eventos.ifg.edu.br\/semlic\/wp-json\/wp\/v2\/pages\/1244"}],"collection":[{"href":"https:\/\/eventos.ifg.edu.br\/semlic\/wp-json\/wp\/v2\/pages"}],"about":[{"href":"https:\/\/eventos.ifg.edu.br\/semlic\/wp-json\/wp\/v2\/types\/page"}],"author":[{"embeddable":true,"href":"https:\/\/eventos.ifg.edu.br\/semlic\/wp-json\/wp\/v2\/users\/111"}],"replies":[{"embeddable":true,"href":"https:\/\/eventos.ifg.edu.br\/semlic\/wp-json\/wp\/v2\/comments?post=1244"}],"version-history":[{"count":0,"href":"https:\/\/eventos.ifg.edu.br\/semlic\/wp-json\/wp\/v2\/pages\/1244\/revisions"}],"wp:attachment":[{"href":"https:\/\/eventos.ifg.edu.br\/semlic\/wp-json\/wp\/v2\/media?parent=1244"}],"curies":[{"name":"wp","href":"https:\/\/api.w.org\/{rel}","templated":true}]}}