{"id":1169,"date":"2018-06-08T00:39:55","date_gmt":"2018-06-08T03:39:55","guid":{"rendered":"http:\/\/www.semlic.com.br\/semlic\/?page_id=1169"},"modified":"2018-06-08T00:39:55","modified_gmt":"2018-06-08T03:39:55","slug":"organizacao2014","status":"publish","type":"page","link":"https:\/\/eventos.ifg.edu.br\/semlic\/organizacao2014\/","title":{"rendered":"Organiza\u00e7\u00e3o 2014"},"content":{"rendered":"<blockquote><p>Luciene Lima de Assis Pires \u00a0(Presidente)<\/p>\n<p>An\u00edbal Ata\u00eddes Barros Filho<\/p>\n<p>Fabr\u00edcio Vieira Campos<\/p>\n<p>Gisela Franco Vilela<\/p>\n<p>Marta Jo\u00e3o Francisco Silva Souza<\/p>\n<p>Nilda Maria de Carvalho<\/p>\n<p>Silvana Ferreira Gon\u00e7alves<\/p><\/blockquote>\n","protected":false},"excerpt":{"rendered":"<p>Luciene Lima de Assis Pires \u00a0(Presidente) An\u00edbal Ata\u00eddes Barros Filho Fabr\u00edcio Vieira Campos Gisela Franco Vilela Marta Jo\u00e3o Francisco Silva Souza Nilda Maria de Carvalho Silvana Ferreira Gon\u00e7alves<\/p>\n","protected":false},"author":111,"featured_media":0,"parent":0,"menu_order":0,"comment_status":"closed","ping_status":"closed","template":"","meta":{"ngg_post_thumbnail":0,"footnotes":""},"class_list":["post-1169","page","type-page","status-publish","hentry"],"_links":{"self":[{"href":"https:\/\/eventos.ifg.edu.br\/semlic\/wp-json\/wp\/v2\/pages\/1169"}],"collection":[{"href":"https:\/\/eventos.ifg.edu.br\/semlic\/wp-json\/wp\/v2\/pages"}],"about":[{"href":"https:\/\/eventos.ifg.edu.br\/semlic\/wp-json\/wp\/v2\/types\/page"}],"author":[{"embeddable":true,"href":"https:\/\/eventos.ifg.edu.br\/semlic\/wp-json\/wp\/v2\/users\/111"}],"replies":[{"embeddable":true,"href":"https:\/\/eventos.ifg.edu.br\/semlic\/wp-json\/wp\/v2\/comments?post=1169"}],"version-history":[{"count":0,"href":"https:\/\/eventos.ifg.edu.br\/semlic\/wp-json\/wp\/v2\/pages\/1169\/revisions"}],"wp:attachment":[{"href":"https:\/\/eventos.ifg.edu.br\/semlic\/wp-json\/wp\/v2\/media?parent=1169"}],"curies":[{"name":"wp","href":"https:\/\/api.w.org\/{rel}","templated":true}]}}