{"id":1163,"date":"2018-06-08T00:37:13","date_gmt":"2018-06-08T03:37:13","guid":{"rendered":"http:\/\/www.semlic.com.br\/semlic\/?page_id=1163"},"modified":"2018-06-08T00:37:13","modified_gmt":"2018-06-08T03:37:13","slug":"organizacao2016","status":"publish","type":"page","link":"https:\/\/eventos.ifg.edu.br\/semlic\/organizacao2016\/","title":{"rendered":"Organiza\u00e7\u00e3o 2016"},"content":{"rendered":"<h3>Comiss\u00e3o Organizadora 2016<\/h3>\n<div><strong>Prof. Dr. Paulo Henrique de Souza\u00a0(Presidente)<\/strong><\/div>\n<div><strong>Prof. Me. An\u00edbal Ataides Barros Filho<\/strong><\/div>\n<div><strong>Prof. Esp. Carlos Roberto Rodrigues de Souza<\/strong><\/div>\n<div><strong>Prof. Me. Dominike Pacine de Andrade<\/strong><\/div>\n<div><strong>M\u00e1rcia Gomes de Carvalho (Servidora T\u00e9cnico-Administrativo)<\/strong><\/div>\n<div><strong>Nicolas Siqueira Silva (Representante dos Estudantes da Gradua\u00e7\u00e3o)<\/strong><\/div>\n<div><strong>Prof. Me. Rodrigo Ferreira Marinho<\/strong><\/div>\n<div><strong>Th\u00e1bio de Almeida Silva (Representante dos Estudantes da P\u00f3s-Gradua\u00e7\u00e3o)<\/strong><\/div>\n<div><\/div>\n<h3>Comit\u00ea Cient\u00edfico<\/h3>\n<div><strong>Profa. Dra. Luciene Lima de Assis Pires<br \/>\n<\/strong><\/div>\n<div><strong>Profa. Ma. Marta Jo\u00e3o Francisco Silva Souza<br \/>\n<\/strong><\/div>\n<div><strong>Prof. Me. Rodrigo\u00a0Claudino Diogo<\/strong><\/div>\n<p>&nbsp;<\/p>\n<p>Nota: \u00a0Os trabalhos submetidos \u00e0 XIII SEMANA DA LICENCIATURA E IV SEMIN\u00c1RIO DE P\u00d3S-GRADUA\u00c7\u00c3O s\u00e3o enviados pelo Comit\u00ea Cient\u00edfico, para avalia\u00e7\u00e3o, a dois especialistas de diferentes IES. Em caso de diverg\u00eancia de avalia\u00e7\u00e3o o trabalho \u00e9 enviado para um terceiro parecerista para desempate.<\/p>\n","protected":false},"excerpt":{"rendered":"<p>Comiss\u00e3o Organizadora 2016 Prof. Dr. Paulo Henrique de Souza\u00a0(Presidente) Prof. Me. An\u00edbal Ataides Barros Filho Prof. Esp. Carlos Roberto Rodrigues de Souza Prof. Me. Dominike Pacine de Andrade M\u00e1rcia Gomes de Carvalho (Servidora T\u00e9cnico-Administrativo) Nicolas Siqueira Silva (Representante dos Estudantes da Gradua\u00e7\u00e3o) Prof. Me. Rodrigo Ferreira Marinho Th\u00e1bio de Almeida Silva (Representante dos Estudantes da <a class=\"more-link\" href=\"https:\/\/eventos.ifg.edu.br\/semlic\/organizacao2016\/\">&hellip; Continue lendo&hellip; &rarr;<\/a><\/p>\n","protected":false},"author":111,"featured_media":0,"parent":0,"menu_order":0,"comment_status":"closed","ping_status":"closed","template":"","meta":{"ngg_post_thumbnail":0,"footnotes":""},"class_list":["post-1163","page","type-page","status-publish","hentry"],"_links":{"self":[{"href":"https:\/\/eventos.ifg.edu.br\/semlic\/wp-json\/wp\/v2\/pages\/1163"}],"collection":[{"href":"https:\/\/eventos.ifg.edu.br\/semlic\/wp-json\/wp\/v2\/pages"}],"about":[{"href":"https:\/\/eventos.ifg.edu.br\/semlic\/wp-json\/wp\/v2\/types\/page"}],"author":[{"embeddable":true,"href":"https:\/\/eventos.ifg.edu.br\/semlic\/wp-json\/wp\/v2\/users\/111"}],"replies":[{"embeddable":true,"href":"https:\/\/eventos.ifg.edu.br\/semlic\/wp-json\/wp\/v2\/comments?post=1163"}],"version-history":[{"count":0,"href":"https:\/\/eventos.ifg.edu.br\/semlic\/wp-json\/wp\/v2\/pages\/1163\/revisions"}],"wp:attachment":[{"href":"https:\/\/eventos.ifg.edu.br\/semlic\/wp-json\/wp\/v2\/media?parent=1163"}],"curies":[{"name":"wp","href":"https:\/\/api.w.org\/{rel}","templated":true}]}}