{"id":1159,"date":"2018-06-08T00:34:20","date_gmt":"2018-06-08T03:34:20","guid":{"rendered":"http:\/\/www.semlic.com.br\/semlic\/?page_id=1159"},"modified":"2018-06-08T00:34:20","modified_gmt":"2018-06-08T03:34:20","slug":"organizacao-2018","status":"publish","type":"page","link":"https:\/\/eventos.ifg.edu.br\/semlic\/organizacao-2018\/","title":{"rendered":"Organiza\u00e7\u00e3o 2018"},"content":{"rendered":"<h3>Comiss\u00e3o Organizadora 2018<\/h3>\n<div>Prof. Dr. Dominike Pacine de Andrade Deus (Presidente)<br \/>\nProf. Dr. Carlos C\u00e9sar da Silva<\/div>\n<div>Esp. Fernanda Candido e Silva (Representante dos Estudantes da P\u00f3s-gradua\u00e7\u00e3o)<\/div>\n<div>Profa. Dra. K\u00eania Alves Pereira Lacerda<\/div>\n<div>Prof. Dr. M\u00e1rcio Ant\u00f4nio Ferreira Belo Filho<br \/>\nMikaelly Kananda de Lima Gomes (Representante dos Estudantes da Gradua\u00e7\u00e3o)<\/div>\n<div>Profa. Me. Naara Karolyne Morais Pereira<br \/>\nProf. Me. Rodrigo Ferreira Marinho<strong><br \/>\n<\/strong><\/div>\n<div>Me. Suenir Carneiro de Lima Assis (Servidora T\u00e9cnico-Administrativo)<\/div>\n<div>Prof. Esp. Wagner Pereira Lopes<\/div>\n<div>Prof. Me. Wellington Vieira Ferreira<\/div>\n<div><\/div>\n<h4>Comiss\u00e3o Cient\u00edfica<\/h4>\n<div>Profa. Dra. K\u00eania Alves Pereira Lacerda<\/div>\n<div>Profa. Me. Naara Karolyne Morais Pereira<\/div>\n<div>Prof. Me. Rodrigo\u00a0Ferreira Marinho<\/div>\n<div>Prof. Me. Wellington Vieira Ferreira<\/div>\n<div><\/div>\n<h4>Nota:<\/h4>\n<div>Os trabalhos submetidos \u00e0 SEMANA DE LICENCIATURA e ao SEMIN\u00c1RIO DA P\u00d3S-GRADUA\u00c7\u00c3O s\u00e3o enviados pela Comiss\u00e3o Cient\u00edfica para avalia\u00e7\u00e3o, a dois especialistas diferentes. Em caso de diverg\u00eancia de avalia\u00e7\u00e3o o trabalho \u00e9 enviado para um terceiro parecerista para desempate.<\/div>\n<div><\/div>\n<h4>Rela\u00e7\u00e3o de Pareceristas 2018<span style=\"width: 0px;overflow: hidden;line-height: 0\" class=\"mce_SELRES_start\">\ufeff<\/span><span style=\"width: 0px;overflow: hidden;line-height: 0\" class=\"mce_SELRES_start\">\ufeff<\/span><span style=\"width: 0px;overflow: hidden;line-height: 0\" class=\"mce_SELRES_start\">\ufeff<\/span><span style=\"width: 0px;overflow: hidden;line-height: 0\" class=\"mce_SELRES_start\">\ufeff<\/span>&lt;span data-mce-type=<span style=\"width: 0px;overflow: hidden;line-height: 0\" class=\"mce_SELRES_end\">\ufeff<\/span>&#8220;bookmark&#8221; style=&#8221;display: inline-block; width: 0px; overflow: hidden; line-height: 0;&#8221;<\/h4>\n","protected":false},"excerpt":{"rendered":"<p>Comiss\u00e3o Organizadora 2018 Prof. Dr. Dominike Pacine de Andrade Deus (Presidente) Prof. Dr. Carlos C\u00e9sar da Silva Esp. Fernanda Candido e Silva (Representante dos Estudantes da P\u00f3s-gradua\u00e7\u00e3o) Profa. Dra. K\u00eania Alves Pereira Lacerda Prof. Dr. M\u00e1rcio Ant\u00f4nio Ferreira Belo Filho Mikaelly Kananda de Lima Gomes (Representante dos Estudantes da Gradua\u00e7\u00e3o) Profa. Me. Naara Karolyne Morais <a class=\"more-link\" href=\"https:\/\/eventos.ifg.edu.br\/semlic\/organizacao-2018\/\">&hellip; Continue lendo&hellip; &rarr;<\/a><\/p>\n","protected":false},"author":111,"featured_media":0,"parent":0,"menu_order":0,"comment_status":"closed","ping_status":"closed","template":"","meta":{"ngg_post_thumbnail":0,"footnotes":""},"class_list":["post-1159","page","type-page","status-publish","hentry"],"_links":{"self":[{"href":"https:\/\/eventos.ifg.edu.br\/semlic\/wp-json\/wp\/v2\/pages\/1159"}],"collection":[{"href":"https:\/\/eventos.ifg.edu.br\/semlic\/wp-json\/wp\/v2\/pages"}],"about":[{"href":"https:\/\/eventos.ifg.edu.br\/semlic\/wp-json\/wp\/v2\/types\/page"}],"author":[{"embeddable":true,"href":"https:\/\/eventos.ifg.edu.br\/semlic\/wp-json\/wp\/v2\/users\/111"}],"replies":[{"embeddable":true,"href":"https:\/\/eventos.ifg.edu.br\/semlic\/wp-json\/wp\/v2\/comments?post=1159"}],"version-history":[{"count":0,"href":"https:\/\/eventos.ifg.edu.br\/semlic\/wp-json\/wp\/v2\/pages\/1159\/revisions"}],"wp:attachment":[{"href":"https:\/\/eventos.ifg.edu.br\/semlic\/wp-json\/wp\/v2\/media?parent=1159"}],"curies":[{"name":"wp","href":"https:\/\/api.w.org\/{rel}","templated":true}]}}