{"id":1109,"date":"2018-06-06T22:22:22","date_gmt":"2018-06-07T01:22:22","guid":{"rendered":"http:\/\/www.simposiomestradoifg.net.br\/semlic\/?page_id=1109"},"modified":"2021-04-05T16:00:48","modified_gmt":"2021-04-05T19:00:48","slug":"normas","status":"publish","type":"page","link":"https:\/\/eventos.ifg.edu.br\/semlic\/normas\/","title":{"rendered":"Normas 2021"},"content":{"rendered":"<h2>Normas e Orienta\u00e7\u00f5es para a Elabora\u00e7\u00e3o e Submiss\u00e3o dos Trabalhos<\/h2>\n<p style=\"text-align: left\">Clique para baixar<\/p>\n<p style=\"text-align: left\">&nbsp;<\/p>\n<p style=\"text-align: left\"><a href=\"http:\/\/eventos.ifg.edu.br\/semlic\/wp-content\/uploads\/sites\/49\/2021\/04\/Normas_Semlic2021-prorroga\u00e7\u00e3o.pdf\" target=\"_blank\"><img decoding=\"async\" class=\"alignnone size-full wp-image-2398\" src=\"http:\/\/eventos.ifg.edu.br\/semlic\/wp-content\/uploads\/sites\/49\/2018\/06\/list-2389219_1280-1.png\" alt=\"list-2389219_1280\" width=\"150\" height=\"150\">Normas Semlic 2021<\/a><\/p>\n","protected":false},"excerpt":{"rendered":"<p>Normas e Orienta\u00e7\u00f5es para a Elabora\u00e7\u00e3o e Submiss\u00e3o dos Trabalhos Clique para baixar &nbsp; Normas Semlic 2021<\/p>\n","protected":false},"author":111,"featured_media":0,"parent":0,"menu_order":0,"comment_status":"closed","ping_status":"closed","template":"","meta":{"ngg_post_thumbnail":0,"footnotes":""},"class_list":["post-1109","page","type-page","status-publish","hentry"],"_links":{"self":[{"href":"https:\/\/eventos.ifg.edu.br\/semlic\/wp-json\/wp\/v2\/pages\/1109"}],"collection":[{"href":"https:\/\/eventos.ifg.edu.br\/semlic\/wp-json\/wp\/v2\/pages"}],"about":[{"href":"https:\/\/eventos.ifg.edu.br\/semlic\/wp-json\/wp\/v2\/types\/page"}],"author":[{"embeddable":true,"href":"https:\/\/eventos.ifg.edu.br\/semlic\/wp-json\/wp\/v2\/users\/111"}],"replies":[{"embeddable":true,"href":"https:\/\/eventos.ifg.edu.br\/semlic\/wp-json\/wp\/v2\/comments?post=1109"}],"version-history":[{"count":8,"href":"https:\/\/eventos.ifg.edu.br\/semlic\/wp-json\/wp\/v2\/pages\/1109\/revisions"}],"predecessor-version":[{"id":2415,"href":"https:\/\/eventos.ifg.edu.br\/semlic\/wp-json\/wp\/v2\/pages\/1109\/revisions\/2415"}],"wp:attachment":[{"href":"https:\/\/eventos.ifg.edu.br\/semlic\/wp-json\/wp\/v2\/media?parent=1109"}],"curies":[{"name":"wp","href":"https:\/\/api.w.org\/{rel}","templated":true}]}}