{"id":1046,"date":"2018-06-02T20:11:05","date_gmt":"2018-06-02T23:11:05","guid":{"rendered":"http:\/\/www.simposiomestradoifg.net.br\/semlic\/?page_id=1046"},"modified":"2021-03-05T09:34:50","modified_gmt":"2021-03-05T12:34:50","slug":"prog2018","status":"publish","type":"page","link":"https:\/\/eventos.ifg.edu.br\/semlic\/prog2018\/","title":{"rendered":"Programa\u00e7\u00e3o 2018"},"content":{"rendered":"<h4 style=\"text-align: center\"><strong>XV Semana de Licenciatura<\/strong><\/h4>\n<h4 style=\"text-align: center\"><strong>VI Semin\u00e1rio da P\u00f3s-Gradua\u00e7\u00e3o em Educa\u00e7\u00e3o para Ci\u00eancias e Matem\u00e1tica<\/strong><\/h4>\n<h4 style=\"text-align: center\">Programa\u00e7\u00e3o Oficial do Evento<\/h4>\n<p style=\"text-align: center\">[google-drive-embed url=&#8221;https:\/\/drive.google.com\/uc?id=1B8dRxIKdcNAgCZuQsn8fJpiEOzPSGdrI&amp;export=download&#8221; title=&#8221;Clique aqui para fazer o download do folder do evento em pdf&#8221; icon=&#8221;https:\/\/drive-thirdparty.googleusercontent.com\/16\/type\/application\/pdf&#8221; style=&#8221;download&#8221;]<\/p>\n<h4 style=\"text-align: center\"><strong>Palestra de Abertura<\/strong><\/h4>\n<h5 style=\"padding-left: 30px\"><a href=\"http:\/\/lattes.cnpq.br\/8703276139561729\" target=\"_blank\" rel=\"noopener\">Prof. Dr. Milton Ant\u00f4nio Auth \u2013 UFU\/MG<\/a><\/h5>\n<p style=\"text-align: justify;padding-left: 30px\">Possui Licenciatura em F\u00edsica pela Universidade Regional do Noroeste do Estado do Rio Grande do Sul &#8211; Uniju\u00ed (1987), especializa\u00e7\u00e3o em Ensino de F\u00edsica pela Universidade de Passo Fundo, mestrado em Educa\u00e7\u00e3o pela Universidade Federal de Santa Maria (1996) e doutorado em Educa\u00e7\u00e3o: Ensino de Ci\u00eancias Naturais, pela Universidade Federal de Santa Catarina (2002). Foi professor da Uniju\u00ed, com atua\u00e7\u00e3o no Mestrado em Educa\u00e7\u00e3o nas Ci\u00eancias (2002-2009) e no ensino de Ci\u00eancias e de F\u00edsica, e da Univates\/RS, com participa\u00e7\u00e3o no Mestrado em Ensino de Ci\u00eancias Exatas (2007-2009). Atualmente \u00e9 professor da Universidade Federal de Uberl\u00e2ndia\/MG, com atua\u00e7\u00e3o na Licenciatura em F\u00edsica, no Mestrado Profissional em Ensino de Ci\u00eancias e Matem\u00e1tica e no PIBID F\u00edsica da FACIP-UFU. O foco da atua\u00e7\u00e3o compreende temas e quest\u00f5es como: Situa\u00e7\u00e3o de Estudo, Interdisciplinaridade, Organiza\u00e7\u00e3o Curricular e Forma\u00e7\u00e3o de Professores.<\/p>\n<h4 style=\"text-align: center\"><strong>Mesa Redonda<\/strong><\/h4>\n<h5 style=\"padding-left: 30px\"><a href=\"http:\/\/lattes.cnpq.br\/9741724257766252\" target=\"_blank\" rel=\"noopener\">Prof\u00aa. Ma. Dan\u00fasia Arantes Ferreira &#8211; PUC\/SP<\/a><\/h5>\n<p style=\"text-align: justify;padding-left: 30px\">Doutoranda em Educa\u00e7\u00e3o e Curr\u00edculo, com estudos na linha de pesquisa Interdisciplinaridade. Mestre em Educa\u00e7\u00e3o. Especialista em Administra\u00e7\u00e3o e Ger\u00eancia de Institui\u00e7\u00f5es de Ensino e Psicopedagogia Escolar. Graduada em Pedagogia com vasta atua\u00e7\u00e3o profissional em espa\u00e7os formais e n\u00e3o-formais de educa\u00e7\u00e3o. Estudos avan\u00e7ados na \u00e1rea de planejamento e administra\u00e7\u00e3o estrat\u00e9gica, responsabilidade socioambiental, governan\u00e7a corporativa, educa\u00e7\u00e3o corporativa, empreendedorismo e inova\u00e7\u00e3o. Docente universit\u00e1ria com experi\u00eancia e atua\u00e7\u00e3o na dire\u00e7\u00e3o acad\u00eamica de institui\u00e7\u00e3o de ensino superior, coordena\u00e7\u00e3o de cursos de gradua\u00e7\u00e3o e p\u00f3s-gradua\u00e7\u00e3o Lato e stricto sensu. Atua\u00e7\u00e3o profissional com foco no modelo de integra\u00e7\u00e3o universidade, setor p\u00fablico, setor produtivo e terceiro setor (H\u00e9lice Qu\u00e1drupla). Pesquisadora, docente e consultora.<\/p>\n<h5 style=\"padding-left: 30px\"><a href=\"http:\/\/lattes.cnpq.br\/1535771316701896\" target=\"_blank\" rel=\"noopener\">Prof. Dr. Gilmar Pereira de Souza &#8211; UFOP\/MG<\/a><\/h5>\n<p style=\"text-align: justify;padding-left: 30px\">Possui gradua\u00e7\u00e3o em Qu\u00edmica, Licenciatura, pela Universidade Federal de Minas Gerais (2000), Mestrado em Ci\u00eancias: Qu\u00edmica Inorg\u00e2nica pela Universidade Federal de Minas Gerais (2002), Doutorado em Ci\u00eancias: Qu\u00edmica Inorg\u00e2nica pela Universidade Federal de Minas Gerais e Universit\u00e9 Pierre et Marie Curie (Programa Capes-Cofecub) (2006) e P\u00f3s Doutorado na Universidade Federal de Minas Gerais (2006-2008). Atualmente \u00e9 Professor adjunto no Departamento de Qu\u00edmica da Universidade Federal de Ouro Preto (UFOP) e pesquisador na \u00e1rea de Ensino de Qu\u00edmica. Orientador no Mestrado Profissional em Ensino de Ci\u00eancias da UFOP. Foi Coordenador de \u00e1rea &#8211; Qu\u00edmica (de 2010 a 2013) do Programa Institucional de Bolsa de Inicia\u00e7\u00e3o \u00e0 Doc\u00eancia (PIBID\/Capes) no \u00e2mbito da UFOP. Em meados de 2013, assumiu a coordena\u00e7\u00e3o Institucional do PIBID UFOP. Participou como avaliador e leitor cr\u00edtico da equipe de avalia\u00e7\u00e3o do Programa Nacional do Livro Did\u00e1tico na \u00e1rea de Qu\u00edmica (PNLD 2012 e PNLD 2015). Coordenou o XVII Encontro Nacional de Ensino de Qu\u00edmica e a implanta\u00e7\u00e3o de duas exposi\u00e7\u00f5es permanentes de Qu\u00edmica no Museu de Ci\u00eancia e T\u00e9cnica da UFOP. Na \u00e1rea de ensino interessa-se por quest\u00f5es relacionadas \u00e0 interdisciplinaridade, ensino por investiga\u00e7\u00e3o, educa\u00e7\u00e3o em espa\u00e7os n\u00e3o formais, hist\u00f3ria da Qu\u00edmica e experimenta\u00e7\u00e3o.<\/p>\n<h5 style=\"padding-left: 30px\"><a href=\"http:\/\/lattes.cnpq.br\/6195077121851216\">Prof. Dra. Rita Rodrigues de Souza &#8211; IFG &#8211; C\u00e2mpus Jata\u00ed\/GO (Mediadora)<\/a><\/h5>\n<p style=\"text-align: justify;padding-left: 30px\">Doutora em Estudos Lingu\u00edsticos na \u00e1rea de concentra\u00e7\u00e3o Lingu\u00edstica Aplicada pelo Programa de Estudos Lingu\u00edsticos da Universidade Estadual Paulista &#8211; C\u00e2mpus S\u00e3o Jos\u00e9 do Rio Preto. Possui gradua\u00e7\u00e3o em Letras, Licenciatura Portugu\u00eas\/ Espanhol pela Universidade Federal de Goi\u00e1s (2001) e mestrado em Letras e Lingu\u00edstica nessa mesma universidade em 2004, especializa\u00e7\u00e3o em Educa\u00e7\u00e3o a Dist\u00e2ncia pelo SENAC\/DF (2008) e em Psicopedagogia Institucional pela Universidade Gama Filho (2011). Atualmente, \u00e9 professora efetiva no Instituto Federal de Educa\u00e7\u00e3o de Goi\u00e1s &#8211; IFG\/C\u00e2mpus de Jata\u00ed. Atua, principalmente, nos seguintes temas: ensino de l\u00edngua espanhola, ensino de l\u00edngua portuguesa e literatura brasileira, tamb\u00e9m, tradu\u00e7\u00e3o portugu\u00eas\/espanhol e espanhol\/portugu\u00eas.<\/p>\n<p>[google-drive-embed url=&#8221;https:\/\/drive.google.com\/uc?id=1w9Ez9tGB5U2zOinMLeQlWaoT9Ahp7jhX&amp;export=download&#8221; title=&#8221;Hor\u00e1rios Minicursos e Oficinas 2018.pdf&#8221; icon=&#8221;https:\/\/drive-thirdparty.googleusercontent.com\/16\/type\/application\/pdf&#8221; style=&#8221;download&#8221;]<\/p>\n<p>[google-drive-embed url=&#8221;https:\/\/drive.google.com\/uc?id=1JnVvRBvHjDi4DEWty53MkMatL2TwPjIO&amp;export=download&#8221; title=&#8221;Hor\u00e1rios Comunicacoes Orais 2018.pdf&#8221; icon=&#8221;https:\/\/drive-thirdparty.googleusercontent.com\/16\/type\/application\/pdf&#8221; style=&#8221;download&#8221;]<\/p>\n<p>[google-drive-embed url=&#8221;https:\/\/drive.google.com\/uc?id=1zueYjqfixfn3HlATS0fkuwiUotd9jUC-&amp;export=download&#8221; title=&#8221;Ordem e Hor\u00e1rio P\u00f4steres 2018.pdf&#8221; icon=&#8221;https:\/\/drive-thirdparty.googleusercontent.com\/16\/type\/application\/pdf&#8221; style=&#8221;download&#8221;]<\/p>\n<p style=\"text-align: center\">&lt;span data-mce-type=&#8221;bookmark&#8221; style=&#8221;display: inline-block; width: 0px; overflow: hidden; line-height: 0;&#8221;<\/p>\n","protected":false},"excerpt":{"rendered":"<p>XV Semana de Licenciatura VI Semin\u00e1rio da P\u00f3s-Gradua\u00e7\u00e3o em Educa\u00e7\u00e3o para Ci\u00eancias e Matem\u00e1tica Programa\u00e7\u00e3o Oficial do Evento [google-drive-embed url=&#8221;https:\/\/drive.google.com\/uc?id=1B8dRxIKdcNAgCZuQsn8fJpiEOzPSGdrI&amp;export=download&#8221; title=&#8221;Clique aqui para fazer o download do folder do evento em pdf&#8221; icon=&#8221;https:\/\/drive-thirdparty.googleusercontent.com\/16\/type\/application\/pdf&#8221; style=&#8221;download&#8221;] Palestra de Abertura Prof. Dr. Milton Ant\u00f4nio Auth \u2013 UFU\/MG Possui Licenciatura em F\u00edsica pela Universidade Regional do Noroeste do Estado <a class=\"more-link\" href=\"https:\/\/eventos.ifg.edu.br\/semlic\/prog2018\/\">&hellip; Continue lendo&hellip; &rarr;<\/a><\/p>\n","protected":false},"author":111,"featured_media":0,"parent":0,"menu_order":0,"comment_status":"closed","ping_status":"closed","template":"","meta":{"ngg_post_thumbnail":0,"footnotes":""},"class_list":["post-1046","page","type-page","status-publish","hentry"],"_links":{"self":[{"href":"https:\/\/eventos.ifg.edu.br\/semlic\/wp-json\/wp\/v2\/pages\/1046"}],"collection":[{"href":"https:\/\/eventos.ifg.edu.br\/semlic\/wp-json\/wp\/v2\/pages"}],"about":[{"href":"https:\/\/eventos.ifg.edu.br\/semlic\/wp-json\/wp\/v2\/types\/page"}],"author":[{"embeddable":true,"href":"https:\/\/eventos.ifg.edu.br\/semlic\/wp-json\/wp\/v2\/users\/111"}],"replies":[{"embeddable":true,"href":"https:\/\/eventos.ifg.edu.br\/semlic\/wp-json\/wp\/v2\/comments?post=1046"}],"version-history":[{"count":2,"href":"https:\/\/eventos.ifg.edu.br\/semlic\/wp-json\/wp\/v2\/pages\/1046\/revisions"}],"predecessor-version":[{"id":2380,"href":"https:\/\/eventos.ifg.edu.br\/semlic\/wp-json\/wp\/v2\/pages\/1046\/revisions\/2380"}],"wp:attachment":[{"href":"https:\/\/eventos.ifg.edu.br\/semlic\/wp-json\/wp\/v2\/media?parent=1046"}],"curies":[{"name":"wp","href":"https:\/\/api.w.org\/{rel}","templated":true}]}}