{"id":10,"date":"2014-09-09T18:15:37","date_gmt":"2014-09-09T18:15:37","guid":{"rendered":"http:\/\/localhost\/wordpress\/?page_id=10"},"modified":"2021-03-10T23:28:06","modified_gmt":"2021-03-11T02:28:06","slug":"inscricoes-2019","status":"publish","type":"page","link":"https:\/\/eventos.ifg.edu.br\/semlic\/inscricoes-2019\/","title":{"rendered":"Inscri\u00e7\u00f5es 2019"},"content":{"rendered":"<h3 style=\"text-align: center\">Inscri\u00e7\u00f5es Semlic 2019<\/h3>\n<h5 style=\"text-align: justify\">Para realizar a inscri\u00e7\u00e3o, preencha o formul\u00e1rio abaixo e depois clique em enviar.<\/h5>\n<h5 style=\"text-align: center\"><a href=\"http:\/\/eventos.ifg.edu.br\/semlic\/inscritos-2019\/\">Clique aqui para ver a lista de Inscritos<\/a><\/h5>\n<h5 style=\"text-align: justify\">A confirma\u00e7\u00e3o da inscri\u00e7\u00e3o ser\u00e1 feita mediante a entrega de dois (2) litros de leite em embalagem longa vida no IFG \u2013 C\u00e2mpus Jata\u00ed no decorrer do evento no per\u00edodo de&nbsp; 01\/10\/19 a 04\/10\/19.<\/h5>\n<h5 style=\"text-align: justify\">Em caso de dificuldades para realizar a sua inscri\u00e7\u00e3o, envie e-mail para <a href=\"mailto:seer.semlic@gmail.com\">seer.semlic@gmail.com<\/a><\/h5>\n<p style=\"text-align: center\">[google-drive-embed url=&#8221;https:\/\/docs.google.com\/forms\/d\/15SxOqfClP3HToFzuuRzwMschWL_1__v8jHlO-7uC1_M\/viewform?embedded=true&amp;usp=drivesdk&#8221; title=&#8221; Inscri\u00e7\u00e3o Semlic 2019&#8243; icon=&#8221;https:\/\/drive-thirdparty.googleusercontent.com\/16\/type\/application\/vnd.google-apps.form&#8221; width=&#8221;100%&#8221; height=&#8221;800&#8243; style=&#8221;embed&#8221;]<\/p>\n","protected":false},"excerpt":{"rendered":"<p>Inscri\u00e7\u00f5es Semlic 2019 Para realizar a inscri\u00e7\u00e3o, preencha o formul\u00e1rio abaixo e depois clique em enviar. Clique aqui para ver a lista de Inscritos A confirma\u00e7\u00e3o da inscri\u00e7\u00e3o ser\u00e1 feita mediante a entrega de dois (2) litros de leite em embalagem longa vida no IFG \u2013 C\u00e2mpus Jata\u00ed no decorrer do evento no per\u00edodo de&nbsp; <a class=\"more-link\" href=\"https:\/\/eventos.ifg.edu.br\/semlic\/inscricoes-2019\/\">&hellip; Continue lendo&hellip; &rarr;<\/a><\/p>\n","protected":false},"author":111,"featured_media":0,"parent":0,"menu_order":0,"comment_status":"closed","ping_status":"open","template":"","meta":{"ngg_post_thumbnail":0,"footnotes":""},"class_list":["post-10","page","type-page","status-publish","hentry"],"_links":{"self":[{"href":"https:\/\/eventos.ifg.edu.br\/semlic\/wp-json\/wp\/v2\/pages\/10"}],"collection":[{"href":"https:\/\/eventos.ifg.edu.br\/semlic\/wp-json\/wp\/v2\/pages"}],"about":[{"href":"https:\/\/eventos.ifg.edu.br\/semlic\/wp-json\/wp\/v2\/types\/page"}],"author":[{"embeddable":true,"href":"https:\/\/eventos.ifg.edu.br\/semlic\/wp-json\/wp\/v2\/users\/111"}],"replies":[{"embeddable":true,"href":"https:\/\/eventos.ifg.edu.br\/semlic\/wp-json\/wp\/v2\/comments?post=10"}],"version-history":[{"count":15,"href":"https:\/\/eventos.ifg.edu.br\/semlic\/wp-json\/wp\/v2\/pages\/10\/revisions"}],"predecessor-version":[{"id":2316,"href":"https:\/\/eventos.ifg.edu.br\/semlic\/wp-json\/wp\/v2\/pages\/10\/revisions\/2316"}],"wp:attachment":[{"href":"https:\/\/eventos.ifg.edu.br\/semlic\/wp-json\/wp\/v2\/media?parent=10"}],"curies":[{"name":"wp","href":"https:\/\/api.w.org\/{rel}","templated":true}]}}