{"id":51,"date":"2017-10-31T10:21:51","date_gmt":"2017-10-31T12:21:51","guid":{"rendered":"http:\/\/eventos.ifg.edu.br\/seminariocinemaemrede\/?page_id=51"},"modified":"2017-10-31T10:21:51","modified_gmt":"2017-10-31T12:21:51","slug":"inscricoes","status":"publish","type":"page","link":"https:\/\/eventos.ifg.edu.br\/seminariocinemaemrede\/inscricoes\/","title":{"rendered":"Inscri\u00e7\u00f5es"},"content":{"rendered":"<p>As inscri\u00e7\u00f5es para o I Semin\u00e1rio Cinema: Forma\u00e7\u00e3o em Rede s\u00e3o gratuitas.<\/p>\n<p><a href=\"https:\/\/sugep.ifg.edu.br\/eventos\/#\/eventos\/inscricao\/9ca092b6-e790-4b0c-99e2-97e411aa6557\">Clique aqui para fazer sua inscri\u00e7\u00e3o<\/a><\/p>\n","protected":false},"excerpt":{"rendered":"<p>As inscri\u00e7\u00f5es para o I Semin\u00e1rio Cinema: Forma\u00e7\u00e3o em Rede s\u00e3o gratuitas. Clique aqui para fazer sua inscri\u00e7\u00e3o<\/p>\n","protected":false},"author":52,"featured_media":0,"parent":0,"menu_order":0,"comment_status":"closed","ping_status":"closed","template":"","meta":{"ngg_post_thumbnail":0,"footnotes":""},"class_list":["post-51","page","type-page","status-publish"],"_links":{"self":[{"href":"https:\/\/eventos.ifg.edu.br\/seminariocinemaemrede\/wp-json\/wp\/v2\/pages\/51"}],"collection":[{"href":"https:\/\/eventos.ifg.edu.br\/seminariocinemaemrede\/wp-json\/wp\/v2\/pages"}],"about":[{"href":"https:\/\/eventos.ifg.edu.br\/seminariocinemaemrede\/wp-json\/wp\/v2\/types\/page"}],"author":[{"embeddable":true,"href":"https:\/\/eventos.ifg.edu.br\/seminariocinemaemrede\/wp-json\/wp\/v2\/users\/52"}],"replies":[{"embeddable":true,"href":"https:\/\/eventos.ifg.edu.br\/seminariocinemaemrede\/wp-json\/wp\/v2\/comments?post=51"}],"version-history":[{"count":1,"href":"https:\/\/eventos.ifg.edu.br\/seminariocinemaemrede\/wp-json\/wp\/v2\/pages\/51\/revisions"}],"predecessor-version":[{"id":52,"href":"https:\/\/eventos.ifg.edu.br\/seminariocinemaemrede\/wp-json\/wp\/v2\/pages\/51\/revisions\/52"}],"wp:attachment":[{"href":"https:\/\/eventos.ifg.edu.br\/seminariocinemaemrede\/wp-json\/wp\/v2\/media?parent=51"}],"curies":[{"name":"wp","href":"https:\/\/api.w.org\/{rel}","templated":true}]}}