{"id":29,"date":"2017-10-23T19:44:43","date_gmt":"2017-10-23T21:44:43","guid":{"rendered":"http:\/\/eventos.ifg.edu.br\/seminariocinemaemrede\/?page_id=29"},"modified":"2017-11-14T08:21:33","modified_gmt":"2017-11-14T10:21:33","slug":"mostra-audiovisual","status":"publish","type":"page","link":"https:\/\/eventos.ifg.edu.br\/seminariocinemaemrede\/mostra-audiovisual\/","title":{"rendered":"Mostra Audiovisual"},"content":{"rendered":"<p>Curtas-metragens de diferentes g\u00eaneros e formatos foram inscritos para a\u00a0<em>I MOSTRA AUDIOVISUAL de IF\u2019s e NPD<\/em><em>&#8216;<\/em><em>s<\/em><em>\u00a0<\/em>que ocorre na cidade de Goi\u00e1s de 17 a 19 de novembro de 2017 juntamente com I\u00a0<em>Semin\u00e1rio Cinema: Forma\u00e7\u00e3o em Rede<\/em>, evento da Secretaria do Audiovisual (SAv) do Minist\u00e9rio da Cultura (MinC) em parceria com o Instituto Federal de Educa\u00e7\u00e3o Ci\u00eancia e Tecnologia de Goi\u00e1s (IFG) \u2013 C\u00e2mpus Cidade de Goi\u00e1s.<\/p>\n<p>Foram selecionados 15 curtas de 8 estados brasileiros, entre produ\u00e7\u00f5es oriundas de N\u00facleos de Produ\u00e7\u00e3o Digital (NPD\u2019s) e Institutos Federais (IF\u2019s). A curadoria da mostra \u00e9 de responsabilidade de Marcela Borela e Cristiane Ventura, professoras do Bacharelado em Cinema e Audiovisual e do Curso T\u00e9cnico Integrado em Produ\u00e7\u00e3o em \u00c1udio e V\u00eddeo do IFG.<\/p>\n<p>Os filmes ser\u00e3o exibidos nos dias 17 e 18 de novembro as 21 horas no Sal\u00e3o de Eventos do IFG \u2013 C\u00e2mpus Cidade de Goi\u00e1s. A programa\u00e7\u00e3o completa doI\u00a0<em>Semin\u00e1rio Cinema: Forma\u00e7\u00e3o em Rede\u00a0<\/em>\u00e9 gratuita e pode ser vista <a href=\"http:\/\/eventos.ifg.edu.br\/seminariocinemaemrede\/programacao\/\">aqui<\/a>.<\/p>\n<p>&nbsp;<\/p>\n<p><em>FILMES selecionados\u00a0<\/em><em>I MOSTRA AUDIOVISUAL de IF\u2019s e NPD<\/em><em>&#8216;<\/em><em>s<\/em><em>:<\/em><\/p>\n<p><em>\u00a0<\/em><\/p>\n<p>&gt;\u00a0<strong>Sexta 17\/11 &#8211; Programa 1<\/strong>:\u00a0<em>Aborda temas como educa\u00e7\u00e3o e pol\u00edtica, mem\u00f3ria, territorialidades, identidades, etnicidades e meio ambiente, mostrando do ponto de vista de estudantes, jovens brasileiros, realizadores audiovisuais, in<\/em><em>q<\/em><em>uieta\u00e7\u00f5es sobre o mundo.<\/em><\/p>\n<p><strong>\u00a0<\/strong><\/p>\n<p><strong><em>Pagu<\/em><\/strong><strong>\u00a0<\/strong>(document\u00e1rio, 1&#8217;52&#8221;, IFPR, 2016)<\/p>\n<p><strong><em>Amanhecer<\/em><\/strong><strong>\u00a0<\/strong>(document\u00e1rio, 14&#8217;16&#8221;, IFPB, 2014)<\/p>\n<p><strong><em>Estou na Cachoeira<\/em><\/strong>\u00a0(document\u00e1rio, 21&#8242;, IFG\/NPD-GO, 2017)<\/p>\n<p><strong><em>Xavante<\/em><\/strong><strong>\u00a0<\/strong>(document\u00e1rio, 25&#8242;, NPD-MT, 2017)<\/p>\n<p><strong><em>Relato de uma Kalunga\u00a0<\/em><\/strong>(document\u00e1rio, 4&#8217;2&#8221;, IFB, 2016)<\/p>\n<p><strong><em>Comunidades Tradicionais em Rede<\/em><\/strong>\u00a0(document\u00e1rio, 15\u2019, IFG\/NPD-GO, 2015)<\/p>\n<p><strong><em>Do Outro Lado do Rio<\/em><\/strong><strong>\u00a0<\/strong>(fic\u00e7\u00e3o, 11&#8242;, NPD-SE, 2010)<\/p>\n<p><strong><em>Tive Fome, Colhi Sede<\/em><\/strong>\u00a0(experimental, 5&#8242;, IFG\/NPD-GO, 2016)<\/p>\n<p>&nbsp;<\/p>\n<p>&gt;\u00a0<strong>S\u00e1bado 18\/11 &#8211; Programa 2<\/strong>:\u00a0Chama a aten\u00e7\u00e3o para narrativas sobre afeto,\u00a0quest\u00f5es de g\u00eanero, amor, liberdade, supera\u00e7\u00e3o, amizade, revelando personagens e corpos em tens\u00e3o com desejos e possibilidades diante da vida.<\/p>\n<p>&nbsp;<\/p>\n<p><strong><em>Ouro\u00a0<\/em><\/strong>(fic\u00e7\u00e3o, 3&#8242;, IFG\/NPD-GO, 2017)<\/p>\n<p><strong><em>Cronicles of a Mind in Love\u00a0<\/em><\/strong>(fic\u00e7\u00e3o, 6&#8217;30&#8221;, IFPR, 2017 )<\/p>\n<p><strong><em>\u00cdris<\/em><\/strong>\u00a0(document\u00e1rio, 7&#8242;, IFG\/NPD-GO, 2016)<\/p>\n<p><strong><em>S\u00edmile<\/em><\/strong>\u00a0(experimental, 5&#8242;, IFG\/NPD-GO, 2015)<\/p>\n<p><strong><em>De p\u00e3o e miojo a gente sobrevive n\u00e9?<\/em><\/strong><strong>\u00a0<\/strong>(document\u00e1rio, 14&#8217;51&#8217;, NPD-MT, 2017)<\/p>\n<p><strong><em>Procura-se Marina<\/em><\/strong>\u00a0(fic\u00e7\u00e3o, 10&#8242;, IFG\/NPD-GO,\u00a02017)<\/p>\n<p><strong><em>Sorriso<\/em><\/strong><strong>\u00a0<\/strong>(fic\u00e7\u00e3o, 14&#8217;58&#8221;, IFRN, 2014)<\/p>\n","protected":false},"excerpt":{"rendered":"<p>Curtas-metragens de diferentes g\u00eaneros e formatos foram inscritos para a\u00a0I MOSTRA AUDIOVISUAL de IF\u2019s e NPD&#8216;s\u00a0que ocorre na cidade de Goi\u00e1s de 17 a 19 de novembro de 2017 juntamente com I\u00a0Semin\u00e1rio Cinema: Forma\u00e7\u00e3o em Rede, evento da Secretaria do Audiovisual (SAv) do Minist\u00e9rio da Cultura (MinC) em parceria com o Instituto Federal de Educa\u00e7\u00e3o &#8230; <a title=\"Mostra Audiovisual\" class=\"read-more\" href=\"https:\/\/eventos.ifg.edu.br\/seminariocinemaemrede\/mostra-audiovisual\/\" aria-label=\"Read more about Mostra Audiovisual\">Ler mais<\/a><\/p>\n","protected":false},"author":52,"featured_media":0,"parent":0,"menu_order":0,"comment_status":"closed","ping_status":"closed","template":"","meta":{"ngg_post_thumbnail":0,"footnotes":""},"class_list":["post-29","page","type-page","status-publish"],"_links":{"self":[{"href":"https:\/\/eventos.ifg.edu.br\/seminariocinemaemrede\/wp-json\/wp\/v2\/pages\/29"}],"collection":[{"href":"https:\/\/eventos.ifg.edu.br\/seminariocinemaemrede\/wp-json\/wp\/v2\/pages"}],"about":[{"href":"https:\/\/eventos.ifg.edu.br\/seminariocinemaemrede\/wp-json\/wp\/v2\/types\/page"}],"author":[{"embeddable":true,"href":"https:\/\/eventos.ifg.edu.br\/seminariocinemaemrede\/wp-json\/wp\/v2\/users\/52"}],"replies":[{"embeddable":true,"href":"https:\/\/eventos.ifg.edu.br\/seminariocinemaemrede\/wp-json\/wp\/v2\/comments?post=29"}],"version-history":[{"count":6,"href":"https:\/\/eventos.ifg.edu.br\/seminariocinemaemrede\/wp-json\/wp\/v2\/pages\/29\/revisions"}],"predecessor-version":[{"id":61,"href":"https:\/\/eventos.ifg.edu.br\/seminariocinemaemrede\/wp-json\/wp\/v2\/pages\/29\/revisions\/61"}],"wp:attachment":[{"href":"https:\/\/eventos.ifg.edu.br\/seminariocinemaemrede\/wp-json\/wp\/v2\/media?parent=29"}],"curies":[{"name":"wp","href":"https:\/\/api.w.org\/{rel}","templated":true}]}}