{"id":27,"date":"2017-10-23T19:34:40","date_gmt":"2017-10-23T21:34:40","guid":{"rendered":"http:\/\/eventos.ifg.edu.br\/seminariocinemaemrede\/?page_id=27"},"modified":"2017-11-17T16:16:07","modified_gmt":"2017-11-17T18:16:07","slug":"programacao","status":"publish","type":"page","link":"https:\/\/eventos.ifg.edu.br\/seminariocinemaemrede\/programacao\/","title":{"rendered":"Programa\u00e7\u00e3o"},"content":{"rendered":"<p><img fetchpriority=\"high\" decoding=\"async\" class=\"alignnone size-full wp-image-56\" src=\"http:\/\/eventos.ifg.edu.br\/seminariocinemaemrede\/wp-content\/uploads\/sites\/32\/2017\/10\/Programa\u00e7\u00e3o-I-Semin\u00e1rio-Cinema-Forma\u00e7\u00e3o-em-Rede-atualizada.png\" alt=\"Programa\u00e7\u00e3o---I-Semin\u00e1rio-Cinema---Forma\u00e7\u00e3o-em-Rede-atualizada\" width=\"1200\" height=\"901\" \/><\/p>\n<p><strong>I Semin\u00e1rio Cinema: Forma\u00e7\u00e3o em Rede<\/strong><\/p>\n<p><strong>17, 18 e 19 de novembro de 2017<\/strong><\/p>\n<p><strong>IFG \u2013 Campus Cidade de Goi\u00e1s<\/strong><\/p>\n<p>&nbsp;<\/p>\n<p>&nbsp;<\/p>\n<p><strong>17 de novembro (sexta feira)<\/strong><\/p>\n<p>&nbsp;<\/p>\n<p><strong><u>9h \u2013 11h<\/u><\/strong><\/p>\n<p>&nbsp;<\/p>\n<p>Credenciamento dos participantes<\/p>\n<p>&nbsp;<\/p>\n<p><strong><u>14h \u2013 16h<\/u><\/strong><\/p>\n<p>&nbsp;<\/p>\n<p>Tour pelas instala\u00e7\u00f5es do IFG Campus Cidade de Goi\u00e1s<\/p>\n<p>&nbsp;<\/p>\n<p><strong><u>16h \u2013 17h<\/u><\/strong><\/p>\n<p>&nbsp;<\/p>\n<p>Abertura<\/p>\n<p>Apresenta\u00e7\u00e3o SAv; CTAv e IFG<\/p>\n<p>-Diretora do Departamentos das Pol\u00edticas Audiovisuais: Ana Paula Sylvestre<\/p>\n<p>-Coordenadora Geral de Novas M\u00eddias: Lina T\u00e1vora<\/p>\n<p>-Coordenadora Geral do CTAv: Daniela Pfeiffer<\/p>\n<p>-Diretor Geral do IFG Campus Cidade de Goi\u00e1s: Sandro di Lima<\/p>\n<p>-Coordenador do Bacharelado em Cinema e Audiovisual do IFG Campus Cidade de Goi\u00e1s: Renato Naves Prado<\/p>\n<p>Apresenta\u00e7\u00e3o da Carta do I Semin\u00e1rio Cinema Forma\u00e7\u00e3o em Rede<\/p>\n<p>&nbsp;<\/p>\n<p><strong><u>17h \u2013 20h<\/u><\/strong><\/p>\n<p>&nbsp;<\/p>\n<p>Mesa IFG: Projetos de Cinema, Audiovisual e Educa\u00e7\u00e3o nos Institutos Federais<\/p>\n<p><strong>Projeto &#8220;Federal no Ar&#8221;: r\u00e1dio e TV do IFSP Suzano<\/strong><\/p>\n<p><strong>-Prof. F\u00e1bio Machado-da-Silva \u2013 IFSP Suzano<\/strong><\/p>\n<p><strong>Projeto \u201cUm olhar sobre a fronteira: oficina de produ\u00e7\u00e3o de document\u00e1rio\u201d e di\u00e1logo s entre IFMT e NPD de Mato Grosso.<\/strong>&#8211;<\/p>\n<p>&#8211;<strong>Prof.\u00a0Cl\u00e1udio Filho &#8211; IFMT Pontes e Lacerda<\/strong><\/p>\n<p><strong>Pesquisa Diagn\u00f3stica sobre o Arranjo Produtivo Local em An\u00e1polis-GO<\/strong><\/p>\n<p><strong>-Profa. Elza Gabriela \u2013 IFG de An\u00e1polis<\/strong><\/p>\n<p>&nbsp;<\/p>\n<p>&nbsp;<\/p>\n<p><strong><u>21h \u2013 23h<\/u><\/strong><\/p>\n<p>&nbsp;<\/p>\n<p>I Mostra Audiovisual dos IFs e NPDs<\/p>\n<p>&nbsp;<\/p>\n<p><strong>Programa 1<\/strong>:\u00a0<em>Aborda temas como educa\u00e7\u00e3o e pol\u00edtica, mem\u00f3ria, territorialidades, identidades, etnicidades e meio ambiente, mostrando do ponto de vista de estudantes, jovens brasileiros, realizadores audiovisuais, in<\/em><em>q<\/em><em>uieta\u00e7\u00f5es sobre o mundo.<\/em><\/p>\n<p><strong>\u00a0<\/strong><\/p>\n<p><strong><em>Pagu<\/em><\/strong><strong>\u00a0<\/strong>(document\u00e1rio, 1&#8217;52&#8221;, IFPR, 2016)<\/p>\n<p><strong><em>Amanhecer<\/em><\/strong><strong>\u00a0<\/strong>(document\u00e1rio, 14&#8217;16&#8221;, IFPB, 2014)<\/p>\n<p><strong><em>Estou na Cachoeira<\/em><\/strong>\u00a0(document\u00e1rio, 21&#8242;, IFG\/NPD-GO, 2017)<\/p>\n<p><strong><em>Xavante<\/em><\/strong><strong>\u00a0<\/strong>(document\u00e1rio, 25&#8242;, NPD-MT, 2017)<\/p>\n<p><strong><em>Relato de uma Kalunga\u00a0<\/em><\/strong>(document\u00e1rio, 4&#8217;2&#8221;, IFB, 2016)<\/p>\n<p><strong><em>Comunidades Tradicionais em Rede<\/em><\/strong>\u00a0(document\u00e1rio, 15\u2019, IFG\/NPD-GO, 2015)<\/p>\n<p><strong><em>Do Outro Lado do Rio<\/em><\/strong><strong>\u00a0<\/strong>(fic\u00e7\u00e3o, 11&#8242;, NPD-SE, 2010)<\/p>\n<p><strong><em>Tive Fome, Colhi Sede<\/em><\/strong>\u00a0(experimental, 5&#8242;, IFG\/NPD-GO, 2016)<\/p>\n<p>&nbsp;<\/p>\n<p><strong>18 de novembro (s\u00e1bado)<\/strong><\/p>\n<p><u>\u00a0<\/u><\/p>\n<p><strong><u>9h \u2013 12h<\/u><\/strong><\/p>\n<p>&nbsp;<\/p>\n<p><strong>Apresenta\u00e7\u00f5es e Estudos de Caso: Casos de sucesso de polos de audiovisual \/ Abertura e Media\u00e7\u00e3o (SAv)<\/strong><\/p>\n<p>-Lina T\u00e1vora (Abertura\u00a0 e Media\u00e7\u00e3o SAv)<\/p>\n<p>-Marcos Pimentel (Polo Audiovisual Zona da Mata)\u00a0\u00a0\u00a0\u00a0\u00a0\u00a0\u00a0\u00a0\u00a0\u00a0\u00a0\u00a0\u00a0\u00a0\u00a0\u00a0\u00a0\u00a0\u00a0\u00a0\u00a0\u00a0\u00a0\u00a0\u00a0\u00a0\u00a0\u00a0\u00a0\u00a0\u00a0\u00a0\u00a0\u00a0\u00a0\u00a0\u00a0\u00a0\u00a0\u00a0\u00a0\u00a0\u00a0\u00a0\u00a0\u00a0\u00a0\u00a0\u00a0\u00a0\u00a0\u00a0\u00a0\u00a0\u00a0\u00a0\u00a0\u00a0\u00a0\u00a0\u00a0\u00a0\u00a0\u00a0\u00a0 -Tammy\u00a0 Weiss (Instituto Quer\u00f4)<\/p>\n<p>-Representantes do NPD UFMT<\/p>\n<p><u>\u00a0<\/u><\/p>\n<p><strong><u>14h \u2013 18h<\/u><\/strong><\/p>\n<p>&nbsp;<\/p>\n<p>I Encontro Nacional dos NPDs<\/p>\n<p>-Capacita\u00e7\u00e3o Tainacan; CTAv e Plano de A\u00e7\u00e3o Anual \/ Abertura e Media\u00e7\u00e3o (SAv)<\/p>\n<p>-Dalton Martins e Leo Germani (Tainacan\/UFG)<\/p>\n<p>-Hamilton Alves de Souza e Gilson Rodrigues (Centro T\u00e9cnico Audiovisual\u00a0 CTAv)<\/p>\n<p>-Barbara Alpino (SAv\/MinC)<\/p>\n<p>&nbsp;<\/p>\n<p><strong><u>18h \u2013 20h<\/u><\/strong><\/p>\n<p>&nbsp;<\/p>\n<p><strong>Mesa IFG: Forma\u00e7\u00e3o Audiovisual nos Institutos Federais \u2013 Produ\u00e7\u00e3o em Contexto de Ensino de \u00c1udio e V\u00eddeo<\/strong><\/p>\n<p>-Prof. Carlos Cipriano (IFG Campus Goi\u00e1s)<\/p>\n<p>-Prof. Mary Land Brito (IFRN)<\/p>\n<p>-Cynthia Schneider (IFPR)<\/p>\n<p>&nbsp;<\/p>\n<p><strong><u>21h \u2013 23h<\/u><\/strong><\/p>\n<p>&nbsp;<\/p>\n<p>I Mostra Audiovisual dos IFs e NPDs<\/p>\n<p>&nbsp;<\/p>\n<p><strong>Programa 2<\/strong>:\u00a0Chama a aten\u00e7\u00e3o para narrativas sobre afeto,\u00a0quest\u00f5es de g\u00eanero, amor, liberdade, supera\u00e7\u00e3o, amizade, revelando personagens e corpos em tens\u00e3o com desejos e possibilidades diante da vida.<\/p>\n<p>&nbsp;<\/p>\n<p><strong><em>Ouro\u00a0<\/em><\/strong>(fic\u00e7\u00e3o, 3&#8242;, IFG\/NPD-GO, 2017)<\/p>\n<p><strong><em>Croniclesof a Mind in Love\u00a0<\/em><\/strong>(fic\u00e7\u00e3o, 6&#8217;30&#8221;, IFPR, 2017 )<\/p>\n<p><strong><em>\u00cdris<\/em><\/strong>\u00a0(document\u00e1rio, 7&#8242;, IFG\/NPD-GO, 2016)<\/p>\n<p><strong><em>S\u00edmile<\/em><\/strong>\u00a0(experimental, 5&#8242;, IFG\/NPD-GO, 2015)<\/p>\n<p><strong><em>De p\u00e3o e miojo a gente sobrevive n\u00e9?<\/em><\/strong><strong>\u00a0<\/strong>(document\u00e1rio, 14&#8217;51&#8217;, NPD-MT, 2017)<\/p>\n<p><strong><em>Procura-se Marina<\/em><\/strong>\u00a0(fic\u00e7\u00e3o, 10&#8242;, IFG\/NPD-GO,\u00a02017)<\/p>\n<p><strong><em>Sorriso<\/em><\/strong><strong>\u00a0<\/strong>(fic\u00e7\u00e3o, 14&#8217;58&#8221;, IFRN, 2014)<\/p>\n<p>&nbsp;<\/p>\n<p><strong>19 de novembro (domingo)<\/strong><\/p>\n<p><strong>\u00a0<\/strong><\/p>\n<p><u>9h \u2013 11h<\/u><\/p>\n<p>&nbsp;<\/p>\n<p>Valida\u00e7\u00e3o da Carta I Semin\u00e1rio Cinema: Forma\u00e7\u00e3o em Rede<\/p>\n<p>-Renato Naves Prado (IFG Campus Goi\u00e1s)<\/p>\n<p>-Lina T\u00e1vora e Barbara Alpino (SAv\/MinC)<\/p>\n<p>&nbsp;<\/p>\n<p><u>11h \u2013 12h<\/u><\/p>\n<p>&nbsp;<\/p>\n<p>Encerramento<\/p>\n<p>Jo\u00e3o Batista Silva (Secret\u00e1rio do Audiovisual SAv \/ MinC)<\/p>\n<p>Sandro di Lima (Diretor Geral do Campus Cidade de Goi\u00e1s \/ IFG)<\/p>\n","protected":false},"excerpt":{"rendered":"<p>I Semin\u00e1rio Cinema: Forma\u00e7\u00e3o em Rede 17, 18 e 19 de novembro de 2017 IFG \u2013 Campus Cidade de Goi\u00e1s &nbsp; &nbsp; 17 de novembro (sexta feira) &nbsp; 9h \u2013 11h &nbsp; Credenciamento dos participantes &nbsp; 14h \u2013 16h &nbsp; Tour pelas instala\u00e7\u00f5es do IFG Campus Cidade de Goi\u00e1s &nbsp; 16h \u2013 17h &nbsp; Abertura &#8230; <a title=\"Programa\u00e7\u00e3o\" class=\"read-more\" href=\"https:\/\/eventos.ifg.edu.br\/seminariocinemaemrede\/programacao\/\" aria-label=\"Read more about Programa\u00e7\u00e3o\">Ler mais<\/a><\/p>\n","protected":false},"author":52,"featured_media":0,"parent":0,"menu_order":0,"comment_status":"closed","ping_status":"closed","template":"","meta":{"ngg_post_thumbnail":0,"footnotes":""},"class_list":["post-27","page","type-page","status-publish"],"_links":{"self":[{"href":"https:\/\/eventos.ifg.edu.br\/seminariocinemaemrede\/wp-json\/wp\/v2\/pages\/27"}],"collection":[{"href":"https:\/\/eventos.ifg.edu.br\/seminariocinemaemrede\/wp-json\/wp\/v2\/pages"}],"about":[{"href":"https:\/\/eventos.ifg.edu.br\/seminariocinemaemrede\/wp-json\/wp\/v2\/types\/page"}],"author":[{"embeddable":true,"href":"https:\/\/eventos.ifg.edu.br\/seminariocinemaemrede\/wp-json\/wp\/v2\/users\/52"}],"replies":[{"embeddable":true,"href":"https:\/\/eventos.ifg.edu.br\/seminariocinemaemrede\/wp-json\/wp\/v2\/comments?post=27"}],"version-history":[{"count":4,"href":"https:\/\/eventos.ifg.edu.br\/seminariocinemaemrede\/wp-json\/wp\/v2\/pages\/27\/revisions"}],"predecessor-version":[{"id":62,"href":"https:\/\/eventos.ifg.edu.br\/seminariocinemaemrede\/wp-json\/wp\/v2\/pages\/27\/revisions\/62"}],"wp:attachment":[{"href":"https:\/\/eventos.ifg.edu.br\/seminariocinemaemrede\/wp-json\/wp\/v2\/media?parent=27"}],"curies":[{"name":"wp","href":"https:\/\/api.w.org\/{rel}","templated":true}]}}