{"id":2,"date":"2017-10-19T14:38:51","date_gmt":"2017-10-19T16:38:51","guid":{"rendered":"http:\/\/eventos.ifg.edu.br\/seminariocinemaemrede\/?page_id=2"},"modified":"2017-10-23T20:10:07","modified_gmt":"2017-10-23T22:10:07","slug":"sobre","status":"publish","type":"page","link":"https:\/\/eventos.ifg.edu.br\/seminariocinemaemrede\/sobre\/","title":{"rendered":"Sobre o Semin\u00e1rio"},"content":{"rendered":"<p>Promovido em parceria\u00a0entre o Instituto de Educa\u00e7\u00e3o, Ci\u00eancia e Tecnologia de Goi\u00e1s (IFG)\u00a0e a\u00a0 Secretaria do Audiovisual do Minist\u00e9rio da Cultura (SAv), o\u00a0Semin\u00e1rio Cinema: Forma\u00e7\u00e3o em Rede ocorrer\u00e1 nos dias 17, 18 e 19 de novembro na Cidade de Goi\u00e1s para discutir a forma\u00e7\u00e3o para a linguagem audiovisual dentro do contexto dos Institutos Federais IFs e os resultados e proje\u00e7\u00f5es para os N\u00facleos de Produ\u00e7\u00e3o Digital (NPDs), uma\u00a0a\u00e7\u00e3o conduzida pela SAv. O evento tem como um de seus objetivos promover o di\u00e1logo qualificado entre NPDs e o setor de forma\u00e7\u00e3o regular, especialmente os IFs por sua caracter\u00edstica de oferta na forma\u00e7\u00e3o tecnol\u00f3gica e verticalizada onde j\u00e1 se encontram alguns NPDs pelo Brasil.<\/p>\n","protected":false},"excerpt":{"rendered":"<p>Promovido em parceria\u00a0entre o Instituto de Educa\u00e7\u00e3o, Ci\u00eancia e Tecnologia de Goi\u00e1s (IFG)\u00a0e a\u00a0 Secretaria do Audiovisual do Minist\u00e9rio da Cultura (SAv), o\u00a0Semin\u00e1rio Cinema: Forma\u00e7\u00e3o em Rede ocorrer\u00e1 nos dias 17, 18 e 19 de novembro na Cidade de Goi\u00e1s para discutir a forma\u00e7\u00e3o para a linguagem audiovisual dentro do contexto dos Institutos Federais IFs &#8230; <a title=\"Sobre o Semin\u00e1rio\" class=\"read-more\" href=\"https:\/\/eventos.ifg.edu.br\/seminariocinemaemrede\/sobre\/\" aria-label=\"Read more about Sobre o Semin\u00e1rio\">Ler mais<\/a><\/p>\n","protected":false},"author":52,"featured_media":0,"parent":0,"menu_order":0,"comment_status":"closed","ping_status":"open","template":"","meta":{"ngg_post_thumbnail":0,"footnotes":""},"class_list":["post-2","page","type-page","status-publish"],"_links":{"self":[{"href":"https:\/\/eventos.ifg.edu.br\/seminariocinemaemrede\/wp-json\/wp\/v2\/pages\/2"}],"collection":[{"href":"https:\/\/eventos.ifg.edu.br\/seminariocinemaemrede\/wp-json\/wp\/v2\/pages"}],"about":[{"href":"https:\/\/eventos.ifg.edu.br\/seminariocinemaemrede\/wp-json\/wp\/v2\/types\/page"}],"author":[{"embeddable":true,"href":"https:\/\/eventos.ifg.edu.br\/seminariocinemaemrede\/wp-json\/wp\/v2\/users\/52"}],"replies":[{"embeddable":true,"href":"https:\/\/eventos.ifg.edu.br\/seminariocinemaemrede\/wp-json\/wp\/v2\/comments?post=2"}],"version-history":[{"count":4,"href":"https:\/\/eventos.ifg.edu.br\/seminariocinemaemrede\/wp-json\/wp\/v2\/pages\/2\/revisions"}],"predecessor-version":[{"id":11,"href":"https:\/\/eventos.ifg.edu.br\/seminariocinemaemrede\/wp-json\/wp\/v2\/pages\/2\/revisions\/11"}],"wp:attachment":[{"href":"https:\/\/eventos.ifg.edu.br\/seminariocinemaemrede\/wp-json\/wp\/v2\/media?parent=2"}],"curies":[{"name":"wp","href":"https:\/\/api.w.org\/{rel}","templated":true}]}}