{"id":85,"date":"2019-04-01T13:10:43","date_gmt":"2019-04-01T16:10:43","guid":{"rendered":"http:\/\/eventos.ifg.edu.br\/seminario-local-ict\/?page_id=85"},"modified":"2019-05-20T06:03:43","modified_gmt":"2019-05-20T09:03:43","slug":"programacao","status":"publish","type":"page","link":"https:\/\/eventos.ifg.edu.br\/seminario-local-ict\/slict-2019\/programacao\/","title":{"rendered":"Programa\u00e7\u00e3o"},"content":{"rendered":"<blockquote>\n<h2><span style=\"color: #ff6600\"><strong>21 de maio de 2019<\/strong><\/span><\/h2>\n<\/blockquote>\n<ul>\n<li><strong>08:00 ~ 09:00 &#8211; Cerim\u00f4nia de abertura<\/strong>\n<ul>\n<li>Local:&nbsp;Audit\u00f3rio Demartin Bizerra<\/li>\n<\/ul>\n<\/li>\n<li><strong>09:00&nbsp;~ 10:00 &#8211; Palestra<\/strong>\n<ul>\n<li>Tema: Pesquisa, Desenvolvimento e Inova\u00e7\u00e3o<\/li>\n<li>Autor: Pedro Luiz Costa Oliveira (Diretor de inova\u00e7\u00e3o e novos neg\u00f3cios da FUNTEC)<\/li>\n<li>Local:&nbsp;&nbsp;Audit\u00f3rio Demartin Bizerra<\/li>\n<\/ul>\n<\/li>\n<li><strong>10:00&nbsp;~ 12:00 &#8211; Sess\u00f5es de Comunica\u00e7\u00f5es Orais<\/strong>\n<ul>\n<li><a href=\"http:\/\/eventos.ifg.edu.br\/seminario-local-ict\/wp-content\/uploads\/sites\/37\/2019\/05\/A.pdf\">Sess\u00e3o A<\/a> &#8211;&nbsp;&nbsp;Audit\u00f3rio Demartin Bizerra<\/li>\n<li><a href=\"http:\/\/eventos.ifg.edu.br\/seminario-local-ict\/wp-content\/uploads\/sites\/37\/2019\/05\/B.pdf\">Sess\u00e3o B<\/a> &#8211;&nbsp;Audit\u00f3rio Julieta Passos<\/li>\n<li><a href=\"http:\/\/eventos.ifg.edu.br\/seminario-local-ict\/wp-content\/uploads\/sites\/37\/2019\/05\/C.pdf\">Sess\u00e3o C<\/a> &#8211;&nbsp;Audit\u00f3rio Djalma Maia<\/li>\n<li><a href=\"http:\/\/eventos.ifg.edu.br\/seminario-local-ict\/wp-content\/uploads\/sites\/37\/2019\/05\/D.pdf\">Sess\u00e3o D<\/a> &#8211;&nbsp;Cinemateca<\/li>\n<\/ul>\n<\/li>\n<li><strong>14:00&nbsp;~ 18:00 &#8211;&nbsp; <span class=\"fontstyle0\">Comunica\u00e7\u00f5es Cient\u00edficas dos Grupos de Pesquisa<\/span><\/strong>\n<ul>\n<li>Local: Cinemateca<\/li>\n<\/ul>\n<\/li>\n<li><strong>19:30 ~&nbsp;20:30 &#8211; Palestra<\/strong>\n<ul>\n<li>Tema: Perfil profissional e mercado no s\u00e9culo XXI<\/li>\n<li>Autor:&nbsp;Luciana Padovez Cualheta (Consultora em Empreendedorismo e Inova\u00e7\u00e3o)<\/li>\n<li>Local:&nbsp;Cinemateca<\/li>\n<\/ul>\n<\/li>\n<\/ul>\n<blockquote>\n<h2><span style=\"color: #ff6600\"><strong>22 de maio de 2019<\/strong><\/span><\/h2>\n<\/blockquote>\n<ul>\n<li><strong>08:00&nbsp;~ 12:00 &#8211; Sess\u00f5es de Comunica\u00e7\u00f5es Orais<\/strong>\n<ul>\n<li><a href=\"http:\/\/eventos.ifg.edu.br\/seminario-local-ict\/wp-content\/uploads\/sites\/37\/2019\/05\/A1.pdf\">Sess\u00e3o A1<\/a> &#8211;&nbsp;Audit\u00f3rio Demartin Bizerra<\/li>\n<li><a href=\"http:\/\/eventos.ifg.edu.br\/seminario-local-ict\/wp-content\/uploads\/sites\/37\/2019\/05\/B1.pdf\">Sess\u00e3o B1<\/a> &#8211;&nbsp;Audit\u00f3rio Julieta Passos<\/li>\n<li><a href=\"http:\/\/eventos.ifg.edu.br\/seminario-local-ict\/wp-content\/uploads\/sites\/37\/2019\/05\/C1.pdf\">Sess\u00e3o C1<\/a> &#8211;&nbsp;Audit\u00f3rio Djalma Maia<\/li>\n<\/ul>\n<\/li>\n<li><strong>08:00&nbsp;~ 10:00 &#8211; Mesa redonda<\/strong>\n<ul>\n<li>Tema:&nbsp;Pesquisa e Inova\u00e7\u00e3o &#8211; Desafios, Fomentos e Formaliza\u00e7\u00f5es na Rede Federal<\/li>\n<li>Debatedores: Rafael Nielson (especialista em inova\u00e7\u00e3o &#8211; ENEL),&nbsp;Bruno Machado Carvalho (captador de Recursos\/Projetos da Funda\u00e7\u00e3o de Apoio \u00e0 Pesquisa), Viviane Margarida Gomes (analista do Centro de Inova\u00e7\u00e3o Tecnol\u00f3gica &#8211; Cite\/IFG), Ciro Macedo e Renata Luiza da Costa (membros do Comit\u00ea de \u00c9tica do IFG)<\/li>\n<li>Local:&nbsp;Cinemateca<\/li>\n<\/ul>\n<\/li>\n<li><strong>10:00&nbsp;~ 12:00 &#8211; <span class=\"fontstyle0\">Encontro dos Grupos de Pesquisa e Pesquisadores<\/span><\/strong>\n<ul>\n<li><span class=\"fontstyle0\">Tema:&nbsp;Formaliza\u00e7\u00e3o, Regulamenta\u00e7\u00e3o e Atribui\u00e7\u00f5es<\/span><\/li>\n<li>Local:&nbsp;Cinemateca<\/li>\n<\/ul>\n<\/li>\n<\/ul>\n<blockquote><p><a href=\"https:\/\/sugep.ifg.edu.br\/eventos\/#\/publico\/eventos\/a43a41e3-36e3-497b-933e-5e0111908a1d\/inscricao\"><span style=\"color: #ff6600\"><strong>Inscri\u00e7\u00f5es<\/strong><\/span><\/a><\/p><\/blockquote>\n","protected":false},"excerpt":{"rendered":"<p>21 de maio de 2019 08:00 ~ 09:00 &#8211; Cerim\u00f4nia de abertura Local:&nbsp;Audit\u00f3rio Demartin Bizerra 09:00&nbsp;~ 10:00 &#8211; Palestra Tema: Pesquisa, Desenvolvimento e Inova\u00e7\u00e3o Autor: Pedro Luiz Costa Oliveira (Diretor de inova\u00e7\u00e3o e novos neg\u00f3cios da FUNTEC) Local:&nbsp;&nbsp;Audit\u00f3rio Demartin Bizerra 10:00&nbsp;~ 12:00 &#8211; Sess\u00f5es de Comunica\u00e7\u00f5es Orais Sess\u00e3o A &#8211;&nbsp;&nbsp;Audit\u00f3rio Demartin Bizerra Sess\u00e3o B &#8211;&nbsp;Audit\u00f3rio [&hellip;]<\/p>\n","protected":false},"author":78,"featured_media":0,"parent":76,"menu_order":0,"comment_status":"closed","ping_status":"closed","template":"","meta":{"ngg_post_thumbnail":0,"footnotes":""},"class_list":["post-85","page","type-page","status-publish","hentry"],"_links":{"self":[{"href":"https:\/\/eventos.ifg.edu.br\/seminario-local-ict\/wp-json\/wp\/v2\/pages\/85"}],"collection":[{"href":"https:\/\/eventos.ifg.edu.br\/seminario-local-ict\/wp-json\/wp\/v2\/pages"}],"about":[{"href":"https:\/\/eventos.ifg.edu.br\/seminario-local-ict\/wp-json\/wp\/v2\/types\/page"}],"author":[{"embeddable":true,"href":"https:\/\/eventos.ifg.edu.br\/seminario-local-ict\/wp-json\/wp\/v2\/users\/78"}],"replies":[{"embeddable":true,"href":"https:\/\/eventos.ifg.edu.br\/seminario-local-ict\/wp-json\/wp\/v2\/comments?post=85"}],"version-history":[{"count":31,"href":"https:\/\/eventos.ifg.edu.br\/seminario-local-ict\/wp-json\/wp\/v2\/pages\/85\/revisions"}],"predecessor-version":[{"id":388,"href":"https:\/\/eventos.ifg.edu.br\/seminario-local-ict\/wp-json\/wp\/v2\/pages\/85\/revisions\/388"}],"up":[{"embeddable":true,"href":"https:\/\/eventos.ifg.edu.br\/seminario-local-ict\/wp-json\/wp\/v2\/pages\/76"}],"wp:attachment":[{"href":"https:\/\/eventos.ifg.edu.br\/seminario-local-ict\/wp-json\/wp\/v2\/media?parent=85"}],"curies":[{"name":"wp","href":"https:\/\/api.w.org\/{rel}","templated":true}]}}