{"id":76,"date":"2019-04-01T12:19:18","date_gmt":"2019-04-01T15:19:18","guid":{"rendered":"http:\/\/eventos.ifg.edu.br\/seminario-local-ict\/?page_id=76"},"modified":"2019-04-30T12:01:35","modified_gmt":"2019-04-30T15:01:35","slug":"slict-2019","status":"publish","type":"page","link":"https:\/\/eventos.ifg.edu.br\/seminario-local-ict\/slict-2019\/","title":{"rendered":"SLICT 2019"},"content":{"rendered":"<p><img decoding=\"async\" src=\"http:\/\/ifg.edu.br\/attachments\/article\/12837\/Post%20Site_9_SLICT_2019_12,5x8,5cm.png\" alt=\"imagem sem descri\u00c3\u00a7\u00c3\u00a3o.\"><\/p>\n<p style=\"text-align: justify\">A edi\u00e7\u00e3o 2019 do Semin\u00e1rio Local de ICT acontecer\u00e1 nos dia 21 e 22 de maio visando&nbsp;estimular o desenvolvimento de pesquisa no c\u00e2mpus Goi\u00e2nia e mostrar a import\u00e2ncia das parcerias entre&nbsp;pesquisadores e institui\u00e7\u00f5es.<\/p>\n<p style=\"text-align: justify\">Ser\u00e3o apresentados cerca de 100 trabalhos, nas diversas \u00e1reas de conhecimento, com os resultados parciais das pesquisas iniciadas em agosto de 2018, dentro dos programas PIBIC, PIBIC-EM e PIBITI.&nbsp;Ser\u00e3o&nbsp;7 sess\u00f5es com apresenta\u00e7\u00f5es nos dois dias de evento.<\/p>\n<p style=\"text-align: justify\">A programa\u00e7\u00e3o ainda conta com palestras sobre pesquisa, desenvolvimento e inova\u00e7\u00e3o e o perfil profissional e mercado no <span style=\"color: #000000\">s\u00e9culo XXI.<\/span><\/p>\n<p style=\"text-align: justify\">No primeiro dia ser\u00e3o apresentados tamb\u00e9m projetos de pesquisa desenvolvidos pelos Grupos de Pesquisa ativos no c\u00e2mpus.<\/p>\n<p style=\"text-align: justify\">No segundo dia, o SLICT conta com a participa\u00e7\u00e3o de funcion\u00e1rios e servidores da <a href=\"https:\/\/www.enel.com.br\/pt-goias\" target=\"_blank\">ENEL<\/a>, <a href=\"https:\/\/www.funape.org.br\/site\/\" target=\"_blank\">FUNAPE<\/a>, <a href=\"http:\/\/ifg.edu.br\/cite\" target=\"_blank\">Cite<\/a> e do&nbsp;<a href=\"http:\/\/ifg.edu.br\/comites\/cep\" target=\"_blank\">Comit\u00ea de \u00c9tica em Pesquisas do IFG<\/a> para a composi\u00e7\u00e3o de uma&nbsp;Mesa Redonda para discuss\u00e3o acerca do tema <em>Pesquisa e Inova\u00e7\u00e3o &#8211; desafios, fomentos e formaliza\u00e7\u00e3o na Rede Federal<\/em>.<\/p>\n<blockquote><p><a href=\"http:\/\/eventos.ifg.edu.br\/seminario-local-ict\/slict-2019\/programacao\/\" target=\"_blank\">Programa\u00e7\u00e3o completa<\/a><\/p>\n<p><a href=\"http:\/\/eventos.ifg.edu.br\/seminario-local-ict\/slict-2019\/inscricoes\/\" target=\"_blank\">Inscri\u00e7\u00f5es<\/a><\/p>\n<p><a href=\"http:\/\/eventos.ifg.edu.br\/seminario-local-ict\/slict-2019\/apresentacoes\/\" target=\"_blank\">Apresenta\u00e7\u00f5es<\/a><\/p>\n<p><a href=\"http:\/\/eventos.ifg.edu.br\/seminario-local-ict\/slict-2019\/monitoria\/\">Monitoria<\/a><\/p><\/blockquote>\n","protected":false},"excerpt":{"rendered":"<p>A edi\u00e7\u00e3o 2019 do Semin\u00e1rio Local de ICT acontecer\u00e1 nos dia 21 e 22 de maio visando&nbsp;estimular o desenvolvimento de pesquisa no c\u00e2mpus Goi\u00e2nia e mostrar a import\u00e2ncia das parcerias entre&nbsp;pesquisadores e institui\u00e7\u00f5es. Ser\u00e3o apresentados cerca de 100 trabalhos, nas diversas \u00e1reas de conhecimento, com os resultados parciais das pesquisas iniciadas em agosto de 2018, [&hellip;]<\/p>\n","protected":false},"author":78,"featured_media":0,"parent":0,"menu_order":0,"comment_status":"closed","ping_status":"closed","template":"","meta":{"ngg_post_thumbnail":0,"footnotes":""},"class_list":["post-76","page","type-page","status-publish","hentry"],"_links":{"self":[{"href":"https:\/\/eventos.ifg.edu.br\/seminario-local-ict\/wp-json\/wp\/v2\/pages\/76"}],"collection":[{"href":"https:\/\/eventos.ifg.edu.br\/seminario-local-ict\/wp-json\/wp\/v2\/pages"}],"about":[{"href":"https:\/\/eventos.ifg.edu.br\/seminario-local-ict\/wp-json\/wp\/v2\/types\/page"}],"author":[{"embeddable":true,"href":"https:\/\/eventos.ifg.edu.br\/seminario-local-ict\/wp-json\/wp\/v2\/users\/78"}],"replies":[{"embeddable":true,"href":"https:\/\/eventos.ifg.edu.br\/seminario-local-ict\/wp-json\/wp\/v2\/comments?post=76"}],"version-history":[{"count":26,"href":"https:\/\/eventos.ifg.edu.br\/seminario-local-ict\/wp-json\/wp\/v2\/pages\/76\/revisions"}],"predecessor-version":[{"id":364,"href":"https:\/\/eventos.ifg.edu.br\/seminario-local-ict\/wp-json\/wp\/v2\/pages\/76\/revisions\/364"}],"wp:attachment":[{"href":"https:\/\/eventos.ifg.edu.br\/seminario-local-ict\/wp-json\/wp\/v2\/media?parent=76"}],"curies":[{"name":"wp","href":"https:\/\/api.w.org\/{rel}","templated":true}]}}