{"id":67,"date":"2019-04-01T12:00:59","date_gmt":"2019-04-01T15:00:59","guid":{"rendered":"http:\/\/eventos.ifg.edu.br\/seminario-local-ict\/?page_id=67"},"modified":"2019-04-05T13:07:36","modified_gmt":"2019-04-05T16:07:36","slug":"cpi-gepex","status":"publish","type":"page","link":"https:\/\/eventos.ifg.edu.br\/seminario-local-ict\/cpi-gepex\/","title":{"rendered":"CPI-GEPEX"},"content":{"rendered":"<p>A Coordena\u00e7\u00e3o de Pesquisa e lnova\u00e7\u00e3o (CPI), subordinada \u00e0 GEPEX, \u00e9 respons\u00e1vel pelas a\u00e7\u00f5es de viabiliza\u00e7\u00e3o das atividades de pesquisa e inova\u00e7\u00e3o desenvolvidas no c\u00e2mpus Goi\u00e2nia.<\/p>\n<p>Compete \u00e0 CPI supervisionar a participa\u00e7\u00e3o de servidores e estudantes&nbsp;deste c\u00e2mpus nos programas e projetos de pesquisa e inova\u00e7\u00e3o, como os de bolsas de inicia\u00e7\u00e3o cient\u00edfica, tecnol\u00f3gica e inova\u00e7\u00e3o (<a href=\"http:\/\/ifg.edu.br\/component\/content\/article\/63-ifg\/pro-reitorias\/pesquisa-e-pos-graduacao\/149-iniciacao-cientifica-e-tecnologica?showall=&amp;start=1\" target=\"_blank\">PIBICTI<\/a>), o de apoio \u00e0 produtividade em pesquisa (<a href=\"http:\/\/ifg.edu.br\/component\/content\/article\/63-ifg\/pro-reitorias\/pesquisa-e-pos-graduacao\/137-servidores?showall=&amp;start=1\" target=\"_blank\">ProAPP<\/a>) e o <a href=\"http:\/\/ifg.edu.br\/pesquisa-no-ifg?showall=&amp;start=3\" target=\"_blank\">cadastro de projetos de pesquisa<\/a>. Al\u00e9m disso, esta Coordena\u00e7\u00e3o acompanha as atividades dos Grupos e N\u00facleos de Estudos e Pesquisa ativos no c\u00e2mpus Goi\u00e2nia.<\/p>\n<p>Para mais informa\u00e7\u00f5es sobre a Coordena\u00e7\u00e3o acesse a aba Pesquisa e P\u00f3s-Gradua\u00e7\u00e3o no site <a href=\"http:\/\/ifg.edu.br\/goiania\" target=\"_blank\">ifg.edu.br\/goiania<\/a><\/p>\n<p>Ou entre em contato diretamente pelo telefone 3227-2886 ou pelo e-mail pesquisa@ifg.edu.br<\/p>\n<blockquote><p><strong>Equipe<\/strong><\/p><\/blockquote>\n<p style=\"padding-left: 30px\">Prof. Sirlon Diniz de Carvalho (sirlon.carvalho@ifg.edu.br) &#8211; Coordenador<\/p>\n<p style=\"padding-left: 30px\">Tatiani Gomes Souza (tatiani.souza@ifg.edu.br) &#8211; Assistente administrativo<\/p>\n","protected":false},"excerpt":{"rendered":"<p>A Coordena\u00e7\u00e3o de Pesquisa e lnova\u00e7\u00e3o (CPI), subordinada \u00e0 GEPEX, \u00e9 respons\u00e1vel pelas a\u00e7\u00f5es de viabiliza\u00e7\u00e3o das atividades de pesquisa e inova\u00e7\u00e3o desenvolvidas no c\u00e2mpus Goi\u00e2nia. Compete \u00e0 CPI supervisionar a participa\u00e7\u00e3o de servidores e estudantes&nbsp;deste c\u00e2mpus nos programas e projetos de pesquisa e inova\u00e7\u00e3o, como os de bolsas de inicia\u00e7\u00e3o cient\u00edfica, tecnol\u00f3gica e inova\u00e7\u00e3o [&hellip;]<\/p>\n","protected":false},"author":78,"featured_media":0,"parent":0,"menu_order":3,"comment_status":"closed","ping_status":"closed","template":"","meta":{"ngg_post_thumbnail":0,"footnotes":""},"class_list":["post-67","page","type-page","status-publish","hentry"],"_links":{"self":[{"href":"https:\/\/eventos.ifg.edu.br\/seminario-local-ict\/wp-json\/wp\/v2\/pages\/67"}],"collection":[{"href":"https:\/\/eventos.ifg.edu.br\/seminario-local-ict\/wp-json\/wp\/v2\/pages"}],"about":[{"href":"https:\/\/eventos.ifg.edu.br\/seminario-local-ict\/wp-json\/wp\/v2\/types\/page"}],"author":[{"embeddable":true,"href":"https:\/\/eventos.ifg.edu.br\/seminario-local-ict\/wp-json\/wp\/v2\/users\/78"}],"replies":[{"embeddable":true,"href":"https:\/\/eventos.ifg.edu.br\/seminario-local-ict\/wp-json\/wp\/v2\/comments?post=67"}],"version-history":[{"count":13,"href":"https:\/\/eventos.ifg.edu.br\/seminario-local-ict\/wp-json\/wp\/v2\/pages\/67\/revisions"}],"predecessor-version":[{"id":251,"href":"https:\/\/eventos.ifg.edu.br\/seminario-local-ict\/wp-json\/wp\/v2\/pages\/67\/revisions\/251"}],"wp:attachment":[{"href":"https:\/\/eventos.ifg.edu.br\/seminario-local-ict\/wp-json\/wp\/v2\/media?parent=67"}],"curies":[{"name":"wp","href":"https:\/\/api.w.org\/{rel}","templated":true}]}}