{"id":361,"date":"2019-04-30T11:58:52","date_gmt":"2019-04-30T14:58:52","guid":{"rendered":"http:\/\/eventos.ifg.edu.br\/seminario-local-ict\/?page_id=361"},"modified":"2019-04-30T12:11:51","modified_gmt":"2019-04-30T15:11:51","slug":"monitoria","status":"publish","type":"page","link":"https:\/\/eventos.ifg.edu.br\/seminario-local-ict\/slict-2019\/monitoria\/","title":{"rendered":"Monitoria"},"content":{"rendered":"<p>Inscreva-se <a href=\"https:\/\/forms.gle\/UcFeZPgCthsN8nm39\">aqui<\/a> para ser monitor(a) nas atividades do Semin\u00e1rio Local de ICT.<\/p>\n<p>As participa\u00e7\u00f5es ser\u00e3o certificadas.<\/p>\n","protected":false},"excerpt":{"rendered":"<p>Inscreva-se aqui para ser monitor(a) nas atividades do Semin\u00e1rio Local de ICT. As participa\u00e7\u00f5es ser\u00e3o certificadas.<\/p>\n","protected":false},"author":78,"featured_media":0,"parent":76,"menu_order":4,"comment_status":"closed","ping_status":"closed","template":"","meta":{"ngg_post_thumbnail":0,"footnotes":""},"class_list":["post-361","page","type-page","status-publish","hentry"],"_links":{"self":[{"href":"https:\/\/eventos.ifg.edu.br\/seminario-local-ict\/wp-json\/wp\/v2\/pages\/361"}],"collection":[{"href":"https:\/\/eventos.ifg.edu.br\/seminario-local-ict\/wp-json\/wp\/v2\/pages"}],"about":[{"href":"https:\/\/eventos.ifg.edu.br\/seminario-local-ict\/wp-json\/wp\/v2\/types\/page"}],"author":[{"embeddable":true,"href":"https:\/\/eventos.ifg.edu.br\/seminario-local-ict\/wp-json\/wp\/v2\/users\/78"}],"replies":[{"embeddable":true,"href":"https:\/\/eventos.ifg.edu.br\/seminario-local-ict\/wp-json\/wp\/v2\/comments?post=361"}],"version-history":[{"count":2,"href":"https:\/\/eventos.ifg.edu.br\/seminario-local-ict\/wp-json\/wp\/v2\/pages\/361\/revisions"}],"predecessor-version":[{"id":365,"href":"https:\/\/eventos.ifg.edu.br\/seminario-local-ict\/wp-json\/wp\/v2\/pages\/361\/revisions\/365"}],"up":[{"embeddable":true,"href":"https:\/\/eventos.ifg.edu.br\/seminario-local-ict\/wp-json\/wp\/v2\/pages\/76"}],"wp:attachment":[{"href":"https:\/\/eventos.ifg.edu.br\/seminario-local-ict\/wp-json\/wp\/v2\/media?parent=361"}],"curies":[{"name":"wp","href":"https:\/\/api.w.org\/{rel}","templated":true}]}}