{"id":259,"date":"2019-04-12T14:53:26","date_gmt":"2019-04-12T17:53:26","guid":{"rendered":"http:\/\/eventos.ifg.edu.br\/seminario-local-ict\/?page_id=259"},"modified":"2019-07-01T09:45:02","modified_gmt":"2019-07-01T12:45:02","slug":"certificados","status":"publish","type":"page","link":"https:\/\/eventos.ifg.edu.br\/seminario-local-ict\/certificados\/","title":{"rendered":"Certificados SLICT 2019"},"content":{"rendered":"<p>Os certificados de participa\u00e7\u00e3o est\u00e3o dispon\u00edveis clicando aqui: <a href=\"https:\/\/sugep.ifg.edu.br\/eventos\/#\/\" target=\"_blank\">Sistema Unificado de Gest\u00e3o de Extens\u00e3o e Pesquisa (SUGEP) do IFG<\/a>.<br \/>\nBasta \u201cConectar-se\u201d na aba superior para ter acesso \u00e0 \u00e1rea de &#8220;Meus Certificados&#8221;.<\/p>\n<p>Aos n\u00e3o cadastrados no SUGEP: insira o e-mail informado nas listas de presen\u00e7a e clique em \u201cEsqueceu a Senha\u201d. O sistema enviar\u00e1 um link para gera\u00e7\u00e3o de senha que viabilizar\u00e1 acesso.<\/p>\n<p>Quaisquer d\u00favidas entrem em contato pelo e-mail da Coordena\u00e7\u00e3o de Pesquisa e Inova\u00e7\u00e3o (pesquisa.goiania@ifg.edu.br) ou pelo telefone 3227-2886.<\/p>\n","protected":false},"excerpt":{"rendered":"<p>Os certificados de participa\u00e7\u00e3o est\u00e3o dispon\u00edveis clicando aqui: Sistema Unificado de Gest\u00e3o de Extens\u00e3o e Pesquisa (SUGEP) do IFG. Basta \u201cConectar-se\u201d na aba superior para ter acesso \u00e0 \u00e1rea de &#8220;Meus Certificados&#8221;. Aos n\u00e3o cadastrados no SUGEP: insira o e-mail informado nas listas de presen\u00e7a e clique em \u201cEsqueceu a Senha\u201d. O sistema enviar\u00e1 um [&hellip;]<\/p>\n","protected":false},"author":78,"featured_media":0,"parent":0,"menu_order":0,"comment_status":"closed","ping_status":"closed","template":"","meta":{"ngg_post_thumbnail":0,"footnotes":""},"class_list":["post-259","page","type-page","status-publish","hentry"],"_links":{"self":[{"href":"https:\/\/eventos.ifg.edu.br\/seminario-local-ict\/wp-json\/wp\/v2\/pages\/259"}],"collection":[{"href":"https:\/\/eventos.ifg.edu.br\/seminario-local-ict\/wp-json\/wp\/v2\/pages"}],"about":[{"href":"https:\/\/eventos.ifg.edu.br\/seminario-local-ict\/wp-json\/wp\/v2\/types\/page"}],"author":[{"embeddable":true,"href":"https:\/\/eventos.ifg.edu.br\/seminario-local-ict\/wp-json\/wp\/v2\/users\/78"}],"replies":[{"embeddable":true,"href":"https:\/\/eventos.ifg.edu.br\/seminario-local-ict\/wp-json\/wp\/v2\/comments?post=259"}],"version-history":[{"count":7,"href":"https:\/\/eventos.ifg.edu.br\/seminario-local-ict\/wp-json\/wp\/v2\/pages\/259\/revisions"}],"predecessor-version":[{"id":393,"href":"https:\/\/eventos.ifg.edu.br\/seminario-local-ict\/wp-json\/wp\/v2\/pages\/259\/revisions\/393"}],"wp:attachment":[{"href":"https:\/\/eventos.ifg.edu.br\/seminario-local-ict\/wp-json\/wp\/v2\/media?parent=259"}],"curies":[{"name":"wp","href":"https:\/\/api.w.org\/{rel}","templated":true}]}}