{"id":2,"date":"2018-04-10T11:19:06","date_gmt":"2018-04-10T14:19:06","guid":{"rendered":"http:\/\/eventos.ifg.edu.br\/seminario-local-ict\/?page_id=2"},"modified":"2019-04-16T14:23:25","modified_gmt":"2019-04-16T17:23:25","slug":"pagina-exemplo","status":"publish","type":"page","link":"https:\/\/eventos.ifg.edu.br\/seminario-local-ict\/","title":{"rendered":"Apresenta\u00e7\u00e3o"},"content":{"rendered":"<p style=\"text-align: justify\">O Semin\u00e1rio Local de Inicia\u00e7\u00e3o Cient\u00edfica e Tecnol\u00f3gica \u00e9 um evento&nbsp;anual&nbsp;organizado pela Ger\u00eancia de Pesquisa, P\u00f3s-Gradua\u00e7\u00e3o e Extens\u00e3o&nbsp;atrav\u00e9s da&nbsp;Coordena\u00e7\u00e3o de Pesquisa e Inova\u00e7\u00e3o, aberto \u00e0 toda comunidade acad\u00eamica, que promove a&nbsp;integra\u00e7\u00e3o das pessoas e dos saberes, al\u00e9m de disseminar a cultura da pesquisa entre os estudantes e servidores do IFG.<\/p>\n<p style=\"text-align: justify\">O objetivo central do evento \u00e9 sempre a reuni\u00e3o da comunidade acad\u00eamica para&nbsp;divulgar os resultados parciais dos projetos de pesquisa desenvolvidos por estudantes de n\u00edvel m\u00e9dio e superior do c\u00e2mpus Goi\u00e2nia dentro dos Programas Institucionais de Bolsas de Inicia\u00e7\u00e3o Cient\u00edfica, Tecnol\u00f3gica e de Inova\u00e7\u00e3o (PIBIC, PIBIC-EM e PIBITI) e tamb\u00e9m abrir oportunidade \u00e0 publiciza\u00e7\u00e3o das pesquisas desenvolvidas pelos Grupos e N\u00facleos de Estudos e Pesquisas e de outros pesquisadores.<\/p>\n<p style=\"text-align: justify\">Pelo Semin\u00e1rio Local de ICT, a GEPEX e a Coordena\u00e7\u00e3o de Pesquisa e Inova\u00e7\u00e3o refor\u00e7am a voca\u00e7\u00e3o e o desenvolvimento do&nbsp;pensamento cient\u00edfico dos estudantes de gradua\u00e7\u00e3o e&nbsp;ensino m\u00e9dio do c\u00e2mpus Goi\u00e2nia.<\/p>\n","protected":false},"excerpt":{"rendered":"<p>O Semin\u00e1rio Local de Inicia\u00e7\u00e3o Cient\u00edfica e Tecnol\u00f3gica \u00e9 um evento&nbsp;anual&nbsp;organizado pela Ger\u00eancia de Pesquisa, P\u00f3s-Gradua\u00e7\u00e3o e Extens\u00e3o&nbsp;atrav\u00e9s da&nbsp;Coordena\u00e7\u00e3o de Pesquisa e Inova\u00e7\u00e3o, aberto \u00e0 toda comunidade acad\u00eamica, que promove a&nbsp;integra\u00e7\u00e3o das pessoas e dos saberes, al\u00e9m de disseminar a cultura da pesquisa entre os estudantes e servidores do IFG. O objetivo central do evento [&hellip;]<\/p>\n","protected":false},"author":78,"featured_media":0,"parent":0,"menu_order":0,"comment_status":"closed","ping_status":"open","template":"","meta":{"ngg_post_thumbnail":0,"footnotes":""},"class_list":["post-2","page","type-page","status-publish","hentry"],"_links":{"self":[{"href":"https:\/\/eventos.ifg.edu.br\/seminario-local-ict\/wp-json\/wp\/v2\/pages\/2"}],"collection":[{"href":"https:\/\/eventos.ifg.edu.br\/seminario-local-ict\/wp-json\/wp\/v2\/pages"}],"about":[{"href":"https:\/\/eventos.ifg.edu.br\/seminario-local-ict\/wp-json\/wp\/v2\/types\/page"}],"author":[{"embeddable":true,"href":"https:\/\/eventos.ifg.edu.br\/seminario-local-ict\/wp-json\/wp\/v2\/users\/78"}],"replies":[{"embeddable":true,"href":"https:\/\/eventos.ifg.edu.br\/seminario-local-ict\/wp-json\/wp\/v2\/comments?post=2"}],"version-history":[{"count":9,"href":"https:\/\/eventos.ifg.edu.br\/seminario-local-ict\/wp-json\/wp\/v2\/pages\/2\/revisions"}],"predecessor-version":[{"id":139,"href":"https:\/\/eventos.ifg.edu.br\/seminario-local-ict\/wp-json\/wp\/v2\/pages\/2\/revisions\/139"}],"wp:attachment":[{"href":"https:\/\/eventos.ifg.edu.br\/seminario-local-ict\/wp-json\/wp\/v2\/media?parent=2"}],"curies":[{"name":"wp","href":"https:\/\/api.w.org\/{rel}","templated":true}]}}