{"id":144,"date":"2019-04-04T10:40:37","date_gmt":"2019-04-04T13:40:37","guid":{"rendered":"http:\/\/eventos.ifg.edu.br\/seminario-local-ict\/?page_id=144"},"modified":"2019-04-05T12:29:04","modified_gmt":"2019-04-05T15:29:04","slug":"2015-2","status":"publish","type":"page","link":"https:\/\/eventos.ifg.edu.br\/seminario-local-ict\/2015-2\/","title":{"rendered":"2015"},"content":{"rendered":"<p><a href=\"http:\/\/eventos.ifg.edu.br\/seminario-local-ict\/wp-content\/uploads\/sites\/37\/2019\/04\/Flayer-Inicia\u00e7\u00e3o-Cient\u00edfica.pdf\" target=\"_blank\">Programa\u00e7\u00e3o completa<\/a><\/p>\n<p><a href=\"http:\/\/eventos.ifg.edu.br\/seminario-local-ict\/wp-content\/uploads\/sites\/37\/2019\/04\/banner-ic-2015.png\"><img fetchpriority=\"high\" decoding=\"async\" class=\"alignnone size-full wp-image-247\" src=\"http:\/\/eventos.ifg.edu.br\/seminario-local-ict\/wp-content\/uploads\/sites\/37\/2019\/04\/banner-ic-2015.png\" alt=\"banner ic 2015\" width=\"1363\" height=\"1817\"><\/a><\/p>\n","protected":false},"excerpt":{"rendered":"<p>Programa\u00e7\u00e3o completa<\/p>\n","protected":false},"author":78,"featured_media":0,"parent":0,"menu_order":0,"comment_status":"closed","ping_status":"closed","template":"","meta":{"ngg_post_thumbnail":0,"footnotes":""},"class_list":["post-144","page","type-page","status-publish","hentry"],"_links":{"self":[{"href":"https:\/\/eventos.ifg.edu.br\/seminario-local-ict\/wp-json\/wp\/v2\/pages\/144"}],"collection":[{"href":"https:\/\/eventos.ifg.edu.br\/seminario-local-ict\/wp-json\/wp\/v2\/pages"}],"about":[{"href":"https:\/\/eventos.ifg.edu.br\/seminario-local-ict\/wp-json\/wp\/v2\/types\/page"}],"author":[{"embeddable":true,"href":"https:\/\/eventos.ifg.edu.br\/seminario-local-ict\/wp-json\/wp\/v2\/users\/78"}],"replies":[{"embeddable":true,"href":"https:\/\/eventos.ifg.edu.br\/seminario-local-ict\/wp-json\/wp\/v2\/comments?post=144"}],"version-history":[{"count":2,"href":"https:\/\/eventos.ifg.edu.br\/seminario-local-ict\/wp-json\/wp\/v2\/pages\/144\/revisions"}],"predecessor-version":[{"id":248,"href":"https:\/\/eventos.ifg.edu.br\/seminario-local-ict\/wp-json\/wp\/v2\/pages\/144\/revisions\/248"}],"wp:attachment":[{"href":"https:\/\/eventos.ifg.edu.br\/seminario-local-ict\/wp-json\/wp\/v2\/media?parent=144"}],"curies":[{"name":"wp","href":"https:\/\/api.w.org\/{rel}","templated":true}]}}