{"id":66,"date":"2023-09-10T14:41:44","date_gmt":"2023-09-10T17:41:44","guid":{"rendered":"http:\/\/eventos.ifg.edu.br\/semat\/?page_id=66"},"modified":"2023-10-16T16:55:54","modified_gmt":"2023-10-16T19:55:54","slug":"programacao","status":"publish","type":"page","link":"https:\/\/eventos.ifg.edu.br\/semat\/programacao\/","title":{"rendered":"Programa\u00e7\u00e3o"},"content":{"rendered":"<p>&nbsp;<\/p>\n<table style=\"border: 1px solid black\">\n<tbody>\n<tr>\n<th style=\"border: 1px solid black\"><\/th>\n<th style=\"background-color: #04aa6d;border: 1px solid black;text-align: center\"><strong><span style=\"color: #ffffff\">17\/OUT<\/span><\/strong><\/th>\n<\/tr>\n<tr>\n<td style=\"border: 1px solid black\">13:00 \u00e0s 14h30<\/td>\n<td style=\"border: 1px solid black\">\n<p style=\"text-align: center\"><strong>Credenciamento<\/strong><\/p>\n<p style=\"text-align: center\"><strong>Abertura da 14\u00aa SEMAT<\/strong><\/p>\n<\/td>\n<\/tr>\n<tr>\n<td style=\"border: 1px solid black\">14:30 \u00e0s 16:30<\/td>\n<td style=\"border: 1px solid black\"><strong>MESA-REDONDA &#8211; FORMA\u00c7\u00c3O DE PROFESSORES QUE ENSINAM MATEM\u00c1TICA: PROBLEMATIZANDO A RELA\u00c7\u00c3O ENTRE CONTE\u00daDOS ESPEC\u00cdFICOS E CONTE\u00daDOS PEDAG\u00d3GICOS<\/strong><\/p>\n<ul>\n<li style=\"text-align: left\"><span style=\"color: #000000\">Palestrantes: Prof. Dr. Manoel Oriosvaldo de Moura (USP) <\/span><\/li>\n<\/ul>\n<p style=\"padding-left: 90px\"><span style=\"color: #000000\">\u00a0 \u00a0 Prof. Dr. Wellington Lima Cedro (UFG)<\/span><\/p>\n<p style=\"text-align: left\"><span style=\"color: #000000\">\u00a0 \u00a0<\/span><\/p>\n<\/td>\n<\/tr>\n<tr>\n<td style=\"border: 1px solid black\">16:30 \u00e0s 18:00<\/td>\n<td style=\"border: 1px solid black\"><strong>OFICINAS:<\/strong><\/p>\n<p><b><\/b><b>OFC2 \u2013 Percursos para outras bases: historicidade e resolu\u00e7\u00e3o de problemas envolvendo bases de numera\u00e7\u00e3o<\/b><\/p>\n<p>Wilton Caldeiras Nunes (IFG\/Goi\u00e2nia); Mariana Bernardes Borges da Cunha (IFG\/Goi\u00e2nia) &#8211; Sala S-209<\/td>\n<\/tr>\n<\/tbody>\n<\/table>\n<p>&nbsp;<\/p>\n<p>&nbsp;<\/p>\n<table style=\"border: 1px solid black\">\n<tbody>\n<tr>\n<th style=\"border: 1px solid black\"><\/th>\n<th style=\"background-color: #04aa6d;border: 1px solid black;text-align: center\"><strong><span style=\"color: #ffffff\">18\/OUT<\/span><\/strong><\/th>\n<\/tr>\n<tr>\n<td style=\"border: 1px solid black\">13:00 \u00e0s 14h<\/td>\n<td style=\"border: 1px solid black;text-align: center\"><strong>Comunica\u00e7\u00e3o Oral<\/strong><\/td>\n<\/tr>\n<tr>\n<td style=\"border: 1px solid black\">14:15 \u00e0s 15:45<\/td>\n<td style=\"border: 1px solid black;text-align: center\"><strong>Minicursos<\/strong><\/p>\n<p style=\"text-align: left\"><b>MC1 \u2013 <\/b><b>Introdu\u00e7\u00e3o \u00e0 Teoria das Distribui\u00e7\u00f5es e aos Espa\u00e7os de Sobolev<\/b><\/p>\n<p style=\"text-align: left\">Prof. Dr. Marcos Roberto Batista (IFG\/Goi\u00e2nia) \u2013 Laborat\u00f3rio de Inform\u00e1tica S &#8211; 403B<\/p>\n<p style=\"text-align: left\"><b>MC2 \u2013 \u00c1lgebra de Grassmann<\/b><\/p>\n<p style=\"text-align: left\">Prof. Dr. Jos\u00e9 Eder Salvador de Vasconcelos (IFG\/Goi\u00e2nia); Profa. Dra. Aline Mota de Mesquita Assis (IFG\/Goi\u00e2nia) \u2013 Sala T109<\/p>\n<p style=\"text-align: left\"><b>MC3 \u2013 <\/b><b>Introdu\u00e7\u00e3o \u00e0s Equa\u00e7\u00f5es Diferenciais Bin\u00e1rias<\/b><\/p>\n<p style=\"text-align: left\">Prof. Dr. Hugo Leonardo da Silva Belis\u00e1rio (IFG\/Goi\u00e2nia) \u2013 Sala\u00a0\u00a0S &#8211; 212<\/p>\n<p style=\"text-align: left\"><b>MC4 \u2013 Uso de ferramentas de Geoposicionamento<\/b><\/p>\n<p style=\"text-align: left\">Jo\u00e3o Celso Leite Ribeiro Filho (IFG\/Goi\u00e2nia); Leandro Karlito\u2019s da Silva Aguiar (IFG\/Goi\u00e2nia); Regina C\u00e9lia Bueno da Fonseca (IFG\/Goi\u00e2nia) \u2013 Laborat\u00f3rio de Inform\u00e1tica S \u2013 401A<\/p>\n<p style=\"text-align: left\"><b>MC5 \u2013 O dinheiro e voc\u00ea. Vamos conversar?<\/b><\/p>\n<p style=\"text-align: left\">Profa. Ma. Ana Cristina Gomes de Jesus (IFG\/Goi\u00e2nia); Mariana Lemes Silva (IFG\/Goi\u00e2nia); Bruna Levict Cardoso Ferreira (IFG\/Goi\u00e2nia); Liberato Silva dos Santos (IFG\/Goi\u00e2nia); Anna Karolina Moura Tereza (IFG\/Goi\u00e2nia); Isabella Lissa Ferreira Souza (IFG\/Goi\u00e2nia) \u2013 Laborat\u00f3rio S1 &#8211; 802B<\/p>\n<p style=\"text-align: left\"><b>MC6\u2013 Explorando fen\u00f4menos peri\u00f3dicos em parques de divers\u00f5es<\/b><\/p>\n<p style=\"text-align: left\">Christyan de Sousa Rangel (IFG\/Goi\u00e2nia); Andr\u00e9ia Ribeiro de Faria (IFG\/Goi\u00e2nia); Matheus Pimenta Barbosa (IFG\/Goi\u00e2nia); Regina C\u00e9lia Bueno da Fonseca (IFG\/Goi\u00e2nia) \u2013 Laborat\u00f3rio de Inform\u00e1tica S \u2013 401D<\/p>\n<p style=\"text-align: left\"><b>MC7-Produ\u00e7\u00e3o de v\u00eddeos de matem\u00e1tica com IA: ChatGPT e Adobe Created Animation<\/b><\/p>\n<p style=\"text-align: left\">Maria Francisca da Cunha (UEG C\u00e2mpus Sul: Sede Morrinhos); Luciano Feliciano de Lima (UEG C\u00e2mpus Sul: Sede Morrinhos) \u2013 Laborat\u00f3rio de inform\u00e1tica S401-C<\/p>\n<\/td>\n<\/tr>\n<tr>\n<td style=\"border: 1px solid black\">16:00 \u00e0s 17:30<\/td>\n<td style=\"border: 1px solid black\"><strong>PALESTRA: GRAFOS E ALGUMAS DE SUAS APLICA\u00c7\u00d5ES A PROBLEMAS COMBINAT\u00d3RIOS<\/strong><\/p>\n<ul>\n<li><span style=\"color: #000000\">Palestrante: Prof. Dr. Julliano Rosa Nascimento (UFG)<\/span><\/li>\n<\/ul>\n<\/td>\n<\/tr>\n<\/tbody>\n<\/table>\n<p>&nbsp;<\/p>\n<table style=\"border: 1px solid black\">\n<tbody>\n<tr>\n<th style=\"border: 1px solid black\"><\/th>\n<th style=\"background-color: #04aa6d;border: 1px solid black;text-align: center\"><strong><span style=\"color: #ffffff\">19\/OUT<\/span><\/strong><\/th>\n<\/tr>\n<tr>\n<td style=\"border: 1px solid black\">13:00 \u00e0s 14h<\/td>\n<td style=\"border: 1px solid black;text-align: center\"><strong>Comunica\u00e7\u00e3o Oral<\/strong><\/td>\n<\/tr>\n<tr>\n<td style=\"border: 1px solid black\">14:15 \u00e0s 15:45<\/td>\n<td style=\"border: 1px solid black;text-align: center\"><strong>Minicursos<\/strong><\/p>\n<p style=\"text-align: left\"><b>MC1 \u2013 <\/b><b>Introdu\u00e7\u00e3o \u00e0 Teoria das Distribui\u00e7\u00f5es e aos Espa\u00e7os de Sobolev<\/b><\/p>\n<p style=\"text-align: left\">Prof. Dr. Marcos Roberto Batista (IFG\/Goi\u00e2nia) \u2013 Laborat\u00f3rio de Inform\u00e1tica S &#8211; 403B<\/p>\n<p style=\"text-align: left\"><b>MC2 \u2013 \u00c1lgebra de Grassmann<\/b><\/p>\n<p style=\"text-align: left\">Prof. Dr. Jos\u00e9 Eder Salvador de Vasconcelos (IFG\/Goi\u00e2nia); Profa. Dra. Aline Mota de Mesquita Assis (IFG\/Goi\u00e2nia) \u2013 Sala T109<\/p>\n<p style=\"text-align: left\"><b>MC3 \u2013 <\/b><b>Introdu\u00e7\u00e3o \u00e0s Equa\u00e7\u00f5es Diferenciais Bin\u00e1rias<\/b><\/p>\n<p style=\"text-align: left\">Prof. Dr. Hugo Leonardo da Silva Belis\u00e1rio (IFG\/Goi\u00e2nia) \u2013 Sala\u00a0\u00a0S &#8211; 212<\/p>\n<p style=\"text-align: left\"><b>MC4 \u2013 Uso de ferramentas de Geoposicionamento<\/b><\/p>\n<p style=\"text-align: left\">Jo\u00e3o Celso Leite Ribeiro Filho (IFG\/Goi\u00e2nia); Leandro Karlito\u2019s da Silva Aguiar (IFG\/Goi\u00e2nia); Regina C\u00e9lia Bueno da Fonseca (IFG\/Goi\u00e2nia) \u2013 Laborat\u00f3rio de Inform\u00e1tica S \u2013 401A<\/p>\n<p style=\"text-align: left\"><b>MC5 \u2013 O dinheiro e voc\u00ea. Vamos conversar?<\/b><\/p>\n<p style=\"text-align: left\">Profa. Ma. Ana Cristina Gomes de Jesus (IFG\/Goi\u00e2nia); Mariana Lemes Silva (IFG\/Goi\u00e2nia); Bruna Levict Cardoso Ferreira (IFG\/Goi\u00e2nia); Liberato Silva dos Santos (IFG\/Goi\u00e2nia); Anna Karolina Moura Tereza (IFG\/Goi\u00e2nia); Isabella Lissa Ferreira Souza (IFG\/Goi\u00e2nia) \u2013 Laborat\u00f3rio S1 &#8211; 802B<\/p>\n<p style=\"text-align: left\"><b>MC6\u2013 Explorando fen\u00f4menos peri\u00f3dicos em parques de divers\u00f5es<\/b><\/p>\n<p style=\"text-align: left\">Christyan de Sousa Rangel (IFG\/Goi\u00e2nia); Andr\u00e9ia Ribeiro de Faria (IFG\/Goi\u00e2nia); Matheus Pimenta Barbosa (IFG\/Goi\u00e2nia); Regina C\u00e9lia Bueno da Fonseca (IFG\/Goi\u00e2nia) \u2013 Laborat\u00f3rio de Inform\u00e1tica S \u2013 401D<\/p>\n<p style=\"text-align: left\"><b>MC7-Produ\u00e7\u00e3o de v\u00eddeos de matem\u00e1tica com IA: ChatGPT e Adobe Created Animation<\/b><\/p>\n<p style=\"text-align: left\">Maria Francisca da Cunha (UEG C\u00e2mpus Sul: Sede Morrinhos); Luciano Feliciano de Lima (UEG C\u00e2mpus Sul: Sede Morrinhos) \u2013 Laborat\u00f3rio de inform\u00e1tica S401-C<\/p>\n<\/td>\n<\/tr>\n<tr>\n<td style=\"border: 1px solid black\">16:00 \u00e0s 17:30<\/td>\n<td style=\"border: 1px solid black\"><strong>PALESTRA: MAUR\u00cdCIO PEIXOTO E A MATEM\u00c1TICA BRASILEIRA<\/strong><\/p>\n<ul>\n<li><span style=\"color: #000000\">Palestrante: Prof. Dr. Ronaldo Alves Garcia<\/span><\/li>\n<\/ul>\n<\/td>\n<\/tr>\n<\/tbody>\n<\/table>\n<p>&nbsp;<\/p>\n","protected":false},"excerpt":{"rendered":"<p>&nbsp; 17\/OUT 13:00 \u00e0s 14h30 Credenciamento Abertura da 14\u00aa SEMAT 14:30 \u00e0s 16:30 MESA-REDONDA &#8211; FORMA\u00c7\u00c3O DE PROFESSORES QUE ENSINAM MATEM\u00c1TICA: PROBLEMATIZANDO A RELA\u00c7\u00c3O <a class=\"more-link\" href=\"https:\/\/eventos.ifg.edu.br\/semat\/programacao\/\">&hellip; Continue lendo&hellip; &rarr;<\/a><\/p>\n","protected":false},"author":204,"featured_media":4,"parent":0,"menu_order":0,"comment_status":"closed","ping_status":"closed","template":"","meta":{"ngg_post_thumbnail":0,"footnotes":""},"class_list":["post-66","page","type-page","status-publish","has-post-thumbnail","hentry"],"_links":{"self":[{"href":"https:\/\/eventos.ifg.edu.br\/semat\/wp-json\/wp\/v2\/pages\/66"}],"collection":[{"href":"https:\/\/eventos.ifg.edu.br\/semat\/wp-json\/wp\/v2\/pages"}],"about":[{"href":"https:\/\/eventos.ifg.edu.br\/semat\/wp-json\/wp\/v2\/types\/page"}],"author":[{"embeddable":true,"href":"https:\/\/eventos.ifg.edu.br\/semat\/wp-json\/wp\/v2\/users\/204"}],"replies":[{"embeddable":true,"href":"https:\/\/eventos.ifg.edu.br\/semat\/wp-json\/wp\/v2\/comments?post=66"}],"version-history":[{"count":26,"href":"https:\/\/eventos.ifg.edu.br\/semat\/wp-json\/wp\/v2\/pages\/66\/revisions"}],"predecessor-version":[{"id":136,"href":"https:\/\/eventos.ifg.edu.br\/semat\/wp-json\/wp\/v2\/pages\/66\/revisions\/136"}],"wp:featuredmedia":[{"embeddable":true,"href":"https:\/\/eventos.ifg.edu.br\/semat\/wp-json\/wp\/v2\/media\/4"}],"wp:attachment":[{"href":"https:\/\/eventos.ifg.edu.br\/semat\/wp-json\/wp\/v2\/media?parent=66"}],"curies":[{"name":"wp","href":"https:\/\/api.w.org\/{rel}","templated":true}]}}