{"id":58,"date":"2023-09-01T23:46:02","date_gmt":"2023-09-02T02:46:02","guid":{"rendered":"http:\/\/eventos.ifg.edu.br\/semat\/?page_id=58"},"modified":"2023-10-06T12:27:25","modified_gmt":"2023-10-06T15:27:25","slug":"o-evento","status":"publish","type":"page","link":"https:\/\/eventos.ifg.edu.br\/semat\/","title":{"rendered":"O Evento"},"content":{"rendered":"<p>O Instituto Federal de Goi\u00e1s (IFG) C\u00e2mpus Goi\u00e2nia realizar\u00e1, nos dias 17, 18 e 19 de outubro de 2023, a 14\u00aa Semana da Licenciatura em Matem\u00e1tica. Paralelamente ao evento acontecer\u00e1 a Semana de Educa\u00e7\u00e3o, Ci\u00eancia, Tecnologia e Cultura (Secitec) do C\u00e2mpus Goi\u00e2nia do IFG .<\/p>\n<p>A 14\u00aa SEMAT debater\u00e1 quest\u00f5es acerca da forma\u00e7\u00e3o de professores que ensinam matem\u00e1tica e do conhecimento disciplinar da Licenciatura em Matem\u00e1tica, com vistas a contribuir para a forma\u00e7\u00e3o de pesquisadores e professores da Educa\u00e7\u00e3o B\u00e1sica e Superior, dos estudantes de cursos de Licenciatura em Matem\u00e1tica, dos bolsistas do Programa Institucional de Bolsas de Inicia\u00e7\u00e3o \u00e0 Doc\u00eancia (Pibid) e dos bolsistas da Resid\u00eancia Pedag\u00f3gica, por meio da participa\u00e7\u00e3o nas confer\u00eancias, mesas redondas, oficinas, apresenta\u00e7\u00e3o de trabalhos, entre outras atividades.<\/p>\n<h3><\/h3>\n","protected":false},"excerpt":{"rendered":"<p>O Instituto Federal de Goi\u00e1s (IFG) C\u00e2mpus Goi\u00e2nia realizar\u00e1, nos dias 17, 18 e 19 de outubro de 2023, a 14\u00aa Semana da Licenciatura <a class=\"more-link\" href=\"https:\/\/eventos.ifg.edu.br\/semat\/\">&hellip; Continue lendo&hellip; &rarr;<\/a><\/p>\n","protected":false},"author":204,"featured_media":0,"parent":0,"menu_order":0,"comment_status":"closed","ping_status":"closed","template":"","meta":{"ngg_post_thumbnail":0,"footnotes":""},"class_list":["post-58","page","type-page","status-publish","hentry"],"_links":{"self":[{"href":"https:\/\/eventos.ifg.edu.br\/semat\/wp-json\/wp\/v2\/pages\/58"}],"collection":[{"href":"https:\/\/eventos.ifg.edu.br\/semat\/wp-json\/wp\/v2\/pages"}],"about":[{"href":"https:\/\/eventos.ifg.edu.br\/semat\/wp-json\/wp\/v2\/types\/page"}],"author":[{"embeddable":true,"href":"https:\/\/eventos.ifg.edu.br\/semat\/wp-json\/wp\/v2\/users\/204"}],"replies":[{"embeddable":true,"href":"https:\/\/eventos.ifg.edu.br\/semat\/wp-json\/wp\/v2\/comments?post=58"}],"version-history":[{"count":10,"href":"https:\/\/eventos.ifg.edu.br\/semat\/wp-json\/wp\/v2\/pages\/58\/revisions"}],"predecessor-version":[{"id":121,"href":"https:\/\/eventos.ifg.edu.br\/semat\/wp-json\/wp\/v2\/pages\/58\/revisions\/121"}],"wp:attachment":[{"href":"https:\/\/eventos.ifg.edu.br\/semat\/wp-json\/wp\/v2\/media?parent=58"}],"curies":[{"name":"wp","href":"https:\/\/api.w.org\/{rel}","templated":true}]}}