{"id":2,"date":"2023-08-30T14:31:01","date_gmt":"2023-08-30T17:31:01","guid":{"rendered":"http:\/\/eventos.ifg.edu.br\/semat\/?page_id=2"},"modified":"2023-10-06T12:26:42","modified_gmt":"2023-10-06T15:26:42","slug":"pagina-exemplo","status":"publish","type":"page","link":"https:\/\/eventos.ifg.edu.br\/semat\/pagina-exemplo\/","title":{"rendered":"Submiss\u00e3o de Trabalhos"},"content":{"rendered":"<p><strong><img fetchpriority=\"high\" decoding=\"async\" class=\"alignnone size-full wp-image-4\" src=\"http:\/\/eventos.ifg.edu.br\/semat\/wp-content\/uploads\/sites\/83\/2023\/09\/Imagem-do-WhatsApp-de-2023-08-30-\u00e0s-06.13.23.jpg\" alt=\"Imagem do WhatsApp de 2023-08-30 \u00e0(s) 06.13.23\" width=\"931\" height=\"263\" \/><\/strong><\/p>\n<h2 style=\"text-align: center\"><\/h2>\n<h2 style=\"text-align: center\">Trabalhos Cient\u00edficos Aprovados:<\/h2>\n<p>&nbsp;<\/p>\n<h4 style=\"text-align: center;background-color: #04aa6d\"><span style=\"color: #ffffff\"><b>COMUNICA\u00c7\u00d5ES ORAIS \u2013 <\/b><b>Dia 18\/10 (das 13h \u00e0s 14h)<\/b><\/span><\/h4>\n<h5 style=\"background-color: #56fbc2\">\u00a0<b>CO1 \u2013 Sala S-213A<\/b><\/h5>\n<p><b>13h00 \u2013 13h15 \u2013 P<\/b><b>rimeira Forma Fundamental e Aplica\u00e7\u00f5es<\/b><br \/>\nKaroline Victor Fernandes<\/p>\n<p><b>13h15 \u2013 13h30 \u2013 <\/b><b>Equa\u00e7\u00f5es Diferenciais Ordin\u00e1rias de Primeira Ordem e suas Aplica\u00e7\u00f5es na Qu\u00edmica: uma abordagem com a transformada de Laplace<\/b><br \/>\nGabrielly Sevilha Fernandes; Regina C\u00e9lia Bueno da Fonseca<\/p>\n<p><b>13h30 \u2013 13h45 \u2013 <\/b><b>Contribui\u00e7\u00f5es de Kermack e Mckendrick para a Epidemiologia Matem\u00e1tica<\/b><br \/>\nBruno Rodrigues Soares; Hugo Leonardo da Silva Belis\u00e1rio<\/p>\n<p><b>13h45 \u2013 14h00 \u2013 <\/b><b>An\u00e1lise do uso do Deep Learning em Diagn\u00f3sticos de Eletrocardiografias: revis\u00e3o integrativa<\/b><br \/>\nAnderson Carlos Gomes Martins; Andr\u00e9 Guissoni Fiusa; Hully Christiany Gon\u00e7alves Leite; Ludmilla Pinto Guiotti Cintra Abreu; Fl\u00e1vio Moraes de Miranda<\/p>\n<h5 style=\"background-color: #56fbc2\">\u00a0<b>CO2 \u2013 Sala\u00a0<\/b>\u00a0S-213B<\/h5>\n<p><b>13h00 \u2013 13h15 \u2013 A<\/b><b>prendizagem Matem\u00e1tica no Ensino M\u00e9dio Integrado na Rede Federal de Educa\u00e7\u00e3o Profissional e Tecnol\u00f3gica<\/b><br \/>\nMatheus Greg\u00f3rio de Matos Souza; Arianny Grasielly Bai\u00e3o Malaquias<\/p>\n<p><b>13h15 \u2013 13h30 \u2013 <\/b><b>Descobertas Destacadas na Pesquisa sobre o Ensino de Matem\u00e1tica para a Promo\u00e7\u00e3o da Educa\u00e7\u00e3o Inclusiva<\/b><br \/>\nLuiza Barbosa Godinho; Ana Cristina Gomes de Jesus<\/p>\n<p><b>13h30 \u2013 13h45 \u2013 <\/b><b>Viv\u00eancias como Licenciando em Matem\u00e1tica: reflex\u00f5es sobre a educa\u00e7\u00e3o b\u00e1sica e o programa PIBID<\/b><br \/>\nZaine Neves da Silva Souza; Sara Gabriele Lino Bas\u00edlio; Ana Cristina Gomes de Jesus; Daniela Cristina de Oliveira<\/p>\n<h5 style=\"background-color: #56fbc2\"><b>CO3 \u2013 Sala S-212<\/b><\/h5>\n<p><b>13h00 \u2013 13h15 \u2013 <\/b><b>Viv\u00eancias de alunas Licenciandas em Matem\u00e1tica: reflex\u00f5es sobre a educa\u00e7\u00e3o b\u00e1sica e o programa PIBID<\/b><br \/>\nBruna Levict Cardoso Ferreira; Giulliana Ferreira da Silva; Myllena Nayara Barbosa Pereira da Silva; Rebeca Moreira Rodrigues; Aneia Moraes Dos Santos<\/p>\n<p><b>13h15 \u2013 13h30 \u2013 <\/b><b>Panorama da Educa\u00e7\u00e3o Financeira na Biblioteca Digital Brasileira de Teses e Disserta\u00e7\u00f5es: um recorte de 2019 \u00e0 2022<\/b><br \/>\nRafaela Gon\u00e7alves de Sousa; Ana Cristina Gomes de Jesus; Aline Nogueira Batista Moura<\/p>\n<p><b>13h30 \u2013 13h45 \u2013 <\/b><b>O Pibidiano no Cotidiano Docente: reflex\u00f5es sobre a educa\u00e7\u00e3o b\u00e1sica e o programa PIBID<\/b><br \/>\nIsabella Lissa Ferreira Souza; Ana Cristina Gomes de Jesus; Daniela Cristina de Oliveira<\/p>\n<h5 style=\"background-color: #56fbc2\"><b>CO4 \u2013 Sala S-210<\/b><\/h5>\n<p><b>13h00 \u2013 13h15 \u2013 <\/b><b>Mapa Te\u00f3rico do uso da Rob\u00f3tica Educacional para Estudo de Fun\u00e7\u00f5es nas Aulas de Matem\u00e1tica<\/b><br \/>\nMarcos Ant\u00f4nio Alvarenga Pereira; Kariton Pereira Lula<\/p>\n<p><b>13h15 \u2013 13h30 \u2013 <\/b><b>Metodologias Ativas no Ensino da Matem\u00e1tica: uma perspectiva poss\u00edvel<\/b><br \/>\nLucas Oliveira Silva, Aline Mota de Mesquita Assis<\/p>\n<p><b>13h30 \u2013 13h45 \u2013 <\/b><b>Metodologias de Ensino de Matem\u00e1tica que utilizam de Problemas como Ferramenta Did\u00e1tica<\/b><br \/>\nAndreza Alves Bento do Rosario, Aline Mota de Mesquita Assis<\/p>\n<p><b>13h45 \u2013 14h00 \u2013 <\/b><b>Projeto Recupera\u00e7\u00e3o de Conte\u00fados de Matem\u00e1tica do Ensino Fundamental Segunda Fase<\/b><br \/>\nAlexandre Silva Duarte; Elaine Altino Freire Leite; Lidiaine Maria dos Santos; Luciano Cala\u00e7a Alves; Manoel Bernardes de Jesus;\u00a0Priscila Branquinho Xavier; Rog\u00e9rio da Silva Cavalcante.<\/p>\n<p>&nbsp;<\/p>\n<h4 style=\"text-align: center;background-color: #04aa6d\"><span style=\"color: #ffffff\"><b>COMUNICA\u00c7\u00d5ES ORAIS \u2013 <\/b><b>Dia 19\/10 (das 13h \u00e0s 14h)<\/b><\/span><\/h4>\n<h5 style=\"background-color: #56fbc2\"><b>CO5 \u2013 Sala S-213A<\/b><\/h5>\n<p><b>13h00 \u2013 13h15 \u2013 <\/b><b>Programa\u00e7\u00e3o Linear pelo M\u00e9todo Gr\u00e1fico<\/b><br \/>\nIasmin Gabriele Sousa de Oliveira; M\u00e1rcio Dias de Lima<\/p>\n<p><b>13h15 \u2013 13h30 \u2013 <\/b><b>C\u00e1lculos Matem\u00e1ticos na Trilatera\u00e7\u00e3o para Geolocaliza\u00e7\u00e3o de Precis\u00e3o<\/b><br \/>\nLeandro Karlito&#8217;s da Silva Aguiar; Jo\u00e3o Celso Ribeiro Leite Filho; Regina C\u00e9lia Bueno da Fonseca<\/p>\n<p><b>13h30 \u2013 13h45 \u2013 A<\/b><b>plica\u00e7\u00f5es de \u00c1lgebra Linear<\/b><br \/>\nJulio Cezar Pedrosa da Silva; Aline Mota de Mesquita Assis<\/p>\n<h5 style=\"background-color: #56fbc2\"><b>CO6 \u2013 Sala S-213B\u00a0<\/b><\/h5>\n<p><b>13h00 \u2013 13h15 \u2013 <\/b><b>O caleidosc\u00f3pio da educa\u00e7\u00e3o financeira: diferentes olhares sobre o letramento financeiro e suas implica\u00e7\u00f5es<\/b><br \/>\nIsabella Lissa Ferreira Souza; Ana Cristina Gomes de Jesus; Anna Karolina Moura Tereza; Fernando Henrique Alves Ara\u00fajo Rezende<\/p>\n<p><b>13h15 \u2013 13h30 \u2013 <\/b><b>An\u00e1lise do cen\u00e1rio atual da educa\u00e7\u00e3o financeira no acervo de disserta\u00e7\u00f5es e teses da Capes<\/b><br \/>\nAline Nogueira Batista Moura; Ana Cristina Gomes de Jesus; Rafaela Gon\u00e7alves de Sousa<\/p>\n<p><b>13h30 \u2013 13h45 \u2013 <\/b><b>PIBID: reflex\u00e3o sobre as viv\u00eancias pedag\u00f3gicas no ensino de matem\u00e1tica<\/b><br \/>\nDaniela Cristina de Oliveira; Ana Cristina Gomes de Jesus; Aneia Moraes Dos Santos<\/p>\n<p><b>13h45 \u2013 14h00 \u2013 <\/b><b>Estudantes de licenciatura em matem\u00e1tica: an\u00e1lise da educa\u00e7\u00e3o b\u00e1sica na rede municipal de ensino vivenciado atrav\u00e9s do PIBID<\/b><br \/>\nDiogo de Freitas Santos; Rochel-Bills Malondha Zoba; Verite Clerveau; Ana Cristina Gomes de Jesus<\/p>\n<h5 style=\"background-color: #56fbc2\"><b>CO7 \u2013 Sala S-212\u00a0<\/b><\/h5>\n<p><b>13h00 \u2013 13h15 \u2013 <\/b><b>Contribui\u00e7\u00f5es de Hermann Grassmann para o Desenvolvimento da \u00c1lgebra Linear<\/b><br \/>\nJulia Santana Garcia Borges; Aline Mota de Mesquita Assis<\/p>\n<p><b>13h15 \u2013 13h30 \u2013 <\/b><b>Vida e obra de Sophie-Marie Germain: as contribui\u00e7\u00f5es de uma mulher matem\u00e1tica para a teoria dos n\u00fameros<\/b><br \/>\nPatr\u00edcia da Silva Costa; Aline Mota de Mesquita Assis<\/p>\n<p><b>13h30 \u2013 13h45 \u2013 M<\/b><b>atem\u00e1ticas Not\u00e1veis: uma an\u00e1lise das contribui\u00e7\u00f5es hist\u00f3ricas e a necessidade de reconhecimento<\/b><br \/>\nAnna J\u00falia Alves de Oliveira; Ana Cristina Gomes de Jesus<\/p>\n<p><b>13h45 \u2013 14h00 \u2013 <\/b><b>Explorando o Ensino Desenvolvimental para a Apropria\u00e7\u00e3o de Conceitos Matem\u00e1ticos<\/b><br \/>\nMariana Lemes Silva; Simone Ariomar de Souza<\/p>\n<p style=\"background-color: #56fbc2\"><b>CO8 \u2013 Sala S-210<\/b><\/p>\n<p><b>13h00 \u2013 13h15 \u2013 <\/b><b>Relato de Experi\u00eancia: monitoria de matem\u00e1tica para atendimento de alunos com necessidades espec\u00edficas<\/b><br \/>\nPedro Victor Vieira de Matos; Ana Cristina Gomes de Jesus<\/p>\n<p><b>13h15 \u2013 13h30 \u2013 <\/b><b>An\u00e1lise das Atuais Publica\u00e7\u00f5es sobre Educa\u00e7\u00e3o Inclusiva em tr\u00eas Peri\u00f3dicos da \u00e1rea de Educa\u00e7\u00e3o Matem\u00e1tica<\/b><br \/>\nJamille Monteiro de Paula; Mariana Elias Nascimento Costa; Ana Cristina Gomes de Jesus<\/p>\n<p><b>13h30 \u2013 13h45 \u2013 A<\/b><b>n\u00e1lise da Efic\u00e1cia dos M\u00e9todos de Ensino em Probabilidade e Estat\u00edstica na Educa\u00e7\u00e3o Superior: revis\u00e3o narrativa<\/b><br \/>\nJ\u00fanior C\u00e9sar dos Santos; J\u00fallia Vieira Brand\u00e3o; Ludmilla Pinto Guiotti Cintra Abreu; Fl\u00e1vio Moraes de Miranda<\/p>\n<p><b>13h45 \u2013 14h00 \u2013 <\/b><b>Uma Revis\u00e3o Sistem\u00e1tica sobre Fun\u00e7\u00f5es de uma Vari\u00e1vel Real: fun\u00e7\u00e3o linear e quadr\u00e1tica<\/b><br \/>\nSara Gabriele Lino Basilio; Amanda L\u00facio Rodrigues da Silva; Suzee Santana de Faria Souza; Regina C\u00e9lia Bueno da Fonseca; Ana Cristina Gomes de Jesus<\/p>\n<p>&nbsp;<\/p>\n<hr \/>\n<p><!--more--><\/p>\n<p><strong>Prazo de Submiss\u00e3o de Trabalhos Cient\u00edficos:<\/strong>\u00a0<span style=\"color: #000000\">01\/09\/2023 \u00e0 <del>15\/09\/2023<\/del> &#8211; <span style=\"color: #ff0000\">Prorrogado at\u00e9 dia 27\/09<\/span><\/span><\/p>\n<p><strong>Modalidades:<\/strong><\/p>\n<ul>\n<li><a href=\"http:\/\/eventos.ifg.edu.br\/semat\/wp-content\/uploads\/sites\/83\/2023\/09\/Modelo_comunica\u00e7\u00e3o_cientifica.docx\" target=\"_blank\">Comunica\u00e7\u00e3o Cient\u00edfica<\/a>\u00a0(<a href=\"https:\/\/drive.google.com\/file\/d\/1k8UDSF40DB3HpP9kb7COO2nvvoB_mLtj\/view?usp=drive_link\">Vers\u00e3o LaTeX<\/a>)<\/li>\n<li><a href=\"http:\/\/eventos.ifg.edu.br\/semat\/wp-content\/uploads\/sites\/83\/2023\/09\/Modelo_relato_de_experiencia.docx\" target=\"_blank\">Relato de Experi\u00eancia<\/a>\u00a0(<a href=\"https:\/\/drive.google.com\/file\/d\/1dccTvBb8mSAdiRUaYHXsXOZi3IWWoWP0\/view?usp=sharing\">Vers\u00e3o LaTeX<\/a>)<\/li>\n<li><a href=\"http:\/\/eventos.ifg.edu.br\/semat\/wp-content\/uploads\/sites\/83\/2023\/09\/Modelo_Minicurso_Oficinas.docx\" target=\"_blank\">Minicurso e Oficinas<\/a>\u00a0(<a href=\"https:\/\/drive.google.com\/file\/d\/11l-XYcCCqFKTUoucrcMPMTqufgwp_Ofr7Q\/view?usp=sharing\">Vers\u00e3o LaTEX<\/a>)<\/li>\n<\/ul>\n<p><strong>Eixos Tem\u00e1ticos:<\/strong><\/p>\n<p>Ao submeter um trabalho, o autor dever\u00e1 fazer a op\u00e7\u00e3o para enquadr\u00e1-lo em um dos eixos tem\u00e1ticos listados abaixo:<\/p>\n<ol>\n<li><strong> Matem\u00e1tica:<\/strong> trabalhos relacionados com a ci\u00eancia Matem\u00e1tica, que estudam problemas, sistemas e modelos matem\u00e1ticos te\u00f3ricos.<\/li>\n<li><strong>Matem\u00e1tica Aplicada:<\/strong> trabalhos relacionados com aplica\u00e7\u00f5es do conhecimento matem\u00e1tico a outros dom\u00ednios.<\/li>\n<li><strong>Forma\u00e7\u00e3o de professores que ensinam matem\u00e1tica:<\/strong> trabalhos sobre a forma\u00e7\u00e3o inicial ou continuada, bem como outros processos constitutivos da doc\u00eancia, de professores que ensinam matem\u00e1tica, inclusive de seus formadores, em todos os n\u00edveis e modalidades de ensino e contextos socioculturais de aprendizagem docente.<\/li>\n<li><strong>Tend\u00eancias no ensino de Matem\u00e1tica:<\/strong> trabalhos que discutem quest\u00f5es envolvendo Jogos Matem\u00e1ticos, Resolu\u00e7\u00e3o de Problemas, Modelagem Matem\u00e1tica, Investiga\u00e7\u00e3o Matem\u00e1tica, Etnomatem\u00e1tica, Tecnologias, Hist\u00f3ria da Matem\u00e1tica e outras propostas metodol\u00f3gicas para o ensino de Matem\u00e1tica.<\/li>\n<li><strong>Dimens\u00f5es culturais e pol\u00edticas na Educa\u00e7\u00e3o Matem\u00e1tica:<\/strong> trabalhos que discutem a educa\u00e7\u00e3o escolar ind\u00edgena, a educa\u00e7\u00e3o quilombola, a educa\u00e7\u00e3o do campo, a educa\u00e7\u00e3o de jovens e adultos, curr\u00edculo e as pr\u00e1ticas inclusivas, todas relacionadas com o ensino de Matem\u00e1tica.<\/li>\n<\/ol>\n<p>[inbound_button font_size=&#8221;20&#8243; color=&#8221;#121fd9&#8243; text_color=&#8221;#ffffff&#8221; icon=&#8221;&#8221; url=&#8221;https:\/\/docs.google.com\/forms\/d\/e\/1FAIpQLSe7rAAaLZykDdcHDwoVPb9o3ToTFMkbl15ctI0CUbrBg2b9VQ\/viewform&#8221; width=&#8221;&#8221; target=&#8221;_self&#8221;]Submeter Trabalho[\/inbound_button]<\/p>\n","protected":false},"excerpt":{"rendered":"<p>Trabalhos Cient\u00edficos Aprovados: &nbsp; COMUNICA\u00c7\u00d5ES ORAIS \u2013 Dia 18\/10 (das 13h \u00e0s 14h) \u00a0CO1 \u2013 Sala S-213A 13h00 \u2013 13h15 \u2013 Primeira Forma Fundamental <a class=\"more-link\" href=\"https:\/\/eventos.ifg.edu.br\/semat\/pagina-exemplo\/\">&hellip; Continue lendo&hellip; &rarr;<\/a><\/p>\n","protected":false},"author":204,"featured_media":0,"parent":0,"menu_order":0,"comment_status":"closed","ping_status":"open","template":"","meta":{"ngg_post_thumbnail":0,"footnotes":""},"class_list":["post-2","page","type-page","status-publish","hentry"],"_links":{"self":[{"href":"https:\/\/eventos.ifg.edu.br\/semat\/wp-json\/wp\/v2\/pages\/2"}],"collection":[{"href":"https:\/\/eventos.ifg.edu.br\/semat\/wp-json\/wp\/v2\/pages"}],"about":[{"href":"https:\/\/eventos.ifg.edu.br\/semat\/wp-json\/wp\/v2\/types\/page"}],"author":[{"embeddable":true,"href":"https:\/\/eventos.ifg.edu.br\/semat\/wp-json\/wp\/v2\/users\/204"}],"replies":[{"embeddable":true,"href":"https:\/\/eventos.ifg.edu.br\/semat\/wp-json\/wp\/v2\/comments?post=2"}],"version-history":[{"count":15,"href":"https:\/\/eventos.ifg.edu.br\/semat\/wp-json\/wp\/v2\/pages\/2\/revisions"}],"predecessor-version":[{"id":120,"href":"https:\/\/eventos.ifg.edu.br\/semat\/wp-json\/wp\/v2\/pages\/2\/revisions\/120"}],"wp:attachment":[{"href":"https:\/\/eventos.ifg.edu.br\/semat\/wp-json\/wp\/v2\/media?parent=2"}],"curies":[{"name":"wp","href":"https:\/\/api.w.org\/{rel}","templated":true}]}}