{"id":122,"date":"2023-10-06T12:30:04","date_gmt":"2023-10-06T15:30:04","guid":{"rendered":"http:\/\/eventos.ifg.edu.br\/semat\/?page_id=122"},"modified":"2023-10-09T13:43:55","modified_gmt":"2023-10-09T16:43:55","slug":"inscricoes","status":"publish","type":"page","link":"https:\/\/eventos.ifg.edu.br\/semat\/inscricoes\/","title":{"rendered":"Inscri\u00e7\u00f5es"},"content":{"rendered":"<p>As atividades da 14\u00aa SeMat integram a Semana de Educa\u00e7\u00e3o, Ci\u00eancia, Tecnologia e Cultura (Secitec) do C\u00e2mpus Goi\u00e2nia do IFG. O link abaixo ir\u00e1 direcion\u00e1-lo\/a para a p\u00e1gina da Secitec, ao acessar o site procure pelos eventos que tenham\u00a014\u00aa SeMat no t\u00edtulo!<\/p>\n<p>[inbound_button font_size=&#8221;20&#8243; color=&#8221;#234cc7&#8243; text_color=&#8221;#ffffff&#8221; icon=&#8221;&#8221; url=&#8221;https:\/\/sugep.ifg.edu.br\/eventos\/#\/publico\/eventos\/0946a258-94d9-4caa-9e51-d117362c25f5\/inscricao&#8221; width=&#8221;&#8221; target=&#8221;_self&#8221;]INSCREVA-SE[\/inbound_button]<\/p>\n","protected":false},"excerpt":{"rendered":"<p>As atividades da 14\u00aa SeMat integram a Semana de Educa\u00e7\u00e3o, Ci\u00eancia, Tecnologia e Cultura (Secitec) do C\u00e2mpus Goi\u00e2nia do IFG. O link abaixo ir\u00e1 <a class=\"more-link\" href=\"https:\/\/eventos.ifg.edu.br\/semat\/inscricoes\/\">&hellip; Continue lendo&hellip; &rarr;<\/a><\/p>\n","protected":false},"author":204,"featured_media":4,"parent":0,"menu_order":0,"comment_status":"closed","ping_status":"closed","template":"","meta":{"ngg_post_thumbnail":0,"footnotes":""},"class_list":["post-122","page","type-page","status-publish","has-post-thumbnail","hentry"],"_links":{"self":[{"href":"https:\/\/eventos.ifg.edu.br\/semat\/wp-json\/wp\/v2\/pages\/122"}],"collection":[{"href":"https:\/\/eventos.ifg.edu.br\/semat\/wp-json\/wp\/v2\/pages"}],"about":[{"href":"https:\/\/eventos.ifg.edu.br\/semat\/wp-json\/wp\/v2\/types\/page"}],"author":[{"embeddable":true,"href":"https:\/\/eventos.ifg.edu.br\/semat\/wp-json\/wp\/v2\/users\/204"}],"replies":[{"embeddable":true,"href":"https:\/\/eventos.ifg.edu.br\/semat\/wp-json\/wp\/v2\/comments?post=122"}],"version-history":[{"count":7,"href":"https:\/\/eventos.ifg.edu.br\/semat\/wp-json\/wp\/v2\/pages\/122\/revisions"}],"predecessor-version":[{"id":135,"href":"https:\/\/eventos.ifg.edu.br\/semat\/wp-json\/wp\/v2\/pages\/122\/revisions\/135"}],"wp:featuredmedia":[{"embeddable":true,"href":"https:\/\/eventos.ifg.edu.br\/semat\/wp-json\/wp\/v2\/media\/4"}],"wp:attachment":[{"href":"https:\/\/eventos.ifg.edu.br\/semat\/wp-json\/wp\/v2\/media?parent=122"}],"curies":[{"name":"wp","href":"https:\/\/api.w.org\/{rel}","templated":true}]}}