{"id":75,"date":"2017-09-21T22:16:36","date_gmt":"2017-09-22T01:16:36","guid":{"rendered":"http:\/\/eventos.ifg.edu.br\/semantec-jatai\/?page_id=75"},"modified":"2021-09-25T11:48:50","modified_gmt":"2021-09-25T14:48:50","slug":"documentos","status":"publish","type":"page","link":"https:\/\/eventos.ifg.edu.br\/semantec-jatai\/documentos\/","title":{"rendered":"Documentos"},"content":{"rendered":"<h2>Orienta\u00e7\u00f5es para Submiss\u00f5es:<\/h2>\n<p>Conforme <a href=\"http:\/\/eventos.ifg.edu.br\/semantec-jatai\/wp-content\/uploads\/sites\/29\/2017\/09\/Regulamento-23\u00aa-Semantec.pdf\">Regulamento 23\u00aa Semantec 2021<\/a>, os trabalhos dever\u00e3o ter entre 3 e 10 p\u00e1ginas, incluindo ilustra\u00e7\u00f5es, tabelas e refer\u00eancias bibliogr\u00e1ficas. Cada trabalho dever\u00e1 ter no m\u00e1ximo seis autores, al\u00e9m do orientador e do coorientador. Todos os trabalhos dever\u00e3o ter como orientador servidores docentes ou t\u00e9cnico-administrativos, estudantes dos cursos superiores do IFG\/C\u00e2mpus Jata\u00ed.<\/p>\n<p>Para efetivar a inscri\u00e7\u00e3o, os autores dever\u00e3o enviar os arquivos contendo o trabalho&nbsp;atrav\u00e9s do formul\u00e1rio em Submiss\u00f5es no menu acima entre os dias&nbsp;27 de&nbsp;setembro e&nbsp;15 de&nbsp;outubro&nbsp;de 2021.<\/p>\n<p><a href=\"http:\/\/eventos.ifg.edu.br\/semantec-jatai\/wp-content\/uploads\/sites\/29\/2017\/09\/Regulamento-23\u00aa-Semantec.pdf\" target=\"_blank\">Regulamento 23\u00aa Semantec 2021<\/a><\/p>\n<p><a href=\"http:\/\/eventos.ifg.edu.br\/semantec-jatai\/wp-content\/uploads\/sites\/29\/2017\/09\/Anexo-I-Trabalhos-Cient\u00edficos.docx\">Anexo I &#8211; Trabalhos Cient\u00edficos<\/a><\/p>\n<p><a href=\"http:\/\/eventos.ifg.edu.br\/semantec-jatai\/wp-content\/uploads\/sites\/29\/2017\/09\/Anexo-II-Mostra-Cient\u00edfica-Cultural.docx\">Anexo II &#8211; Mostra Cient\u00edfica Cultural<\/a><\/p>\n<p><a href=\"http:\/\/eventos.ifg.edu.br\/semantec-jatai\/wp-content\/uploads\/sites\/29\/2017\/09\/Anexo-III-Mostra-de-Cursos.docx\">Anexo III &#8211; Mostra de Cursos<\/a><\/p>\n<p><a href=\"http:\/\/eventos.ifg.edu.br\/semantec-jatai\/wp-content\/uploads\/sites\/29\/2017\/09\/Anexo-IV-Oficinas-Palestras-Minicursos.docx\">Anexo IV &#8211; Oficinas, Palestras, Minicursos<\/a><\/p>\n<p><a href=\"http:\/\/eventos.ifg.edu.br\/semantec-jatai\/wp-content\/uploads\/sites\/29\/2017\/09\/Anexo-V-Crit\u00e9rios-de-Avalia\u00e7\u00e3o.docx\">Anexo <\/a><a href=\"http:\/\/eventos.ifg.edu.br\/semantec-jatai\/wp-content\/uploads\/sites\/29\/2017\/09\/Anexo-V-Crit\u00e9rios-de-Avalia\u00e7\u00e3o.docx\">V &#8211; Crit\u00e9rios de Avalia\u00e7\u00e3o<\/a><\/p>\n<p><a href=\"http:\/\/eventos.ifg.edu.br\/semantec-jatai\/wp-content\/uploads\/sites\/29\/2017\/09\/Anexo-VI-Conhecendo-o-IFG.docx\">Anexo VI &#8211; Conhecendo o IFG<\/a><\/p>\n<p><a href=\"http:\/\/eventos.ifg.edu.br\/semantec-jatai\/wp-content\/uploads\/sites\/29\/2017\/09\/Anexo-VII-Recursos.docx\">Anexo VII &#8211; Recursos<\/a><\/p>\n<p>&nbsp;<\/p>\n<h2>Materiais para Comiss\u00e3o Organizadora 2019:<\/h2>\n<ul>\n<li><a href=\"http:\/\/eventos.ifg.edu.br\/semantec-jatai\/wp-content\/uploads\/sites\/29\/2017\/09\/Logomarca-Semantec-Bioeconomia.png\">Logomarca 22\u00aa Semantec<\/a><\/li>\n<\/ul>\n<h2>Materiais para Comiss\u00e3o Organizadora 2017:<\/h2>\n<ul>\n<li><a href=\"http:\/\/eventos.ifg.edu.br\/semantec-jatai\/wp-content\/uploads\/sites\/29\/2017\/09\/Ficha-de-Inscri\u00e7\u00e3o-dos-Alunos-Monitores.pdf\" target=\"_blank\">Ficha de Inscri\u00e7\u00e3o de Alunos Monitores<\/a><\/li>\n<li><a href=\"http:\/\/eventos.ifg.edu.br\/semantec-jatai\/wp-content\/uploads\/sites\/29\/2017\/09\/Logomarca-Semantec.png\" target=\"_blank\">Logomarca 20\u00aa Semantec (PNG) &#8211; Colorido<\/a><\/li>\n<li><a href=\"http:\/\/eventos.ifg.edu.br\/semantec-jatai\/wp-content\/uploads\/sites\/29\/2017\/10\/Logomarca-Semantec-Tons-de-cinza.png\" target=\"_blank\">Logomarca 20\u00aa Semantec (PNG) &#8211; Preto e Branco<\/a><\/li>\n<li><a href=\"http:\/\/eventos.ifg.edu.br\/semantec-jatai\/wp-content\/uploads\/sites\/29\/2017\/10\/Fun\u00e7\u00f5es-das-Subcomiss\u00f5es.pdf\" target=\"_blank\">Subcomiss\u00f5es, Fun\u00e7\u00f5es e Respons\u00e1veis<\/a><\/li>\n<li><a href=\"http:\/\/eventos.ifg.edu.br\/semantec-jatai\/wp-content\/uploads\/sites\/29\/2017\/09\/Visita\u00e7\u00e3o-Semantec.pdf\" target=\"_blank\">Cronograma de Visita\u00e7\u00f5es da Semantec<\/a><\/li>\n<\/ul>\n","protected":false},"excerpt":{"rendered":"<p>Orienta\u00e7\u00f5es para Submiss\u00f5es: Conforme Regulamento 23\u00aa Semantec 2021, os trabalhos dever\u00e3o ter entre 3 e 10 p\u00e1ginas, incluindo ilustra\u00e7\u00f5es, tabelas e refer\u00eancias bibliogr\u00e1ficas. Cada trabalho dever\u00e1 ter no m\u00e1ximo seis autores, al\u00e9m do orientador e do coorientador. Todos os trabalhos dever\u00e3o ter como orientador servidores docentes ou t\u00e9cnico-administrativos, estudantes dos cursos superiores do IFG\/C\u00e2mpus Jata\u00ed. &hellip; <\/p>\n<p><a class=\"more-link btn\" href=\"https:\/\/eventos.ifg.edu.br\/semantec-jatai\/documentos\/\">Continue lendo<\/a><\/p>\n","protected":false},"author":65,"featured_media":0,"parent":0,"menu_order":0,"comment_status":"closed","ping_status":"closed","template":"","meta":{"ngg_post_thumbnail":0,"footnotes":""},"class_list":["post-75","page","type-page","status-publish","hentry","nodate","item-wrap"],"_links":{"self":[{"href":"https:\/\/eventos.ifg.edu.br\/semantec-jatai\/wp-json\/wp\/v2\/pages\/75"}],"collection":[{"href":"https:\/\/eventos.ifg.edu.br\/semantec-jatai\/wp-json\/wp\/v2\/pages"}],"about":[{"href":"https:\/\/eventos.ifg.edu.br\/semantec-jatai\/wp-json\/wp\/v2\/types\/page"}],"author":[{"embeddable":true,"href":"https:\/\/eventos.ifg.edu.br\/semantec-jatai\/wp-json\/wp\/v2\/users\/65"}],"replies":[{"embeddable":true,"href":"https:\/\/eventos.ifg.edu.br\/semantec-jatai\/wp-json\/wp\/v2\/comments?post=75"}],"version-history":[{"count":16,"href":"https:\/\/eventos.ifg.edu.br\/semantec-jatai\/wp-json\/wp\/v2\/pages\/75\/revisions"}],"predecessor-version":[{"id":755,"href":"https:\/\/eventos.ifg.edu.br\/semantec-jatai\/wp-json\/wp\/v2\/pages\/75\/revisions\/755"}],"wp:attachment":[{"href":"https:\/\/eventos.ifg.edu.br\/semantec-jatai\/wp-json\/wp\/v2\/media?parent=75"}],"curies":[{"name":"wp","href":"https:\/\/api.w.org\/{rel}","templated":true}]}}