{"id":722,"date":"2021-09-16T22:58:48","date_gmt":"2021-09-17T01:58:48","guid":{"rendered":"http:\/\/eventos.ifg.edu.br\/semantec-jatai\/?page_id=722"},"modified":"2021-11-04T09:04:54","modified_gmt":"2021-11-04T12:04:54","slug":"submissoes","status":"publish","type":"page","link":"https:\/\/eventos.ifg.edu.br\/semantec-jatai\/submissoes\/","title":{"rendered":"Submiss\u00f5es"},"content":{"rendered":"<ul>\n<li><a href=\"http:\/\/eventos.ifg.edu.br\/semantec-jatai\/wp-content\/uploads\/sites\/29\/2021\/09\/Comunicado-1-Propostas-Aprovadas.pdf\">Comunicado 1<\/a>&nbsp;&#8211; Lista de Trabalhos Aprovados e Orienta\u00e7\u00f5es para produ\u00e7\u00e3o e submiss\u00e3o de v\u00eddeo.<\/li>\n<li><a href=\"http:\/\/eventos.ifg.edu.br\/semantec-jatai\/wp-content\/uploads\/sites\/29\/2021\/09\/Anexo-B.docx\">Anexo B &#8211; Edit\u00e1vel<\/a><\/li>\n<li><a href=\"http:\/\/eventos.ifg.edu.br\/semantec-jatai\/wp-content\/uploads\/sites\/29\/2021\/09\/Anexo-C.docx\">Anexo C &#8211; Edit\u00e1vel<\/a><\/li>\n<li><a href=\"https:\/\/www.youtube.com\/watch?v=bFjfbSmZ52I\" target=\"_blank\">Sugest\u00e3o de formato de v\u00eddeo para Apresenta\u00e7\u00e3o de Trabalhos e Mostras<\/a><\/li>\n<li><a href=\"https:\/\/forms.gle\/VwXJ1dTkriMoeKFx8\" target=\"_blank\">Formul\u00e1rio para Submiss\u00e3o de V\u00eddeos<\/a><\/li>\n<\/ul>\n<p>&nbsp;<\/p>\n<p style=\"text-align: center\"><strong>Lista Final de Trabalhos Aprovados (03\/11)<\/strong><\/p>\n<table width=\"100%\">\n<tbody>\n<tr>\n<td width=\"252\"><strong>T\u00edtulo<\/strong><\/td>\n<td width=\"134\"><strong>Orientador<\/strong><\/td>\n<td width=\"133\"><strong>Tipo de Inscri\u00e7\u00e3o<\/strong><\/td>\n<\/tr>\n<tr>\n<td width=\"252\">PROJETO DE EXTENS\u00c3O: AGRICULTORAS URBANAS &#8211; PROJETO DE FORMA\u00c7\u00c3O EM HORTICULTURA E MANIPULA\u00c7\u00c3O DE ALIMENTOS PARA MULHERES EM JATA\u00cd<\/td>\n<td width=\"134\">Marluce Silva Sousa<\/td>\n<td width=\"133\">Mostra Cient\u00edfica ou Cultural<\/td>\n<\/tr>\n<tr>\n<td width=\"252\">FERRAMENTAS DIGITAIS PARA COMUNICA\u00c7\u00c3O E INTERA\u00c7\u00c3O EM CONTEXTO ESCOLAR: EM FOCO PROJETO DE EXTENS\u00c3O DE JOVEM PARA JOVEM<\/td>\n<td width=\"134\">Rita Rodrigues de Souza<\/td>\n<td width=\"133\">Mostra Cient\u00edfica ou Cultural<\/td>\n<\/tr>\n<tr>\n<td width=\"252\">MOSTRA IF+ EMPREENDEDOR: PROJETO DE PR\u00c1TICAS DE GEST\u00c3O DE NEG\u00d3CIOS PARA MULHERES NEGRAS<\/td>\n<td width=\"134\">Rita Rodrigues de Souza<\/td>\n<td width=\"133\">Mostra Cient\u00edfica ou Cultural<\/td>\n<\/tr>\n<tr>\n<td width=\"252\">CLIMA H\u00c1 TEMPO<\/td>\n<td width=\"134\">Alline Braga Silva<\/td>\n<td width=\"133\">Mostra Cient\u00edfica ou Cultural<\/td>\n<\/tr>\n<tr>\n<td width=\"252\">ROB\u00d3TICA RECICL\u00c1VEL: CONSTRU\u00c7\u00c3O DE PROT\u00d3TIPO ROB\u00d3TICO COM LIXO ELETR\u00d4NICO E MATERIAIS RECICL\u00c1VEIS<\/td>\n<td width=\"134\">Kennya Resende Mendon\u00e7a<\/td>\n<td width=\"133\">Mostra Cient\u00edfica ou Cultural<\/td>\n<\/tr>\n<tr>\n<td width=\"252\">ESTUDO TE\u00d3RICO E PR\u00c1TICO DURANTE A APLICA\u00c7\u00c3O DO CONTRAPISO<\/td>\n<td width=\"134\">Francielle Coelho dos Santos<\/td>\n<td width=\"133\">Trabalho Cient\u00edfico<\/td>\n<\/tr>\n<tr>\n<td width=\"252\">USO DO SISTEMA DE GEST\u00c3O DA QUALIDADE COMO FERRAMENTA PARA O PLANEJAMENTO DE OBRAS<\/td>\n<td width=\"134\">Francielle Coelho dos Santos<\/td>\n<td width=\"133\">Trabalho Cient\u00edfico<\/td>\n<\/tr>\n<\/tbody>\n<\/table>\n<p>&nbsp;<\/p>\n","protected":false},"excerpt":{"rendered":"<p>Comunicado 1&nbsp;&#8211; Lista de Trabalhos Aprovados e Orienta\u00e7\u00f5es para produ\u00e7\u00e3o e submiss\u00e3o de v\u00eddeo. Anexo B &#8211; Edit\u00e1vel Anexo C &#8211; Edit\u00e1vel Sugest\u00e3o de formato de v\u00eddeo para Apresenta\u00e7\u00e3o de Trabalhos e Mostras Formul\u00e1rio para Submiss\u00e3o de V\u00eddeos &nbsp; Lista Final de Trabalhos Aprovados (03\/11) T\u00edtulo Orientador Tipo de Inscri\u00e7\u00e3o PROJETO DE EXTENS\u00c3O: AGRICULTORAS URBANAS &hellip; <\/p>\n<p><a class=\"more-link btn\" href=\"https:\/\/eventos.ifg.edu.br\/semantec-jatai\/submissoes\/\">Continue lendo<\/a><\/p>\n","protected":false},"author":65,"featured_media":0,"parent":0,"menu_order":0,"comment_status":"closed","ping_status":"closed","template":"","meta":{"ngg_post_thumbnail":0,"footnotes":""},"class_list":["post-722","page","type-page","status-publish","hentry","nodate","item-wrap"],"_links":{"self":[{"href":"https:\/\/eventos.ifg.edu.br\/semantec-jatai\/wp-json\/wp\/v2\/pages\/722"}],"collection":[{"href":"https:\/\/eventos.ifg.edu.br\/semantec-jatai\/wp-json\/wp\/v2\/pages"}],"about":[{"href":"https:\/\/eventos.ifg.edu.br\/semantec-jatai\/wp-json\/wp\/v2\/types\/page"}],"author":[{"embeddable":true,"href":"https:\/\/eventos.ifg.edu.br\/semantec-jatai\/wp-json\/wp\/v2\/users\/65"}],"replies":[{"embeddable":true,"href":"https:\/\/eventos.ifg.edu.br\/semantec-jatai\/wp-json\/wp\/v2\/comments?post=722"}],"version-history":[{"count":11,"href":"https:\/\/eventos.ifg.edu.br\/semantec-jatai\/wp-json\/wp\/v2\/pages\/722\/revisions"}],"predecessor-version":[{"id":778,"href":"https:\/\/eventos.ifg.edu.br\/semantec-jatai\/wp-json\/wp\/v2\/pages\/722\/revisions\/778"}],"wp:attachment":[{"href":"https:\/\/eventos.ifg.edu.br\/semantec-jatai\/wp-json\/wp\/v2\/media?parent=722"}],"curies":[{"name":"wp","href":"https:\/\/api.w.org\/{rel}","templated":true}]}}