{"id":714,"date":"2021-09-16T22:53:20","date_gmt":"2021-09-17T01:53:20","guid":{"rendered":"http:\/\/eventos.ifg.edu.br\/semantec-jatai\/?page_id=714"},"modified":"2022-09-30T10:15:07","modified_gmt":"2022-09-30T13:15:07","slug":"programacao-3","status":"publish","type":"page","link":"https:\/\/eventos.ifg.edu.br\/semantec-jatai\/programacao-3\/","title":{"rendered":"Programa\u00e7\u00e3o 2021"},"content":{"rendered":"<p><strong>Programa\u00e7\u00e3o Geral Simpeex\/Secitec<\/strong><\/p>\n<p><a href=\"https:\/\/sugep.ifg.edu.br\/eventos\/#\/publico\/eventos\/534d38f5-add3-4f19-abc5-b59289ad0332\/inscricao\/3e854428-426d-484f-857c-4fe61174fd8b\/atividades\" target=\"_blank\">https:\/\/sugep.ifg.edu.br\/eventos\/#\/publico\/eventos\/534d38f5-add3-4f19-abc5-b59289ad0332\/inscricao\/3e854428-426d-484f-857c-4fe61174fd8b\/atividades<\/a><\/p>\n<p>&nbsp;<\/p>\n<p><strong>Programa\u00e7\u00e3o Local (Semantec)<\/strong><\/p>\n<p>* O link para as atividades realizadas pelo Google Meet ser\u00e1 enviado somente para os inscritos atrav\u00e9s de e-mail com anteced\u00eancia de 24h do hor\u00e1rio de cada atividade. Fique atento ao e-mail utilizado na inscri\u00e7\u00e3o.<\/p>\n<p><a href=\"https:\/\/sugep.ifg.edu.br\/eventos\/#\/publico\/eventos\/534d38f5-add3-4f19-abc5-b59289ad0332\/inscricao\" target=\"_blank\">Inscri\u00e7\u00f5es Aqui<\/a><\/p>\n<p>&nbsp;<\/p>\n<table width=\"100%\">\n<tbody>\n<tr>\n<td width=\"176\">Data<\/td>\n<td width=\"92\">Hor\u00e1rio<\/td>\n<td width=\"176\">Tipo<\/td>\n<td width=\"222\">Atividade<\/td>\n<td width=\"176\">Proponente<\/td>\n<td width=\"176\">Observa\u00e7\u00f5es<\/td>\n<\/tr>\n<tr>\n<td width=\"176\">06\/12\/2021<\/td>\n<td width=\"92\">08:00<\/td>\n<td width=\"176\">Oficina<\/td>\n<td width=\"222\">Arduino B\u00e1sico: programa\u00e7\u00e3o e simula\u00e7\u00e3o utilizando a ferramenta Tinkercad<\/td>\n<td width=\"176\">Kennya Resende Mendon\u00e7a<\/td>\n<td width=\"176\">Google Meet*<\/td>\n<\/tr>\n<tr>\n<td rowspan=\"3\" width=\"176\">07\/12\/2021<\/td>\n<td width=\"92\">08:00<\/td>\n<td rowspan=\"3\" width=\"176\">Mostra<\/td>\n<td rowspan=\"3\" width=\"222\">Conhecendo o IFG<\/td>\n<td rowspan=\"3\" width=\"176\">Marluce Silva Sousa<\/td>\n<td rowspan=\"3\" width=\"176\"><a href=\"https:\/\/www.youtube.com\/c\/IFGC%C3%A2mpusJata%C3%AD\" target=\"_blank\">Canal do C\u00e2mpus Jata\u00ed<\/a><\/td>\n<\/tr>\n<tr>\n<td width=\"92\">14:00<\/td>\n<\/tr>\n<tr>\n<td width=\"92\">20:00<\/td>\n<\/tr>\n<tr>\n<td width=\"176\">07\/12\/2021<\/td>\n<td width=\"92\">19:30<\/td>\n<td width=\"176\">Palestra<\/td>\n<td width=\"222\">PROJETO DE ENSINO: O QUE \u00c9? COMO E POR QUE PARTICIPAR? EXEMPLO: GAMIFICA\u00c7\u00c3O DO LIVRO EL HOMBRE M\u00c1S RICO DE BABILONIA<\/td>\n<td width=\"176\">Rita Rodrigues de Souza<\/td>\n<td width=\"176\">Google Meet*<\/td>\n<\/tr>\n<tr>\n<td width=\"176\">07\/12\/2021<\/td>\n<td width=\"92\">19:30<\/td>\n<td width=\"176\">Palestra<\/td>\n<td width=\"222\">Cria\u00e7\u00e3o do Sistema CFT\/CRT&#8217;s<\/td>\n<td width=\"176\">Lu\u00eds Roberto Dias<\/td>\n<td width=\"176\">Google Meet*<\/td>\n<\/tr>\n<tr>\n<td width=\"176\">08\/12\/2021<\/td>\n<td width=\"92\">19:30<\/td>\n<td width=\"176\">Palestra<\/td>\n<td width=\"222\">Rela\u00e7\u00f5es Interpessoais<\/td>\n<td width=\"176\">Lilian Katia Baldan<\/td>\n<td width=\"176\">Google Meet*<\/td>\n<\/tr>\n<\/tbody>\n<\/table>\n","protected":false},"excerpt":{"rendered":"<p>Programa\u00e7\u00e3o Geral Simpeex\/Secitec https:\/\/sugep.ifg.edu.br\/eventos\/#\/publico\/eventos\/534d38f5-add3-4f19-abc5-b59289ad0332\/inscricao\/3e854428-426d-484f-857c-4fe61174fd8b\/atividades &nbsp; Programa\u00e7\u00e3o Local (Semantec) * O link para as atividades realizadas pelo Google Meet ser\u00e1 enviado somente para os inscritos atrav\u00e9s de e-mail com anteced\u00eancia de 24h do hor\u00e1rio de cada atividade. Fique atento ao e-mail utilizado na inscri\u00e7\u00e3o. Inscri\u00e7\u00f5es Aqui &nbsp; Data Hor\u00e1rio Tipo Atividade Proponente Observa\u00e7\u00f5es 06\/12\/2021 08:00 Oficina &hellip; <\/p>\n<p><a class=\"more-link btn\" href=\"https:\/\/eventos.ifg.edu.br\/semantec-jatai\/programacao-3\/\">Continue lendo<\/a><\/p>\n","protected":false},"author":65,"featured_media":0,"parent":0,"menu_order":0,"comment_status":"closed","ping_status":"closed","template":"","meta":{"ngg_post_thumbnail":0,"footnotes":""},"class_list":["post-714","page","type-page","status-publish","hentry","nodate","item-wrap"],"_links":{"self":[{"href":"https:\/\/eventos.ifg.edu.br\/semantec-jatai\/wp-json\/wp\/v2\/pages\/714"}],"collection":[{"href":"https:\/\/eventos.ifg.edu.br\/semantec-jatai\/wp-json\/wp\/v2\/pages"}],"about":[{"href":"https:\/\/eventos.ifg.edu.br\/semantec-jatai\/wp-json\/wp\/v2\/types\/page"}],"author":[{"embeddable":true,"href":"https:\/\/eventos.ifg.edu.br\/semantec-jatai\/wp-json\/wp\/v2\/users\/65"}],"replies":[{"embeddable":true,"href":"https:\/\/eventos.ifg.edu.br\/semantec-jatai\/wp-json\/wp\/v2\/comments?post=714"}],"version-history":[{"count":6,"href":"https:\/\/eventos.ifg.edu.br\/semantec-jatai\/wp-json\/wp\/v2\/pages\/714\/revisions"}],"predecessor-version":[{"id":807,"href":"https:\/\/eventos.ifg.edu.br\/semantec-jatai\/wp-json\/wp\/v2\/pages\/714\/revisions\/807"}],"wp:attachment":[{"href":"https:\/\/eventos.ifg.edu.br\/semantec-jatai\/wp-json\/wp\/v2\/media?parent=714"}],"curies":[{"name":"wp","href":"https:\/\/api.w.org\/{rel}","templated":true}]}}